{"id":30951,"date":"2025-07-30T10:34:05","date_gmt":"2025-07-30T08:34:05","guid":{"rendered":"https:\/\/www.schneider-chauffeur.de\/?page_id=30951"},"modified":"2025-07-30T10:34:05","modified_gmt":"2025-07-30T08:34:05","slug":"limousineservice-malmoe","status":"publish","type":"page","link":"https:\/\/www.schneider-chauffeur.de\/nl\/locatie\/zweden\/limousineservice-malmoe\/","title":{"rendered":"Limousineservice Malm\u00f6"},"content":{"rendered":"<p>Maak uw zakenreis naar Malm\u00f6 zorgeloos en effici\u00ebnt: onze chauffeursdienst haalt u stipt op van Malm\u00f6 Airport (MMX) en brengt u comfortabel naar al uw afspraken \u2013 of dat nu uw hotel, een conferentiecentrum of een zakelijke bijeenkomst is. Neem plaats in het stijlvolle interieur van onze high-end limousine terwijl wij het verkeer voor u regelen. Zo houdt u kostbare tijd over voor de voorbereiding van presentaties, belangrijke telefoongesprekken of een moment van ontspanning. Of het nu gaat om eenmalige transfers of een boeking voor de hele dag: met onze allroundservice in Malm\u00f6 bent u verzekerd van perfecte ondersteuning.<\/p>\n<p><a class=\"button\" href=\"https:\/\/www.schneider-chauffeur.de\/nl\/contact\/\">Neem nu contact op!<\/a><\/p>\n<h2>Onze diensten als chauffeur- &amp; limousineservice in Malm\u00f6<\/h2>\n<p>In een persoonlijk gesprek stellen we graag uw maatwerk pakket samen. Wij bieden onder andere:<\/p>\n<ul>\n<li><strong>Transfers<\/strong> tussen Malm\u00f6 Airport (MMX) of het treinstation en alle gewenste bestemmingen \u2013 zoals restaurants, conferentiecentra of hotels. Tijdens uw rit kunt u lokale highlights ontdekken zoals het indrukwekkende <strong>Turning Torso<\/strong> of het historische <strong>Slot Malm\u00f6hus<\/strong>.<\/li>\n<li><strong>Uur- of dagboeking<\/strong> van onze chauffeur in de voertuigklasse van uw keuze. Gedurende deze periode staat uw chauffeur volledig tot uw beschikking en verzorgt hij op verzoek ook kleine opdrachten.<\/li>\n<li><strong>Allround pakket<\/strong> voor uw hele verblijf: onze chauffeur begeleidt u gedurende uw gehele zakenreis of priv\u00e9verblijf in Malm\u00f6 en verzorgt alle transfers en services volgens uw planning, voor maximale flexibiliteit en persoonlijke aandacht.<\/li>\n<\/ul>\n<p>Neem contact met ons op, zodat we de details kunnen bespreken en uw ideale vervoersservice kunnen plannen.<\/p>\n<p><a class=\"button\" style=\"max-width: 300px;\" href=\"tel:+4920185892980\">Bel nu: +49 201 85892980<\/a><\/p>\n","protected":false},"excerpt":{"rendered":"<p>Maak uw zakenreis naar Malm\u00f6 zorgeloos en effici\u00ebnt: onze chauffeursdienst haalt u stipt op van Malm\u00f6 Airport (MMX) en brengt u comfortabel naar al uw afspraken \u2013 of dat nu uw hotel, een conferentiecentrum of een zakelijke bijeenkomst is. Neem plaats in het stijlvolle interieur van onze high-end limousine terwijl wij het verkeer voor u &hellip;<\/p>\n","protected":false},"author":8,"featured_media":0,"parent":32480,"menu_order":39,"comment_status":"closed","ping_status":"closed","template":"page-staedte.php","meta":{"footnotes":""},"class_list":["post-30951","page","type-page","status-publish","hentry"],"yoast_head":"<!-- This site is optimized with the Yoast SEO Premium plugin v26.3 (Yoast SEO v26.3) - https:\/\/yoast.com\/wordpress\/plugins\/seo\/ -->\n<title>Limousine Service Malm\u00f6: comfort en betrouwbaarheid<\/title>\n<meta name=\"description\" content=\"Verzeker jezelf van een eersteklas limousineservice in Malm\u00f6. Stipte pick-ups en gepersonaliseerde transfers wachten op je.\" \/>\n<meta name=\"robots\" content=\"index, follow, max-snippet:-1, max-image-preview:large, max-video-preview:-1\" \/>\n<link rel=\"canonical\" href=\"https:\/\/www.schneider-chauffeur.de\/nl\/locatie\/zweden\/limousineservice-malmoe\/\" \/>\n<meta property=\"og:locale\" content=\"nl_NL\" \/>\n<meta property=\"og:type\" content=\"article\" \/>\n<meta property=\"og:title\" content=\"Limousineservice Malm\u00f6\" \/>\n<meta property=\"og:description\" content=\"Verzeker jezelf van een eersteklas limousineservice in Malm\u00f6. Stipte pick-ups en gepersonaliseerde transfers wachten op je.\" \/>\n<meta property=\"og:url\" content=\"https:\/\/www.schneider-chauffeur.de\/nl\/locatie\/zweden\/limousineservice-malmoe\/\" \/>\n<meta property=\"og:site_name\" content=\"Schneider Chauffeurservice \u2013 Gesch\u00e4ftsreisen mit h\u00f6chstem Komfort\" \/>\n<meta property=\"article:publisher\" content=\"https:\/\/www.facebook.com\/SchneiderChauffeurservice\" \/>\n<meta name=\"twitter:card\" content=\"summary_large_image\" \/>\n<meta name=\"twitter:label1\" content=\"Est. reading time\" \/>\n\t<meta name=\"twitter:data1\" content=\"2 minutes\" \/>\n<script type=\"application\/ld+json\" class=\"yoast-schema-graph\">{\"@context\":\"https:\/\/schema.org\",\"@graph\":[{\"@type\":\"WebPage\",\"@id\":\"https:\/\/www.schneider-chauffeur.de\/nl\/locatie\/zweden\/limousineservice-malmoe\/\",\"url\":\"https:\/\/www.schneider-chauffeur.de\/nl\/locatie\/zweden\/limousineservice-malmoe\/\",\"name\":\"Limousine Service Malm\u00f6: comfort en betrouwbaarheid\",\"isPartOf\":{\"@id\":\"https:\/\/www.schneider-chauffeur.de\/nl\/#website\"},\"datePublished\":\"2025-07-30T08:34:05+00:00\",\"description\":\"Verzeker jezelf van een eersteklas limousineservice in Malm\u00f6. Stipte pick-ups en gepersonaliseerde transfers wachten op je.\",\"breadcrumb\":{\"@id\":\"https:\/\/www.schneider-chauffeur.de\/nl\/locatie\/zweden\/limousineservice-malmoe\/#breadcrumb\"},\"inLanguage\":\"nl-NL\",\"potentialAction\":[{\"@type\":\"ReadAction\",\"target\":[\"https:\/\/www.schneider-chauffeur.de\/nl\/locatie\/zweden\/limousineservice-malmoe\/\"]}]},{\"@type\":\"BreadcrumbList\",\"@id\":\"https:\/\/www.schneider-chauffeur.de\/nl\/locatie\/zweden\/limousineservice-malmoe\/#breadcrumb\",\"itemListElement\":[{\"@type\":\"ListItem\",\"position\":1,\"name\":\"Home\",\"item\":\"https:\/\/www.schneider-chauffeur.de\/nl\/\"},{\"@type\":\"ListItem\",\"position\":2,\"name\":\"Locatie\",\"item\":\"https:\/\/www.schneider-chauffeur.de\/nl\/locatie\/\"},{\"@type\":\"ListItem\",\"position\":3,\"name\":\"Limousineservice Malm\u00f6\"}]},{\"@type\":\"WebSite\",\"@id\":\"https:\/\/www.schneider-chauffeur.de\/nl\/#website\",\"url\":\"https:\/\/www.schneider-chauffeur.de\/nl\/\",\"name\":\"Schneider Chauffeurservice \u2013 Gesch\u00e4ftsreisen mit h\u00f6chstem Komfort\",\"description\":\"\",\"publisher\":{\"@id\":\"https:\/\/www.schneider-chauffeur.de\/nl\/#organization\"},\"potentialAction\":[{\"@type\":\"SearchAction\",\"target\":{\"@type\":\"EntryPoint\",\"urlTemplate\":\"https:\/\/www.schneider-chauffeur.de\/nl\/?s={search_term_string}\"},\"query-input\":{\"@type\":\"PropertyValueSpecification\",\"valueRequired\":true,\"valueName\":\"search_term_string\"}}],\"inLanguage\":\"nl-NL\"},{\"@type\":[\"Organization\",\"Place\"],\"@id\":\"https:\/\/www.schneider-chauffeur.de\/nl\/#organization\",\"name\":\"Schneider Chauffeurservice\",\"url\":\"https:\/\/www.schneider-chauffeur.de\/nl\/\",\"logo\":{\"@id\":\"https:\/\/www.schneider-chauffeur.de\/nl\/locatie\/zweden\/limousineservice-malmoe\/#local-main-organization-logo\"},\"image\":{\"@id\":\"https:\/\/www.schneider-chauffeur.de\/nl\/locatie\/zweden\/limousineservice-malmoe\/#local-main-organization-logo\"},\"sameAs\":[\"https:\/\/www.facebook.com\/SchneiderChauffeurservice\",\"https:\/\/www.linkedin.com\/company\/schneider-chauffeurservice\/\",\"https:\/\/www.instagram.com\/schneider_chauffeurservice\/\"],\"legalName\":\"Schneider Chauffeurservice\",\"numberOfEmployees\":{\"@type\":\"QuantitativeValue\",\"minValue\":\"11\",\"maxValue\":\"50\"},\"address\":{\"@id\":\"https:\/\/www.schneider-chauffeur.de\/nl\/locatie\/zweden\/limousineservice-malmoe\/#local-main-place-address\"},\"telephone\":[\"+49 20185892980\"],\"contactPoint\":{\"@type\":\"ContactPoint\",\"telephone\":\"+49 20185892980\",\"email\":\"info@schneider-chauffeur.de\"},\"openingHoursSpecification\":[{\"@type\":\"OpeningHoursSpecification\",\"dayOfWeek\":[\"Monday\",\"Tuesday\",\"Wednesday\",\"Thursday\",\"Friday\",\"Saturday\",\"Sunday\"],\"opens\":\"09:00\",\"closes\":\"17:00\"}],\"email\":\"info@schneider-chauffeur.de\",\"faxNumber\":\"Schneider Chauffeurservice\",\"areaServed\":\"Germany\"},{\"@type\":\"PostalAddress\",\"@id\":\"https:\/\/www.schneider-chauffeur.de\/nl\/locatie\/zweden\/limousineservice-malmoe\/#local-main-place-address\",\"streetAddress\":\"Hohenzollernstr. 24\",\"addressLocality\":\"Essen\",\"postalCode\":\"45128\",\"addressCountry\":\"DE\"},{\"@type\":\"ImageObject\",\"inLanguage\":\"nl-NL\",\"@id\":\"https:\/\/www.schneider-chauffeur.de\/nl\/locatie\/zweden\/limousineservice-malmoe\/#local-main-organization-logo\",\"url\":\"https:\/\/cdn.schneider-chauffeur.de\/app\/uploads\/2019\/08\/logo-schneider-chauffeur-service.svg\",\"contentUrl\":\"https:\/\/cdn.schneider-chauffeur.de\/app\/uploads\/2019\/08\/logo-schneider-chauffeur-service.svg\",\"caption\":\"Schneider Chauffeurservice\"}]}<\/script>\n<meta name=\"geo.placename\" content=\"Essen\" \/>\n<meta name=\"geo.region\" content=\"Germany\" \/>\n<!-- \/ Yoast SEO Premium plugin. -->","yoast_head_json":{"title":"Limousine Service Malm\u00f6: comfort en betrouwbaarheid","description":"Verzeker jezelf van een eersteklas limousineservice in Malm\u00f6. Stipte pick-ups en gepersonaliseerde transfers wachten op je.","robots":{"index":"index","follow":"follow","max-snippet":"max-snippet:-1","max-image-preview":"max-image-preview:large","max-video-preview":"max-video-preview:-1"},"canonical":"https:\/\/www.schneider-chauffeur.de\/nl\/locatie\/zweden\/limousineservice-malmoe\/","og_locale":"nl_NL","og_type":"article","og_title":"Limousineservice Malm\u00f6","og_description":"Verzeker jezelf van een eersteklas limousineservice in Malm\u00f6. Stipte pick-ups en gepersonaliseerde transfers wachten op je.","og_url":"https:\/\/www.schneider-chauffeur.de\/nl\/locatie\/zweden\/limousineservice-malmoe\/","og_site_name":"Schneider Chauffeurservice \u2013 Gesch\u00e4ftsreisen mit h\u00f6chstem Komfort","article_publisher":"https:\/\/www.facebook.com\/SchneiderChauffeurservice","twitter_card":"summary_large_image","twitter_misc":{"Est. reading time":"2 minutes"},"schema":{"@context":"https:\/\/schema.org","@graph":[{"@type":"WebPage","@id":"https:\/\/www.schneider-chauffeur.de\/nl\/locatie\/zweden\/limousineservice-malmoe\/","url":"https:\/\/www.schneider-chauffeur.de\/nl\/locatie\/zweden\/limousineservice-malmoe\/","name":"Limousine Service Malm\u00f6: comfort en betrouwbaarheid","isPartOf":{"@id":"https:\/\/www.schneider-chauffeur.de\/nl\/#website"},"datePublished":"2025-07-30T08:34:05+00:00","description":"Verzeker jezelf van een eersteklas limousineservice in Malm\u00f6. Stipte pick-ups en gepersonaliseerde transfers wachten op je.","breadcrumb":{"@id":"https:\/\/www.schneider-chauffeur.de\/nl\/locatie\/zweden\/limousineservice-malmoe\/#breadcrumb"},"inLanguage":"nl-NL","potentialAction":[{"@type":"ReadAction","target":["https:\/\/www.schneider-chauffeur.de\/nl\/locatie\/zweden\/limousineservice-malmoe\/"]}]},{"@type":"BreadcrumbList","@id":"https:\/\/www.schneider-chauffeur.de\/nl\/locatie\/zweden\/limousineservice-malmoe\/#breadcrumb","itemListElement":[{"@type":"ListItem","position":1,"name":"Home","item":"https:\/\/www.schneider-chauffeur.de\/nl\/"},{"@type":"ListItem","position":2,"name":"Locatie","item":"https:\/\/www.schneider-chauffeur.de\/nl\/locatie\/"},{"@type":"ListItem","position":3,"name":"Limousineservice Malm\u00f6"}]},{"@type":"WebSite","@id":"https:\/\/www.schneider-chauffeur.de\/nl\/#website","url":"https:\/\/www.schneider-chauffeur.de\/nl\/","name":"Schneider Chauffeurservice \u2013 Gesch\u00e4ftsreisen mit h\u00f6chstem Komfort","description":"","publisher":{"@id":"https:\/\/www.schneider-chauffeur.de\/nl\/#organization"},"potentialAction":[{"@type":"SearchAction","target":{"@type":"EntryPoint","urlTemplate":"https:\/\/www.schneider-chauffeur.de\/nl\/?s={search_term_string}"},"query-input":{"@type":"PropertyValueSpecification","valueRequired":true,"valueName":"search_term_string"}}],"inLanguage":"nl-NL"},{"@type":["Organization","Place"],"@id":"https:\/\/www.schneider-chauffeur.de\/nl\/#organization","name":"Schneider Chauffeurservice","url":"https:\/\/www.schneider-chauffeur.de\/nl\/","logo":{"@id":"https:\/\/www.schneider-chauffeur.de\/nl\/locatie\/zweden\/limousineservice-malmoe\/#local-main-organization-logo"},"image":{"@id":"https:\/\/www.schneider-chauffeur.de\/nl\/locatie\/zweden\/limousineservice-malmoe\/#local-main-organization-logo"},"sameAs":["https:\/\/www.facebook.com\/SchneiderChauffeurservice","https:\/\/www.linkedin.com\/company\/schneider-chauffeurservice\/","https:\/\/www.instagram.com\/schneider_chauffeurservice\/"],"legalName":"Schneider Chauffeurservice","numberOfEmployees":{"@type":"QuantitativeValue","minValue":"11","maxValue":"50"},"address":{"@id":"https:\/\/www.schneider-chauffeur.de\/nl\/locatie\/zweden\/limousineservice-malmoe\/#local-main-place-address"},"telephone":["+49 20185892980"],"contactPoint":{"@type":"ContactPoint","telephone":"+49 20185892980","email":"info@schneider-chauffeur.de"},"openingHoursSpecification":[{"@type":"OpeningHoursSpecification","dayOfWeek":["Monday","Tuesday","Wednesday","Thursday","Friday","Saturday","Sunday"],"opens":"09:00","closes":"17:00"}],"email":"info@schneider-chauffeur.de","faxNumber":"Schneider Chauffeurservice","areaServed":"Germany"},{"@type":"PostalAddress","@id":"https:\/\/www.schneider-chauffeur.de\/nl\/locatie\/zweden\/limousineservice-malmoe\/#local-main-place-address","streetAddress":"Hohenzollernstr. 24","addressLocality":"Essen","postalCode":"45128","addressCountry":"DE"},{"@type":"ImageObject","inLanguage":"nl-NL","@id":"https:\/\/www.schneider-chauffeur.de\/nl\/locatie\/zweden\/limousineservice-malmoe\/#local-main-organization-logo","url":"https:\/\/cdn.schneider-chauffeur.de\/app\/uploads\/2019\/08\/logo-schneider-chauffeur-service.svg","contentUrl":"https:\/\/cdn.schneider-chauffeur.de\/app\/uploads\/2019\/08\/logo-schneider-chauffeur-service.svg","caption":"Schneider Chauffeurservice"}]},"geo.placename":"Essen","geo.region":"Germany"},"_links":{"self":[{"href":"https:\/\/www.schneider-chauffeur.de\/nl\/wp-json\/wp\/v2\/pages\/30951","targetHints":{"allow":["GET"]}}],"collection":[{"href":"https:\/\/www.schneider-chauffeur.de\/nl\/wp-json\/wp\/v2\/pages"}],"about":[{"href":"https:\/\/www.schneider-chauffeur.de\/nl\/wp-json\/wp\/v2\/types\/page"}],"author":[{"embeddable":true,"href":"https:\/\/www.schneider-chauffeur.de\/nl\/wp-json\/wp\/v2\/users\/8"}],"replies":[{"embeddable":true,"href":"https:\/\/www.schneider-chauffeur.de\/nl\/wp-json\/wp\/v2\/comments?post=30951"}],"version-history":[{"count":4,"href":"https:\/\/www.schneider-chauffeur.de\/nl\/wp-json\/wp\/v2\/pages\/30951\/revisions"}],"predecessor-version":[{"id":30964,"href":"https:\/\/www.schneider-chauffeur.de\/nl\/wp-json\/wp\/v2\/pages\/30951\/revisions\/30964"}],"up":[{"embeddable":true,"href":"https:\/\/www.schneider-chauffeur.de\/nl\/wp-json\/wp\/v2\/pages\/32480"}],"wp:attachment":[{"href":"https:\/\/www.schneider-chauffeur.de\/nl\/wp-json\/wp\/v2\/media?parent=30951"}],"curies":[{"name":"wp","href":"https:\/\/api.w.org\/{rel}","templated":true}]}}