{"id":1376,"date":"2019-08-22T15:19:15","date_gmt":"2019-08-22T14:19:15","guid":{"rendered":"https:\/\/www.schneider-chauffeur.de\/?page_id=1376"},"modified":"2025-07-22T13:04:06","modified_gmt":"2025-07-22T11:04:06","slug":"ueber-uns","status":"publish","type":"page","link":"https:\/\/www.schneider-chauffeur.de\/nl\/ueber-uns\/","title":{"rendered":"Over ons"},"content":{"rendered":"<h2>Onze geschiedenis<\/h2>\n<p><em>Van een eenmanszaak tot een internationaal opererende chauffeursdienstverlener.<\/em><\/p>\n<p>Loyaliteit, enthousiasme en liefde voor service &#8211; dat zijn de fundamenten waarop Schneider Chauffeurservice in 2009 werd opgericht en waarop ons bedrijf nog steeds is gebaseerd. Dat blijkt ook uit het oprichtingsverhaal van Schneider Chauffeurservice. Wat begon als een bijbaantje voor oprichter en naamgever Thomas Schneider werd een passie. Het bedrijf groeide uit van \u00e9\u00e9n chauffeur tot een dienstverlener met 15 medewerkers en een breed scala aan hoogwaardige voertuigen.<\/p>\n<p><img decoding=\"async\" class=\"alignright\" style=\"width: 100%; max-width: 300px; height: auto;\" src=\"https:\/\/www.schneider-chauffeur.de\/app\/uploads\/2022\/11\/thomas-schneider.1024x1024.jpg\" \/><\/p>\n<p>Naar de klassieke <a href=\"https:\/\/www.schneider-chauffeur.de\/nl\/service\/limousineservice\/\" target=\"_blank\" rel=\"noopener\">Limousinenservice<\/a> Sindsdien zijn er andere diensten bijgekomen, zoals een pendeldienst, <a href=\"https:\/\/www.schneider-chauffeur.de\/nl\/service\/event-service\/\" target=\"_blank\" rel=\"noopener\">Evenementendienst<\/a> of onze <a href=\"https:\/\/www.schneider-chauffeur.de\/nl\/bus-service\/\" target=\"_blank\" rel=\"noopener\">Busdienst <\/a>. Ook grotere evenementen en internationale reizen worden mogelijk gemaakt door ons brede branche- en partnernetwerk.<\/p>\n<p>Een andere mijlpaal werd bereikt in 2021, met de oprichting van <a href=\"https:\/\/www.schneider-aviation.com\/\" target=\"_blank\" rel=\"noopener\">Schneider Aviation<\/a>, bereikt. Trouw aan het basisconcept: &#8220;Alles uit \u00e9\u00e9n hand&#8221; worden priv\u00e9-vluchten en limousineservice gecombineerd, waardoor een exclusief concept ontstaat voor hoogwaardig personenvervoer van deur tot deur.<\/p>\n<p>Naarmate Schneider Chauffeurservice groeide, groeide ook ons streven om de favoriete contact- en servicepartner van onze klanten te zijn. Daarom ligt onze focus volledig op uw welzijn. Daarom zorgen wij er niet alleen voor dat onze voertuigen regelmatig worden onderhouden voor uw veiligheid, maar ook dat al onze chauffeurs professioneel zijn opgeleid. Wij waarderen stiptheid en gevoeligheid voor uw behoeften, want het is onze wens om uw verwachtingen te overtreffen en van elke reis met ons een aangename ervaring te maken.<\/p>\n<p><a class=\"button\" href=\"https:\/\/www.schneider-chauffeur.de\/nl\/contact\/\">Vraag nu advies<\/a><\/p>\n<h2>Onze filosofie en waarden<\/h2>\n<p><em>Veiligheid &#8211; Betrouwbaarheid &#8211; Elegantie<\/em><\/p>\n<p>Chauffeur zijn betekent zoveel meer dan alleen maar een voertuig besturen. Het betekent dat je je voortdurend in het perspectief van de passagier verplaatst en je eigen handelingen volledig afstemt op zijn eisen.<\/p>\n<p><img decoding=\"async\" class=\"alignleft\" style=\"width: 100%; max-width: 300px; height: auto;\" src=\"https:\/\/www.schneider-chauffeur.de\/app\/uploads\/2022\/11\/Instagram-Quadrat-Inspo.webp\" \/><\/p>\n<p>De achterbank is in alle opzichten een beschermde ruimte: rijstijl en voertuiguitrusting streven ernaar de reis nauwelijks merkbaar te maken. De veiligheid van de gast staat voorop. En geen enkele informatie verlaat onbedoeld de auto &#8211; dat is het credo van elke chauffeur van Schneider Chauffeurservice.<\/p>\n<p>Onze chauffeurs ontwikkelen een fijn gevoel voor uw behoeften en passen zich aan de gewenste omgangsvormen aan: Of het nu gaat om een vriendelijk gesprek of om rustig werken en concentreren op het wezenlijke. Met regelmatig contact, passen we ons aan aan uw gewoontes.<\/p>\n<p>De chauffeur is stipt op de door u gevraagde ophaallocatie. Betrouwbaarheid en professionalisme maken van uw reis een eersteklas ervaring. Hij doet de deur voor u open, helpt u met uw bagage en rijdt u veilig naar uw bestemming.<\/p>\n","protected":false},"excerpt":{"rendered":"<p>Onze geschiedenis Van een eenmanszaak tot een internationaal opererende chauffeursdienstverlener. Loyaliteit, enthousiasme en liefde voor service &#8211; dat zijn de fundamenten waarop Schneider Chauffeurservice in 2009 werd opgericht en waarop ons bedrijf nog steeds is gebaseerd. Dat blijkt ook uit het oprichtingsverhaal van Schneider Chauffeurservice. Wat begon als een bijbaantje voor oprichter en naamgever Thomas &hellip;<\/p>\n","protected":false},"author":2,"featured_media":0,"parent":0,"menu_order":77,"comment_status":"closed","ping_status":"closed","template":"","meta":{"footnotes":""},"class_list":["post-1376","page","type-page","status-publish","hentry"],"yoast_head":"<!-- This site is optimized with the Yoast SEO Premium plugin v26.3 (Yoast SEO v26.3) - https:\/\/yoast.com\/wordpress\/plugins\/seo\/ -->\n<title>Schneider Chauffeurservice \u2013 Over ons<\/title>\n<meta name=\"description\" content=\"Schneider Chauffeurservice staat voor eersteklas service met de hoogste loyaliteit en discretie. Meer informatie over onze chauffeursdienst!\" \/>\n<meta name=\"robots\" content=\"index, follow, max-snippet:-1, max-image-preview:large, max-video-preview:-1\" \/>\n<link rel=\"canonical\" href=\"https:\/\/www.schneider-chauffeur.de\/nl\/ueber-uns\/\" \/>\n<meta property=\"og:locale\" content=\"nl_NL\" \/>\n<meta property=\"og:type\" content=\"article\" \/>\n<meta property=\"og:title\" content=\"Over ons\" \/>\n<meta property=\"og:description\" content=\"Schneider Chauffeurservice staat voor eersteklas service met de hoogste loyaliteit en discretie. Meer informatie over onze chauffeursdienst!\" \/>\n<meta property=\"og:url\" content=\"https:\/\/www.schneider-chauffeur.de\/nl\/ueber-uns\/\" \/>\n<meta property=\"og:site_name\" content=\"Schneider Chauffeurservice \u2013 Gesch\u00e4ftsreisen mit h\u00f6chstem Komfort\" \/>\n<meta property=\"article:publisher\" content=\"https:\/\/www.facebook.com\/SchneiderChauffeurservice\" \/>\n<meta property=\"article:modified_time\" content=\"2025-07-22T11:04:06+00:00\" \/>\n<meta property=\"og:image\" content=\"https:\/\/www.schneider-chauffeur.de\/app\/uploads\/2022\/11\/thomas-schneider.1024x1024.jpg\" \/>\n<meta name=\"twitter:card\" content=\"summary_large_image\" \/>\n<meta name=\"twitter:label1\" content=\"Est. reading time\" \/>\n\t<meta name=\"twitter:data1\" content=\"3 minutes\" \/>\n<script type=\"application\/ld+json\" class=\"yoast-schema-graph\">{\"@context\":\"https:\/\/schema.org\",\"@graph\":[{\"@type\":\"WebPage\",\"@id\":\"https:\/\/www.schneider-chauffeur.de\/nl\/ueber-uns\/\",\"url\":\"https:\/\/www.schneider-chauffeur.de\/nl\/ueber-uns\/\",\"name\":\"Schneider Chauffeurservice \u2013 Over ons\",\"isPartOf\":{\"@id\":\"https:\/\/www.schneider-chauffeur.de\/nl\/#website\"},\"primaryImageOfPage\":{\"@id\":\"https:\/\/www.schneider-chauffeur.de\/nl\/ueber-uns\/#primaryimage\"},\"image\":{\"@id\":\"https:\/\/www.schneider-chauffeur.de\/nl\/ueber-uns\/#primaryimage\"},\"thumbnailUrl\":\"https:\/\/www.schneider-chauffeur.de\/app\/uploads\/2022\/11\/thomas-schneider.1024x1024.jpg\",\"datePublished\":\"2019-08-22T14:19:15+00:00\",\"dateModified\":\"2025-07-22T11:04:06+00:00\",\"description\":\"Schneider Chauffeurservice staat voor eersteklas service met de hoogste loyaliteit en discretie. Meer informatie over onze chauffeursdienst!\",\"breadcrumb\":{\"@id\":\"https:\/\/www.schneider-chauffeur.de\/nl\/ueber-uns\/#breadcrumb\"},\"inLanguage\":\"nl-NL\",\"potentialAction\":[{\"@type\":\"ReadAction\",\"target\":[\"https:\/\/www.schneider-chauffeur.de\/nl\/ueber-uns\/\"]}]},{\"@type\":\"ImageObject\",\"inLanguage\":\"nl-NL\",\"@id\":\"https:\/\/www.schneider-chauffeur.de\/nl\/ueber-uns\/#primaryimage\",\"url\":\"https:\/\/www.schneider-chauffeur.de\/app\/uploads\/2022\/11\/thomas-schneider.1024x1024.jpg\",\"contentUrl\":\"https:\/\/www.schneider-chauffeur.de\/app\/uploads\/2022\/11\/thomas-schneider.1024x1024.jpg\"},{\"@type\":\"BreadcrumbList\",\"@id\":\"https:\/\/www.schneider-chauffeur.de\/nl\/ueber-uns\/#breadcrumb\",\"itemListElement\":[{\"@type\":\"ListItem\",\"position\":1,\"name\":\"Home\",\"item\":\"https:\/\/www.schneider-chauffeur.de\/nl\/\"},{\"@type\":\"ListItem\",\"position\":2,\"name\":\"Over ons\"}]},{\"@type\":\"WebSite\",\"@id\":\"https:\/\/www.schneider-chauffeur.de\/nl\/#website\",\"url\":\"https:\/\/www.schneider-chauffeur.de\/nl\/\",\"name\":\"Schneider Chauffeurservice \u2013 Gesch\u00e4ftsreisen mit h\u00f6chstem Komfort\",\"description\":\"\",\"publisher\":{\"@id\":\"https:\/\/www.schneider-chauffeur.de\/nl\/#organization\"},\"potentialAction\":[{\"@type\":\"SearchAction\",\"target\":{\"@type\":\"EntryPoint\",\"urlTemplate\":\"https:\/\/www.schneider-chauffeur.de\/nl\/?s={search_term_string}\"},\"query-input\":{\"@type\":\"PropertyValueSpecification\",\"valueRequired\":true,\"valueName\":\"search_term_string\"}}],\"inLanguage\":\"nl-NL\"},{\"@type\":[\"Organization\",\"Place\"],\"@id\":\"https:\/\/www.schneider-chauffeur.de\/nl\/#organization\",\"name\":\"Schneider Chauffeurservice\",\"url\":\"https:\/\/www.schneider-chauffeur.de\/nl\/\",\"logo\":{\"@id\":\"https:\/\/www.schneider-chauffeur.de\/nl\/ueber-uns\/#local-main-organization-logo\"},\"image\":{\"@id\":\"https:\/\/www.schneider-chauffeur.de\/nl\/ueber-uns\/#local-main-organization-logo\"},\"sameAs\":[\"https:\/\/www.facebook.com\/SchneiderChauffeurservice\",\"https:\/\/www.linkedin.com\/company\/schneider-chauffeurservice\/\",\"https:\/\/www.instagram.com\/schneider_chauffeurservice\/\"],\"legalName\":\"Schneider Chauffeurservice\",\"numberOfEmployees\":{\"@type\":\"QuantitativeValue\",\"minValue\":\"11\",\"maxValue\":\"50\"},\"address\":{\"@id\":\"https:\/\/www.schneider-chauffeur.de\/nl\/ueber-uns\/#local-main-place-address\"},\"telephone\":[\"+49 20185892980\"],\"contactPoint\":{\"@type\":\"ContactPoint\",\"telephone\":\"+49 20185892980\",\"email\":\"info@schneider-chauffeur.de\"},\"openingHoursSpecification\":[{\"@type\":\"OpeningHoursSpecification\",\"dayOfWeek\":[\"Monday\",\"Tuesday\",\"Wednesday\",\"Thursday\",\"Friday\",\"Saturday\",\"Sunday\"],\"opens\":\"09:00\",\"closes\":\"17:00\"}],\"email\":\"info@schneider-chauffeur.de\",\"faxNumber\":\"Schneider Chauffeurservice\",\"areaServed\":\"Germany\"},{\"@type\":\"PostalAddress\",\"@id\":\"https:\/\/www.schneider-chauffeur.de\/nl\/ueber-uns\/#local-main-place-address\",\"streetAddress\":\"Hohenzollernstr. 24\",\"addressLocality\":\"Essen\",\"postalCode\":\"45128\",\"addressCountry\":\"DE\"},{\"@type\":\"ImageObject\",\"inLanguage\":\"nl-NL\",\"@id\":\"https:\/\/www.schneider-chauffeur.de\/nl\/ueber-uns\/#local-main-organization-logo\",\"url\":\"https:\/\/cdn.schneider-chauffeur.de\/app\/uploads\/2019\/08\/logo-schneider-chauffeur-service.svg\",\"contentUrl\":\"https:\/\/cdn.schneider-chauffeur.de\/app\/uploads\/2019\/08\/logo-schneider-chauffeur-service.svg\",\"caption\":\"Schneider Chauffeurservice\"}]}<\/script>\n<meta name=\"geo.placename\" content=\"Essen\" \/>\n<meta name=\"geo.region\" content=\"Germany\" \/>\n<!-- \/ Yoast SEO Premium plugin. -->","yoast_head_json":{"title":"Schneider Chauffeurservice \u2013 Over ons","description":"Schneider Chauffeurservice staat voor eersteklas service met de hoogste loyaliteit en discretie. Meer informatie over onze chauffeursdienst!","robots":{"index":"index","follow":"follow","max-snippet":"max-snippet:-1","max-image-preview":"max-image-preview:large","max-video-preview":"max-video-preview:-1"},"canonical":"https:\/\/www.schneider-chauffeur.de\/nl\/ueber-uns\/","og_locale":"nl_NL","og_type":"article","og_title":"Over ons","og_description":"Schneider Chauffeurservice staat voor eersteklas service met de hoogste loyaliteit en discretie. Meer informatie over onze chauffeursdienst!","og_url":"https:\/\/www.schneider-chauffeur.de\/nl\/ueber-uns\/","og_site_name":"Schneider Chauffeurservice \u2013 Gesch\u00e4ftsreisen mit h\u00f6chstem Komfort","article_publisher":"https:\/\/www.facebook.com\/SchneiderChauffeurservice","article_modified_time":"2025-07-22T11:04:06+00:00","og_image":[{"url":"https:\/\/www.schneider-chauffeur.de\/app\/uploads\/2022\/11\/thomas-schneider.1024x1024.jpg","type":"","width":"","height":""}],"twitter_card":"summary_large_image","twitter_misc":{"Est. reading time":"3 minutes"},"schema":{"@context":"https:\/\/schema.org","@graph":[{"@type":"WebPage","@id":"https:\/\/www.schneider-chauffeur.de\/nl\/ueber-uns\/","url":"https:\/\/www.schneider-chauffeur.de\/nl\/ueber-uns\/","name":"Schneider Chauffeurservice \u2013 Over ons","isPartOf":{"@id":"https:\/\/www.schneider-chauffeur.de\/nl\/#website"},"primaryImageOfPage":{"@id":"https:\/\/www.schneider-chauffeur.de\/nl\/ueber-uns\/#primaryimage"},"image":{"@id":"https:\/\/www.schneider-chauffeur.de\/nl\/ueber-uns\/#primaryimage"},"thumbnailUrl":"https:\/\/www.schneider-chauffeur.de\/app\/uploads\/2022\/11\/thomas-schneider.1024x1024.jpg","datePublished":"2019-08-22T14:19:15+00:00","dateModified":"2025-07-22T11:04:06+00:00","description":"Schneider Chauffeurservice staat voor eersteklas service met de hoogste loyaliteit en discretie. Meer informatie over onze chauffeursdienst!","breadcrumb":{"@id":"https:\/\/www.schneider-chauffeur.de\/nl\/ueber-uns\/#breadcrumb"},"inLanguage":"nl-NL","potentialAction":[{"@type":"ReadAction","target":["https:\/\/www.schneider-chauffeur.de\/nl\/ueber-uns\/"]}]},{"@type":"ImageObject","inLanguage":"nl-NL","@id":"https:\/\/www.schneider-chauffeur.de\/nl\/ueber-uns\/#primaryimage","url":"https:\/\/www.schneider-chauffeur.de\/app\/uploads\/2022\/11\/thomas-schneider.1024x1024.jpg","contentUrl":"https:\/\/www.schneider-chauffeur.de\/app\/uploads\/2022\/11\/thomas-schneider.1024x1024.jpg"},{"@type":"BreadcrumbList","@id":"https:\/\/www.schneider-chauffeur.de\/nl\/ueber-uns\/#breadcrumb","itemListElement":[{"@type":"ListItem","position":1,"name":"Home","item":"https:\/\/www.schneider-chauffeur.de\/nl\/"},{"@type":"ListItem","position":2,"name":"Over ons"}]},{"@type":"WebSite","@id":"https:\/\/www.schneider-chauffeur.de\/nl\/#website","url":"https:\/\/www.schneider-chauffeur.de\/nl\/","name":"Schneider Chauffeurservice \u2013 Gesch\u00e4ftsreisen mit h\u00f6chstem Komfort","description":"","publisher":{"@id":"https:\/\/www.schneider-chauffeur.de\/nl\/#organization"},"potentialAction":[{"@type":"SearchAction","target":{"@type":"EntryPoint","urlTemplate":"https:\/\/www.schneider-chauffeur.de\/nl\/?s={search_term_string}"},"query-input":{"@type":"PropertyValueSpecification","valueRequired":true,"valueName":"search_term_string"}}],"inLanguage":"nl-NL"},{"@type":["Organization","Place"],"@id":"https:\/\/www.schneider-chauffeur.de\/nl\/#organization","name":"Schneider Chauffeurservice","url":"https:\/\/www.schneider-chauffeur.de\/nl\/","logo":{"@id":"https:\/\/www.schneider-chauffeur.de\/nl\/ueber-uns\/#local-main-organization-logo"},"image":{"@id":"https:\/\/www.schneider-chauffeur.de\/nl\/ueber-uns\/#local-main-organization-logo"},"sameAs":["https:\/\/www.facebook.com\/SchneiderChauffeurservice","https:\/\/www.linkedin.com\/company\/schneider-chauffeurservice\/","https:\/\/www.instagram.com\/schneider_chauffeurservice\/"],"legalName":"Schneider Chauffeurservice","numberOfEmployees":{"@type":"QuantitativeValue","minValue":"11","maxValue":"50"},"address":{"@id":"https:\/\/www.schneider-chauffeur.de\/nl\/ueber-uns\/#local-main-place-address"},"telephone":["+49 20185892980"],"contactPoint":{"@type":"ContactPoint","telephone":"+49 20185892980","email":"info@schneider-chauffeur.de"},"openingHoursSpecification":[{"@type":"OpeningHoursSpecification","dayOfWeek":["Monday","Tuesday","Wednesday","Thursday","Friday","Saturday","Sunday"],"opens":"09:00","closes":"17:00"}],"email":"info@schneider-chauffeur.de","faxNumber":"Schneider Chauffeurservice","areaServed":"Germany"},{"@type":"PostalAddress","@id":"https:\/\/www.schneider-chauffeur.de\/nl\/ueber-uns\/#local-main-place-address","streetAddress":"Hohenzollernstr. 24","addressLocality":"Essen","postalCode":"45128","addressCountry":"DE"},{"@type":"ImageObject","inLanguage":"nl-NL","@id":"https:\/\/www.schneider-chauffeur.de\/nl\/ueber-uns\/#local-main-organization-logo","url":"https:\/\/cdn.schneider-chauffeur.de\/app\/uploads\/2019\/08\/logo-schneider-chauffeur-service.svg","contentUrl":"https:\/\/cdn.schneider-chauffeur.de\/app\/uploads\/2019\/08\/logo-schneider-chauffeur-service.svg","caption":"Schneider Chauffeurservice"}]},"geo.placename":"Essen","geo.region":"Germany"},"_links":{"self":[{"href":"https:\/\/www.schneider-chauffeur.de\/nl\/wp-json\/wp\/v2\/pages\/1376","targetHints":{"allow":["GET"]}}],"collection":[{"href":"https:\/\/www.schneider-chauffeur.de\/nl\/wp-json\/wp\/v2\/pages"}],"about":[{"href":"https:\/\/www.schneider-chauffeur.de\/nl\/wp-json\/wp\/v2\/types\/page"}],"author":[{"embeddable":true,"href":"https:\/\/www.schneider-chauffeur.de\/nl\/wp-json\/wp\/v2\/users\/2"}],"replies":[{"embeddable":true,"href":"https:\/\/www.schneider-chauffeur.de\/nl\/wp-json\/wp\/v2\/comments?post=1376"}],"version-history":[{"count":4,"href":"https:\/\/www.schneider-chauffeur.de\/nl\/wp-json\/wp\/v2\/pages\/1376\/revisions"}],"predecessor-version":[{"id":15783,"href":"https:\/\/www.schneider-chauffeur.de\/nl\/wp-json\/wp\/v2\/pages\/1376\/revisions\/15783"}],"wp:attachment":[{"href":"https:\/\/www.schneider-chauffeur.de\/nl\/wp-json\/wp\/v2\/media?parent=1376"}],"curies":[{"name":"wp","href":"https:\/\/api.w.org\/{rel}","templated":true}]}}