{"id":12123,"date":"2022-08-29T10:53:52","date_gmt":"2022-08-29T08:53:52","guid":{"rendered":"https:\/\/www.schneider-chauffeur.de\/?page_id=12123"},"modified":"2023-09-15T14:50:14","modified_gmt":"2023-09-15T12:50:14","slug":"bus-service","status":"publish","type":"page","link":"https:\/\/www.schneider-chauffeur.de\/nl\/bus-service\/","title":{"rendered":"Busservice \u2013 Charter een bus voor beurzen, evenementen &#038; festiviteiten"},"content":{"rendered":"<p><img loading=\"lazy\" decoding=\"async\" class=\"alignright size-medium wp-image-12153\" src=\"https:\/\/www.schneider-chauffeur.de\/app\/uploads\/2022\/08\/bus-chartern-betriebsreise-300x229.jpg\" alt=\"\" width=\"300\" height=\"229\" srcset=\"https:\/\/cdn.schneider-chauffeur.de\/app\/uploads\/2022\/08\/bus-chartern-betriebsreise-300x229.jpg 300w, https:\/\/cdn.schneider-chauffeur.de\/app\/uploads\/2022\/08\/bus-chartern-betriebsreise-600x459.jpg 600w, https:\/\/cdn.schneider-chauffeur.de\/app\/uploads\/2022\/08\/bus-chartern-betriebsreise.jpg 768w\" sizes=\"auto, (max-width: 300px) 100vw, 300px\" \/>Bent u op zoek naar comfortabel en hoogwaardig groepsvervoer voor grotere groepen? Dan is onze busservice de perfecte ondersteuning voor uw evenements- of reisplanning. Of het nu gaat om een shuttlebus bij congressen, beurzen en uiteenlopende evenementen, een gedenkwaardig personeelsuitje of incentive reizen. Wij zorgen voor een betrouwbare transfer en een prettige rit, die volledig gericht is op de verwachtingen van uw gasten en hun teams. Want als u bij ons een bus chartert, bent u natuurlijk verzekerd van een uitstekend dienstenaanbod. Precies zoals u gewend bent bij onze <a href=\"https:\/\/www.schneider-chauffeur.de\/nl\/service\/limousineservice\/\">limousineservice<\/a>.<\/p>\n<p>Neem contact met ons op zodat we uw concrete wensen kunnen bespreken en de voorbereidende stappen in gang kunnen zetten.<\/p>\n<p><a class=\"button\" href=\"https:\/\/www.schneider-chauffeur.de\/nl\/aanvraag-busdienst\/\">Nu advies vragen<\/a><br \/>\n<!--more--><\/p>\n<p>Als u wilt overtuigen met een bijzondere service of een praktische oplossing zoekt voor een groepsreis, kunt u uw bus bijvoorbeeld inzetten voor de volgende scenario&#8217;s:<\/p>\n<div style=\"padding: 30px; margin: 20px 0; background: #EFEFEF;\">\n<ul>\n<li>shuttle-service voor congressen, beurzen en bedrijfsevenementen<\/li>\n<li>luchthaventransfer<\/li>\n<li>bedrijfsuitstapjes en zakelijke verre reizen met grotere teams<\/li>\n<li>incentive-reizen en retreats<\/li>\n<li>transfer voor bruiloftsgasten en andere speciale particuliere gelegenheden<\/li>\n<li>Planning en omzetting van werkverkeer, bijvoorbeeld een dagelijkse shuttle-service voor uw medewerkers naar het station of de luchthaven.<\/li>\n<\/ul>\n<\/div>\n<p>Wilt u uw gasten en bijzonder exclusieve reis bieden of speelt tijdeffici\u00ebntie een belangrijke rol? Dan kunnen we onze busservice altijd combineren met een priv\u00e9vlucht en elk onderdeel van de reis op elkaar afstemmen zodat een vrijwel naadloze reis mogelijk is. Via onze eigen privat aviation broker <a href=\"https:\/\/www.schneider-aviation.com\" target=\"_blank\" rel=\"noopener\">Schneider Aviation<\/a> werken wij nauw samen met een groot netwerk van aanbieders van priv\u00e9vliegtuigen. Wij stellen voor u een volledig reispakket samen en u hebt slechts \u00e9\u00e9n aanspreekpartner, namelijk ons.<\/p>\n<div style=\"padding: 30px; margin: 20px 0; background: #EFEFEF;\">\n<h2>Belangrijk om te weten: wettelijke regelingen tijdens busritten<\/h2>\n<p>Juist wanneer tijd een essenti\u00eble rol speelt, zijn gedetailleerde afspraken cruciaal. Want net als alle andere aanbieders, moeten wij ons houden aan de wettelijke voorschriften voor rijtijden. Zo moet er bijvoorbeeld na uiterlijk 4,5 uur zuivere rijtijd een pauze van 45 minuten worden ingepland. De maximale rijtijd per dag is 9 uur. Daarnaast bestaan er nog andere regelingen die wij graag samen met u doorspreken zodra die in het kader van de reisvoorbereiding relevant worden. Afhankelijk van de situatie bestaat er natuurlijk de mogelijkheid vanaf het begin meerdere chauffeurs in te plannen die elkaar kunnen afwisselen.<\/p>\n<\/div>\n<h2>Uw voordelen bij busreizen met Schneider chauffeursservice<\/h2>\n<p>De planning van uw busreis en verdere mogelijkheden met Schneider chauffeursservice heeft aanzienlijke voordelen voor uw bedrijf:<\/p>\n<div style=\"padding: 30px; margin: 20px 0; background: #EFEFEF;\">\n<ul>\n<li><strong>Direct en persoonlijk contact<\/strong><br \/>\nMet een centrale contactpersoon wordt u altijd optimaal geadviseerd. Vooral als u gebruik maakt van onze ondersteuning op langere termijn met de shuttle-service, met wisselende chauffeurs die voor u werken, of als de busreis deel uitmaakt van een groter totaalpakket.<\/li>\n<li><strong>Betrouwbaarheid<\/strong><br \/>\nOp onze chauffeurs en voertuigen kunt u vertrouwen, ze staan altijd voor u klaar. Dankzij een sterk team dat in ploegen werkt en een uitgebreid partner- en filialennetwerk, kunnen wij altijd de juiste reiscapaciteit binnen Europa en daarbuiten leveren.<\/li>\n<li><strong>Competent backoffice voor organisatie &amp; onderzoek<\/strong><br \/>\nOnze chauffeurs worden op elk moment ondersteund door een competent backoffice. Hierdoor zijn organisatorische vragen snel opgelost en wij zorgen ervoor dat landspecifieke voorschriften en andere details altijd met een vooruitziende blik worden ingepland.<\/li>\n<li><strong>Veiligheidstrainingen chauffeurs<\/strong><br \/>\nAfhankelijk van de verkeerssituatie kunnen hoge eisen aan het rijgedrag worden gesteld. Daarom volgen onze chauffeurs voortdurend trainingen bij professionele opleidingsinstituten. Zodoende zijn ze altijd uitstekend opgeleid en voorbereid op de meest uiteenlopende situaties op de weg.<\/li>\n<li><strong>Jarenlange ervaring in de begeleiding van hooggeplaatste teams en VIPs<\/strong><br \/>\nAl jarenlang verlenen wij onze diensten aan belangrijke personen, vandaar dat wij uitermate vertrouwd zijn met de hoge eisen die bij zulke inzetten moeten worden nageleefd.<\/li>\n<li><strong>Loyaliteit en discretie<\/strong><br \/>\nVoor al onze chauffeurs vanzelfsprekend. Interne of persoonlijke informatie verlaat het voertuig nooit.<\/li>\n<\/ul>\n<\/div>\n<h2>Nu busservice boeken \u2013 in heel Duitsland en daarbuiten<\/h2>\n<p>Wij staan u graag op elk moment terzijde met onze busservice, zowel binnen Duitsland als daarbuiten. Neem contact met ons op zodat wij de verdere details met u kunnen bespreken en we kunnen starten met de concrete reisplanning. Als u bij ons een bus chartert, weet u zeker dat de voorbereiding in goede handen is en kunt u zich concentreren op andere aspecten van uw project.<\/p>\n<p><a class=\"button\" style=\"max-width: 400px;\" href=\"https:\/\/www.schneider-chauffeur.de\/nl\/aanvraag-busdienst\/\">Nu busservice boeken<\/a><\/p>\n","protected":false},"excerpt":{"rendered":"<p>Bent u op zoek naar comfortabel en hoogwaardig groepsvervoer voor grotere groepen? Dan is onze busservice de perfecte ondersteuning voor uw evenements- of reisplanning. Of het nu gaat om een shuttlebus bij congressen, beurzen en uiteenlopende evenementen, een gedenkwaardig personeelsuitje of incentive reizen. Wij zorgen voor een betrouwbare transfer en een prettige rit, die volledig &hellip;<\/p>\n","protected":false},"author":2,"featured_media":0,"parent":0,"menu_order":65,"comment_status":"closed","ping_status":"closed","template":"","meta":{"footnotes":""},"class_list":["post-12123","page","type-page","status-publish","hentry"],"yoast_head":"<!-- This site is optimized with the Yoast SEO Premium plugin v26.3 (Yoast SEO v26.3) - https:\/\/yoast.com\/wordpress\/plugins\/seo\/ -->\n<title>Busservice \u2013 voor beurzen, evenementen en bedrijfsuitjes<\/title>\n<meta name=\"description\" content=\"Of u nu een shuttlebus wilt voor beurzen en congressen of een andersoortige reis: onze hoogwaardige busservice is de perfecte ondersteuning. Meer\" \/>\n<meta name=\"robots\" content=\"index, follow, max-snippet:-1, max-image-preview:large, max-video-preview:-1\" \/>\n<link rel=\"canonical\" href=\"https:\/\/www.schneider-chauffeur.de\/nl\/bus-service\/\" \/>\n<meta property=\"og:locale\" content=\"nl_NL\" \/>\n<meta property=\"og:type\" content=\"article\" \/>\n<meta property=\"og:title\" content=\"Busservice \u2013 Charter een bus voor beurzen, evenementen &amp; festiviteiten\" \/>\n<meta property=\"og:description\" content=\"Of u nu een shuttlebus wilt voor beurzen en congressen of een andersoortige reis: onze hoogwaardige busservice is de perfecte ondersteuning. Meer\" \/>\n<meta property=\"og:url\" content=\"https:\/\/www.schneider-chauffeur.de\/nl\/bus-service\/\" \/>\n<meta property=\"og:site_name\" content=\"Schneider Chauffeurservice \u2013 Gesch\u00e4ftsreisen mit h\u00f6chstem Komfort\" \/>\n<meta property=\"article:publisher\" content=\"https:\/\/www.facebook.com\/SchneiderChauffeurservice\" \/>\n<meta property=\"article:modified_time\" content=\"2023-09-15T12:50:14+00:00\" \/>\n<meta property=\"og:image\" content=\"https:\/\/www.schneider-chauffeur.de\/app\/uploads\/2022\/08\/bus-chartern-betriebsreise-300x229.jpg\" \/>\n<meta name=\"twitter:card\" content=\"summary_large_image\" \/>\n<meta name=\"twitter:label1\" content=\"Est. reading time\" \/>\n\t<meta name=\"twitter:data1\" content=\"4 minutes\" \/>\n<script type=\"application\/ld+json\" class=\"yoast-schema-graph\">{\"@context\":\"https:\/\/schema.org\",\"@graph\":[{\"@type\":\"WebPage\",\"@id\":\"https:\/\/www.schneider-chauffeur.de\/nl\/bus-service\/\",\"url\":\"https:\/\/www.schneider-chauffeur.de\/nl\/bus-service\/\",\"name\":\"Busservice \u2013 voor beurzen, evenementen en bedrijfsuitjes\",\"isPartOf\":{\"@id\":\"https:\/\/www.schneider-chauffeur.de\/nl\/#website\"},\"primaryImageOfPage\":{\"@id\":\"https:\/\/www.schneider-chauffeur.de\/nl\/bus-service\/#primaryimage\"},\"image\":{\"@id\":\"https:\/\/www.schneider-chauffeur.de\/nl\/bus-service\/#primaryimage\"},\"thumbnailUrl\":\"https:\/\/www.schneider-chauffeur.de\/app\/uploads\/2022\/08\/bus-chartern-betriebsreise-300x229.jpg\",\"datePublished\":\"2022-08-29T08:53:52+00:00\",\"dateModified\":\"2023-09-15T12:50:14+00:00\",\"description\":\"Of u nu een shuttlebus wilt voor beurzen en congressen of een andersoortige reis: onze hoogwaardige busservice is de perfecte ondersteuning. Meer\",\"breadcrumb\":{\"@id\":\"https:\/\/www.schneider-chauffeur.de\/nl\/bus-service\/#breadcrumb\"},\"inLanguage\":\"nl-NL\",\"potentialAction\":[{\"@type\":\"ReadAction\",\"target\":[\"https:\/\/www.schneider-chauffeur.de\/nl\/bus-service\/\"]}]},{\"@type\":\"ImageObject\",\"inLanguage\":\"nl-NL\",\"@id\":\"https:\/\/www.schneider-chauffeur.de\/nl\/bus-service\/#primaryimage\",\"url\":\"https:\/\/www.schneider-chauffeur.de\/app\/uploads\/2022\/08\/bus-chartern-betriebsreise-300x229.jpg\",\"contentUrl\":\"https:\/\/www.schneider-chauffeur.de\/app\/uploads\/2022\/08\/bus-chartern-betriebsreise-300x229.jpg\"},{\"@type\":\"BreadcrumbList\",\"@id\":\"https:\/\/www.schneider-chauffeur.de\/nl\/bus-service\/#breadcrumb\",\"itemListElement\":[{\"@type\":\"ListItem\",\"position\":1,\"name\":\"Home\",\"item\":\"https:\/\/www.schneider-chauffeur.de\/nl\/\"},{\"@type\":\"ListItem\",\"position\":2,\"name\":\"Busservice \u2013 Charter een bus voor beurzen, evenementen &#038; festiviteiten\"}]},{\"@type\":\"WebSite\",\"@id\":\"https:\/\/www.schneider-chauffeur.de\/nl\/#website\",\"url\":\"https:\/\/www.schneider-chauffeur.de\/nl\/\",\"name\":\"Schneider Chauffeurservice \u2013 Gesch\u00e4ftsreisen mit h\u00f6chstem Komfort\",\"description\":\"\",\"publisher\":{\"@id\":\"https:\/\/www.schneider-chauffeur.de\/nl\/#organization\"},\"potentialAction\":[{\"@type\":\"SearchAction\",\"target\":{\"@type\":\"EntryPoint\",\"urlTemplate\":\"https:\/\/www.schneider-chauffeur.de\/nl\/?s={search_term_string}\"},\"query-input\":{\"@type\":\"PropertyValueSpecification\",\"valueRequired\":true,\"valueName\":\"search_term_string\"}}],\"inLanguage\":\"nl-NL\"},{\"@type\":[\"Organization\",\"Place\"],\"@id\":\"https:\/\/www.schneider-chauffeur.de\/nl\/#organization\",\"name\":\"Schneider Chauffeurservice\",\"url\":\"https:\/\/www.schneider-chauffeur.de\/nl\/\",\"logo\":{\"@id\":\"https:\/\/www.schneider-chauffeur.de\/nl\/bus-service\/#local-main-organization-logo\"},\"image\":{\"@id\":\"https:\/\/www.schneider-chauffeur.de\/nl\/bus-service\/#local-main-organization-logo\"},\"sameAs\":[\"https:\/\/www.facebook.com\/SchneiderChauffeurservice\",\"https:\/\/www.linkedin.com\/company\/schneider-chauffeurservice\/\",\"https:\/\/www.instagram.com\/schneider_chauffeurservice\/\"],\"legalName\":\"Schneider Chauffeurservice\",\"numberOfEmployees\":{\"@type\":\"QuantitativeValue\",\"minValue\":\"11\",\"maxValue\":\"50\"},\"address\":{\"@id\":\"https:\/\/www.schneider-chauffeur.de\/nl\/bus-service\/#local-main-place-address\"},\"telephone\":[\"+49 20185892980\"],\"contactPoint\":{\"@type\":\"ContactPoint\",\"telephone\":\"+49 20185892980\",\"email\":\"info@schneider-chauffeur.de\"},\"openingHoursSpecification\":[{\"@type\":\"OpeningHoursSpecification\",\"dayOfWeek\":[\"Monday\",\"Tuesday\",\"Wednesday\",\"Thursday\",\"Friday\",\"Saturday\",\"Sunday\"],\"opens\":\"09:00\",\"closes\":\"17:00\"}],\"email\":\"info@schneider-chauffeur.de\",\"faxNumber\":\"Schneider Chauffeurservice\",\"areaServed\":\"Germany\"},{\"@type\":\"PostalAddress\",\"@id\":\"https:\/\/www.schneider-chauffeur.de\/nl\/bus-service\/#local-main-place-address\",\"streetAddress\":\"Hohenzollernstr. 24\",\"addressLocality\":\"Essen\",\"postalCode\":\"45128\",\"addressCountry\":\"DE\"},{\"@type\":\"ImageObject\",\"inLanguage\":\"nl-NL\",\"@id\":\"https:\/\/www.schneider-chauffeur.de\/nl\/bus-service\/#local-main-organization-logo\",\"url\":\"https:\/\/cdn.schneider-chauffeur.de\/app\/uploads\/2019\/08\/logo-schneider-chauffeur-service.svg\",\"contentUrl\":\"https:\/\/cdn.schneider-chauffeur.de\/app\/uploads\/2019\/08\/logo-schneider-chauffeur-service.svg\",\"caption\":\"Schneider Chauffeurservice\"}]}<\/script>\n<meta name=\"geo.placename\" content=\"Essen\" \/>\n<meta name=\"geo.region\" content=\"Germany\" \/>\n<!-- \/ Yoast SEO Premium plugin. -->","yoast_head_json":{"title":"Busservice \u2013 voor beurzen, evenementen en bedrijfsuitjes","description":"Of u nu een shuttlebus wilt voor beurzen en congressen of een andersoortige reis: onze hoogwaardige busservice is de perfecte ondersteuning. Meer","robots":{"index":"index","follow":"follow","max-snippet":"max-snippet:-1","max-image-preview":"max-image-preview:large","max-video-preview":"max-video-preview:-1"},"canonical":"https:\/\/www.schneider-chauffeur.de\/nl\/bus-service\/","og_locale":"nl_NL","og_type":"article","og_title":"Busservice \u2013 Charter een bus voor beurzen, evenementen & festiviteiten","og_description":"Of u nu een shuttlebus wilt voor beurzen en congressen of een andersoortige reis: onze hoogwaardige busservice is de perfecte ondersteuning. Meer","og_url":"https:\/\/www.schneider-chauffeur.de\/nl\/bus-service\/","og_site_name":"Schneider Chauffeurservice \u2013 Gesch\u00e4ftsreisen mit h\u00f6chstem Komfort","article_publisher":"https:\/\/www.facebook.com\/SchneiderChauffeurservice","article_modified_time":"2023-09-15T12:50:14+00:00","og_image":[{"url":"https:\/\/www.schneider-chauffeur.de\/app\/uploads\/2022\/08\/bus-chartern-betriebsreise-300x229.jpg","type":"","width":"","height":""}],"twitter_card":"summary_large_image","twitter_misc":{"Est. reading time":"4 minutes"},"schema":{"@context":"https:\/\/schema.org","@graph":[{"@type":"WebPage","@id":"https:\/\/www.schneider-chauffeur.de\/nl\/bus-service\/","url":"https:\/\/www.schneider-chauffeur.de\/nl\/bus-service\/","name":"Busservice \u2013 voor beurzen, evenementen en bedrijfsuitjes","isPartOf":{"@id":"https:\/\/www.schneider-chauffeur.de\/nl\/#website"},"primaryImageOfPage":{"@id":"https:\/\/www.schneider-chauffeur.de\/nl\/bus-service\/#primaryimage"},"image":{"@id":"https:\/\/www.schneider-chauffeur.de\/nl\/bus-service\/#primaryimage"},"thumbnailUrl":"https:\/\/www.schneider-chauffeur.de\/app\/uploads\/2022\/08\/bus-chartern-betriebsreise-300x229.jpg","datePublished":"2022-08-29T08:53:52+00:00","dateModified":"2023-09-15T12:50:14+00:00","description":"Of u nu een shuttlebus wilt voor beurzen en congressen of een andersoortige reis: onze hoogwaardige busservice is de perfecte ondersteuning. Meer","breadcrumb":{"@id":"https:\/\/www.schneider-chauffeur.de\/nl\/bus-service\/#breadcrumb"},"inLanguage":"nl-NL","potentialAction":[{"@type":"ReadAction","target":["https:\/\/www.schneider-chauffeur.de\/nl\/bus-service\/"]}]},{"@type":"ImageObject","inLanguage":"nl-NL","@id":"https:\/\/www.schneider-chauffeur.de\/nl\/bus-service\/#primaryimage","url":"https:\/\/www.schneider-chauffeur.de\/app\/uploads\/2022\/08\/bus-chartern-betriebsreise-300x229.jpg","contentUrl":"https:\/\/www.schneider-chauffeur.de\/app\/uploads\/2022\/08\/bus-chartern-betriebsreise-300x229.jpg"},{"@type":"BreadcrumbList","@id":"https:\/\/www.schneider-chauffeur.de\/nl\/bus-service\/#breadcrumb","itemListElement":[{"@type":"ListItem","position":1,"name":"Home","item":"https:\/\/www.schneider-chauffeur.de\/nl\/"},{"@type":"ListItem","position":2,"name":"Busservice \u2013 Charter een bus voor beurzen, evenementen &#038; festiviteiten"}]},{"@type":"WebSite","@id":"https:\/\/www.schneider-chauffeur.de\/nl\/#website","url":"https:\/\/www.schneider-chauffeur.de\/nl\/","name":"Schneider Chauffeurservice \u2013 Gesch\u00e4ftsreisen mit h\u00f6chstem Komfort","description":"","publisher":{"@id":"https:\/\/www.schneider-chauffeur.de\/nl\/#organization"},"potentialAction":[{"@type":"SearchAction","target":{"@type":"EntryPoint","urlTemplate":"https:\/\/www.schneider-chauffeur.de\/nl\/?s={search_term_string}"},"query-input":{"@type":"PropertyValueSpecification","valueRequired":true,"valueName":"search_term_string"}}],"inLanguage":"nl-NL"},{"@type":["Organization","Place"],"@id":"https:\/\/www.schneider-chauffeur.de\/nl\/#organization","name":"Schneider Chauffeurservice","url":"https:\/\/www.schneider-chauffeur.de\/nl\/","logo":{"@id":"https:\/\/www.schneider-chauffeur.de\/nl\/bus-service\/#local-main-organization-logo"},"image":{"@id":"https:\/\/www.schneider-chauffeur.de\/nl\/bus-service\/#local-main-organization-logo"},"sameAs":["https:\/\/www.facebook.com\/SchneiderChauffeurservice","https:\/\/www.linkedin.com\/company\/schneider-chauffeurservice\/","https:\/\/www.instagram.com\/schneider_chauffeurservice\/"],"legalName":"Schneider Chauffeurservice","numberOfEmployees":{"@type":"QuantitativeValue","minValue":"11","maxValue":"50"},"address":{"@id":"https:\/\/www.schneider-chauffeur.de\/nl\/bus-service\/#local-main-place-address"},"telephone":["+49 20185892980"],"contactPoint":{"@type":"ContactPoint","telephone":"+49 20185892980","email":"info@schneider-chauffeur.de"},"openingHoursSpecification":[{"@type":"OpeningHoursSpecification","dayOfWeek":["Monday","Tuesday","Wednesday","Thursday","Friday","Saturday","Sunday"],"opens":"09:00","closes":"17:00"}],"email":"info@schneider-chauffeur.de","faxNumber":"Schneider Chauffeurservice","areaServed":"Germany"},{"@type":"PostalAddress","@id":"https:\/\/www.schneider-chauffeur.de\/nl\/bus-service\/#local-main-place-address","streetAddress":"Hohenzollernstr. 24","addressLocality":"Essen","postalCode":"45128","addressCountry":"DE"},{"@type":"ImageObject","inLanguage":"nl-NL","@id":"https:\/\/www.schneider-chauffeur.de\/nl\/bus-service\/#local-main-organization-logo","url":"https:\/\/cdn.schneider-chauffeur.de\/app\/uploads\/2019\/08\/logo-schneider-chauffeur-service.svg","contentUrl":"https:\/\/cdn.schneider-chauffeur.de\/app\/uploads\/2019\/08\/logo-schneider-chauffeur-service.svg","caption":"Schneider Chauffeurservice"}]},"geo.placename":"Essen","geo.region":"Germany"},"_links":{"self":[{"href":"https:\/\/www.schneider-chauffeur.de\/nl\/wp-json\/wp\/v2\/pages\/12123","targetHints":{"allow":["GET"]}}],"collection":[{"href":"https:\/\/www.schneider-chauffeur.de\/nl\/wp-json\/wp\/v2\/pages"}],"about":[{"href":"https:\/\/www.schneider-chauffeur.de\/nl\/wp-json\/wp\/v2\/types\/page"}],"author":[{"embeddable":true,"href":"https:\/\/www.schneider-chauffeur.de\/nl\/wp-json\/wp\/v2\/users\/2"}],"replies":[{"embeddable":true,"href":"https:\/\/www.schneider-chauffeur.de\/nl\/wp-json\/wp\/v2\/comments?post=12123"}],"version-history":[{"count":14,"href":"https:\/\/www.schneider-chauffeur.de\/nl\/wp-json\/wp\/v2\/pages\/12123\/revisions"}],"predecessor-version":[{"id":12398,"href":"https:\/\/www.schneider-chauffeur.de\/nl\/wp-json\/wp\/v2\/pages\/12123\/revisions\/12398"}],"wp:attachment":[{"href":"https:\/\/www.schneider-chauffeur.de\/nl\/wp-json\/wp\/v2\/media?parent=12123"}],"curies":[{"name":"wp","href":"https:\/\/api.w.org\/{rel}","templated":true}]}}