{"id":9736,"date":"2022-06-10T12:10:43","date_gmt":"2022-06-10T10:10:43","guid":{"rendered":"https:\/\/www.schneider-chauffeur.de\/?page_id=9736"},"modified":"2024-05-27T14:43:25","modified_gmt":"2024-05-27T12:43:25","slug":"event-service","status":"publish","type":"page","link":"https:\/\/www.schneider-chauffeur.de\/fr\/service\/event-service\/","title":{"rendered":"Service des \u00e9v\u00e9nements"},"content":{"rendered":"<p><img loading=\"lazy\" decoding=\"async\" class=\"alignright size-medium wp-image-9779\" src=\"https:\/\/www.schneider-chauffeur.de\/app\/uploads\/2022\/06\/schauspieler-bei-event-300x229.jpg\" alt=\"\" width=\"300\" height=\"229\" srcset=\"https:\/\/cdn.schneider-chauffeur.de\/app\/uploads\/2022\/06\/schauspieler-bei-event-300x229.jpg 300w, https:\/\/cdn.schneider-chauffeur.de\/app\/uploads\/2022\/06\/schauspieler-bei-event-600x459.jpg 600w, https:\/\/cdn.schneider-chauffeur.de\/app\/uploads\/2022\/06\/schauspieler-bei-event.jpg 768w\" sizes=\"auto, (max-width: 300px) 100vw, 300px\" \/> Vous organisez un \u00e9v\u00e9nement important et souhaitez garantir un d\u00e9roulement sans faille ainsi qu&#8217;une prise en charge parfaite des invit\u00e9s, des artistes et des autres personnes concern\u00e9es ? Avec notre service \u00e9v\u00e9nementiel et notre transfert VIP confortable, vous savez que vos acteurs et vos invit\u00e9s sont entre de bonnes mains, tandis que vous pouvez vous concentrer sur vos t\u00e2ches principales. Que ce soit avec des trajets individuels pour des occasions particuli\u00e8res ou avec le service de chauffeur 24h\/24 pour des festivals et autres \u00e9v\u00e9nements de plusieurs jours, nous allons chercher les personnes souhait\u00e9es \u00e0 l&#8217;a\u00e9roport ou \u00e0 leur domicile, nous les accompagnons lors de leurs \u00e9tapes et nous nous occupons de leur retour ou de leur d\u00e9part en toute s\u00e9curit\u00e9. De plus, nous vous assistons, vous et vos invit\u00e9s, et nous contribuons \u00e0 donner \u00e0 votre \u00e9v\u00e9nement une impression de grand professionnalisme en effectuant des d\u00e9marches et en proposant d&#8217;autres services.<\/p>\n<p>Vous aurez un interlocuteur qui sera responsable de vos invit\u00e9s et de vous-m\u00eame. Ensemble, nous \u00e9tablirons un plan de transport adapt\u00e9 \u00e0 vos besoins pour votre \u00e9v\u00e9nement.<\/p>\n<p>Nous pouvons \u00e9galement vous aider \u00e0 organiser vos \u00e9v\u00e9nements de bien d&#8217;autres mani\u00e8res. N&#8217;h\u00e9sitez pas \u00e0 nous contacter pour que nous puissions vous conseiller de mani\u00e8re personnalis\u00e9e sur votre projet.<\/p>\n<p><a class=\"button\" href=\"https:\/\/www.schneider-chauffeur.de\/fr\/demande-service-evenementiel\/\" style=\"max-width: 400px;\">Obtenez des conseils maintenant<\/a><br \/>\n<!--more--><\/p>\n<h2>Enthousiasmer les artistes &amp; les clients &#8211; avec un transfert VIP de premi\u00e8re classe<\/h2>\n<p><img loading=\"lazy\" decoding=\"async\" class=\"alignleft size-medium wp-image-9779\" src=\"https:\/\/www.schneider-chauffeur.de\/app\/uploads\/2022\/06\/kuenstler-event-chauffeur.jpg\" alt=\"\" width=\"300\" height=\"229\" \/> Un service complet et confortable laisse une impression durable \u00e0 vos acteurs et \u00e0 vos clients &#8211; et contribue largement \u00e0 la fid\u00e9lisation de vos partenariats. Imaginez nos chauffeurs attendant vos artistes \u00e0 l&#8217;a\u00e9rodrome pour les emmener sur le lieu du concert, avec leur snack pr\u00e9f\u00e9r\u00e9 d\u00e9j\u00e0 pr\u00eat sur la banquette de la limousine. Ou comment vos acteurs descendent de l&#8217;\u00e9l\u00e9gante limousine avec un sourire heureux devant le tapis rouge de l&#8217;avant-premi\u00e8re du film &#8211; apr\u00e8s que le chauffeur leur a ouvert la porte, bien s\u00fbr, \u00e0 l&#8217;ancienne. Nous pouvons \u00e9galement nous charger d&#8217;un bref briefing pr\u00e9alable pendant le trajet, afin que vos VIP soient inform\u00e9s de tout ce qui se passe avant le d\u00e9but de l&#8217;\u00e9v\u00e9nement.<\/p>\n<p><img loading=\"lazy\" decoding=\"async\" class=\"alignright size-medium wp-image-9791\" src=\"https:\/\/www.schneider-chauffeur.de\/app\/uploads\/2022\/06\/chauffeur-fuer-gala-abend-300x229.webp\" alt=\"\" width=\"300\" height=\"229\" srcset=\"https:\/\/cdn.schneider-chauffeur.de\/app\/uploads\/2022\/06\/chauffeur-fuer-gala-abend-300x229.webp 300w, https:\/\/cdn.schneider-chauffeur.de\/app\/uploads\/2022\/06\/chauffeur-fuer-gala-abend-600x459.webp 600w, https:\/\/cdn.schneider-chauffeur.de\/app\/uploads\/2022\/06\/chauffeur-fuer-gala-abend.webp 768w\" sizes=\"auto, (max-width: 300px) 100vw, 300px\" \/>Ou imaginez que nous allions chercher tous vos invit\u00e9s pour un gala exclusif et que nous les ramenions plus tard chez eux en toute s\u00e9curit\u00e9. Personne n&#8217;a \u00e0 se soucier du trajet et toutes les personnes pr\u00e9sentes appr\u00e9cieront le service de premi\u00e8re classe de nos chauffeurs. De plus, vous pouvez \u00eatre s\u00fbr que plusieurs dizaines de limousines sur le lieu du gala donneront \u00e9galement une image particuli\u00e8re qui restera longtemps dans la m\u00e9moire de vos invit\u00e9s. Avec notre transfert VIP, vous renforcez ainsi la visibilit\u00e9 et le positionnement de votre entreprise.<\/p>\n<h2>Pr\u00e9sentations innovantes de v\u00e9hicules avec des chauffeurs exp\u00e9riment\u00e9s<\/h2>\n<p><img loading=\"lazy\" decoding=\"async\" class=\"alignleft size-medium wp-image-9798\" src=\"https:\/\/www.schneider-chauffeur.de\/app\/uploads\/2022\/06\/Fahrzeug-Praesentationen-mit-Chauffeur-300x229.jpg\" alt=\"\" width=\"300\" height=\"229\" srcset=\"https:\/\/cdn.schneider-chauffeur.de\/app\/uploads\/2022\/06\/Fahrzeug-Praesentationen-mit-Chauffeur-300x229.jpg 300w, https:\/\/cdn.schneider-chauffeur.de\/app\/uploads\/2022\/06\/Fahrzeug-Praesentationen-mit-Chauffeur-600x459.jpg 600w, https:\/\/cdn.schneider-chauffeur.de\/app\/uploads\/2022\/06\/Fahrzeug-Praesentationen-mit-Chauffeur.jpg 768w\" sizes=\"auto, (max-width: 300px) 100vw, 300px\" \/>Vous \u00eates constructeur ou concessionnaire automobile et vous souhaitez pr\u00e9senter vos derniers mod\u00e8les de mani\u00e8re spectaculaire ? Dans ce cas, laissez-nous ramener des clients et des repr\u00e9sentants de la presse s\u00e9lectionn\u00e9s directement chez eux dans le mod\u00e8le pr\u00e9sent\u00e9, afin de leur donner une impression vivante de la voiture. Gr\u00e2ce \u00e0 leurs comp\u00e9tences professionnelles en mati\u00e8re de conduite et \u00e0 leur sens aigu de l&#8217;efficacit\u00e9, nos chauffeurs sont parfaitement \u00e0 m\u00eame d&#8217;apporter une touche d&#8217;originalit\u00e9 \u00e0 votre pr\u00e9sentation.<\/p>\n<p>Nous pouvons \u00e9galement vous aider \u00e0 pr\u00e9senter vos produits lors d&#8217;\u00e9v\u00e9nements ou dans des lieux publics, par exemple en garant toute une flotte de la nouvelle gamme de v\u00e9hicules dans une formation parfaitement adapt\u00e9e, attirant ainsi les regards curieux et cr\u00e9ant le cadre id\u00e9al pour une s\u00e9ance photo. Un service qui peut bien entendu \u00eatre directement associ\u00e9 au service VIP pour vos invit\u00e9s.<\/p>\n<h2>Nos services autour des \u00e9v\u00e9nements &amp; transfert VIP<\/h2>\n<p>Le mieux est de discuter personnellement de la mani\u00e8re dont nous pouvons vous aider au mieux avec notre service \u00e9v\u00e9nementiel de haute qualit\u00e9. En principe, les services suivants sont envisageables :<\/p>\n<div style=\"padding: 30px; margin: 20px 0; background: #EFEFEF;\">\n<ul>\n<li><strong>Transfert VIP pour les concerts, galas &amp; \u00e9v\u00e9nements en tout genre :<\/strong>\n<ul>\n<li>Accueil de vos invit\u00e9s \u00e0 l&#8217;a\u00e9roport, \u00e0 la maison ou ailleurs &#8211; avec retour apr\u00e8s l&#8217;\u00e9v\u00e9nement, bien entendu<\/li>\n<li>Conducteur sur place &#8211; un seul interlocuteur pour toute l&#8217;organisation des d\u00e9placements<\/li>\n<li>Service complet de limousine pour les artistes ou autres acteurs &#8211; \u00e9galement pour plusieurs jours ou pour de longs road-trips &amp; tourn\u00e9es de concerts<\/li>\n<li>Service de transport pour groupes &#8211; soit avec plusieurs v\u00e9hicules, soit avec un bus de luxe de 16 \u00e0 85 personnes<\/li>\n<li>Sur demande, planification de voyages en jet priv\u00e9 via notre propre service Schneider Aviation<\/li>\n<\/ul>\n<\/li>\n<li><strong>Pr\u00e9sentation de v\u00e9hicules :<\/strong>\n<ul>\n<li>Pr\u00e9sentation de vos derniers mod\u00e8les de v\u00e9hicules par des chauffeurs exp\u00e9riment\u00e9s, avec \u00e9ventuellement un essai sur circuit<\/li>\n<li>Positionnement de votre flotte de v\u00e9hicules en formation impressionnante pour des \u00e9v\u00e9nements de presse &amp; plus<\/li>\n<li>Beaucoup d&#8217;autres possibilit\u00e9s selon vos souhaits<\/li>\n<\/ul>\n<\/li>\n<li><strong>Service de production pour les \u00e9v\u00e9nements :<\/strong>\n<ul>\n<li>Soutien de nos chauffeurs au-del\u00e0 du simple transfert &#8211; par exemple en tant que chauffeur de production<\/li>\n<li>Service de conciergerie pour vos artistes ou autres personnes s\u00e9lectionn\u00e9es<\/li>\n<\/ul>\n<\/li>\n<\/ul>\n<\/div>\n<p>Faites-nous savoir comment nous pouvons vous aider au mieux. Ou demandez une consultation pr\u00e9alable pour en savoir plus sur les multiples possibilit\u00e9s qui s&#8217;offrent \u00e0 vous.<\/p>\n<p><a class=\"button\" href=\"https:\/\/www.schneider-chauffeur.de\/fr\/demande-service-evenementiel\/\">Contacter maintenant<\/a><\/p>\n<h2>Vos avantages avec le transfert VIP de Schneider Chauffeurservice<\/h2>\n<p>Le transfert VIP et l&#8217;assistance lors d&#8217;\u00e9v\u00e9nements par Schneider Chauffeur Service pr\u00e9sente des avantages essentiels pour votre entreprise :<\/p>\n<div style=\"padding: 30px; margin: 20px 0; background: #EFEFEF;\">\n<ul>\n<li><strong>Disponibilit\u00e9 permanente &amp; flexibilit\u00e9 \u00e9conomique :<\/strong><br \/>\nVous avez toujours un chauffeur \u00e0 votre disposition quand vous en avez besoin. \u00c0 court terme pour des trajets uniques ou pour des p\u00e9riodes plus longues.<\/li>\n<li><strong>Fiabilit\u00e9 :<\/strong><br \/>\nNos chauffeurs sont fiables et \u00e0 vos c\u00f4t\u00e9s. Gr\u00e2ce \u00e0 une \u00e9quipe solide travaillant par roulement, vous n&#8217;avez pas non plus \u00e0 vous soucier des temps de repos et de conduite. Il en va de m\u00eame pour la planification des cong\u00e9s et les cas de maladie.<\/li>\n<li><strong>Formation de chef conducteur:<\/strong>.<br \/>\nEn fonction de la situation routi\u00e8re, les exigences en mati\u00e8re de conduite peuvent \u00eatre \u00e9lev\u00e9es, c&#8217;est pourquoi nous formons constamment nos conducteurs aupr\u00e8s d&#8217;organismes de formation professionnels. Ils sont ainsi parfaitement form\u00e9s et pr\u00e9par\u00e9s aux diff\u00e9rentes situations de conduite.<\/li>\n<li><strong>Un contact direct et personnel :<\/strong><br \/>\nAvec un interlocuteur unique, vous \u00eates toujours conseill\u00e9 de mani\u00e8re optimale, surtout si vous avez des chauffeurs qui changent.<\/li>\n<li><strong>Un back office comp\u00e9tent pour l&#8217;organisation et la recherche :<\/strong><br \/>\nNos chauffeurs sont soutenus \u00e0 tout moment par un backoffice comp\u00e9tent. Ainsi, les questions d&#8217;organisation sont rapidement r\u00e9solues et des recherches approfondies sont possibles pendant que le chauffeur est en mission pour vous.<\/li>\n<li><strong>De nombreuses ann\u00e9es d&#8217;exp\u00e9rience dans la prise en charge de VIP :<\/strong><br \/>\nNous sommes en mission pour des personnalit\u00e9s importantes depuis de nombreuses ann\u00e9es et nous connaissons donc parfaitement les exigences \u00e9lev\u00e9es qu&#8217;il faut satisfaire.<\/li>\n<li><strong>Loyaut\u00e9 &amp; discr\u00e9tion:<\/strong><br \/>\nUne \u00e9vidence pour tous nos chauffeurs. Aucune information interne ou personnelle ne sort du v\u00e9hicule.<\/li>\n<\/ul>\n<\/div>\n<h2>Pour le bien-\u00eatre de vos artistes et de vos invit\u00e9s : r\u00e9servez maintenant un service \u00e9v\u00e9nementiel &#8211; dans la Ruhr, en Rh\u00e9nanie-du-Nord-Westphalie et bien au-del\u00e0<\/h2>\n<p>Avec notre service \u00e9v\u00e9nementiel et VIP, nous sommes heureux de vous aider \u00e0 tout moment, que ce soit autour de notre site principal dans la Ruhr ou bien au-del\u00e0. N&#8217;h\u00e9sitez pas \u00e0 nous contacter pour discuter des d\u00e9tails. Vous faciliterez ainsi la mise en \u0153uvre d&#8217;\u00e9v\u00e9nements efficaces et cr\u00e9erez une valeur ajout\u00e9e tangible pour vos invit\u00e9s et vos artistes.<\/p>\n<p><a class=\"button\" style=\"max-width: 300px;\" href=\"https:\/\/www.schneider-chauffeur.de\/fr\/demande-service-evenementiel\/\">R\u00e9server un service \u00e9v\u00e9nementiel maintenant<\/a><\/p>\n","protected":false},"excerpt":{"rendered":"<p>Vous organisez un \u00e9v\u00e9nement important et souhaitez garantir un d\u00e9roulement sans faille ainsi qu&#8217;une prise en charge parfaite des invit\u00e9s, des artistes et des autres personnes concern\u00e9es ? Avec notre service \u00e9v\u00e9nementiel et notre transfert VIP confortable, vous savez que vos acteurs et vos invit\u00e9s sont entre de bonnes mains, tandis que vous pouvez vous &hellip;<\/p>\n","protected":false},"author":2,"featured_media":0,"parent":1543,"menu_order":65,"comment_status":"closed","ping_status":"closed","template":"","meta":{"footnotes":""},"class_list":["post-9736","page","type-page","status-publish","hentry"],"yoast_head":"<!-- This site is optimized with the Yoast SEO Premium plugin v26.3 (Yoast SEO v26.3) - https:\/\/yoast.com\/wordpress\/plugins\/seo\/ -->\n<title>Service \u00e9v\u00e9nementiel &amp; transfert VIP - pour tout type d&#039;\u00e9v\u00e9nement | schneider-chauffeur.de<\/title>\n<meta name=\"description\" content=\"Le petit plus pour vos \u00e9v\u00e9nements - avec un transfert VIP exclusif, une assistance polyvalente &amp; des pr\u00e9sentations de v\u00e9hicules efficaces. En savoir plus !\" \/>\n<meta name=\"robots\" content=\"index, follow, max-snippet:-1, max-image-preview:large, max-video-preview:-1\" \/>\n<link rel=\"canonical\" href=\"https:\/\/www.schneider-chauffeur.de\/fr\/service\/event-service\/\" \/>\n<meta property=\"og:locale\" content=\"fr_FR\" \/>\n<meta property=\"og:type\" content=\"article\" \/>\n<meta property=\"og:title\" content=\"Service des \u00e9v\u00e9nements\" \/>\n<meta property=\"og:description\" content=\"Le petit plus pour vos \u00e9v\u00e9nements - avec un transfert VIP exclusif, une assistance polyvalente &amp; des pr\u00e9sentations de v\u00e9hicules efficaces. En savoir plus !\" \/>\n<meta property=\"og:url\" content=\"https:\/\/www.schneider-chauffeur.de\/fr\/service\/event-service\/\" \/>\n<meta property=\"og:site_name\" content=\"Schneider Chauffeurservice \u2013 Gesch\u00e4ftsreisen mit h\u00f6chstem Komfort\" \/>\n<meta property=\"article:publisher\" content=\"https:\/\/www.facebook.com\/SchneiderChauffeurservice\" \/>\n<meta property=\"article:modified_time\" content=\"2024-05-27T12:43:25+00:00\" \/>\n<meta property=\"og:image\" content=\"https:\/\/www.schneider-chauffeur.de\/app\/uploads\/2022\/06\/schauspieler-bei-event-300x229.jpg\" \/>\n<meta name=\"twitter:card\" content=\"summary_large_image\" \/>\n<meta name=\"twitter:label1\" content=\"Est. reading time\" \/>\n\t<meta name=\"twitter:data1\" content=\"8 minutes\" \/>\n<script type=\"application\/ld+json\" class=\"yoast-schema-graph\">{\"@context\":\"https:\/\/schema.org\",\"@graph\":[{\"@type\":\"WebPage\",\"@id\":\"https:\/\/www.schneider-chauffeur.de\/fr\/service\/event-service\/\",\"url\":\"https:\/\/www.schneider-chauffeur.de\/fr\/service\/event-service\/\",\"name\":\"Service \u00e9v\u00e9nementiel & transfert VIP - pour tout type d'\u00e9v\u00e9nement | schneider-chauffeur.de\",\"isPartOf\":{\"@id\":\"https:\/\/www.schneider-chauffeur.de\/fr\/#website\"},\"primaryImageOfPage\":{\"@id\":\"https:\/\/www.schneider-chauffeur.de\/fr\/service\/event-service\/#primaryimage\"},\"image\":{\"@id\":\"https:\/\/www.schneider-chauffeur.de\/fr\/service\/event-service\/#primaryimage\"},\"thumbnailUrl\":\"https:\/\/www.schneider-chauffeur.de\/app\/uploads\/2022\/06\/schauspieler-bei-event-300x229.jpg\",\"datePublished\":\"2022-06-10T10:10:43+00:00\",\"dateModified\":\"2024-05-27T12:43:25+00:00\",\"description\":\"Le petit plus pour vos \u00e9v\u00e9nements - avec un transfert VIP exclusif, une assistance polyvalente & des pr\u00e9sentations de v\u00e9hicules efficaces. En savoir plus !\",\"breadcrumb\":{\"@id\":\"https:\/\/www.schneider-chauffeur.de\/fr\/service\/event-service\/#breadcrumb\"},\"inLanguage\":\"fr-FR\",\"potentialAction\":[{\"@type\":\"ReadAction\",\"target\":[\"https:\/\/www.schneider-chauffeur.de\/fr\/service\/event-service\/\"]}]},{\"@type\":\"ImageObject\",\"inLanguage\":\"fr-FR\",\"@id\":\"https:\/\/www.schneider-chauffeur.de\/fr\/service\/event-service\/#primaryimage\",\"url\":\"https:\/\/www.schneider-chauffeur.de\/app\/uploads\/2022\/06\/schauspieler-bei-event-300x229.jpg\",\"contentUrl\":\"https:\/\/www.schneider-chauffeur.de\/app\/uploads\/2022\/06\/schauspieler-bei-event-300x229.jpg\"},{\"@type\":\"BreadcrumbList\",\"@id\":\"https:\/\/www.schneider-chauffeur.de\/fr\/service\/event-service\/#breadcrumb\",\"itemListElement\":[{\"@type\":\"ListItem\",\"position\":1,\"name\":\"Page d\u2019accueil\",\"item\":\"https:\/\/www.schneider-chauffeur.de\/fr\/\"},{\"@type\":\"ListItem\",\"position\":2,\"name\":\"Service\",\"item\":\"https:\/\/www.schneider-chauffeur.de\/fr\/service\/\"},{\"@type\":\"ListItem\",\"position\":3,\"name\":\"Service des \u00e9v\u00e9nements\"}]},{\"@type\":\"WebSite\",\"@id\":\"https:\/\/www.schneider-chauffeur.de\/fr\/#website\",\"url\":\"https:\/\/www.schneider-chauffeur.de\/fr\/\",\"name\":\"Schneider Chauffeurservice \u2013 Gesch\u00e4ftsreisen mit h\u00f6chstem Komfort\",\"description\":\"\",\"publisher\":{\"@id\":\"https:\/\/www.schneider-chauffeur.de\/fr\/#organization\"},\"potentialAction\":[{\"@type\":\"SearchAction\",\"target\":{\"@type\":\"EntryPoint\",\"urlTemplate\":\"https:\/\/www.schneider-chauffeur.de\/fr\/?s={search_term_string}\"},\"query-input\":{\"@type\":\"PropertyValueSpecification\",\"valueRequired\":true,\"valueName\":\"search_term_string\"}}],\"inLanguage\":\"fr-FR\"},{\"@type\":[\"Organization\",\"Place\"],\"@id\":\"https:\/\/www.schneider-chauffeur.de\/fr\/#organization\",\"name\":\"Schneider Chauffeurservice\",\"url\":\"https:\/\/www.schneider-chauffeur.de\/fr\/\",\"logo\":{\"@id\":\"https:\/\/www.schneider-chauffeur.de\/fr\/service\/event-service\/#local-main-organization-logo\"},\"image\":{\"@id\":\"https:\/\/www.schneider-chauffeur.de\/fr\/service\/event-service\/#local-main-organization-logo\"},\"sameAs\":[\"https:\/\/www.facebook.com\/SchneiderChauffeurservice\",\"https:\/\/www.linkedin.com\/company\/schneider-chauffeurservice\/\",\"https:\/\/www.instagram.com\/schneider_chauffeurservice\/\"],\"legalName\":\"Schneider Chauffeurservice\",\"numberOfEmployees\":{\"@type\":\"QuantitativeValue\",\"minValue\":\"11\",\"maxValue\":\"50\"},\"address\":{\"@id\":\"https:\/\/www.schneider-chauffeur.de\/fr\/service\/event-service\/#local-main-place-address\"},\"telephone\":[\"+49 20185892980\"],\"contactPoint\":{\"@type\":\"ContactPoint\",\"telephone\":\"+49 20185892980\",\"email\":\"info@schneider-chauffeur.de\"},\"openingHoursSpecification\":[{\"@type\":\"OpeningHoursSpecification\",\"dayOfWeek\":[\"Monday\",\"Tuesday\",\"Wednesday\",\"Thursday\",\"Friday\",\"Saturday\",\"Sunday\"],\"opens\":\"09:00\",\"closes\":\"17:00\"}],\"email\":\"info@schneider-chauffeur.de\",\"faxNumber\":\"Schneider Chauffeurservice\",\"areaServed\":\"Germany\"},{\"@type\":\"PostalAddress\",\"@id\":\"https:\/\/www.schneider-chauffeur.de\/fr\/service\/event-service\/#local-main-place-address\",\"streetAddress\":\"Hohenzollernstr. 24\",\"addressLocality\":\"Essen\",\"postalCode\":\"45128\",\"addressCountry\":\"DE\"},{\"@type\":\"ImageObject\",\"inLanguage\":\"fr-FR\",\"@id\":\"https:\/\/www.schneider-chauffeur.de\/fr\/service\/event-service\/#local-main-organization-logo\",\"url\":\"https:\/\/cdn.schneider-chauffeur.de\/app\/uploads\/2019\/08\/logo-schneider-chauffeur-service.svg\",\"contentUrl\":\"https:\/\/cdn.schneider-chauffeur.de\/app\/uploads\/2019\/08\/logo-schneider-chauffeur-service.svg\",\"caption\":\"Schneider Chauffeurservice\"}]}<\/script>\n<meta name=\"geo.placename\" content=\"Essen\" \/>\n<meta name=\"geo.region\" content=\"Germany\" \/>\n<!-- \/ Yoast SEO Premium plugin. -->","yoast_head_json":{"title":"Service \u00e9v\u00e9nementiel & transfert VIP - pour tout type d'\u00e9v\u00e9nement | schneider-chauffeur.de","description":"Le petit plus pour vos \u00e9v\u00e9nements - avec un transfert VIP exclusif, une assistance polyvalente & des pr\u00e9sentations de v\u00e9hicules efficaces. En savoir plus !","robots":{"index":"index","follow":"follow","max-snippet":"max-snippet:-1","max-image-preview":"max-image-preview:large","max-video-preview":"max-video-preview:-1"},"canonical":"https:\/\/www.schneider-chauffeur.de\/fr\/service\/event-service\/","og_locale":"fr_FR","og_type":"article","og_title":"Service des \u00e9v\u00e9nements","og_description":"Le petit plus pour vos \u00e9v\u00e9nements - avec un transfert VIP exclusif, une assistance polyvalente & des pr\u00e9sentations de v\u00e9hicules efficaces. En savoir plus !","og_url":"https:\/\/www.schneider-chauffeur.de\/fr\/service\/event-service\/","og_site_name":"Schneider Chauffeurservice \u2013 Gesch\u00e4ftsreisen mit h\u00f6chstem Komfort","article_publisher":"https:\/\/www.facebook.com\/SchneiderChauffeurservice","article_modified_time":"2024-05-27T12:43:25+00:00","og_image":[{"url":"https:\/\/www.schneider-chauffeur.de\/app\/uploads\/2022\/06\/schauspieler-bei-event-300x229.jpg","type":"","width":"","height":""}],"twitter_card":"summary_large_image","twitter_misc":{"Est. reading time":"8 minutes"},"schema":{"@context":"https:\/\/schema.org","@graph":[{"@type":"WebPage","@id":"https:\/\/www.schneider-chauffeur.de\/fr\/service\/event-service\/","url":"https:\/\/www.schneider-chauffeur.de\/fr\/service\/event-service\/","name":"Service \u00e9v\u00e9nementiel & transfert VIP - pour tout type d'\u00e9v\u00e9nement | schneider-chauffeur.de","isPartOf":{"@id":"https:\/\/www.schneider-chauffeur.de\/fr\/#website"},"primaryImageOfPage":{"@id":"https:\/\/www.schneider-chauffeur.de\/fr\/service\/event-service\/#primaryimage"},"image":{"@id":"https:\/\/www.schneider-chauffeur.de\/fr\/service\/event-service\/#primaryimage"},"thumbnailUrl":"https:\/\/www.schneider-chauffeur.de\/app\/uploads\/2022\/06\/schauspieler-bei-event-300x229.jpg","datePublished":"2022-06-10T10:10:43+00:00","dateModified":"2024-05-27T12:43:25+00:00","description":"Le petit plus pour vos \u00e9v\u00e9nements - avec un transfert VIP exclusif, une assistance polyvalente & des pr\u00e9sentations de v\u00e9hicules efficaces. En savoir plus !","breadcrumb":{"@id":"https:\/\/www.schneider-chauffeur.de\/fr\/service\/event-service\/#breadcrumb"},"inLanguage":"fr-FR","potentialAction":[{"@type":"ReadAction","target":["https:\/\/www.schneider-chauffeur.de\/fr\/service\/event-service\/"]}]},{"@type":"ImageObject","inLanguage":"fr-FR","@id":"https:\/\/www.schneider-chauffeur.de\/fr\/service\/event-service\/#primaryimage","url":"https:\/\/www.schneider-chauffeur.de\/app\/uploads\/2022\/06\/schauspieler-bei-event-300x229.jpg","contentUrl":"https:\/\/www.schneider-chauffeur.de\/app\/uploads\/2022\/06\/schauspieler-bei-event-300x229.jpg"},{"@type":"BreadcrumbList","@id":"https:\/\/www.schneider-chauffeur.de\/fr\/service\/event-service\/#breadcrumb","itemListElement":[{"@type":"ListItem","position":1,"name":"Page d\u2019accueil","item":"https:\/\/www.schneider-chauffeur.de\/fr\/"},{"@type":"ListItem","position":2,"name":"Service","item":"https:\/\/www.schneider-chauffeur.de\/fr\/service\/"},{"@type":"ListItem","position":3,"name":"Service des \u00e9v\u00e9nements"}]},{"@type":"WebSite","@id":"https:\/\/www.schneider-chauffeur.de\/fr\/#website","url":"https:\/\/www.schneider-chauffeur.de\/fr\/","name":"Schneider Chauffeurservice \u2013 Gesch\u00e4ftsreisen mit h\u00f6chstem Komfort","description":"","publisher":{"@id":"https:\/\/www.schneider-chauffeur.de\/fr\/#organization"},"potentialAction":[{"@type":"SearchAction","target":{"@type":"EntryPoint","urlTemplate":"https:\/\/www.schneider-chauffeur.de\/fr\/?s={search_term_string}"},"query-input":{"@type":"PropertyValueSpecification","valueRequired":true,"valueName":"search_term_string"}}],"inLanguage":"fr-FR"},{"@type":["Organization","Place"],"@id":"https:\/\/www.schneider-chauffeur.de\/fr\/#organization","name":"Schneider Chauffeurservice","url":"https:\/\/www.schneider-chauffeur.de\/fr\/","logo":{"@id":"https:\/\/www.schneider-chauffeur.de\/fr\/service\/event-service\/#local-main-organization-logo"},"image":{"@id":"https:\/\/www.schneider-chauffeur.de\/fr\/service\/event-service\/#local-main-organization-logo"},"sameAs":["https:\/\/www.facebook.com\/SchneiderChauffeurservice","https:\/\/www.linkedin.com\/company\/schneider-chauffeurservice\/","https:\/\/www.instagram.com\/schneider_chauffeurservice\/"],"legalName":"Schneider Chauffeurservice","numberOfEmployees":{"@type":"QuantitativeValue","minValue":"11","maxValue":"50"},"address":{"@id":"https:\/\/www.schneider-chauffeur.de\/fr\/service\/event-service\/#local-main-place-address"},"telephone":["+49 20185892980"],"contactPoint":{"@type":"ContactPoint","telephone":"+49 20185892980","email":"info@schneider-chauffeur.de"},"openingHoursSpecification":[{"@type":"OpeningHoursSpecification","dayOfWeek":["Monday","Tuesday","Wednesday","Thursday","Friday","Saturday","Sunday"],"opens":"09:00","closes":"17:00"}],"email":"info@schneider-chauffeur.de","faxNumber":"Schneider Chauffeurservice","areaServed":"Germany"},{"@type":"PostalAddress","@id":"https:\/\/www.schneider-chauffeur.de\/fr\/service\/event-service\/#local-main-place-address","streetAddress":"Hohenzollernstr. 24","addressLocality":"Essen","postalCode":"45128","addressCountry":"DE"},{"@type":"ImageObject","inLanguage":"fr-FR","@id":"https:\/\/www.schneider-chauffeur.de\/fr\/service\/event-service\/#local-main-organization-logo","url":"https:\/\/cdn.schneider-chauffeur.de\/app\/uploads\/2019\/08\/logo-schneider-chauffeur-service.svg","contentUrl":"https:\/\/cdn.schneider-chauffeur.de\/app\/uploads\/2019\/08\/logo-schneider-chauffeur-service.svg","caption":"Schneider Chauffeurservice"}]},"geo.placename":"Essen","geo.region":"Germany"},"_links":{"self":[{"href":"https:\/\/www.schneider-chauffeur.de\/fr\/wp-json\/wp\/v2\/pages\/9736","targetHints":{"allow":["GET"]}}],"collection":[{"href":"https:\/\/www.schneider-chauffeur.de\/fr\/wp-json\/wp\/v2\/pages"}],"about":[{"href":"https:\/\/www.schneider-chauffeur.de\/fr\/wp-json\/wp\/v2\/types\/page"}],"author":[{"embeddable":true,"href":"https:\/\/www.schneider-chauffeur.de\/fr\/wp-json\/wp\/v2\/users\/2"}],"replies":[{"embeddable":true,"href":"https:\/\/www.schneider-chauffeur.de\/fr\/wp-json\/wp\/v2\/comments?post=9736"}],"version-history":[{"count":13,"href":"https:\/\/www.schneider-chauffeur.de\/fr\/wp-json\/wp\/v2\/pages\/9736\/revisions"}],"predecessor-version":[{"id":9836,"href":"https:\/\/www.schneider-chauffeur.de\/fr\/wp-json\/wp\/v2\/pages\/9736\/revisions\/9836"}],"up":[{"embeddable":true,"href":"https:\/\/www.schneider-chauffeur.de\/fr\/wp-json\/wp\/v2\/pages\/1543"}],"wp:attachment":[{"href":"https:\/\/www.schneider-chauffeur.de\/fr\/wp-json\/wp\/v2\/media?parent=9736"}],"curies":[{"name":"wp","href":"https:\/\/api.w.org\/{rel}","templated":true}]}}