{"id":7823,"date":"2022-03-15T22:19:38","date_gmt":"2022-03-15T21:19:38","guid":{"rendered":"https:\/\/www.schneider-chauffeur.de\/?page_id=7823"},"modified":"2024-05-27T14:10:14","modified_gmt":"2024-05-27T12:10:14","slug":"stuttgart","status":"publish","type":"page","link":"https:\/\/www.schneider-chauffeur.de\/fr\/service\/transfert-daeroport\/stuttgart\/","title":{"rendered":"Transfert a\u00e9roport Stuttgart (STR)"},"content":{"rendered":"<p>Vous pr\u00e9voyez un vol priv\u00e9 ou professionnel de\/vers l&#8217;a\u00e9roport de Stuttgart? Vous souhaitez que les trajets autour de votre vol soient aussi ponctuels et structur\u00e9s que possible ? Schneider Chauffeurservice vous propose un service exclusif de <strong>Transfert \u00e0 l&#8217;a\u00e9roport de Stuttgart (Airport STR)<\/strong>.<\/p>\n<p>Nous nous occupons des trajets pour vous. Notre chauffeur vient toujours vous chercher au bon moment et vous am\u00e8ne \u00e0 destination \u00e0 l&#8217;heure et en toute s\u00e9curit\u00e9.\u00a0Vous pouvez ainsi vous concentrer pleinement sur l&#8217;essentiel, qu&#8217;il s&#8217;agisse de vous d\u00e9tendre avant ou apr\u00e8s un long vol ou de vous concentrer sur votre travail dans l&#8217;une de nos limousines confortables.<\/p>\n<div style=\"padding: 30px; margin: 20px 0; background: #EFEFEF;\">\n<h2>Wie funktioniert&#8217;s ? &#8211; Der Abflug<\/h2>\n<ol>\n<li>Vous r\u00e9servez un transfert par t\u00e9l\u00e9phone au <a href=\"tel:+4920185892980\">+49 201 858 929 80<\/a> ou via notre <a href=\"https:\/\/www.schneider-chauffeur.de\/fr\/contactez\/\">formulaire de r\u00e9servation.<\/a><\/li>\n<li>\u00c0 l&#8217;heure convenue, votre chauffeur personnel sera pr\u00eat au point de ramassage.<\/li>\n<li>Vous serez discr\u00e8tement inform\u00e9 par notre syst\u00e8me automatique de SMS que votre chauffeur est pr\u00eat. Votre chauffeur personnel vous aidera bien s\u00fbr \u00e0 charger vos bagages.<\/li>\n<li>Notre chauffeur vous conduira \u00e0 l&#8217;a\u00e9roport en toute s\u00e9curit\u00e9 et \u00e0 l&#8217;heure, votre voyage peut commencer.<\/li>\n<li>Nous serons heureux d&#8217;organiser votre transfert de l&#8217;a\u00e9roport \u00e0 votre destination.<\/li>\n<\/ol>\n<\/div>\n<p>&nbsp;<\/p>\n<div style=\"padding: 30px; margin: 20px 0; background: #EFEFEF;\">\n<h2>Comment \u00e7a marche ? &#8211; L&#8217;arriv\u00e9e<\/h2>\n<ol>\n<li>Vous r\u00e9servez un transfert par t\u00e9l\u00e9phone au <a href=\"tel:+4920185892980\">+49 201 858 929 80<\/a> ou via notre <a href=\"https:\/\/www.schneider-chauffeur.de\/fr\/contactez\/\">formulaire de r\u00e9servation.<\/a><\/li>\n<li>\u00c0 l&#8217;aide de votre num\u00e9ro de vol ou de l&#8217;identifiant de l&#8217;avion, votre vol sera surveill\u00e9 pour d\u00e9tecter toute arriv\u00e9e anticip\u00e9e ou retard\u00e9e.<\/li>\n<li>Votre chauffeur vous accueillera au terminal d&#8217;arriv\u00e9e de l&#8217;a\u00e9roport apr\u00e8s l&#8217;atterrissage avec un panneau de prise en charge personnalis\u00e9.<\/li>\n<li>Notre chauffeur sera heureux de vous aider \u00e0 porter vos bagages et de vous conduire \u00e0 la destination souhait\u00e9e en toute s\u00e9curit\u00e9 et \u00e0 l&#8217;heure. Vous arriverez d\u00e9tendu et bien pr\u00e9par\u00e9.<\/li>\n<\/ol>\n<\/div>\n<p><a class=\"button\" style=\"max-width: 500px;\" href=\"https:\/\/www.schneider-chauffeur.de\/fr\/contactez\/\">R\u00e9servez maintenant !<\/a><\/p>\n<h2>Trouvez maintenant l&#8217;h\u00f4tel qui vous convient<\/h2>\n<p>Vous \u00eates encore \u00e0 la recherche d&#8217;un h\u00f4tel \u00e0 Stuttgart? Alors r\u00e9servez d\u00e8s maintenant votre h\u00f4tel aupr\u00e8s de notre partenaire booking.com &#8211; En accord avec votre <strong>Transfert \u00e0 l&#8217;a\u00e9roport de Stuttgart (STR)<\/strong>.<br \/>\n            <ins class=\"bookingaff\"\n                 data-aid=\"2224612\"\n                 data-target_aid=\"2224612\"\n                 data-prod=\"map\"\n                 data-width=\"100%\"\n                 data-height=\"590\"\n                 data-lang=\"ualng\"\n                 data-dest_id=\"0\"\n                 data-dest_type=\"landmark\"\n                 data-latitude=\"48.7758459\"\n                 data-longitude=\"9.1829321\"\n                 data-landmark_name=\"Stuttgart, Germany\"\n                 data-mwhsb=\"0\"\n                 data-address=\"Stuttgart, Germany\"\n                 data-zoom=\"13\">\n                <a href=\"\/\/www.booking.com?aid=2224612\">Booking.com<\/a>\n            <\/ins>\n            <script type=\"text\/javascript\">\n                         (function(d, sc, u) {\n                             var s = d.createElement(sc), p = d.getElementsByTagName(sc)[0];\n                  s.type = 'text\/javascript';\n                  s.async = true;\n                  s.src = u + '?v=' + (+new Date());\n                  p.parentNode.insertBefore(s,p);\n                  })(document, 'script', '\/\/cf.bstatic.com\/static\/affiliate_base\/js\/flexiproduct.js');\n            <\/script>\n\n            <\/p>\n<h2>Recommandations pour votre s\u00e9jour \u00e0 Stuttgart &#8211;<br \/>\nUne autre fa\u00e7on de faire du tourisme !<\/h2>\n<p><img loading=\"lazy\" decoding=\"async\" class=\"alignleft size-medium wp-image-7290\" src=\"https:\/\/www.schneider-chauffeur.de\/app\/uploads\/2022\/03\/flughafen-stuttgart.jpg\" alt=\"Vieille ville de Stuttgart\" width=\"300\" height=\"200\" \/> Vous souhaitez profiter de votre s\u00e9jour \u00e0 Stuttgart pour explorer la ville et ses environs ? Nous avons pour vous quelques recommandations int\u00e9ressantes pour votre s\u00e9jour \u00e0 Stuttgart.<\/p>\n<p>Si vous le souhaitez, un chauffeur est \u00e0 votre disposition pour vous conduire confortablement et en toute s\u00e9curit\u00e9 vers les lieux int\u00e9ressants, les curiosit\u00e9s et les mus\u00e9es de la ville.<br \/>\n<a class=\"button\" style=\"max-width: 300px;\" href=\"https:\/\/www.schneider-chauffeur.de\/fr\/domaines-dapplication\/stuttgart\/#info-content\" target=\"_blank\" rel=\"noopener\">D\u00e9couvrir les conseils maintenant<\/a><\/p>\n<h2>Plus qu&#8217;un simple transfert d&#8217;a\u00e9roport &#8211; d\u00e9couvrez d&#8217;autres possibilit\u00e9s d&#8217;utilisation de notre service<\/h2>\n<ul>\n<li>Les d\u00e9placements pour des occasions priv\u00e9es ou professionnelles<\/li>\n<li>Voyages d&#8217;affaires de toute nature &#8211; dans la r\u00e9gion et au-del\u00e0<\/li>\n<li>Transferts r\u00e9guliers de l&#8217;a\u00e9roport pour vous, vos employ\u00e9s et vos partenaires commerciaux.<\/li>\n<li>Missions de conduite permanente non couvertes par le<a href=\"https:\/\/www.schneider-chauffeur.de\/fr\/notre-flotte\/\"> parc de v\u00e9hicules<\/a> de votre entreprise<\/li>\n<li>Avez-vous d&#8217;autres demandes ? Faites-nous savoir comment nous pouvons vous aider au mieux avec notre service.<\/li>\n<\/ul>\n            <div class=\"airports-list-image\">\n                <aside>\n                                        <ul class=\"row\">\n                                                    <li class=\"col-md-6 col-sm-6\">\n                                <a href=\"https:\/\/www.schneider-chauffeur.de\/fr\/service\/transfert-daeroport\/duesseldorf\/\">\n                                    <span>Transfert a\u00e9roport D\u00fcsseldorf<\/span>\n                                    <img decoding=\"async\" src=\"https:\/\/cdn.schneider-chauffeur.de\/app\/uploads\/2022\/02\/flughafen-duesseldorf-2.jpg\" alt=\"Array\" \/>\n                                <\/a>\n                            <\/li>\n                                                        <li class=\"col-md-6 col-sm-6\">\n                                <a href=\"https:\/\/www.schneider-chauffeur.de\/fr\/service\/transfert-daeroport\/francfort\/\">\n                                    <span>Transfert d&#8217;a\u00e9roport \u00e0 Francfort<\/span>\n                                    <img decoding=\"async\" src=\"https:\/\/cdn.schneider-chauffeur.de\/app\/uploads\/2022\/02\/flughafen-frankfurt-2.jpg\" alt=\"Array\" \/>\n                                <\/a>\n                            <\/li>\n                                                        <li class=\"col-md-6 col-sm-6\">\n                                <a href=\"https:\/\/www.schneider-chauffeur.de\/fr\/service\/transfert-daeroport\/transfert-aeroport-coeln-bonn-airport-cgn\/\">\n                                    <span>Transfert a\u00e9roport Cologne-Bonn<\/span>\n                                    <img decoding=\"async\" src=\"https:\/\/cdn.schneider-chauffeur.de\/app\/uploads\/2022\/02\/flughafen-koeln-2.jpg\" alt=\"Array\" \/>\n                                <\/a>\n                            <\/li>\n                                                        <li class=\"col-md-6 col-sm-6\">\n                                <a href=\"https:\/\/www.schneider-chauffeur.de\/fr\/service\/transfert-daeroport\/berlin\/\">\n                                    <span>Transfert a\u00e9roport Berlin<\/span>\n                                    <img decoding=\"async\" src=\"https:\/\/cdn.schneider-chauffeur.de\/app\/uploads\/2022\/02\/flughafen-berlin-2.jpg\" alt=\"Array\" \/>\n                                <\/a>\n                            <\/li>\n                                                        <li class=\"col-md-6 col-sm-6\">\n                                <a href=\"https:\/\/www.schneider-chauffeur.de\/fr\/service\/transfert-daeroport\/flughafentransfer-muenchen-muc\/\">\n                                    <span>Transfert a\u00e9roport Munich<\/span>\n                                    <img decoding=\"async\" src=\"https:\/\/cdn.schneider-chauffeur.de\/app\/uploads\/2022\/02\/flughafen-muenchen.jpg\" alt=\"Array\" \/>\n                                <\/a>\n                            <\/li>\n                                                        <li class=\"col-md-6 col-sm-6\">\n                                <a href=\"https:\/\/www.schneider-chauffeur.de\/fr\/service\/transfert-daeroport\/transfert-aeroport-hambourg-ham\/\">\n                                    <span>Transfert a\u00e9roport Hambourg(HAM)<\/span>\n                                    <img decoding=\"async\" src=\"https:\/\/cdn.schneider-chauffeur.de\/app\/uploads\/2022\/02\/flughafen-hamburg-1.jpg\" alt=\"Array\" \/>\n                                <\/a>\n                            <\/li>\n                                                        <li class=\"col-md-6 col-sm-6\">\n                                <a href=\"https:\/\/www.schneider-chauffeur.de\/fr\/service\/transfert-daeroport\/karlsruhe-baden-baden\/\">\n                                    <span>Transfert a\u00e9ropor Karlsruhe \/ Baden-Baden<\/span>\n                                    <img decoding=\"async\" src=\"https:\/\/cdn.schneider-chauffeur.de\/app\/uploads\/2022\/03\/flughafen-baden-baden.jpg\" alt=\"Array\" \/>\n                                <\/a>\n                            <\/li>\n                                                        <li class=\"col-md-6 col-sm-6\">\n                                <a href=\"https:\/\/www.schneider-chauffeur.de\/fr\/service\/transfert-daeroport\/stuttgart\/\">\n                                    <span>Transfert a\u00e9roport Stuttgart<\/span>\n                                    <img decoding=\"async\" src=\"https:\/\/cdn.schneider-chauffeur.de\/app\/uploads\/2022\/03\/flughafen-stuttgart.jpg\" alt=\"Array\" \/>\n                                <\/a>\n                            <\/li>\n                                                    <li class=\"col-md-12 check\"><a href=\"https:\/\/www.schneider-chauffeur.de\/fr\/contactez\/\">D'autres sur demande<\/a><\/li>\n                    <\/ul>\n                <\/aside>\n            <\/div>\n        \n","protected":false},"excerpt":{"rendered":"<p>Vous pr\u00e9voyez un vol priv\u00e9 ou professionnel de\/vers l&#8217;a\u00e9roport de Stuttgart? Vous souhaitez que les trajets autour de votre vol soient aussi ponctuels et structur\u00e9s que possible ? Schneider Chauffeurservice vous propose un service exclusif de Transfert \u00e0 l&#8217;a\u00e9roport de Stuttgart (Airport STR). Nous nous occupons des trajets pour vous. Notre chauffeur vient toujours vous &hellip;<\/p>\n","protected":false},"author":3,"featured_media":7836,"parent":1559,"menu_order":0,"comment_status":"closed","ping_status":"closed","template":"page-flughafentransfer.php","meta":{"footnotes":""},"class_list":["post-7823","page","type-page","status-publish","has-post-thumbnail","hentry"],"yoast_head":"<!-- This site is optimized with the Yoast SEO Premium plugin v26.3 (Yoast SEO v26.3) - https:\/\/yoast.com\/wordpress\/plugins\/seo\/ -->\n<title>Transfert a\u00e9roport Stuttgart (STR) - Schneider Chauffeurservice<\/title>\n<meta name=\"description\" content=\"Ponctuel, s\u00fbr et fiable avec le transfert a\u00e9roport. Demandez d\u00e8s maintenant votre transfert \u00e0 l&#039;a\u00e9roport de Stuttgart!\" \/>\n<meta name=\"robots\" content=\"index, follow, max-snippet:-1, max-image-preview:large, max-video-preview:-1\" \/>\n<link rel=\"canonical\" href=\"https:\/\/www.schneider-chauffeur.de\/fr\/service\/transfert-daeroport\/stuttgart\/\" \/>\n<meta property=\"og:locale\" content=\"fr_FR\" \/>\n<meta property=\"og:type\" content=\"article\" \/>\n<meta property=\"og:title\" content=\"Transfert a\u00e9roport Stuttgart (STR)\" \/>\n<meta property=\"og:description\" content=\"Ponctuel, s\u00fbr et fiable avec le transfert a\u00e9roport. Demandez d\u00e8s maintenant votre transfert \u00e0 l&#039;a\u00e9roport de Stuttgart!\" \/>\n<meta property=\"og:url\" content=\"https:\/\/www.schneider-chauffeur.de\/fr\/service\/transfert-daeroport\/stuttgart\/\" \/>\n<meta property=\"og:site_name\" content=\"Schneider Chauffeurservice \u2013 Gesch\u00e4ftsreisen mit h\u00f6chstem Komfort\" \/>\n<meta property=\"article:publisher\" content=\"https:\/\/www.facebook.com\/SchneiderChauffeurservice\" \/>\n<meta property=\"article:modified_time\" content=\"2024-05-27T12:10:14+00:00\" \/>\n<meta property=\"og:image\" content=\"https:\/\/www.schneider-chauffeur.de\/app\/uploads\/2022\/03\/flughafen-stuttgart.jpg\" \/>\n\t<meta property=\"og:image:width\" content=\"697\" \/>\n\t<meta property=\"og:image:height\" content=\"458\" \/>\n\t<meta property=\"og:image:type\" content=\"image\/jpeg\" \/>\n<meta name=\"twitter:card\" content=\"summary_large_image\" \/>\n<meta name=\"twitter:label1\" content=\"Est. reading time\" \/>\n\t<meta name=\"twitter:data1\" content=\"4 minutes\" \/>\n<script type=\"application\/ld+json\" class=\"yoast-schema-graph\">{\"@context\":\"https:\/\/schema.org\",\"@graph\":[{\"@type\":\"WebPage\",\"@id\":\"https:\/\/www.schneider-chauffeur.de\/fr\/service\/transfert-daeroport\/stuttgart\/\",\"url\":\"https:\/\/www.schneider-chauffeur.de\/fr\/service\/transfert-daeroport\/stuttgart\/\",\"name\":\"Transfert a\u00e9roport Stuttgart (STR) - Schneider Chauffeurservice\",\"isPartOf\":{\"@id\":\"https:\/\/www.schneider-chauffeur.de\/fr\/#website\"},\"primaryImageOfPage\":{\"@id\":\"https:\/\/www.schneider-chauffeur.de\/fr\/service\/transfert-daeroport\/stuttgart\/#primaryimage\"},\"image\":{\"@id\":\"https:\/\/www.schneider-chauffeur.de\/fr\/service\/transfert-daeroport\/stuttgart\/#primaryimage\"},\"thumbnailUrl\":\"https:\/\/cdn.schneider-chauffeur.de\/app\/uploads\/2022\/03\/flughafen-stuttgart.jpg\",\"datePublished\":\"2022-03-15T21:19:38+00:00\",\"dateModified\":\"2024-05-27T12:10:14+00:00\",\"description\":\"Ponctuel, s\u00fbr et fiable avec le transfert a\u00e9roport. Demandez d\u00e8s maintenant votre transfert \u00e0 l'a\u00e9roport de Stuttgart!\",\"breadcrumb\":{\"@id\":\"https:\/\/www.schneider-chauffeur.de\/fr\/service\/transfert-daeroport\/stuttgart\/#breadcrumb\"},\"inLanguage\":\"fr-FR\",\"potentialAction\":[{\"@type\":\"ReadAction\",\"target\":[\"https:\/\/www.schneider-chauffeur.de\/fr\/service\/transfert-daeroport\/stuttgart\/\"]}]},{\"@type\":\"ImageObject\",\"inLanguage\":\"fr-FR\",\"@id\":\"https:\/\/www.schneider-chauffeur.de\/fr\/service\/transfert-daeroport\/stuttgart\/#primaryimage\",\"url\":\"https:\/\/cdn.schneider-chauffeur.de\/app\/uploads\/2022\/03\/flughafen-stuttgart.jpg\",\"contentUrl\":\"https:\/\/cdn.schneider-chauffeur.de\/app\/uploads\/2022\/03\/flughafen-stuttgart.jpg\",\"width\":697,\"height\":458},{\"@type\":\"BreadcrumbList\",\"@id\":\"https:\/\/www.schneider-chauffeur.de\/fr\/service\/transfert-daeroport\/stuttgart\/#breadcrumb\",\"itemListElement\":[{\"@type\":\"ListItem\",\"position\":1,\"name\":\"Page d\u2019accueil\",\"item\":\"https:\/\/www.schneider-chauffeur.de\/fr\/\"},{\"@type\":\"ListItem\",\"position\":2,\"name\":\"Service\",\"item\":\"https:\/\/www.schneider-chauffeur.de\/fr\/service\/\"},{\"@type\":\"ListItem\",\"position\":3,\"name\":\"Transfert d&#8217;a\u00e9roport\",\"item\":\"https:\/\/www.schneider-chauffeur.de\/fr\/service\/transfert-daeroport\/\"},{\"@type\":\"ListItem\",\"position\":4,\"name\":\"Transfert a\u00e9roport Stuttgart (STR)\"}]},{\"@type\":\"WebSite\",\"@id\":\"https:\/\/www.schneider-chauffeur.de\/fr\/#website\",\"url\":\"https:\/\/www.schneider-chauffeur.de\/fr\/\",\"name\":\"Schneider Chauffeurservice \u2013 Gesch\u00e4ftsreisen mit h\u00f6chstem Komfort\",\"description\":\"\",\"publisher\":{\"@id\":\"https:\/\/www.schneider-chauffeur.de\/fr\/#organization\"},\"potentialAction\":[{\"@type\":\"SearchAction\",\"target\":{\"@type\":\"EntryPoint\",\"urlTemplate\":\"https:\/\/www.schneider-chauffeur.de\/fr\/?s={search_term_string}\"},\"query-input\":{\"@type\":\"PropertyValueSpecification\",\"valueRequired\":true,\"valueName\":\"search_term_string\"}}],\"inLanguage\":\"fr-FR\"},{\"@type\":[\"Organization\",\"Place\"],\"@id\":\"https:\/\/www.schneider-chauffeur.de\/fr\/#organization\",\"name\":\"Schneider Chauffeurservice\",\"url\":\"https:\/\/www.schneider-chauffeur.de\/fr\/\",\"logo\":{\"@id\":\"https:\/\/www.schneider-chauffeur.de\/fr\/service\/transfert-daeroport\/stuttgart\/#local-main-organization-logo\"},\"image\":{\"@id\":\"https:\/\/www.schneider-chauffeur.de\/fr\/service\/transfert-daeroport\/stuttgart\/#local-main-organization-logo\"},\"sameAs\":[\"https:\/\/www.facebook.com\/SchneiderChauffeurservice\",\"https:\/\/www.linkedin.com\/company\/schneider-chauffeurservice\/\",\"https:\/\/www.instagram.com\/schneider_chauffeurservice\/\"],\"legalName\":\"Schneider Chauffeurservice\",\"numberOfEmployees\":{\"@type\":\"QuantitativeValue\",\"minValue\":\"11\",\"maxValue\":\"50\"},\"address\":{\"@id\":\"https:\/\/www.schneider-chauffeur.de\/fr\/service\/transfert-daeroport\/stuttgart\/#local-main-place-address\"},\"telephone\":[\"+49 20185892980\"],\"contactPoint\":{\"@type\":\"ContactPoint\",\"telephone\":\"+49 20185892980\",\"email\":\"info@schneider-chauffeur.de\"},\"openingHoursSpecification\":[{\"@type\":\"OpeningHoursSpecification\",\"dayOfWeek\":[\"Monday\",\"Tuesday\",\"Wednesday\",\"Thursday\",\"Friday\",\"Saturday\",\"Sunday\"],\"opens\":\"09:00\",\"closes\":\"17:00\"}],\"email\":\"info@schneider-chauffeur.de\",\"faxNumber\":\"Schneider Chauffeurservice\",\"areaServed\":\"Germany\"},{\"@type\":\"PostalAddress\",\"@id\":\"https:\/\/www.schneider-chauffeur.de\/fr\/service\/transfert-daeroport\/stuttgart\/#local-main-place-address\",\"streetAddress\":\"Hohenzollernstr. 24\",\"addressLocality\":\"Essen\",\"postalCode\":\"45128\",\"addressCountry\":\"DE\"},{\"@type\":\"ImageObject\",\"inLanguage\":\"fr-FR\",\"@id\":\"https:\/\/www.schneider-chauffeur.de\/fr\/service\/transfert-daeroport\/stuttgart\/#local-main-organization-logo\",\"url\":\"https:\/\/cdn.schneider-chauffeur.de\/app\/uploads\/2019\/08\/logo-schneider-chauffeur-service.svg\",\"contentUrl\":\"https:\/\/cdn.schneider-chauffeur.de\/app\/uploads\/2019\/08\/logo-schneider-chauffeur-service.svg\",\"caption\":\"Schneider Chauffeurservice\"}]}<\/script>\n<meta name=\"geo.placename\" content=\"Essen\" \/>\n<meta name=\"geo.region\" content=\"Germany\" \/>\n<!-- \/ Yoast SEO Premium plugin. -->","yoast_head_json":{"title":"Transfert a\u00e9roport Stuttgart (STR) - Schneider Chauffeurservice","description":"Ponctuel, s\u00fbr et fiable avec le transfert a\u00e9roport. Demandez d\u00e8s maintenant votre transfert \u00e0 l'a\u00e9roport de Stuttgart!","robots":{"index":"index","follow":"follow","max-snippet":"max-snippet:-1","max-image-preview":"max-image-preview:large","max-video-preview":"max-video-preview:-1"},"canonical":"https:\/\/www.schneider-chauffeur.de\/fr\/service\/transfert-daeroport\/stuttgart\/","og_locale":"fr_FR","og_type":"article","og_title":"Transfert a\u00e9roport Stuttgart (STR)","og_description":"Ponctuel, s\u00fbr et fiable avec le transfert a\u00e9roport. Demandez d\u00e8s maintenant votre transfert \u00e0 l'a\u00e9roport de Stuttgart!","og_url":"https:\/\/www.schneider-chauffeur.de\/fr\/service\/transfert-daeroport\/stuttgart\/","og_site_name":"Schneider Chauffeurservice \u2013 Gesch\u00e4ftsreisen mit h\u00f6chstem Komfort","article_publisher":"https:\/\/www.facebook.com\/SchneiderChauffeurservice","article_modified_time":"2024-05-27T12:10:14+00:00","og_image":[{"width":697,"height":458,"url":"https:\/\/www.schneider-chauffeur.de\/app\/uploads\/2022\/03\/flughafen-stuttgart.jpg","type":"image\/jpeg"}],"twitter_card":"summary_large_image","twitter_misc":{"Est. reading time":"4 minutes"},"schema":{"@context":"https:\/\/schema.org","@graph":[{"@type":"WebPage","@id":"https:\/\/www.schneider-chauffeur.de\/fr\/service\/transfert-daeroport\/stuttgart\/","url":"https:\/\/www.schneider-chauffeur.de\/fr\/service\/transfert-daeroport\/stuttgart\/","name":"Transfert a\u00e9roport Stuttgart (STR) - Schneider Chauffeurservice","isPartOf":{"@id":"https:\/\/www.schneider-chauffeur.de\/fr\/#website"},"primaryImageOfPage":{"@id":"https:\/\/www.schneider-chauffeur.de\/fr\/service\/transfert-daeroport\/stuttgart\/#primaryimage"},"image":{"@id":"https:\/\/www.schneider-chauffeur.de\/fr\/service\/transfert-daeroport\/stuttgart\/#primaryimage"},"thumbnailUrl":"https:\/\/cdn.schneider-chauffeur.de\/app\/uploads\/2022\/03\/flughafen-stuttgart.jpg","datePublished":"2022-03-15T21:19:38+00:00","dateModified":"2024-05-27T12:10:14+00:00","description":"Ponctuel, s\u00fbr et fiable avec le transfert a\u00e9roport. Demandez d\u00e8s maintenant votre transfert \u00e0 l'a\u00e9roport de Stuttgart!","breadcrumb":{"@id":"https:\/\/www.schneider-chauffeur.de\/fr\/service\/transfert-daeroport\/stuttgart\/#breadcrumb"},"inLanguage":"fr-FR","potentialAction":[{"@type":"ReadAction","target":["https:\/\/www.schneider-chauffeur.de\/fr\/service\/transfert-daeroport\/stuttgart\/"]}]},{"@type":"ImageObject","inLanguage":"fr-FR","@id":"https:\/\/www.schneider-chauffeur.de\/fr\/service\/transfert-daeroport\/stuttgart\/#primaryimage","url":"https:\/\/cdn.schneider-chauffeur.de\/app\/uploads\/2022\/03\/flughafen-stuttgart.jpg","contentUrl":"https:\/\/cdn.schneider-chauffeur.de\/app\/uploads\/2022\/03\/flughafen-stuttgart.jpg","width":697,"height":458},{"@type":"BreadcrumbList","@id":"https:\/\/www.schneider-chauffeur.de\/fr\/service\/transfert-daeroport\/stuttgart\/#breadcrumb","itemListElement":[{"@type":"ListItem","position":1,"name":"Page d\u2019accueil","item":"https:\/\/www.schneider-chauffeur.de\/fr\/"},{"@type":"ListItem","position":2,"name":"Service","item":"https:\/\/www.schneider-chauffeur.de\/fr\/service\/"},{"@type":"ListItem","position":3,"name":"Transfert d&#8217;a\u00e9roport","item":"https:\/\/www.schneider-chauffeur.de\/fr\/service\/transfert-daeroport\/"},{"@type":"ListItem","position":4,"name":"Transfert a\u00e9roport Stuttgart (STR)"}]},{"@type":"WebSite","@id":"https:\/\/www.schneider-chauffeur.de\/fr\/#website","url":"https:\/\/www.schneider-chauffeur.de\/fr\/","name":"Schneider Chauffeurservice \u2013 Gesch\u00e4ftsreisen mit h\u00f6chstem Komfort","description":"","publisher":{"@id":"https:\/\/www.schneider-chauffeur.de\/fr\/#organization"},"potentialAction":[{"@type":"SearchAction","target":{"@type":"EntryPoint","urlTemplate":"https:\/\/www.schneider-chauffeur.de\/fr\/?s={search_term_string}"},"query-input":{"@type":"PropertyValueSpecification","valueRequired":true,"valueName":"search_term_string"}}],"inLanguage":"fr-FR"},{"@type":["Organization","Place"],"@id":"https:\/\/www.schneider-chauffeur.de\/fr\/#organization","name":"Schneider Chauffeurservice","url":"https:\/\/www.schneider-chauffeur.de\/fr\/","logo":{"@id":"https:\/\/www.schneider-chauffeur.de\/fr\/service\/transfert-daeroport\/stuttgart\/#local-main-organization-logo"},"image":{"@id":"https:\/\/www.schneider-chauffeur.de\/fr\/service\/transfert-daeroport\/stuttgart\/#local-main-organization-logo"},"sameAs":["https:\/\/www.facebook.com\/SchneiderChauffeurservice","https:\/\/www.linkedin.com\/company\/schneider-chauffeurservice\/","https:\/\/www.instagram.com\/schneider_chauffeurservice\/"],"legalName":"Schneider Chauffeurservice","numberOfEmployees":{"@type":"QuantitativeValue","minValue":"11","maxValue":"50"},"address":{"@id":"https:\/\/www.schneider-chauffeur.de\/fr\/service\/transfert-daeroport\/stuttgart\/#local-main-place-address"},"telephone":["+49 20185892980"],"contactPoint":{"@type":"ContactPoint","telephone":"+49 20185892980","email":"info@schneider-chauffeur.de"},"openingHoursSpecification":[{"@type":"OpeningHoursSpecification","dayOfWeek":["Monday","Tuesday","Wednesday","Thursday","Friday","Saturday","Sunday"],"opens":"09:00","closes":"17:00"}],"email":"info@schneider-chauffeur.de","faxNumber":"Schneider Chauffeurservice","areaServed":"Germany"},{"@type":"PostalAddress","@id":"https:\/\/www.schneider-chauffeur.de\/fr\/service\/transfert-daeroport\/stuttgart\/#local-main-place-address","streetAddress":"Hohenzollernstr. 24","addressLocality":"Essen","postalCode":"45128","addressCountry":"DE"},{"@type":"ImageObject","inLanguage":"fr-FR","@id":"https:\/\/www.schneider-chauffeur.de\/fr\/service\/transfert-daeroport\/stuttgart\/#local-main-organization-logo","url":"https:\/\/cdn.schneider-chauffeur.de\/app\/uploads\/2019\/08\/logo-schneider-chauffeur-service.svg","contentUrl":"https:\/\/cdn.schneider-chauffeur.de\/app\/uploads\/2019\/08\/logo-schneider-chauffeur-service.svg","caption":"Schneider Chauffeurservice"}]},"geo.placename":"Essen","geo.region":"Germany"},"_links":{"self":[{"href":"https:\/\/www.schneider-chauffeur.de\/fr\/wp-json\/wp\/v2\/pages\/7823","targetHints":{"allow":["GET"]}}],"collection":[{"href":"https:\/\/www.schneider-chauffeur.de\/fr\/wp-json\/wp\/v2\/pages"}],"about":[{"href":"https:\/\/www.schneider-chauffeur.de\/fr\/wp-json\/wp\/v2\/types\/page"}],"author":[{"embeddable":true,"href":"https:\/\/www.schneider-chauffeur.de\/fr\/wp-json\/wp\/v2\/users\/3"}],"replies":[{"embeddable":true,"href":"https:\/\/www.schneider-chauffeur.de\/fr\/wp-json\/wp\/v2\/comments?post=7823"}],"version-history":[{"count":11,"href":"https:\/\/www.schneider-chauffeur.de\/fr\/wp-json\/wp\/v2\/pages\/7823\/revisions"}],"predecessor-version":[{"id":7939,"href":"https:\/\/www.schneider-chauffeur.de\/fr\/wp-json\/wp\/v2\/pages\/7823\/revisions\/7939"}],"up":[{"embeddable":true,"href":"https:\/\/www.schneider-chauffeur.de\/fr\/wp-json\/wp\/v2\/pages\/1559"}],"wp:featuredmedia":[{"embeddable":true,"href":"https:\/\/www.schneider-chauffeur.de\/fr\/wp-json\/wp\/v2\/media\/7836"}],"wp:attachment":[{"href":"https:\/\/www.schneider-chauffeur.de\/fr\/wp-json\/wp\/v2\/media?parent=7823"}],"curies":[{"name":"wp","href":"https:\/\/api.w.org\/{rel}","templated":true}]}}