{"id":32568,"date":"2025-08-07T13:05:58","date_gmt":"2025-08-07T11:05:58","guid":{"rendered":"https:\/\/www.schneider-chauffeur.de\/?page_id=32568"},"modified":"2025-08-26T16:38:04","modified_gmt":"2025-08-26T14:38:04","slug":"suisse","status":"publish","type":"page","link":"https:\/\/www.schneider-chauffeur.de\/fr\/emplacements\/suisse\/","title":{"rendered":"Service de limousine en Suisse"},"content":{"rendered":"<p>Dans la circulation dense des m\u00e9tropoles suisses, il est judicieux de pouvoir compter \u00e0 tout moment sur un <a href=\"https:\/\/www.schneider-chauffeur.de\/fr\/service\/service-de-limousine\/\">service de limousine<\/a> confortable et fiable. Cela vous permet de g\u00e9rer vos obligations professionnelles en <strong>Suisse<\/strong> en toute s\u00e9r\u00e9nit\u00e9 \u2013 sans avoir \u00e0 vous soucier de l\u2019itin\u00e9raire ou du trafic.<\/p>\n<p>Notre chauffeur exp\u00e9riment\u00e9 vient vous chercher \u00e0 l\u2019heure convenue et vous conduit \u00e0 destination avec ponctualit\u00e9 \u2013 que ce soit pour un trajet unique ou dans le cadre d\u2019un accompagnement r\u00e9gulier. Pendant le trajet, vous pouvez travailler sans \u00eatre d\u00e9rang\u00e9, tenir des conversations confidentielles ou simplement profiter d\u2019un moment de repos.<\/p>\n<p>Gr\u00e2ce \u00e0 notre <a href=\"https:\/\/www.schneider-chauffeur.de\/fr\/service\/service-de-chauffeurs\/\">service de chauffeur<\/a> et de limousine en Suisse, vous optimisez votre temps et vous concentrez sur l\u2019essentiel.<\/p>\n<h2>Nos villes<\/h2>\n<p>Schneider Chauffeurservice et ses partenaires sont pr\u00e9sents dans les villes suivantes (entre autres) :         <div class=\"staedte-linkliste\">\n            \n            <div class=\"row\" style=\"margin-bottom: 20px;\">\n                                    <div class=\"col-md-6\">\n                        <ul class=\"list-unstyled\">\n                                                            <li><a href=\"https:\/\/www.schneider-chauffeur.de\/fr\/emplacements\/suisse\/zurich\/\">Service avec chauffeur et limousine \u00e0 Zurich<\/a><\/li>\n                                                    <\/ul>\n                    <\/div>\n                            <\/div>\n        <\/div>\n         <a class=\"button\" href=\"https:\/\/www.schneider-chauffeur.de\/fr\/contactez\/\">Faire une demande<\/a><\/p>\n<h2>De porte \u00e0 porte dans le monde entier \u2013 gr\u00e2ce \u00e0 notre service complet<\/h2>\n<p><img decoding=\"async\" class=\"alignleft\" style=\"width: 100%; max-width: 300px; height: auto;\" title=\"De porte \u00e0 porte - Chauffeur Schneider dans le monde entier\" src=\"https:\/\/www.schneider-chauffeur.de\/app\/uploads\/2023\/08\/Weltweit-Schneider-Chauffeurservice.jpg\" alt=\"Chauffeurservice Suisse\" \/><br \/>\nNotre service de chauffeur et de limousine ne se limite pas \u00e0 certaines villes. Nous prenons \u00e9galement en charge vos trajets interr\u00e9gionaux ou internationaux. Que ce soit pour un voyage d\u2019affaires ou un transfert a\u00e9roport, nous vous conduisons de mani\u00e8re fiable \u00e0 l\u2019a\u00e9roport et veillons \u00e0 ce que vous soyez \u00e9galement pris(e) en charge ponctuellement \u00e0 votre destination.<\/p>\n<p>Si vous le souhaitez, nous pouvons \u00e9galement r\u00e9server votre vol et organiser les autres d\u00e9tails de votre d\u00e9placement professionnel \u2013 le tout par une seule r\u00e9servation avec un interlocuteur d\u00e9di\u00e9.<\/p>\n<p><a class=\"button\" style=\"max-width: 300px;\" href=\"https:\/\/www.schneider-chauffeur.de\/fr\/contactez\/\">Conseil &amp; r\u00e9servation<\/a><\/p>\n<h2>Nos prestations en tant que service de chauffeur et de limousine en Suisse<\/h2>\n<p>Avec notre service de limousine en Suisse, nous vous accompagnons selon vos besoins individuels. Nous serons ravis d\u2019en discuter avec vous par t\u00e9l\u00e9phone. En r\u00e8gle g\u00e9n\u00e9rale, les prestations suivantes sont envisageables :<\/p>\n<ul>\n<li><strong>Transferts<\/strong> entre l\u2019a\u00e9roport\/la gare, le bureau\/le rendez-vous client\/le salon, l\u2019h\u00f4tel et d\u2019autres lieux souhait\u00e9s \u2013 par exemple des restaurants ou des lieux touristiques en Suisse. Les trajets peuvent \u00eatre r\u00e9serv\u00e9s individuellement ou sous forme de forfait selon vos besoins.<\/li>\n<li><strong>R\u00e9servation de chauffeurs \u00e0 l\u2019heure ou \u00e0 la journ\u00e9e<\/strong> avec la cat\u00e9gorie de v\u00e9hicule souhait\u00e9e. Notre chauffeur reste \u00e0 votre disposition durant toute la p\u00e9riode r\u00e9serv\u00e9e et peut \u00e9galement effectuer des courses pour vous.<\/li>\n<li><strong>Le service complet pour votre voyage professionnel ou priv\u00e9 :<\/strong> Nos chauffeurs vous accompagnent pendant toute la dur\u00e9e de votre s\u00e9jour et prennent en charge toutes les t\u00e2ches incluses dans notre offre de services.<\/li>\n<\/ul>\n<p>Veuillez nous contacter afin que nous puissions d\u00e9finir les d\u00e9tails et organiser le service de transport id\u00e9al pour vous.<\/p>\n<p><a class=\"button\" style=\"max-width: 450px;\" href=\"tel:+4920185892980\">Appeler maintenant : +49 201 85 89 298 &#8211; 0<\/a><\/p>\n<div style=\"padding: 30px; margin: 20px 0; background: #EFEFEF;\">\n<h3 style=\"text-align: center;\">Aper\u00e7u de nos prestations :<\/h3>\n        <div class=\"leistungen-buttons\">\n            <div class=\"menu-service-franzoesisch-container\"><ul id=\"menu-service-franzoesisch-1\" class=\"nav-menu\"><li class=\"menu-item menu-item-type-post_type menu-item-object-page menu-item-9870\"><a href=\"https:\/\/www.schneider-chauffeur.de\/fr\/service\/service-de-chauffeurs\/\">Service de Chauffeurs<\/a><\/li>\n<li class=\"menu-item menu-item-type-post_type menu-item-object-page menu-item-1662\"><a href=\"https:\/\/www.schneider-chauffeur.de\/fr\/service\/service-de-limousine\/\">Service de limousine<\/a><\/li>\n<li class=\"menu-item menu-item-type-post_type menu-item-object-page menu-item-9871\"><a href=\"https:\/\/www.schneider-chauffeur.de\/fr\/service\/chauffeur-de-directeur-general-et-de-conseil-dadministration\/\">Chauffeur de directeur g\u00e9n\u00e9ral<\/a><\/li>\n<li class=\"menu-item menu-item-type-post_type menu-item-object-page menu-item-2358\"><a href=\"https:\/\/www.schneider-chauffeur.de\/fr\/service\/transfert-daeroport\/\">Transfert d\u2019a\u00e9roport<\/a><\/li>\n<li class=\"menu-item menu-item-type-post_type menu-item-object-page current_page_parent menu-item-9872\"><a href=\"https:\/\/www.schneider-chauffeur.de\/fr\/service\/foires-et-evenements\/\">Foires et \u00e9v\u00e9nements<\/a><\/li>\n<li class=\"menu-item menu-item-type-post_type menu-item-object-page menu-item-2357\"><a href=\"https:\/\/www.schneider-chauffeur.de\/fr\/service\/service-des-mariages\/\">Service des mariages<\/a><\/li>\n<li class=\"menu-item menu-item-type-post_type menu-item-object-page menu-item-9873\"><a href=\"https:\/\/www.schneider-chauffeur.de\/fr\/service\/event-service\/\">Service des \u00e9v\u00e9nements<\/a><\/li>\n<li class=\"menu-item menu-item-type-post_type menu-item-object-page menu-item-10901\"><a href=\"https:\/\/www.schneider-chauffeur.de\/fr\/service\/encadrement-des-delegations\/\">Encadrement des d\u00e9l\u00e9gations<\/a><\/li>\n<li class=\"menu-item menu-item-type-post_type menu-item-object-page menu-item-1663\"><a href=\"https:\/\/www.schneider-chauffeur.de\/fr\/implantation\/\">Domaines d\u2019application<\/a><\/li>\n<li class=\"menu-item menu-item-type-post_type menu-item-object-page menu-item-1664\"><a href=\"https:\/\/www.schneider-chauffeur.de\/fr\/notre-flotte\/\">Notre flotte<\/a><\/li>\n<\/ul><\/div>        <\/div>\n        \n<\/div>\n<h2>Service complet de transport pour vos salons en Suisse<\/h2>\n<p><img decoding=\"async\" class=\"inline-image alignleft\" style=\"float: left; margin-right: 15px; margin-bottom: 15px;\" src=\"https:\/\/www.schneider-chauffeur.de\/app\/uploads\/2021\/06\/berlin-messetransfer.jpg\" alt=\"Transfert exclusif pour les salons en Suisse\" \/>Vous participez \u00e0 un salon en Suisse et souhaitez d\u00e9l\u00e9guer l\u2019organisation des d\u00e9placements afin de vous concentrer pleinement sur vos missions ? Dans ce cas, nous nous ferons un plaisir de prendre en charge le service de chauffeur pour vous, votre \u00e9quipe et vos invit\u00e9s. Nous veillons \u00e0 ce que tous les participants arrivent \u00e0 l\u2019heure et sans d\u00e9tour sur leur lieu de rendez-vous \u2013 sans effort d\u2019organisation de votre part.<\/p>\n<p>Nous proposons \u00e9galement d\u2019autres services afin de rendre votre s\u00e9jour en Suisse aussi agr\u00e9able que possible. Retrouvez tous les d\u00e9tails sur notre page d\u00e9di\u00e9e au <a href=\"https:\/\/www.schneider-chauffeur.de\/fr\/foires-et-evenements\/\" target=\"_blank\" rel=\"noopener\">service de transfert pour salons<\/a> \u2013 disponible dans toutes les villes o\u00f9 nous sommes pr\u00e9sents personnellement ou via notre r\u00e9seau de partenaires.<\/p>\n<h2>Voyagez sereinement dans chaque ville \u2013 avec notre r\u00e9seau de limousines<\/h2>\n<p>Notre mission en tant que service de chauffeur et de limousine fiable est de vous offrir un voyage s\u00fbr et serein \u2013 en Suisse comme ailleurs. C\u2019est pourquoi nous faisons partie d\u2019un r\u00e9seau bien \u00e9tabli, pr\u00e9sent dans les grandes villes de la r\u00e9gion DACH et dans de nombreuses m\u00e9tropoles europ\u00e9ennes.<br \/>\nVous pouvez \u00eatre assur\u00e9 que vous b\u00e9n\u00e9ficierez toujours de nos exigences de qualit\u00e9 \u00e9lev\u00e9es. Sous <a href=\"https:\/\/www.schneider-chauffeur.de\/unternehmen\/philosophie\/\" target=\"_blank\" rel=\"noopener\">Philosophie &#038; Valeurs<\/a> et <a href=\"https:\/\/www.schneider-chauffeur.de\/fr\/societe\/assurance-de-la-qualite\/\" target=\"_blank\" rel=\"noopener\">Assurance qualit\u00e9<\/a>, vous en apprendrez davantage sur les crit\u00e8res que nous appliquons \u00e0 nos prestations \u2013 et sur les raisons pour lesquelles vous \u00eates entre de bonnes mains chez nous.<span data-mce-type=\"bookmark\" style=\"display: inline-block; width: 0px; overflow: hidden; line-height: 0;\" class=\"mce_SELRES_start\">\ufeff<\/span><\/p>\n","protected":false},"excerpt":{"rendered":"<p>Dans la circulation dense des m\u00e9tropoles suisses, il est judicieux de pouvoir compter \u00e0 tout moment sur un service de limousine confortable et fiable. Cela vous permet de g\u00e9rer vos obligations professionnelles en Suisse en toute s\u00e9r\u00e9nit\u00e9 \u2013 sans avoir \u00e0 vous soucier de l\u2019itin\u00e9raire ou du trafic. Notre chauffeur exp\u00e9riment\u00e9 vient vous chercher \u00e0 &hellip;<\/p>\n","protected":false},"author":2,"featured_media":33136,"parent":1556,"menu_order":5,"comment_status":"closed","ping_status":"closed","template":"page-staedte.php","meta":{"footnotes":""},"class_list":["post-32568","page","type-page","status-publish","has-post-thumbnail","hentry"],"yoast_head":"<!-- This site is optimized with the Yoast SEO Premium plugin v26.3 (Yoast SEO v26.3) - https:\/\/yoast.com\/wordpress\/plugins\/seo\/ -->\n<title>Service de limousine en Suisse | Schneider Chauffeurservice<\/title>\n<meta name=\"description\" content=\"Service de chauffeur et de limousine en Suisse \u2013 avec Schneider Chauffeurservice. Confort, flexibilit\u00e9 et s\u00e9curit\u00e9 sur la route. R\u00e9servez d\u00e8s maintenant !\" \/>\n<meta name=\"robots\" content=\"index, follow, max-snippet:-1, max-image-preview:large, max-video-preview:-1\" \/>\n<link rel=\"canonical\" href=\"https:\/\/www.schneider-chauffeur.de\/fr\/emplacements\/suisse\/\" \/>\n<meta property=\"og:locale\" content=\"fr_FR\" \/>\n<meta property=\"og:type\" content=\"article\" \/>\n<meta property=\"og:title\" content=\"Service de limousine en Suisse\" \/>\n<meta property=\"og:description\" content=\"Service de chauffeur et de limousine en Suisse \u2013 avec Schneider Chauffeurservice. Confort, flexibilit\u00e9 et s\u00e9curit\u00e9 sur la route. R\u00e9servez d\u00e8s maintenant !\" \/>\n<meta property=\"og:url\" content=\"https:\/\/www.schneider-chauffeur.de\/fr\/emplacements\/suisse\/\" \/>\n<meta property=\"og:site_name\" content=\"Schneider Chauffeurservice \u2013 Gesch\u00e4ftsreisen mit h\u00f6chstem Komfort\" \/>\n<meta property=\"article:publisher\" content=\"https:\/\/www.facebook.com\/SchneiderChauffeurservice\" \/>\n<meta property=\"article:modified_time\" content=\"2025-08-26T14:38:04+00:00\" \/>\n<meta property=\"og:image\" content=\"https:\/\/www.schneider-chauffeur.de\/app\/uploads\/2024\/11\/flotte-bmw-7.jpg\" \/>\n\t<meta property=\"og:image:width\" content=\"600\" \/>\n\t<meta property=\"og:image:height\" content=\"394\" \/>\n\t<meta property=\"og:image:type\" content=\"image\/jpeg\" \/>\n<meta name=\"twitter:card\" content=\"summary_large_image\" \/>\n<meta name=\"twitter:label1\" content=\"Est. reading time\" \/>\n\t<meta name=\"twitter:data1\" content=\"5 minutes\" \/>\n<script type=\"application\/ld+json\" class=\"yoast-schema-graph\">{\"@context\":\"https:\/\/schema.org\",\"@graph\":[{\"@type\":\"WebPage\",\"@id\":\"https:\/\/www.schneider-chauffeur.de\/fr\/emplacements\/suisse\/\",\"url\":\"https:\/\/www.schneider-chauffeur.de\/fr\/emplacements\/suisse\/\",\"name\":\"Service de limousine en Suisse | Schneider Chauffeurservice\",\"isPartOf\":{\"@id\":\"https:\/\/www.schneider-chauffeur.de\/fr\/#website\"},\"primaryImageOfPage\":{\"@id\":\"https:\/\/www.schneider-chauffeur.de\/fr\/emplacements\/suisse\/#primaryimage\"},\"image\":{\"@id\":\"https:\/\/www.schneider-chauffeur.de\/fr\/emplacements\/suisse\/#primaryimage\"},\"thumbnailUrl\":\"https:\/\/cdn.schneider-chauffeur.de\/app\/uploads\/2025\/08\/Schweiz.jpg\",\"datePublished\":\"2025-08-07T11:05:58+00:00\",\"dateModified\":\"2025-08-26T14:38:04+00:00\",\"description\":\"Service de chauffeur et de limousine en Suisse \u2013 avec Schneider Chauffeurservice. Confort, flexibilit\u00e9 et s\u00e9curit\u00e9 sur la route. R\u00e9servez d\u00e8s maintenant !\",\"breadcrumb\":{\"@id\":\"https:\/\/www.schneider-chauffeur.de\/fr\/emplacements\/suisse\/#breadcrumb\"},\"inLanguage\":\"fr-FR\",\"potentialAction\":[{\"@type\":\"ReadAction\",\"target\":[\"https:\/\/www.schneider-chauffeur.de\/fr\/emplacements\/suisse\/\"]}]},{\"@type\":\"ImageObject\",\"inLanguage\":\"fr-FR\",\"@id\":\"https:\/\/www.schneider-chauffeur.de\/fr\/emplacements\/suisse\/#primaryimage\",\"url\":\"https:\/\/cdn.schneider-chauffeur.de\/app\/uploads\/2025\/08\/Schweiz.jpg\",\"contentUrl\":\"https:\/\/cdn.schneider-chauffeur.de\/app\/uploads\/2025\/08\/Schweiz.jpg\",\"width\":697,\"height\":458},{\"@type\":\"BreadcrumbList\",\"@id\":\"https:\/\/www.schneider-chauffeur.de\/fr\/emplacements\/suisse\/#breadcrumb\",\"itemListElement\":[{\"@type\":\"ListItem\",\"position\":1,\"name\":\"Page d\u2019accueil\",\"item\":\"https:\/\/www.schneider-chauffeur.de\/fr\/\"},{\"@type\":\"ListItem\",\"position\":2,\"name\":\"Emplacements\",\"item\":\"https:\/\/www.schneider-chauffeur.de\/fr\/emplacements\/\"},{\"@type\":\"ListItem\",\"position\":3,\"name\":\"Service de limousine en Suisse\"}]},{\"@type\":\"WebSite\",\"@id\":\"https:\/\/www.schneider-chauffeur.de\/fr\/#website\",\"url\":\"https:\/\/www.schneider-chauffeur.de\/fr\/\",\"name\":\"Schneider Chauffeurservice \u2013 Gesch\u00e4ftsreisen mit h\u00f6chstem Komfort\",\"description\":\"\",\"publisher\":{\"@id\":\"https:\/\/www.schneider-chauffeur.de\/fr\/#organization\"},\"potentialAction\":[{\"@type\":\"SearchAction\",\"target\":{\"@type\":\"EntryPoint\",\"urlTemplate\":\"https:\/\/www.schneider-chauffeur.de\/fr\/?s={search_term_string}\"},\"query-input\":{\"@type\":\"PropertyValueSpecification\",\"valueRequired\":true,\"valueName\":\"search_term_string\"}}],\"inLanguage\":\"fr-FR\"},{\"@type\":[\"Organization\",\"Place\"],\"@id\":\"https:\/\/www.schneider-chauffeur.de\/fr\/#organization\",\"name\":\"Schneider Chauffeurservice\",\"url\":\"https:\/\/www.schneider-chauffeur.de\/fr\/\",\"logo\":{\"@id\":\"https:\/\/www.schneider-chauffeur.de\/fr\/emplacements\/suisse\/#local-main-organization-logo\"},\"image\":{\"@id\":\"https:\/\/www.schneider-chauffeur.de\/fr\/emplacements\/suisse\/#local-main-organization-logo\"},\"sameAs\":[\"https:\/\/www.facebook.com\/SchneiderChauffeurservice\",\"https:\/\/www.linkedin.com\/company\/schneider-chauffeurservice\/\",\"https:\/\/www.instagram.com\/schneider_chauffeurservice\/\"],\"legalName\":\"Schneider Chauffeurservice\",\"numberOfEmployees\":{\"@type\":\"QuantitativeValue\",\"minValue\":\"11\",\"maxValue\":\"50\"},\"address\":{\"@id\":\"https:\/\/www.schneider-chauffeur.de\/fr\/emplacements\/suisse\/#local-main-place-address\"},\"telephone\":[\"+49 20185892980\"],\"contactPoint\":{\"@type\":\"ContactPoint\",\"telephone\":\"+49 20185892980\",\"email\":\"info@schneider-chauffeur.de\"},\"openingHoursSpecification\":[{\"@type\":\"OpeningHoursSpecification\",\"dayOfWeek\":[\"Monday\",\"Tuesday\",\"Wednesday\",\"Thursday\",\"Friday\",\"Saturday\",\"Sunday\"],\"opens\":\"09:00\",\"closes\":\"17:00\"}],\"email\":\"info@schneider-chauffeur.de\",\"faxNumber\":\"Schneider Chauffeurservice\",\"areaServed\":\"Germany\"},{\"@type\":\"PostalAddress\",\"@id\":\"https:\/\/www.schneider-chauffeur.de\/fr\/emplacements\/suisse\/#local-main-place-address\",\"streetAddress\":\"Hohenzollernstr. 24\",\"addressLocality\":\"Essen\",\"postalCode\":\"45128\",\"addressCountry\":\"DE\"},{\"@type\":\"ImageObject\",\"inLanguage\":\"fr-FR\",\"@id\":\"https:\/\/www.schneider-chauffeur.de\/fr\/emplacements\/suisse\/#local-main-organization-logo\",\"url\":\"https:\/\/cdn.schneider-chauffeur.de\/app\/uploads\/2019\/08\/logo-schneider-chauffeur-service.svg\",\"contentUrl\":\"https:\/\/cdn.schneider-chauffeur.de\/app\/uploads\/2019\/08\/logo-schneider-chauffeur-service.svg\",\"caption\":\"Schneider Chauffeurservice\"}]}<\/script>\n<meta name=\"geo.placename\" content=\"Essen\" \/>\n<meta name=\"geo.region\" content=\"Germany\" \/>\n<!-- \/ Yoast SEO Premium plugin. -->","yoast_head_json":{"title":"Service de limousine en Suisse | Schneider Chauffeurservice","description":"Service de chauffeur et de limousine en Suisse \u2013 avec Schneider Chauffeurservice. Confort, flexibilit\u00e9 et s\u00e9curit\u00e9 sur la route. R\u00e9servez d\u00e8s maintenant !","robots":{"index":"index","follow":"follow","max-snippet":"max-snippet:-1","max-image-preview":"max-image-preview:large","max-video-preview":"max-video-preview:-1"},"canonical":"https:\/\/www.schneider-chauffeur.de\/fr\/emplacements\/suisse\/","og_locale":"fr_FR","og_type":"article","og_title":"Service de limousine en Suisse","og_description":"Service de chauffeur et de limousine en Suisse \u2013 avec Schneider Chauffeurservice. Confort, flexibilit\u00e9 et s\u00e9curit\u00e9 sur la route. R\u00e9servez d\u00e8s maintenant !","og_url":"https:\/\/www.schneider-chauffeur.de\/fr\/emplacements\/suisse\/","og_site_name":"Schneider Chauffeurservice \u2013 Gesch\u00e4ftsreisen mit h\u00f6chstem Komfort","article_publisher":"https:\/\/www.facebook.com\/SchneiderChauffeurservice","article_modified_time":"2025-08-26T14:38:04+00:00","og_image":[{"width":600,"height":394,"url":"https:\/\/www.schneider-chauffeur.de\/app\/uploads\/2024\/11\/flotte-bmw-7.jpg","type":"image\/jpeg"}],"twitter_card":"summary_large_image","twitter_misc":{"Est. reading time":"5 minutes"},"schema":{"@context":"https:\/\/schema.org","@graph":[{"@type":"WebPage","@id":"https:\/\/www.schneider-chauffeur.de\/fr\/emplacements\/suisse\/","url":"https:\/\/www.schneider-chauffeur.de\/fr\/emplacements\/suisse\/","name":"Service de limousine en Suisse | Schneider Chauffeurservice","isPartOf":{"@id":"https:\/\/www.schneider-chauffeur.de\/fr\/#website"},"primaryImageOfPage":{"@id":"https:\/\/www.schneider-chauffeur.de\/fr\/emplacements\/suisse\/#primaryimage"},"image":{"@id":"https:\/\/www.schneider-chauffeur.de\/fr\/emplacements\/suisse\/#primaryimage"},"thumbnailUrl":"https:\/\/cdn.schneider-chauffeur.de\/app\/uploads\/2025\/08\/Schweiz.jpg","datePublished":"2025-08-07T11:05:58+00:00","dateModified":"2025-08-26T14:38:04+00:00","description":"Service de chauffeur et de limousine en Suisse \u2013 avec Schneider Chauffeurservice. Confort, flexibilit\u00e9 et s\u00e9curit\u00e9 sur la route. R\u00e9servez d\u00e8s maintenant !","breadcrumb":{"@id":"https:\/\/www.schneider-chauffeur.de\/fr\/emplacements\/suisse\/#breadcrumb"},"inLanguage":"fr-FR","potentialAction":[{"@type":"ReadAction","target":["https:\/\/www.schneider-chauffeur.de\/fr\/emplacements\/suisse\/"]}]},{"@type":"ImageObject","inLanguage":"fr-FR","@id":"https:\/\/www.schneider-chauffeur.de\/fr\/emplacements\/suisse\/#primaryimage","url":"https:\/\/cdn.schneider-chauffeur.de\/app\/uploads\/2025\/08\/Schweiz.jpg","contentUrl":"https:\/\/cdn.schneider-chauffeur.de\/app\/uploads\/2025\/08\/Schweiz.jpg","width":697,"height":458},{"@type":"BreadcrumbList","@id":"https:\/\/www.schneider-chauffeur.de\/fr\/emplacements\/suisse\/#breadcrumb","itemListElement":[{"@type":"ListItem","position":1,"name":"Page d\u2019accueil","item":"https:\/\/www.schneider-chauffeur.de\/fr\/"},{"@type":"ListItem","position":2,"name":"Emplacements","item":"https:\/\/www.schneider-chauffeur.de\/fr\/emplacements\/"},{"@type":"ListItem","position":3,"name":"Service de limousine en Suisse"}]},{"@type":"WebSite","@id":"https:\/\/www.schneider-chauffeur.de\/fr\/#website","url":"https:\/\/www.schneider-chauffeur.de\/fr\/","name":"Schneider Chauffeurservice \u2013 Gesch\u00e4ftsreisen mit h\u00f6chstem Komfort","description":"","publisher":{"@id":"https:\/\/www.schneider-chauffeur.de\/fr\/#organization"},"potentialAction":[{"@type":"SearchAction","target":{"@type":"EntryPoint","urlTemplate":"https:\/\/www.schneider-chauffeur.de\/fr\/?s={search_term_string}"},"query-input":{"@type":"PropertyValueSpecification","valueRequired":true,"valueName":"search_term_string"}}],"inLanguage":"fr-FR"},{"@type":["Organization","Place"],"@id":"https:\/\/www.schneider-chauffeur.de\/fr\/#organization","name":"Schneider Chauffeurservice","url":"https:\/\/www.schneider-chauffeur.de\/fr\/","logo":{"@id":"https:\/\/www.schneider-chauffeur.de\/fr\/emplacements\/suisse\/#local-main-organization-logo"},"image":{"@id":"https:\/\/www.schneider-chauffeur.de\/fr\/emplacements\/suisse\/#local-main-organization-logo"},"sameAs":["https:\/\/www.facebook.com\/SchneiderChauffeurservice","https:\/\/www.linkedin.com\/company\/schneider-chauffeurservice\/","https:\/\/www.instagram.com\/schneider_chauffeurservice\/"],"legalName":"Schneider Chauffeurservice","numberOfEmployees":{"@type":"QuantitativeValue","minValue":"11","maxValue":"50"},"address":{"@id":"https:\/\/www.schneider-chauffeur.de\/fr\/emplacements\/suisse\/#local-main-place-address"},"telephone":["+49 20185892980"],"contactPoint":{"@type":"ContactPoint","telephone":"+49 20185892980","email":"info@schneider-chauffeur.de"},"openingHoursSpecification":[{"@type":"OpeningHoursSpecification","dayOfWeek":["Monday","Tuesday","Wednesday","Thursday","Friday","Saturday","Sunday"],"opens":"09:00","closes":"17:00"}],"email":"info@schneider-chauffeur.de","faxNumber":"Schneider Chauffeurservice","areaServed":"Germany"},{"@type":"PostalAddress","@id":"https:\/\/www.schneider-chauffeur.de\/fr\/emplacements\/suisse\/#local-main-place-address","streetAddress":"Hohenzollernstr. 24","addressLocality":"Essen","postalCode":"45128","addressCountry":"DE"},{"@type":"ImageObject","inLanguage":"fr-FR","@id":"https:\/\/www.schneider-chauffeur.de\/fr\/emplacements\/suisse\/#local-main-organization-logo","url":"https:\/\/cdn.schneider-chauffeur.de\/app\/uploads\/2019\/08\/logo-schneider-chauffeur-service.svg","contentUrl":"https:\/\/cdn.schneider-chauffeur.de\/app\/uploads\/2019\/08\/logo-schneider-chauffeur-service.svg","caption":"Schneider Chauffeurservice"}]},"geo.placename":"Essen","geo.region":"Germany"},"_links":{"self":[{"href":"https:\/\/www.schneider-chauffeur.de\/fr\/wp-json\/wp\/v2\/pages\/32568","targetHints":{"allow":["GET"]}}],"collection":[{"href":"https:\/\/www.schneider-chauffeur.de\/fr\/wp-json\/wp\/v2\/pages"}],"about":[{"href":"https:\/\/www.schneider-chauffeur.de\/fr\/wp-json\/wp\/v2\/types\/page"}],"author":[{"embeddable":true,"href":"https:\/\/www.schneider-chauffeur.de\/fr\/wp-json\/wp\/v2\/users\/2"}],"replies":[{"embeddable":true,"href":"https:\/\/www.schneider-chauffeur.de\/fr\/wp-json\/wp\/v2\/comments?post=32568"}],"version-history":[{"count":9,"href":"https:\/\/www.schneider-chauffeur.de\/fr\/wp-json\/wp\/v2\/pages\/32568\/revisions"}],"predecessor-version":[{"id":32577,"href":"https:\/\/www.schneider-chauffeur.de\/fr\/wp-json\/wp\/v2\/pages\/32568\/revisions\/32577"}],"up":[{"embeddable":true,"href":"https:\/\/www.schneider-chauffeur.de\/fr\/wp-json\/wp\/v2\/pages\/1556"}],"wp:featuredmedia":[{"embeddable":true,"href":"https:\/\/www.schneider-chauffeur.de\/fr\/wp-json\/wp\/v2\/media\/33136"}],"wp:attachment":[{"href":"https:\/\/www.schneider-chauffeur.de\/fr\/wp-json\/wp\/v2\/media?parent=32568"}],"curies":[{"name":"wp","href":"https:\/\/api.w.org\/{rel}","templated":true}]}}