{"id":32527,"date":"2025-08-07T11:16:20","date_gmt":"2025-08-07T09:16:20","guid":{"rendered":"https:\/\/www.schneider-chauffeur.de\/?page_id=32527"},"modified":"2025-08-26T16:43:18","modified_gmt":"2025-08-26T14:43:18","slug":"danemark","status":"publish","type":"page","link":"https:\/\/www.schneider-chauffeur.de\/fr\/emplacements\/danemark\/","title":{"rendered":"Service de limousine Danemark"},"content":{"rendered":"<p>Dans la circulation dense des m\u00e9tropoles danoises, il est toujours avantageux de pouvoir compter sur un <a href=\"https:\/\/www.schneider-chauffeur.de\/fr\/service\/service-de-limousine\/\">service de limousine<\/a> confortable et fiable. Ainsi, vous pouvez honorer vos engagements professionnels au <strong>Danemark<\/strong> en toute s\u00e9r\u00e9nit\u00e9 \u2013 sans vous soucier de l\u2019itin\u00e9raire ou du trafic.<\/p>\n<p>Notre chauffeur exp\u00e9riment\u00e9 vous prend en charge \u00e0 l\u2019heure convenue et vous conduit \u00e0 destination en respectant les d\u00e9lais \u2013 que ce soit pour un trajet unique ou dans le cadre d\u2019un accompagnement \u00e0 long terme. Pendant le trajet, vous pouvez travailler en toute tranquillit\u00e9, mener des entretiens confidentiels ou simplement profiter d\u2019un moment de d\u00e9tente.<\/p>\n<p>Avec notre <a href=\"https:\/\/www.schneider-chauffeur.de\/fr\/service\/service-de-chauffeurs\/\">service de chauffeur<\/a> et de limousine au Danemark, vous optimisez votre temps et vous concentrez sur l\u2019essentiel.<\/p>\n<h2>Nos villes<\/h2>\n<p>Schneider Chauffeurservice et ses partenaires sont pr\u00e9sents, entre autres, dans les villes suivantes :         <div class=\"staedte-linkliste\">\n            \n            <div class=\"row\" style=\"margin-bottom: 20px;\">\n                                    <div class=\"col-md-6\">\n                        <ul class=\"list-unstyled\">\n                                                            <li><a href=\"https:\/\/www.schneider-chauffeur.de\/fr\/emplacements\/danemark\/limousinenservice-copenhague\/\">Service de limousine \u00e0 Copenhague<\/a><\/li>\n                                                    <\/ul>\n                    <\/div>\n                                    <div class=\"col-md-6\">\n                        <ul class=\"list-unstyled\">\n                                                            <li><a href=\"https:\/\/www.schneider-chauffeur.de\/fr\/emplacements\/danemark\/service-de-limousine-a-aarhus\/\">Service de limousine \u00e0 Aarhus<\/a><\/li>\n                                                    <\/ul>\n                    <\/div>\n                            <\/div>\n        <\/div>\n        <br \/>\n<a class=\"button\" href=\"https:\/\/www.schneider-chauffeur.de\/fr\/contactez\/\">Demander maintenant !<\/a><\/p>\n<h2>Un service global de porte \u00e0 porte \u2013 gr\u00e2ce \u00e0 notre solution compl\u00e8te<\/h2>\n<p><img decoding=\"async\" class=\"alignleft\" style=\"width: 100%; max-width: 300px; height: auto;\" title=\"De porte \u00e0 porte \u2013 Chauffeur Schneider dans le monde entier\" src=\"https:\/\/www.schneider-chauffeur.de\/app\/uploads\/2023\/08\/Weltweit-Schneider-Chauffeurservice.jpg\" alt=\"Schneider Chauffeurservice Danemark\" \/><br \/>\nNotre service de chauffeur et de limousine n\u2019est pas limit\u00e9 \u00e0 certaines villes \u2013 nous assurons \u00e9galement des trajets r\u00e9gionaux et internationaux. Qu\u2019il s\u2019agisse d\u2019un voyage d\u2019affaires ou d\u2019un transfert a\u00e9roport, nous vous emmenons \u00e0 bon port et veillons \u00e0 ce que vous soyez accueilli(e) \u00e0 l\u2019heure \u00e0 votre destination.<\/p>\n<p>Sur demande, nous nous chargeons \u00e9galement de la r\u00e9servation de vos vols et de tous les d\u00e9tails de votre d\u00e9placement professionnel \u2013 le tout dans une seule r\u00e9servation, avec un interlocuteur d\u00e9di\u00e9 \u00e0 vos c\u00f4t\u00e9s.<\/p>\n<p><a class=\"button\" style=\"max-width: 300px;\" href=\"https:\/\/www.schneider-chauffeur.de\/fr\/contactez\/\">Recevoir des conseils &amp; r\u00e9server<\/a><\/p>\n<h2>Nos prestations de chauffeur &amp; de limousine au Danemark<\/h2>\n<p>Nous vous accompagnons de mani\u00e8re personnalis\u00e9e avec notre service de limousine au Danemark \u2013 en fonction de vos besoins. Voici quelques exemples de prestations possibles :<\/p>\n<ul>\n<li><strong>Transferts<\/strong> entre l\u2019a\u00e9roport\/gare, le bureau\/rendez-vous client\/salon professionnel, l\u2019h\u00f4tel et d\u2019autres lieux \u2013 par exemple restaurants ou attractions touristiques. R\u00e9servation individuelle ou en forfait, selon vos besoins.<\/li>\n<li><strong>R\u00e9servation \u00e0 l\u2019heure ou \u00e0 la journ\u00e9e<\/strong> d\u2019un chauffeur avec la cat\u00e9gorie de v\u00e9hicule souhait\u00e9e \u2013 incluant des services personnalis\u00e9s et des courses sur place, si n\u00e9cessaire.<\/li>\n<li><strong>Service complet<\/strong> pour votre voyage d\u2019affaires ou votre s\u00e9jour priv\u00e9 : nos chauffeurs vous accompagnent pendant toute la dur\u00e9e convenue et prennent en charge toutes les t\u00e2ches incluses dans nos prestations.<\/li>\n<\/ul>\n<p>Veuillez nous contacter afin de discuter ensemble de la meilleure solution de transport pour votre s\u00e9jour au Danemark.<\/p>\n<p><a class=\"button\" style=\"max-width: 450px;\" href=\"tel:+4920185892980\">Appelez-nous : +49 201 85 89 298 &#8211; 0<\/a><\/p>\n<div style=\"padding: 30px; margin: 20px 0; background: #EFEFEF;\">\n<h3 style=\"text-align: center;\">Aper\u00e7u de nos prestations :<\/h3>\n        <div class=\"leistungen-buttons\">\n            <div class=\"menu-service-franzoesisch-container\"><ul id=\"menu-service-franzoesisch-1\" class=\"nav-menu\"><li class=\"menu-item menu-item-type-post_type menu-item-object-page menu-item-9870\"><a href=\"https:\/\/www.schneider-chauffeur.de\/fr\/service\/service-de-chauffeurs\/\">Service de Chauffeurs<\/a><\/li>\n<li class=\"menu-item menu-item-type-post_type menu-item-object-page menu-item-1662\"><a href=\"https:\/\/www.schneider-chauffeur.de\/fr\/service\/service-de-limousine\/\">Service de limousine<\/a><\/li>\n<li class=\"menu-item menu-item-type-post_type menu-item-object-page menu-item-9871\"><a href=\"https:\/\/www.schneider-chauffeur.de\/fr\/service\/chauffeur-de-directeur-general-et-de-conseil-dadministration\/\">Chauffeur de directeur g\u00e9n\u00e9ral<\/a><\/li>\n<li class=\"menu-item menu-item-type-post_type menu-item-object-page menu-item-2358\"><a href=\"https:\/\/www.schneider-chauffeur.de\/fr\/service\/transfert-daeroport\/\">Transfert d\u2019a\u00e9roport<\/a><\/li>\n<li class=\"menu-item menu-item-type-post_type menu-item-object-page current_page_parent menu-item-9872\"><a href=\"https:\/\/www.schneider-chauffeur.de\/fr\/service\/foires-et-evenements\/\">Foires et \u00e9v\u00e9nements<\/a><\/li>\n<li class=\"menu-item menu-item-type-post_type menu-item-object-page menu-item-2357\"><a href=\"https:\/\/www.schneider-chauffeur.de\/fr\/service\/service-des-mariages\/\">Service des mariages<\/a><\/li>\n<li class=\"menu-item menu-item-type-post_type menu-item-object-page menu-item-9873\"><a href=\"https:\/\/www.schneider-chauffeur.de\/fr\/service\/event-service\/\">Service des \u00e9v\u00e9nements<\/a><\/li>\n<li class=\"menu-item menu-item-type-post_type menu-item-object-page menu-item-10901\"><a href=\"https:\/\/www.schneider-chauffeur.de\/fr\/service\/encadrement-des-delegations\/\">Encadrement des d\u00e9l\u00e9gations<\/a><\/li>\n<li class=\"menu-item menu-item-type-post_type menu-item-object-page menu-item-1663\"><a href=\"https:\/\/www.schneider-chauffeur.de\/fr\/implantation\/\">Domaines d\u2019application<\/a><\/li>\n<li class=\"menu-item menu-item-type-post_type menu-item-object-page menu-item-1664\"><a href=\"https:\/\/www.schneider-chauffeur.de\/fr\/notre-flotte\/\">Notre flotte<\/a><\/li>\n<\/ul><\/div>        <\/div>\n        \n<\/div>\n<p><span data-mce-type=\"bookmark\" style=\"display: inline-block; width: 0px; overflow: hidden; line-height: 0;\" class=\"mce_SELRES_start\">\ufeff<\/span><\/p>\n<h2>Service complet pour vos salons professionnels au Danemark<\/h2>\n<p><img decoding=\"async\" class=\"align-left inline-image\" style=\"float: left; margin-right: 15px; margin-bottom: 15px;\" src=\"https:\/\/www.schneider-chauffeur.de\/app\/uploads\/2021\/06\/berlin-messetransfer.jpg\" alt=\"Transfert vers les salons professionnels au Danemark\" \/>Vous pr\u00e9voyez de participer \u00e0 un salon au Danemark et souhaitez externaliser l\u2019organisation des trajets ? Nous nous chargeons volontiers du transport professionnel pour vous, votre \u00e9quipe et vos invit\u00e9s. Nous garantissons \u00e0 tous les participants une arriv\u00e9e ponctuelle et directe sur le lieu de l\u2019\u00e9v\u00e9nement \u2013 sans aucune charge organisationnelle pour vous.<\/p>\n<p>Nous proposons \u00e9galement des services compl\u00e9mentaires afin de rendre votre s\u00e9jour au Danemark aussi agr\u00e9able que possible. Retrouvez tous les d\u00e9tails sur notre page <a href=\"https:\/\/www.schneider-chauffeur.de\/fr\/foires-et-evenements\/\" target=\"_blank\" rel=\"noopener\">transferts salons &amp; \u00e9v\u00e9nements<\/a> \u2013 disponible dans toutes les villes o\u00f9 nous intervenons directement ou par le biais de notre r\u00e9seau de partenaires.<\/p>\n<h2>Voyagez en toute s\u00e9curit\u00e9 dans chaque ville \u2013 avec notre r\u00e9seau de limousines<\/h2>\n<p>Notre mission en tant que service de chauffeur et de limousine de confiance est de vous offrir un trajet s\u00fbr et confortable \u2013 au Danemark et au-del\u00e0. Pour cela, nous faisons partie d\u2019un r\u00e9seau \u00e9tabli, pr\u00e9sent dans les grandes m\u00e9tropoles de la r\u00e9gion DACH et dans d\u2019autres destinations internationales.<br \/>\nVous pouvez \u00eatre assur\u00e9 que vous b\u00e9n\u00e9ficierez toujours de nos exigences de qualit\u00e9 \u00e9lev\u00e9es. Sous <a href=\"https:\/\/www.schneider-chauffeur.de\/unternehmen\/philosophie\/\" target=\"_blank\" rel=\"noopener\">Philosophie &#038; Valeurs<\/a> et <a href=\"https:\/\/www.schneider-chauffeur.de\/fr\/societe\/assurance-de-la-qualite\/\" target=\"_blank\" rel=\"noopener\">Assurance qualit\u00e9<\/a>, vous en apprendrez davantage sur les crit\u00e8res que nous appliquons \u00e0 nos prestations \u2013 et sur les raisons pour lesquelles vous \u00eates entre de bonnes mains chez nous.<span data-mce-type=\"bookmark\" style=\"display: inline-block; width: 0px; overflow: hidden; line-height: 0;\" class=\"mce_SELRES_start\">\ufeff<\/span><\/p>\n","protected":false},"excerpt":{"rendered":"<p>Dans la circulation dense des m\u00e9tropoles danoises, il est toujours avantageux de pouvoir compter sur un service de limousine confortable et fiable. Ainsi, vous pouvez honorer vos engagements professionnels au Danemark en toute s\u00e9r\u00e9nit\u00e9 \u2013 sans vous soucier de l\u2019itin\u00e9raire ou du trafic. Notre chauffeur exp\u00e9riment\u00e9 vous prend en charge \u00e0 l\u2019heure convenue et vous &hellip;<\/p>\n","protected":false},"author":2,"featured_media":33186,"parent":1556,"menu_order":25,"comment_status":"closed","ping_status":"closed","template":"page-staedte.php","meta":{"footnotes":""},"class_list":["post-32527","page","type-page","status-publish","has-post-thumbnail","hentry"],"yoast_head":"<!-- This site is optimized with the Yoast SEO Premium plugin v26.3 (Yoast SEO v26.3) - https:\/\/yoast.com\/wordpress\/plugins\/seo\/ -->\n<title>Service de limousine au Danemark | Schneider Chauffeurservice<\/title>\n<meta name=\"description\" content=\"Service de chauffeur et de limousine au Danemark \u2013 avec Schneider Chauffeurservice. Confortable, flexible et s\u00fbr sur la route. R\u00e9servez d\u00e8s maintenant !\" \/>\n<meta name=\"robots\" content=\"index, follow, max-snippet:-1, max-image-preview:large, max-video-preview:-1\" \/>\n<link rel=\"canonical\" href=\"https:\/\/www.schneider-chauffeur.de\/fr\/emplacements\/danemark\/\" \/>\n<meta property=\"og:locale\" content=\"fr_FR\" \/>\n<meta property=\"og:type\" content=\"article\" \/>\n<meta property=\"og:title\" content=\"Service de limousine Danemark\" \/>\n<meta property=\"og:description\" content=\"Service de chauffeur et de limousine au Danemark \u2013 avec Schneider Chauffeurservice. Confortable, flexible et s\u00fbr sur la route. R\u00e9servez d\u00e8s maintenant !\" \/>\n<meta property=\"og:url\" content=\"https:\/\/www.schneider-chauffeur.de\/fr\/emplacements\/danemark\/\" \/>\n<meta property=\"og:site_name\" content=\"Schneider Chauffeurservice \u2013 Gesch\u00e4ftsreisen mit h\u00f6chstem Komfort\" \/>\n<meta property=\"article:publisher\" content=\"https:\/\/www.facebook.com\/SchneiderChauffeurservice\" \/>\n<meta property=\"article:modified_time\" content=\"2025-08-26T14:43:18+00:00\" \/>\n<meta property=\"og:image\" content=\"https:\/\/www.schneider-chauffeur.de\/app\/uploads\/2024\/11\/flotte-bmw-7.jpg\" \/>\n\t<meta property=\"og:image:width\" content=\"600\" \/>\n\t<meta property=\"og:image:height\" content=\"394\" \/>\n\t<meta property=\"og:image:type\" content=\"image\/jpeg\" \/>\n<meta name=\"twitter:card\" content=\"summary_large_image\" \/>\n<meta name=\"twitter:label1\" content=\"Est. reading time\" \/>\n\t<meta name=\"twitter:data1\" content=\"4 minutes\" \/>\n<script type=\"application\/ld+json\" class=\"yoast-schema-graph\">{\"@context\":\"https:\/\/schema.org\",\"@graph\":[{\"@type\":\"WebPage\",\"@id\":\"https:\/\/www.schneider-chauffeur.de\/fr\/emplacements\/danemark\/\",\"url\":\"https:\/\/www.schneider-chauffeur.de\/fr\/emplacements\/danemark\/\",\"name\":\"Service de limousine au Danemark | Schneider Chauffeurservice\",\"isPartOf\":{\"@id\":\"https:\/\/www.schneider-chauffeur.de\/fr\/#website\"},\"primaryImageOfPage\":{\"@id\":\"https:\/\/www.schneider-chauffeur.de\/fr\/emplacements\/danemark\/#primaryimage\"},\"image\":{\"@id\":\"https:\/\/www.schneider-chauffeur.de\/fr\/emplacements\/danemark\/#primaryimage\"},\"thumbnailUrl\":\"https:\/\/cdn.schneider-chauffeur.de\/app\/uploads\/2025\/08\/Daenemark.jpg\",\"datePublished\":\"2025-08-07T09:16:20+00:00\",\"dateModified\":\"2025-08-26T14:43:18+00:00\",\"description\":\"Service de chauffeur et de limousine au Danemark \u2013 avec Schneider Chauffeurservice. Confortable, flexible et s\u00fbr sur la route. R\u00e9servez d\u00e8s maintenant !\",\"breadcrumb\":{\"@id\":\"https:\/\/www.schneider-chauffeur.de\/fr\/emplacements\/danemark\/#breadcrumb\"},\"inLanguage\":\"fr-FR\",\"potentialAction\":[{\"@type\":\"ReadAction\",\"target\":[\"https:\/\/www.schneider-chauffeur.de\/fr\/emplacements\/danemark\/\"]}]},{\"@type\":\"ImageObject\",\"inLanguage\":\"fr-FR\",\"@id\":\"https:\/\/www.schneider-chauffeur.de\/fr\/emplacements\/danemark\/#primaryimage\",\"url\":\"https:\/\/cdn.schneider-chauffeur.de\/app\/uploads\/2025\/08\/Daenemark.jpg\",\"contentUrl\":\"https:\/\/cdn.schneider-chauffeur.de\/app\/uploads\/2025\/08\/Daenemark.jpg\",\"width\":697,\"height\":458},{\"@type\":\"BreadcrumbList\",\"@id\":\"https:\/\/www.schneider-chauffeur.de\/fr\/emplacements\/danemark\/#breadcrumb\",\"itemListElement\":[{\"@type\":\"ListItem\",\"position\":1,\"name\":\"Page d\u2019accueil\",\"item\":\"https:\/\/www.schneider-chauffeur.de\/fr\/\"},{\"@type\":\"ListItem\",\"position\":2,\"name\":\"Emplacements\",\"item\":\"https:\/\/www.schneider-chauffeur.de\/fr\/emplacements\/\"},{\"@type\":\"ListItem\",\"position\":3,\"name\":\"Service de limousine Danemark\"}]},{\"@type\":\"WebSite\",\"@id\":\"https:\/\/www.schneider-chauffeur.de\/fr\/#website\",\"url\":\"https:\/\/www.schneider-chauffeur.de\/fr\/\",\"name\":\"Schneider Chauffeurservice \u2013 Gesch\u00e4ftsreisen mit h\u00f6chstem Komfort\",\"description\":\"\",\"publisher\":{\"@id\":\"https:\/\/www.schneider-chauffeur.de\/fr\/#organization\"},\"potentialAction\":[{\"@type\":\"SearchAction\",\"target\":{\"@type\":\"EntryPoint\",\"urlTemplate\":\"https:\/\/www.schneider-chauffeur.de\/fr\/?s={search_term_string}\"},\"query-input\":{\"@type\":\"PropertyValueSpecification\",\"valueRequired\":true,\"valueName\":\"search_term_string\"}}],\"inLanguage\":\"fr-FR\"},{\"@type\":[\"Organization\",\"Place\"],\"@id\":\"https:\/\/www.schneider-chauffeur.de\/fr\/#organization\",\"name\":\"Schneider Chauffeurservice\",\"url\":\"https:\/\/www.schneider-chauffeur.de\/fr\/\",\"logo\":{\"@id\":\"https:\/\/www.schneider-chauffeur.de\/fr\/emplacements\/danemark\/#local-main-organization-logo\"},\"image\":{\"@id\":\"https:\/\/www.schneider-chauffeur.de\/fr\/emplacements\/danemark\/#local-main-organization-logo\"},\"sameAs\":[\"https:\/\/www.facebook.com\/SchneiderChauffeurservice\",\"https:\/\/www.linkedin.com\/company\/schneider-chauffeurservice\/\",\"https:\/\/www.instagram.com\/schneider_chauffeurservice\/\"],\"legalName\":\"Schneider Chauffeurservice\",\"numberOfEmployees\":{\"@type\":\"QuantitativeValue\",\"minValue\":\"11\",\"maxValue\":\"50\"},\"address\":{\"@id\":\"https:\/\/www.schneider-chauffeur.de\/fr\/emplacements\/danemark\/#local-main-place-address\"},\"telephone\":[\"+49 20185892980\"],\"contactPoint\":{\"@type\":\"ContactPoint\",\"telephone\":\"+49 20185892980\",\"email\":\"info@schneider-chauffeur.de\"},\"openingHoursSpecification\":[{\"@type\":\"OpeningHoursSpecification\",\"dayOfWeek\":[\"Monday\",\"Tuesday\",\"Wednesday\",\"Thursday\",\"Friday\",\"Saturday\",\"Sunday\"],\"opens\":\"09:00\",\"closes\":\"17:00\"}],\"email\":\"info@schneider-chauffeur.de\",\"faxNumber\":\"Schneider Chauffeurservice\",\"areaServed\":\"Germany\"},{\"@type\":\"PostalAddress\",\"@id\":\"https:\/\/www.schneider-chauffeur.de\/fr\/emplacements\/danemark\/#local-main-place-address\",\"streetAddress\":\"Hohenzollernstr. 24\",\"addressLocality\":\"Essen\",\"postalCode\":\"45128\",\"addressCountry\":\"DE\"},{\"@type\":\"ImageObject\",\"inLanguage\":\"fr-FR\",\"@id\":\"https:\/\/www.schneider-chauffeur.de\/fr\/emplacements\/danemark\/#local-main-organization-logo\",\"url\":\"https:\/\/cdn.schneider-chauffeur.de\/app\/uploads\/2019\/08\/logo-schneider-chauffeur-service.svg\",\"contentUrl\":\"https:\/\/cdn.schneider-chauffeur.de\/app\/uploads\/2019\/08\/logo-schneider-chauffeur-service.svg\",\"caption\":\"Schneider Chauffeurservice\"}]}<\/script>\n<meta name=\"geo.placename\" content=\"Essen\" \/>\n<meta name=\"geo.region\" content=\"Germany\" \/>\n<!-- \/ Yoast SEO Premium plugin. -->","yoast_head_json":{"title":"Service de limousine au Danemark | Schneider Chauffeurservice","description":"Service de chauffeur et de limousine au Danemark \u2013 avec Schneider Chauffeurservice. Confortable, flexible et s\u00fbr sur la route. R\u00e9servez d\u00e8s maintenant !","robots":{"index":"index","follow":"follow","max-snippet":"max-snippet:-1","max-image-preview":"max-image-preview:large","max-video-preview":"max-video-preview:-1"},"canonical":"https:\/\/www.schneider-chauffeur.de\/fr\/emplacements\/danemark\/","og_locale":"fr_FR","og_type":"article","og_title":"Service de limousine Danemark","og_description":"Service de chauffeur et de limousine au Danemark \u2013 avec Schneider Chauffeurservice. Confortable, flexible et s\u00fbr sur la route. R\u00e9servez d\u00e8s maintenant !","og_url":"https:\/\/www.schneider-chauffeur.de\/fr\/emplacements\/danemark\/","og_site_name":"Schneider Chauffeurservice \u2013 Gesch\u00e4ftsreisen mit h\u00f6chstem Komfort","article_publisher":"https:\/\/www.facebook.com\/SchneiderChauffeurservice","article_modified_time":"2025-08-26T14:43:18+00:00","og_image":[{"width":600,"height":394,"url":"https:\/\/www.schneider-chauffeur.de\/app\/uploads\/2024\/11\/flotte-bmw-7.jpg","type":"image\/jpeg"}],"twitter_card":"summary_large_image","twitter_misc":{"Est. reading time":"4 minutes"},"schema":{"@context":"https:\/\/schema.org","@graph":[{"@type":"WebPage","@id":"https:\/\/www.schneider-chauffeur.de\/fr\/emplacements\/danemark\/","url":"https:\/\/www.schneider-chauffeur.de\/fr\/emplacements\/danemark\/","name":"Service de limousine au Danemark | Schneider Chauffeurservice","isPartOf":{"@id":"https:\/\/www.schneider-chauffeur.de\/fr\/#website"},"primaryImageOfPage":{"@id":"https:\/\/www.schneider-chauffeur.de\/fr\/emplacements\/danemark\/#primaryimage"},"image":{"@id":"https:\/\/www.schneider-chauffeur.de\/fr\/emplacements\/danemark\/#primaryimage"},"thumbnailUrl":"https:\/\/cdn.schneider-chauffeur.de\/app\/uploads\/2025\/08\/Daenemark.jpg","datePublished":"2025-08-07T09:16:20+00:00","dateModified":"2025-08-26T14:43:18+00:00","description":"Service de chauffeur et de limousine au Danemark \u2013 avec Schneider Chauffeurservice. Confortable, flexible et s\u00fbr sur la route. R\u00e9servez d\u00e8s maintenant !","breadcrumb":{"@id":"https:\/\/www.schneider-chauffeur.de\/fr\/emplacements\/danemark\/#breadcrumb"},"inLanguage":"fr-FR","potentialAction":[{"@type":"ReadAction","target":["https:\/\/www.schneider-chauffeur.de\/fr\/emplacements\/danemark\/"]}]},{"@type":"ImageObject","inLanguage":"fr-FR","@id":"https:\/\/www.schneider-chauffeur.de\/fr\/emplacements\/danemark\/#primaryimage","url":"https:\/\/cdn.schneider-chauffeur.de\/app\/uploads\/2025\/08\/Daenemark.jpg","contentUrl":"https:\/\/cdn.schneider-chauffeur.de\/app\/uploads\/2025\/08\/Daenemark.jpg","width":697,"height":458},{"@type":"BreadcrumbList","@id":"https:\/\/www.schneider-chauffeur.de\/fr\/emplacements\/danemark\/#breadcrumb","itemListElement":[{"@type":"ListItem","position":1,"name":"Page d\u2019accueil","item":"https:\/\/www.schneider-chauffeur.de\/fr\/"},{"@type":"ListItem","position":2,"name":"Emplacements","item":"https:\/\/www.schneider-chauffeur.de\/fr\/emplacements\/"},{"@type":"ListItem","position":3,"name":"Service de limousine Danemark"}]},{"@type":"WebSite","@id":"https:\/\/www.schneider-chauffeur.de\/fr\/#website","url":"https:\/\/www.schneider-chauffeur.de\/fr\/","name":"Schneider Chauffeurservice \u2013 Gesch\u00e4ftsreisen mit h\u00f6chstem Komfort","description":"","publisher":{"@id":"https:\/\/www.schneider-chauffeur.de\/fr\/#organization"},"potentialAction":[{"@type":"SearchAction","target":{"@type":"EntryPoint","urlTemplate":"https:\/\/www.schneider-chauffeur.de\/fr\/?s={search_term_string}"},"query-input":{"@type":"PropertyValueSpecification","valueRequired":true,"valueName":"search_term_string"}}],"inLanguage":"fr-FR"},{"@type":["Organization","Place"],"@id":"https:\/\/www.schneider-chauffeur.de\/fr\/#organization","name":"Schneider Chauffeurservice","url":"https:\/\/www.schneider-chauffeur.de\/fr\/","logo":{"@id":"https:\/\/www.schneider-chauffeur.de\/fr\/emplacements\/danemark\/#local-main-organization-logo"},"image":{"@id":"https:\/\/www.schneider-chauffeur.de\/fr\/emplacements\/danemark\/#local-main-organization-logo"},"sameAs":["https:\/\/www.facebook.com\/SchneiderChauffeurservice","https:\/\/www.linkedin.com\/company\/schneider-chauffeurservice\/","https:\/\/www.instagram.com\/schneider_chauffeurservice\/"],"legalName":"Schneider Chauffeurservice","numberOfEmployees":{"@type":"QuantitativeValue","minValue":"11","maxValue":"50"},"address":{"@id":"https:\/\/www.schneider-chauffeur.de\/fr\/emplacements\/danemark\/#local-main-place-address"},"telephone":["+49 20185892980"],"contactPoint":{"@type":"ContactPoint","telephone":"+49 20185892980","email":"info@schneider-chauffeur.de"},"openingHoursSpecification":[{"@type":"OpeningHoursSpecification","dayOfWeek":["Monday","Tuesday","Wednesday","Thursday","Friday","Saturday","Sunday"],"opens":"09:00","closes":"17:00"}],"email":"info@schneider-chauffeur.de","faxNumber":"Schneider Chauffeurservice","areaServed":"Germany"},{"@type":"PostalAddress","@id":"https:\/\/www.schneider-chauffeur.de\/fr\/emplacements\/danemark\/#local-main-place-address","streetAddress":"Hohenzollernstr. 24","addressLocality":"Essen","postalCode":"45128","addressCountry":"DE"},{"@type":"ImageObject","inLanguage":"fr-FR","@id":"https:\/\/www.schneider-chauffeur.de\/fr\/emplacements\/danemark\/#local-main-organization-logo","url":"https:\/\/cdn.schneider-chauffeur.de\/app\/uploads\/2019\/08\/logo-schneider-chauffeur-service.svg","contentUrl":"https:\/\/cdn.schneider-chauffeur.de\/app\/uploads\/2019\/08\/logo-schneider-chauffeur-service.svg","caption":"Schneider Chauffeurservice"}]},"geo.placename":"Essen","geo.region":"Germany"},"_links":{"self":[{"href":"https:\/\/www.schneider-chauffeur.de\/fr\/wp-json\/wp\/v2\/pages\/32527","targetHints":{"allow":["GET"]}}],"collection":[{"href":"https:\/\/www.schneider-chauffeur.de\/fr\/wp-json\/wp\/v2\/pages"}],"about":[{"href":"https:\/\/www.schneider-chauffeur.de\/fr\/wp-json\/wp\/v2\/types\/page"}],"author":[{"embeddable":true,"href":"https:\/\/www.schneider-chauffeur.de\/fr\/wp-json\/wp\/v2\/users\/2"}],"replies":[{"embeddable":true,"href":"https:\/\/www.schneider-chauffeur.de\/fr\/wp-json\/wp\/v2\/comments?post=32527"}],"version-history":[{"count":6,"href":"https:\/\/www.schneider-chauffeur.de\/fr\/wp-json\/wp\/v2\/pages\/32527\/revisions"}],"predecessor-version":[{"id":32537,"href":"https:\/\/www.schneider-chauffeur.de\/fr\/wp-json\/wp\/v2\/pages\/32527\/revisions\/32537"}],"up":[{"embeddable":true,"href":"https:\/\/www.schneider-chauffeur.de\/fr\/wp-json\/wp\/v2\/pages\/1556"}],"wp:featuredmedia":[{"embeddable":true,"href":"https:\/\/www.schneider-chauffeur.de\/fr\/wp-json\/wp\/v2\/media\/33186"}],"wp:attachment":[{"href":"https:\/\/www.schneider-chauffeur.de\/fr\/wp-json\/wp\/v2\/media?parent=32527"}],"curies":[{"name":"wp","href":"https:\/\/api.w.org\/{rel}","templated":true}]}}