{"id":32377,"date":"2025-08-06T12:34:36","date_gmt":"2025-08-06T10:34:36","guid":{"rendered":"https:\/\/www.schneider-chauffeur.de\/?page_id=32377"},"modified":"2025-08-26T16:46:07","modified_gmt":"2025-08-26T14:46:07","slug":"pologne","status":"publish","type":"page","link":"https:\/\/www.schneider-chauffeur.de\/fr\/emplacements\/pologne\/","title":{"rendered":"Service de limousine en Pologne"},"content":{"rendered":"<p>Dans la circulation dense des m\u00e9tropoles polonaises, il est extr\u00eamement avantageux de pouvoir compter \u00e0 tout moment sur un <a href=\"https:\/\/www.schneider-chauffeur.de\/fr\/service\/service-de-limousine\/\">service de limousine<\/a> confortable et fiable. Vous pouvez ainsi accomplir vos engagements professionnels en <strong>Pologne<\/strong> de mani\u00e8re efficace et sans stress \u2013 sans perte de temps due \u00e0 la planification des itin\u00e9raires ou \u00e0 la recherche de stationnement.<\/p>\n<p>Notre chauffeur exp\u00e9riment\u00e9 vient vous chercher \u00e0 l\u2019heure et vous conduit en toute s\u00e9curit\u00e9 et ponctualit\u00e9 \u00e0 votre destination \u2013 qu\u2019il s\u2019agisse d\u2019un trajet unique ou d\u2019un accompagnement sur toute la dur\u00e9e de votre s\u00e9jour. Pendant le trajet, vous pouvez travailler en toute tranquillit\u00e9, mener des conversations confidentielles ou simplement profiter d\u2019un moment de d\u00e9tente.<\/p>\n<p>Avec notre <a href=\"https:\/\/www.schneider-chauffeur.de\/fr\/service\/service-de-chauffeurs\/\">service de chauffeur<\/a> et notre service de limousine en Pologne, vous restez concentr\u00e9 sur l\u2019essentiel \u2013 nous nous chargeons du reste.<\/p>\n<h2>Nos villes<\/h2>\n<p>Schneider Chauffeurservice et ses partenaires sont \u00e0 votre disposition dans de nombreuses villes de Pologne \u2013 avec fiabilit\u00e9, discr\u00e9tion et un haut niveau de service :         <div class=\"staedte-linkliste\">\n            \n            <div class=\"row\" style=\"margin-bottom: 20px;\">\n                                    <div class=\"col-md-6\">\n                        <ul class=\"list-unstyled\">\n                                                            <li><a href=\"https:\/\/www.schneider-chauffeur.de\/fr\/emplacements\/pologne\/service-de-limousine-a-varsovie\/\">Service de limousine \u00e0 Varsovie<\/a><\/li>\n                                                            <li><a href=\"https:\/\/www.schneider-chauffeur.de\/fr\/emplacements\/pologne\/service-de-limousine-a-cracovie\/\">Service de limousine \u00e0 Cracovie<\/a><\/li>\n                                                    <\/ul>\n                    <\/div>\n                                    <div class=\"col-md-6\">\n                        <ul class=\"list-unstyled\">\n                                                            <li><a href=\"https:\/\/www.schneider-chauffeur.de\/fr\/emplacements\/pologne\/limousine-service-in-gdansk\/\">Limousine service in Gda\u0144sk<\/a><\/li>\n                                                            <li><a href=\"https:\/\/www.schneider-chauffeur.de\/fr\/emplacements\/pologne\/service-de-limousine-a-wroclaw\/\">Service de limousine \u00e0 Wroc\u0142aw<\/a><\/li>\n                                                    <\/ul>\n                    <\/div>\n                            <\/div>\n        <\/div>\n         <a class=\"button\" href=\"https:\/\/www.schneider-chauffeur.de\/fr\/contactez\/\">Demander maintenant<\/a><\/p>\n<h2>Service complet \u2013 d\u2019une porte \u00e0 l\u2019autre, \u00e0 l\u2019international<\/h2>\n<p><img decoding=\"async\" class=\"alignleft\" style=\"width: 100%; max-width: 300px; height: auto;\" title=\"D\u2019une porte \u00e0 l\u2019autre \u2013 Schneider Chauffeurservice international\" src=\"https:\/\/www.schneider-chauffeur.de\/app\/uploads\/2023\/08\/Weltweit-Schneider-Chauffeurservice.jpg\" alt=\"Schneider Chauffeurservice Pologne\" \/> Notre service de chauffeur et de limousine n\u2019est pas seulement disponible dans certaines villes polonaises \u2013 nous vous accompagnons \u00e9galement pour des trajets interr\u00e9gionaux ou internationaux. Que ce soit pour un voyage d\u2019affaires ou un transfert a\u00e9roport : nous vous conduisons \u00e0 l\u2019a\u00e9roport \u00e0 temps et vous r\u00e9cup\u00e9rons ponctuellement \u00e0 votre destination.<br \/>\nSur demande, nous nous chargeons \u00e9galement de la r\u00e9servation de vos vols et de l\u2019organisation compl\u00e8te de votre voyage d\u2019affaires \u2013 tout cela via une seule r\u00e9servation, avec un interlocuteur d\u00e9di\u00e9. Vous gagnez ainsi du temps et b\u00e9n\u00e9ficiez d\u2019un accompagnement personnalis\u00e9.<\/p>\n<p><a class=\"button\" style=\"max-width: 300px;\" href=\"https:\/\/www.schneider-chauffeur.de\/fr\/contactez\/\">Demander conseil &amp; r\u00e9server<\/a><\/p>\n<h2>Nos prestations en tant que service de chauffeur &amp; de limousine en Pologne<\/h2>\n<p>Nous proposons des solutions sur mesure avec notre service de limousine en Pologne \u2013 adapt\u00e9es exactement \u00e0 vos besoins. Voici nos formules :<\/p>\n<ul>\n<li><strong>Transferts<\/strong> entre l\u2019a\u00e9roport\/la gare, le bureau\/un rendez-vous client\/un salon, l\u2019h\u00f4tel ou d\u2019autres lieux de votre choix \u2013 par exemple des restaurants ou des lieux touristiques. R\u00e9servation \u00e0 l\u2019unit\u00e9 ou en forfait.<\/li>\n<li><strong>R\u00e9servation horaire ou journali\u00e8re<\/strong> d\u2019un chauffeur avec le v\u00e9hicule de votre choix. Pendant cette p\u00e9riode, notre chauffeur est enti\u00e8rement \u00e0 votre disposition \u2013 et peut \u00e9galement effectuer des courses sur demande.<\/li>\n<li><strong>Service complet pour vos voyages d\u2019affaires ou s\u00e9jours priv\u00e9s :<\/strong> Nous vous accompagnons pendant toute la dur\u00e9e de votre d\u00e9placement et assurons tous les trajets ainsi que les t\u00e2ches associ\u00e9es \u2013 avec discr\u00e9tion, fiabilit\u00e9 et flexibilit\u00e9.<\/li>\n<\/ul>\n<p>Veuillez nous contacter afin que nous puissions d\u00e9finir ensemble le service de transport id\u00e9al pour votre s\u00e9jour en Pologne.<\/p>\n<p><a class=\"button\" style=\"max-width: 450px;\" href=\"tel:+4920185892980\">Appelez maintenant : +49 201 85 89 298 &#8211; 0<\/a><\/p>\n<div style=\"padding: 30px; margin: 20px 0; background: #EFEFEF;\">\n<h3 style=\"text-align: center;\">Aper\u00e7u de nos prestations :<\/h3>\n        <div class=\"leistungen-buttons\">\n            <div class=\"menu-service-franzoesisch-container\"><ul id=\"menu-service-franzoesisch-1\" class=\"nav-menu\"><li class=\"menu-item menu-item-type-post_type menu-item-object-page menu-item-9870\"><a href=\"https:\/\/www.schneider-chauffeur.de\/fr\/service\/service-de-chauffeurs\/\">Service de Chauffeurs<\/a><\/li>\n<li class=\"menu-item menu-item-type-post_type menu-item-object-page menu-item-1662\"><a href=\"https:\/\/www.schneider-chauffeur.de\/fr\/service\/service-de-limousine\/\">Service de limousine<\/a><\/li>\n<li class=\"menu-item menu-item-type-post_type menu-item-object-page menu-item-9871\"><a href=\"https:\/\/www.schneider-chauffeur.de\/fr\/service\/chauffeur-de-directeur-general-et-de-conseil-dadministration\/\">Chauffeur de directeur g\u00e9n\u00e9ral<\/a><\/li>\n<li class=\"menu-item menu-item-type-post_type menu-item-object-page menu-item-2358\"><a href=\"https:\/\/www.schneider-chauffeur.de\/fr\/service\/transfert-daeroport\/\">Transfert d\u2019a\u00e9roport<\/a><\/li>\n<li class=\"menu-item menu-item-type-post_type menu-item-object-page current_page_parent menu-item-9872\"><a href=\"https:\/\/www.schneider-chauffeur.de\/fr\/service\/foires-et-evenements\/\">Foires et \u00e9v\u00e9nements<\/a><\/li>\n<li class=\"menu-item menu-item-type-post_type menu-item-object-page menu-item-2357\"><a href=\"https:\/\/www.schneider-chauffeur.de\/fr\/service\/service-des-mariages\/\">Service des mariages<\/a><\/li>\n<li class=\"menu-item menu-item-type-post_type menu-item-object-page menu-item-9873\"><a href=\"https:\/\/www.schneider-chauffeur.de\/fr\/service\/event-service\/\">Service des \u00e9v\u00e9nements<\/a><\/li>\n<li class=\"menu-item menu-item-type-post_type menu-item-object-page menu-item-10901\"><a href=\"https:\/\/www.schneider-chauffeur.de\/fr\/service\/encadrement-des-delegations\/\">Encadrement des d\u00e9l\u00e9gations<\/a><\/li>\n<li class=\"menu-item menu-item-type-post_type menu-item-object-page menu-item-1663\"><a href=\"https:\/\/www.schneider-chauffeur.de\/fr\/implantation\/\">Domaines d\u2019application<\/a><\/li>\n<li class=\"menu-item menu-item-type-post_type menu-item-object-page menu-item-1664\"><a href=\"https:\/\/www.schneider-chauffeur.de\/fr\/notre-flotte\/\">Notre flotte<\/a><\/li>\n<\/ul><\/div>        <\/div>\n        \n<\/div>\n<h2>Service de transport complet pour vos visites de salons en Pologne<\/h2>\n<p><span data-mce-type=\"bookmark\" style=\"display: inline-block; width: 0px; overflow: hidden; line-height: 0;\" class=\"mce_SELRES_start\">\ufeff<\/span><img decoding=\"async\" class=\"align-left inline-image\" style=\"float: left; margin-right: 15px; margin-bottom: 15px;\" src=\"https:\/\/www.schneider-chauffeur.de\/app\/uploads\/2021\/06\/berlin-messetransfer.jpg\" alt=\"Transfert exclusif salon Pologne\" \/><span data-mce-type=\"bookmark\" style=\"display: inline-block; width: 0px; overflow: hidden; line-height: 0;\" class=\"mce_SELRES_end\">\ufeff<\/span> Vous pr\u00e9voyez de visiter un salon professionnel en Pologne et souhaitez d\u00e9l\u00e9guer l\u2019organisation des trajets\u202f? Nous nous en chargeons volontiers \u2013 que ce soit pour vous, votre \u00e9quipe ou vos invit\u00e9s. Nous veillons \u00e0 ce que tous les participants arrivent \u00e0 temps et sans d\u00e9tour sur le lieu de l\u2019\u00e9v\u00e9nement \u2013 sans effort de votre part.<br \/>\nNous proposons \u00e9galement des services compl\u00e9mentaires pour rendre votre s\u00e9jour en Pologne aussi agr\u00e9able et efficace que possible. Vous trouverez plus d\u2019informations sur notre page d\u00e9di\u00e9e au <a href=\"https:\/\/www.schneider-chauffeur.de\/fr\/foires-et-evenements\/\" target=\"_blank\" rel=\"noopener\">service de transfert vers les salons<\/a> \u2013 disponible dans toutes les villes o\u00f9 nous sommes actifs, directement ou via notre r\u00e9seau de partenaires.<\/p>\n<h2>Parfaitement accompagn\u00e9 dans chaque ville \u2013 avec notre r\u00e9seau international de chauffeurs<\/h2>\n<p>Notre mission, en tant que service de chauffeur et de limousine fiable, est de rendre vos d\u00e9placements s\u00fbrs, efficaces et confortables \u2013 en Pologne et au-del\u00e0. Pour cela, nous collaborons avec un r\u00e9seau soigneusement s\u00e9lectionn\u00e9 de partenaires pr\u00e9sents dans toutes les r\u00e9gions cl\u00e9s de Pologne, dans l\u2019espace DACH et \u00e0 l\u2019international.<br \/>\nVous pouvez \u00eatre assur\u00e9 que vous b\u00e9n\u00e9ficierez toujours de nos exigences de qualit\u00e9 \u00e9lev\u00e9es. Sous <a href=\"https:\/\/www.schneider-chauffeur.de\/unternehmen\/philosophie\/\" target=\"_blank\" rel=\"noopener\">Philosophie &#038; Valeurs<\/a> et <a href=\"https:\/\/www.schneider-chauffeur.de\/fr\/societe\/assurance-de-la-qualite\/\" target=\"_blank\" rel=\"noopener\">Assurance qualit\u00e9<\/a>, vous en apprendrez davantage sur les crit\u00e8res que nous appliquons \u00e0 nos prestations \u2013 et sur les raisons pour lesquelles vous \u00eates entre de bonnes mains chez nous.<span data-mce-type=\"bookmark\" style=\"display: inline-block; width: 0px; overflow: hidden; line-height: 0;\" class=\"mce_SELRES_start\">\ufeff<\/span><\/p>\n","protected":false},"excerpt":{"rendered":"<p>Dans la circulation dense des m\u00e9tropoles polonaises, il est extr\u00eamement avantageux de pouvoir compter \u00e0 tout moment sur un service de limousine confortable et fiable. Vous pouvez ainsi accomplir vos engagements professionnels en Pologne de mani\u00e8re efficace et sans stress \u2013 sans perte de temps due \u00e0 la planification des itin\u00e9raires ou \u00e0 la recherche &hellip;<\/p>\n","protected":false},"author":2,"featured_media":33220,"parent":1556,"menu_order":79,"comment_status":"closed","ping_status":"closed","template":"page-staedte.php","meta":{"footnotes":""},"class_list":["post-32377","page","type-page","status-publish","has-post-thumbnail","hentry"],"yoast_head":"<!-- This site is optimized with the Yoast SEO Premium plugin v26.3 (Yoast SEO v26.3) - https:\/\/yoast.com\/wordpress\/plugins\/seo\/ -->\n<title>Service de limousine en Pologne | Schneider Chauffeurservice<\/title>\n<meta name=\"description\" content=\"Service de chauffeur et de limousine en Pologne \u2013 avec Schneider Chauffeurservice. Confort, flexibilit\u00e9 et s\u00e9curit\u00e9 sur la route. R\u00e9servez d\u00e8s maintenant !\" \/>\n<meta name=\"robots\" content=\"index, follow, max-snippet:-1, max-image-preview:large, max-video-preview:-1\" \/>\n<link rel=\"canonical\" href=\"https:\/\/www.schneider-chauffeur.de\/fr\/emplacements\/pologne\/\" \/>\n<meta property=\"og:locale\" content=\"fr_FR\" \/>\n<meta property=\"og:type\" content=\"article\" \/>\n<meta property=\"og:title\" content=\"Service de limousine en Pologne\" \/>\n<meta property=\"og:description\" content=\"Service de chauffeur et de limousine en Pologne \u2013 avec Schneider Chauffeurservice. Confort, flexibilit\u00e9 et s\u00e9curit\u00e9 sur la route. R\u00e9servez d\u00e8s maintenant !\" \/>\n<meta property=\"og:url\" content=\"https:\/\/www.schneider-chauffeur.de\/fr\/emplacements\/pologne\/\" \/>\n<meta property=\"og:site_name\" content=\"Schneider Chauffeurservice \u2013 Gesch\u00e4ftsreisen mit h\u00f6chstem Komfort\" \/>\n<meta property=\"article:publisher\" content=\"https:\/\/www.facebook.com\/SchneiderChauffeurservice\" \/>\n<meta property=\"article:modified_time\" content=\"2025-08-26T14:46:07+00:00\" \/>\n<meta property=\"og:image\" content=\"https:\/\/www.schneider-chauffeur.de\/app\/uploads\/2024\/11\/flotte-bmw-7.jpg\" \/>\n\t<meta property=\"og:image:width\" content=\"600\" \/>\n\t<meta property=\"og:image:height\" content=\"394\" \/>\n\t<meta property=\"og:image:type\" content=\"image\/jpeg\" \/>\n<meta name=\"twitter:card\" content=\"summary_large_image\" \/>\n<meta name=\"twitter:label1\" content=\"Est. reading time\" \/>\n\t<meta name=\"twitter:data1\" content=\"5 minutes\" \/>\n<script type=\"application\/ld+json\" class=\"yoast-schema-graph\">{\"@context\":\"https:\/\/schema.org\",\"@graph\":[{\"@type\":\"WebPage\",\"@id\":\"https:\/\/www.schneider-chauffeur.de\/fr\/emplacements\/pologne\/\",\"url\":\"https:\/\/www.schneider-chauffeur.de\/fr\/emplacements\/pologne\/\",\"name\":\"Service de limousine en Pologne | Schneider Chauffeurservice\",\"isPartOf\":{\"@id\":\"https:\/\/www.schneider-chauffeur.de\/fr\/#website\"},\"primaryImageOfPage\":{\"@id\":\"https:\/\/www.schneider-chauffeur.de\/fr\/emplacements\/pologne\/#primaryimage\"},\"image\":{\"@id\":\"https:\/\/www.schneider-chauffeur.de\/fr\/emplacements\/pologne\/#primaryimage\"},\"thumbnailUrl\":\"https:\/\/cdn.schneider-chauffeur.de\/app\/uploads\/2025\/08\/Polen.jpg\",\"datePublished\":\"2025-08-06T10:34:36+00:00\",\"dateModified\":\"2025-08-26T14:46:07+00:00\",\"description\":\"Service de chauffeur et de limousine en Pologne \u2013 avec Schneider Chauffeurservice. Confort, flexibilit\u00e9 et s\u00e9curit\u00e9 sur la route. R\u00e9servez d\u00e8s maintenant !\",\"breadcrumb\":{\"@id\":\"https:\/\/www.schneider-chauffeur.de\/fr\/emplacements\/pologne\/#breadcrumb\"},\"inLanguage\":\"fr-FR\",\"potentialAction\":[{\"@type\":\"ReadAction\",\"target\":[\"https:\/\/www.schneider-chauffeur.de\/fr\/emplacements\/pologne\/\"]}]},{\"@type\":\"ImageObject\",\"inLanguage\":\"fr-FR\",\"@id\":\"https:\/\/www.schneider-chauffeur.de\/fr\/emplacements\/pologne\/#primaryimage\",\"url\":\"https:\/\/cdn.schneider-chauffeur.de\/app\/uploads\/2025\/08\/Polen.jpg\",\"contentUrl\":\"https:\/\/cdn.schneider-chauffeur.de\/app\/uploads\/2025\/08\/Polen.jpg\",\"width\":697,\"height\":458},{\"@type\":\"BreadcrumbList\",\"@id\":\"https:\/\/www.schneider-chauffeur.de\/fr\/emplacements\/pologne\/#breadcrumb\",\"itemListElement\":[{\"@type\":\"ListItem\",\"position\":1,\"name\":\"Page d\u2019accueil\",\"item\":\"https:\/\/www.schneider-chauffeur.de\/fr\/\"},{\"@type\":\"ListItem\",\"position\":2,\"name\":\"Emplacements\",\"item\":\"https:\/\/www.schneider-chauffeur.de\/fr\/emplacements\/\"},{\"@type\":\"ListItem\",\"position\":3,\"name\":\"Service de limousine en Pologne\"}]},{\"@type\":\"WebSite\",\"@id\":\"https:\/\/www.schneider-chauffeur.de\/fr\/#website\",\"url\":\"https:\/\/www.schneider-chauffeur.de\/fr\/\",\"name\":\"Schneider Chauffeurservice \u2013 Gesch\u00e4ftsreisen mit h\u00f6chstem Komfort\",\"description\":\"\",\"publisher\":{\"@id\":\"https:\/\/www.schneider-chauffeur.de\/fr\/#organization\"},\"potentialAction\":[{\"@type\":\"SearchAction\",\"target\":{\"@type\":\"EntryPoint\",\"urlTemplate\":\"https:\/\/www.schneider-chauffeur.de\/fr\/?s={search_term_string}\"},\"query-input\":{\"@type\":\"PropertyValueSpecification\",\"valueRequired\":true,\"valueName\":\"search_term_string\"}}],\"inLanguage\":\"fr-FR\"},{\"@type\":[\"Organization\",\"Place\"],\"@id\":\"https:\/\/www.schneider-chauffeur.de\/fr\/#organization\",\"name\":\"Schneider Chauffeurservice\",\"url\":\"https:\/\/www.schneider-chauffeur.de\/fr\/\",\"logo\":{\"@id\":\"https:\/\/www.schneider-chauffeur.de\/fr\/emplacements\/pologne\/#local-main-organization-logo\"},\"image\":{\"@id\":\"https:\/\/www.schneider-chauffeur.de\/fr\/emplacements\/pologne\/#local-main-organization-logo\"},\"sameAs\":[\"https:\/\/www.facebook.com\/SchneiderChauffeurservice\",\"https:\/\/www.linkedin.com\/company\/schneider-chauffeurservice\/\",\"https:\/\/www.instagram.com\/schneider_chauffeurservice\/\"],\"legalName\":\"Schneider Chauffeurservice\",\"numberOfEmployees\":{\"@type\":\"QuantitativeValue\",\"minValue\":\"11\",\"maxValue\":\"50\"},\"address\":{\"@id\":\"https:\/\/www.schneider-chauffeur.de\/fr\/emplacements\/pologne\/#local-main-place-address\"},\"telephone\":[\"+49 20185892980\"],\"contactPoint\":{\"@type\":\"ContactPoint\",\"telephone\":\"+49 20185892980\",\"email\":\"info@schneider-chauffeur.de\"},\"openingHoursSpecification\":[{\"@type\":\"OpeningHoursSpecification\",\"dayOfWeek\":[\"Monday\",\"Tuesday\",\"Wednesday\",\"Thursday\",\"Friday\",\"Saturday\",\"Sunday\"],\"opens\":\"09:00\",\"closes\":\"17:00\"}],\"email\":\"info@schneider-chauffeur.de\",\"faxNumber\":\"Schneider Chauffeurservice\",\"areaServed\":\"Germany\"},{\"@type\":\"PostalAddress\",\"@id\":\"https:\/\/www.schneider-chauffeur.de\/fr\/emplacements\/pologne\/#local-main-place-address\",\"streetAddress\":\"Hohenzollernstr. 24\",\"addressLocality\":\"Essen\",\"postalCode\":\"45128\",\"addressCountry\":\"DE\"},{\"@type\":\"ImageObject\",\"inLanguage\":\"fr-FR\",\"@id\":\"https:\/\/www.schneider-chauffeur.de\/fr\/emplacements\/pologne\/#local-main-organization-logo\",\"url\":\"https:\/\/cdn.schneider-chauffeur.de\/app\/uploads\/2019\/08\/logo-schneider-chauffeur-service.svg\",\"contentUrl\":\"https:\/\/cdn.schneider-chauffeur.de\/app\/uploads\/2019\/08\/logo-schneider-chauffeur-service.svg\",\"caption\":\"Schneider Chauffeurservice\"}]}<\/script>\n<meta name=\"geo.placename\" content=\"Essen\" \/>\n<meta name=\"geo.region\" content=\"Germany\" \/>\n<!-- \/ Yoast SEO Premium plugin. -->","yoast_head_json":{"title":"Service de limousine en Pologne | Schneider Chauffeurservice","description":"Service de chauffeur et de limousine en Pologne \u2013 avec Schneider Chauffeurservice. Confort, flexibilit\u00e9 et s\u00e9curit\u00e9 sur la route. R\u00e9servez d\u00e8s maintenant !","robots":{"index":"index","follow":"follow","max-snippet":"max-snippet:-1","max-image-preview":"max-image-preview:large","max-video-preview":"max-video-preview:-1"},"canonical":"https:\/\/www.schneider-chauffeur.de\/fr\/emplacements\/pologne\/","og_locale":"fr_FR","og_type":"article","og_title":"Service de limousine en Pologne","og_description":"Service de chauffeur et de limousine en Pologne \u2013 avec Schneider Chauffeurservice. Confort, flexibilit\u00e9 et s\u00e9curit\u00e9 sur la route. R\u00e9servez d\u00e8s maintenant !","og_url":"https:\/\/www.schneider-chauffeur.de\/fr\/emplacements\/pologne\/","og_site_name":"Schneider Chauffeurservice \u2013 Gesch\u00e4ftsreisen mit h\u00f6chstem Komfort","article_publisher":"https:\/\/www.facebook.com\/SchneiderChauffeurservice","article_modified_time":"2025-08-26T14:46:07+00:00","og_image":[{"width":600,"height":394,"url":"https:\/\/www.schneider-chauffeur.de\/app\/uploads\/2024\/11\/flotte-bmw-7.jpg","type":"image\/jpeg"}],"twitter_card":"summary_large_image","twitter_misc":{"Est. reading time":"5 minutes"},"schema":{"@context":"https:\/\/schema.org","@graph":[{"@type":"WebPage","@id":"https:\/\/www.schneider-chauffeur.de\/fr\/emplacements\/pologne\/","url":"https:\/\/www.schneider-chauffeur.de\/fr\/emplacements\/pologne\/","name":"Service de limousine en Pologne | Schneider Chauffeurservice","isPartOf":{"@id":"https:\/\/www.schneider-chauffeur.de\/fr\/#website"},"primaryImageOfPage":{"@id":"https:\/\/www.schneider-chauffeur.de\/fr\/emplacements\/pologne\/#primaryimage"},"image":{"@id":"https:\/\/www.schneider-chauffeur.de\/fr\/emplacements\/pologne\/#primaryimage"},"thumbnailUrl":"https:\/\/cdn.schneider-chauffeur.de\/app\/uploads\/2025\/08\/Polen.jpg","datePublished":"2025-08-06T10:34:36+00:00","dateModified":"2025-08-26T14:46:07+00:00","description":"Service de chauffeur et de limousine en Pologne \u2013 avec Schneider Chauffeurservice. Confort, flexibilit\u00e9 et s\u00e9curit\u00e9 sur la route. R\u00e9servez d\u00e8s maintenant !","breadcrumb":{"@id":"https:\/\/www.schneider-chauffeur.de\/fr\/emplacements\/pologne\/#breadcrumb"},"inLanguage":"fr-FR","potentialAction":[{"@type":"ReadAction","target":["https:\/\/www.schneider-chauffeur.de\/fr\/emplacements\/pologne\/"]}]},{"@type":"ImageObject","inLanguage":"fr-FR","@id":"https:\/\/www.schneider-chauffeur.de\/fr\/emplacements\/pologne\/#primaryimage","url":"https:\/\/cdn.schneider-chauffeur.de\/app\/uploads\/2025\/08\/Polen.jpg","contentUrl":"https:\/\/cdn.schneider-chauffeur.de\/app\/uploads\/2025\/08\/Polen.jpg","width":697,"height":458},{"@type":"BreadcrumbList","@id":"https:\/\/www.schneider-chauffeur.de\/fr\/emplacements\/pologne\/#breadcrumb","itemListElement":[{"@type":"ListItem","position":1,"name":"Page d\u2019accueil","item":"https:\/\/www.schneider-chauffeur.de\/fr\/"},{"@type":"ListItem","position":2,"name":"Emplacements","item":"https:\/\/www.schneider-chauffeur.de\/fr\/emplacements\/"},{"@type":"ListItem","position":3,"name":"Service de limousine en Pologne"}]},{"@type":"WebSite","@id":"https:\/\/www.schneider-chauffeur.de\/fr\/#website","url":"https:\/\/www.schneider-chauffeur.de\/fr\/","name":"Schneider Chauffeurservice \u2013 Gesch\u00e4ftsreisen mit h\u00f6chstem Komfort","description":"","publisher":{"@id":"https:\/\/www.schneider-chauffeur.de\/fr\/#organization"},"potentialAction":[{"@type":"SearchAction","target":{"@type":"EntryPoint","urlTemplate":"https:\/\/www.schneider-chauffeur.de\/fr\/?s={search_term_string}"},"query-input":{"@type":"PropertyValueSpecification","valueRequired":true,"valueName":"search_term_string"}}],"inLanguage":"fr-FR"},{"@type":["Organization","Place"],"@id":"https:\/\/www.schneider-chauffeur.de\/fr\/#organization","name":"Schneider Chauffeurservice","url":"https:\/\/www.schneider-chauffeur.de\/fr\/","logo":{"@id":"https:\/\/www.schneider-chauffeur.de\/fr\/emplacements\/pologne\/#local-main-organization-logo"},"image":{"@id":"https:\/\/www.schneider-chauffeur.de\/fr\/emplacements\/pologne\/#local-main-organization-logo"},"sameAs":["https:\/\/www.facebook.com\/SchneiderChauffeurservice","https:\/\/www.linkedin.com\/company\/schneider-chauffeurservice\/","https:\/\/www.instagram.com\/schneider_chauffeurservice\/"],"legalName":"Schneider Chauffeurservice","numberOfEmployees":{"@type":"QuantitativeValue","minValue":"11","maxValue":"50"},"address":{"@id":"https:\/\/www.schneider-chauffeur.de\/fr\/emplacements\/pologne\/#local-main-place-address"},"telephone":["+49 20185892980"],"contactPoint":{"@type":"ContactPoint","telephone":"+49 20185892980","email":"info@schneider-chauffeur.de"},"openingHoursSpecification":[{"@type":"OpeningHoursSpecification","dayOfWeek":["Monday","Tuesday","Wednesday","Thursday","Friday","Saturday","Sunday"],"opens":"09:00","closes":"17:00"}],"email":"info@schneider-chauffeur.de","faxNumber":"Schneider Chauffeurservice","areaServed":"Germany"},{"@type":"PostalAddress","@id":"https:\/\/www.schneider-chauffeur.de\/fr\/emplacements\/pologne\/#local-main-place-address","streetAddress":"Hohenzollernstr. 24","addressLocality":"Essen","postalCode":"45128","addressCountry":"DE"},{"@type":"ImageObject","inLanguage":"fr-FR","@id":"https:\/\/www.schneider-chauffeur.de\/fr\/emplacements\/pologne\/#local-main-organization-logo","url":"https:\/\/cdn.schneider-chauffeur.de\/app\/uploads\/2019\/08\/logo-schneider-chauffeur-service.svg","contentUrl":"https:\/\/cdn.schneider-chauffeur.de\/app\/uploads\/2019\/08\/logo-schneider-chauffeur-service.svg","caption":"Schneider Chauffeurservice"}]},"geo.placename":"Essen","geo.region":"Germany"},"_links":{"self":[{"href":"https:\/\/www.schneider-chauffeur.de\/fr\/wp-json\/wp\/v2\/pages\/32377","targetHints":{"allow":["GET"]}}],"collection":[{"href":"https:\/\/www.schneider-chauffeur.de\/fr\/wp-json\/wp\/v2\/pages"}],"about":[{"href":"https:\/\/www.schneider-chauffeur.de\/fr\/wp-json\/wp\/v2\/types\/page"}],"author":[{"embeddable":true,"href":"https:\/\/www.schneider-chauffeur.de\/fr\/wp-json\/wp\/v2\/users\/2"}],"replies":[{"embeddable":true,"href":"https:\/\/www.schneider-chauffeur.de\/fr\/wp-json\/wp\/v2\/comments?post=32377"}],"version-history":[{"count":7,"href":"https:\/\/www.schneider-chauffeur.de\/fr\/wp-json\/wp\/v2\/pages\/32377\/revisions"}],"predecessor-version":[{"id":32383,"href":"https:\/\/www.schneider-chauffeur.de\/fr\/wp-json\/wp\/v2\/pages\/32377\/revisions\/32383"}],"up":[{"embeddable":true,"href":"https:\/\/www.schneider-chauffeur.de\/fr\/wp-json\/wp\/v2\/pages\/1556"}],"wp:featuredmedia":[{"embeddable":true,"href":"https:\/\/www.schneider-chauffeur.de\/fr\/wp-json\/wp\/v2\/media\/33220"}],"wp:attachment":[{"href":"https:\/\/www.schneider-chauffeur.de\/fr\/wp-json\/wp\/v2\/media?parent=32377"}],"curies":[{"name":"wp","href":"https:\/\/api.w.org\/{rel}","templated":true}]}}