{"id":32336,"date":"2025-08-06T12:16:06","date_gmt":"2025-08-06T10:16:06","guid":{"rendered":"https:\/\/www.schneider-chauffeur.de\/?page_id=32336"},"modified":"2025-08-26T16:40:48","modified_gmt":"2025-08-26T14:40:48","slug":"espagne","status":"publish","type":"page","link":"https:\/\/www.schneider-chauffeur.de\/fr\/emplacements\/espagne\/","title":{"rendered":"Service de limousine en Espagne"},"content":{"rendered":"<p>Dans le trafic dense des grandes villes espagnoles, il est pr\u00e9cieux de pouvoir compter \u00e0 tout moment sur un <a href=\"https:\/\/www.schneider-chauffeur.de\/fr\/service\/service-de-limousine\/\">service de limousine<\/a> \u00e0 la fois confortable et fiable. Cela vous permet de g\u00e9rer vos engagements professionnels en <strong>Espagne<\/strong> de mani\u00e8re efficace et sans stress \u2013 sans perte de temps pour la planification des trajets ou la recherche de stationnement.<\/p>\n<p>Notre chauffeur exp\u00e9riment\u00e9 vous prend en charge \u00e0 l\u2019heure convenue et vous conduit en toute s\u00e9curit\u00e9 et ponctualit\u00e9 \u00e0 votre destination \u2013 que ce soit pour un trajet ponctuel ou un accompagnement de longue dur\u00e9e pendant votre s\u00e9jour. Pendant le trajet, vous pouvez travailler en toute tranquillit\u00e9, mener des conversations confidentielles ou simplement profiter d\u2019un moment de d\u00e9tente.<\/p>\n<p>Gr\u00e2ce \u00e0 notre <a href=\"https:\/\/www.schneider-chauffeur.de\/fr\/service\/service-de-chauffeurs\/\">service de chauffeur<\/a> et de limousine en Espagne, vous vous concentrez pleinement sur l\u2019essentiel \u2013 nous nous occupons du reste.<\/p>\n<h2>Nos villes<\/h2>\n<p>Schneider Chauffeurservice et ses partenaires interviennent dans de nombreuses villes espagnoles \u2013 avec fiabilit\u00e9, discr\u00e9tion et un service de haut niveau :         <div class=\"staedte-linkliste\">\n            \n            <div class=\"row\" style=\"margin-bottom: 20px;\">\n                                    <div class=\"col-md-6\">\n                        <ul class=\"list-unstyled\">\n                                                            <li><a href=\"https:\/\/www.schneider-chauffeur.de\/fr\/emplacements\/espagne\/service-de-limousine-a-madrid\/\">Service de limousine \u00e0 Madrid<\/a><\/li>\n                                                            <li><a href=\"https:\/\/www.schneider-chauffeur.de\/fr\/emplacements\/espagne\/service-de-limousine-ibiza\/\">Service de limousine Ibiza<\/a><\/li>\n                                                            <li><a href=\"https:\/\/www.schneider-chauffeur.de\/fr\/emplacements\/espagne\/service-de-limousine-majorque\/\">Service de limousine Majorque<\/a><\/li>\n                                                    <\/ul>\n                    <\/div>\n                                    <div class=\"col-md-6\">\n                        <ul class=\"list-unstyled\">\n                                                            <li><a href=\"https:\/\/www.schneider-chauffeur.de\/fr\/emplacements\/espagne\/service-de-limousine-barcelone\/\">Service de limousine Barcelone<\/a><\/li>\n                                                            <li><a href=\"https:\/\/www.schneider-chauffeur.de\/fr\/emplacements\/espagne\/service-de-limousine-valence\/\">Service de limousine Valence<\/a><\/li>\n                                                            <li><a href=\"https:\/\/www.schneider-chauffeur.de\/fr\/emplacements\/espagne\/service-de-limousine-seville\/\">Service de limousine S\u00e9ville<\/a><\/li>\n                                                    <\/ul>\n                    <\/div>\n                                    <div class=\"col-md-6\">\n                        <ul class=\"list-unstyled\">\n                                                            <li><a href=\"https:\/\/www.schneider-chauffeur.de\/fr\/emplacements\/espagne\/service-de-limousine-malaga\/\">Service de limousine M\u00e1laga<\/a><\/li>\n                                                            <li><a href=\"https:\/\/www.schneider-chauffeur.de\/fr\/emplacements\/espagne\/service-de-limousine-marbella\/\">Service de limousine Marbella<\/a><\/li>\n                                                    <\/ul>\n                    <\/div>\n                            <\/div>\n        <\/div>\n        <br \/>\n<a class=\"button\" style=\"max-width: 300px;\" href=\"https:\/\/www.schneider-chauffeur.de\/fr\/contactez\/\">Faire une demande maintenant<\/a><\/p>\n<h2>Service porte-\u00e0-porte international \u2013 \u00e0 votre service dans le monde entier<\/h2>\n<p><img decoding=\"async\" class=\"alignleft\" style=\"width: 100%; max-width: 300px; height: auto;\" title=\"De porte \u00e0 porte \u2013 Schneider Chauffeurservice dans le monde entier\" src=\"https:\/\/www.schneider-chauffeur.de\/app\/uploads\/2023\/08\/Weltweit-Schneider-Chauffeurservice.jpg\" alt=\"Schneider Chauffeurservice Espagne\" \/><br \/>\nNos services de limousine et de chauffeur ne se limitent pas \u00e0 certaines villes d\u2019Espagne \u2013 nous couvrons aussi bien les trajets sur de longues distances que les d\u00e9placements internationaux. Qu\u2019il s\u2019agisse d\u2019un voyage d\u2019affaires ou d\u2019un transfert a\u00e9roportuaire : nous vous conduisons \u00e0 l\u2019a\u00e9roport de mani\u00e8re fiable et veillons \u00e0 ce que vous soyez pris(e) en charge \u00e0 votre destination dans les temps.<\/p>\n<p>Sur demande, nous assurons \u00e9galement la r\u00e9servation de votre vol et coordonnons tous les aspects logistiques de votre voyage professionnel \u2013 le tout via une seule r\u00e9servation et un interlocuteur d\u00e9di\u00e9. Cela vous fait gagner du temps et vous offre une organisation claire.<\/p>\n<p><a class=\"button\" style=\"max-width: 300px;\" href=\"https:\/\/www.schneider-chauffeur.de\/fr\/contactez\/\">Recevoir un conseil &amp; r\u00e9server<\/a><\/p>\n<h2>Nos prestations de chauffeur &amp; de limousine en Espagne<\/h2>\n<p>Nous proposons des solutions personnalis\u00e9es adapt\u00e9es \u00e0 vos besoins. Voici les forfaits de service les plus demand\u00e9s :<\/p>\n<ul>\n<li><strong>Transferts<\/strong> entre l\u2019a\u00e9roport, la gare, l\u2019h\u00f4tel, le bureau, les salons professionnels ou autres lieux \u2013 par exemple des restaurants ou sites d\u2019int\u00e9r\u00eat. Vous pouvez r\u00e9server des trajets \u00e0 l\u2019unit\u00e9 ou sous forme de forfait.<\/li>\n<li><strong>R\u00e9servation \u00e0 l\u2019heure ou \u00e0 la journ\u00e9e<\/strong> d\u2019un chauffeur avec v\u00e9hicule de la cat\u00e9gorie souhait\u00e9e. Pendant cette p\u00e9riode, le chauffeur est exclusivement \u00e0 votre disposition et peut \u00e9galement effectuer des courses sur demande.<\/li>\n<li><strong>Accompagnement complet pour vos voyages d\u2019affaires ou priv\u00e9s :<\/strong> Nos chauffeurs vous accompagnent pendant toute la dur\u00e9e du s\u00e9jour et g\u00e8rent tous les trajets ainsi que les services associ\u00e9s. Flexibilit\u00e9 et discr\u00e9tion garanties.<\/li>\n<\/ul>\n<p>N\u2019h\u00e9sitez pas \u00e0 nous contacter afin d\u2019organiser ensemble la solution de transport id\u00e9ale pendant votre s\u00e9jour en Espagne.<\/p>\n<p><a class=\"button\" style=\"max-width: 450px;\" href=\"tel:+4920185892980\">Appelez-nous\u00a0: +49\u00a0201\u00a085\u00a089\u00a0298\u00a0\u2011\u00a00<\/a><\/p>\n<div style=\"padding: 30px; margin: 20px 0; background: #EFEFEF;\">\n<h3 style=\"text-align: center;\">Aper\u00e7u de nos prestations :<\/h3>\n        <div class=\"leistungen-buttons\">\n            <div class=\"menu-service-franzoesisch-container\"><ul id=\"menu-service-franzoesisch-1\" class=\"nav-menu\"><li class=\"menu-item menu-item-type-post_type menu-item-object-page menu-item-9870\"><a href=\"https:\/\/www.schneider-chauffeur.de\/fr\/service\/service-de-chauffeurs\/\">Service de Chauffeurs<\/a><\/li>\n<li class=\"menu-item menu-item-type-post_type menu-item-object-page menu-item-1662\"><a href=\"https:\/\/www.schneider-chauffeur.de\/fr\/service\/service-de-limousine\/\">Service de limousine<\/a><\/li>\n<li class=\"menu-item menu-item-type-post_type menu-item-object-page menu-item-9871\"><a href=\"https:\/\/www.schneider-chauffeur.de\/fr\/service\/chauffeur-de-directeur-general-et-de-conseil-dadministration\/\">Chauffeur de directeur g\u00e9n\u00e9ral<\/a><\/li>\n<li class=\"menu-item menu-item-type-post_type menu-item-object-page menu-item-2358\"><a href=\"https:\/\/www.schneider-chauffeur.de\/fr\/service\/transfert-daeroport\/\">Transfert d\u2019a\u00e9roport<\/a><\/li>\n<li class=\"menu-item menu-item-type-post_type menu-item-object-page current_page_parent menu-item-9872\"><a href=\"https:\/\/www.schneider-chauffeur.de\/fr\/service\/foires-et-evenements\/\">Foires et \u00e9v\u00e9nements<\/a><\/li>\n<li class=\"menu-item menu-item-type-post_type menu-item-object-page menu-item-2357\"><a href=\"https:\/\/www.schneider-chauffeur.de\/fr\/service\/service-des-mariages\/\">Service des mariages<\/a><\/li>\n<li class=\"menu-item menu-item-type-post_type menu-item-object-page menu-item-9873\"><a href=\"https:\/\/www.schneider-chauffeur.de\/fr\/service\/event-service\/\">Service des \u00e9v\u00e9nements<\/a><\/li>\n<li class=\"menu-item menu-item-type-post_type menu-item-object-page menu-item-10901\"><a href=\"https:\/\/www.schneider-chauffeur.de\/fr\/service\/encadrement-des-delegations\/\">Encadrement des d\u00e9l\u00e9gations<\/a><\/li>\n<li class=\"menu-item menu-item-type-post_type menu-item-object-page menu-item-1663\"><a href=\"https:\/\/www.schneider-chauffeur.de\/fr\/implantation\/\">Domaines d\u2019application<\/a><\/li>\n<li class=\"menu-item menu-item-type-post_type menu-item-object-page menu-item-1664\"><a href=\"https:\/\/www.schneider-chauffeur.de\/fr\/notre-flotte\/\">Notre flotte<\/a><\/li>\n<\/ul><\/div>        <\/div>\n        \n<\/div>\n<h2>Service professionnel de transport pour salons en Espagne<\/h2>\n<p><img decoding=\"async\" class=\"align-left inline-image\" style=\"float: left; margin-right: 15px; margin-bottom: 15px;\" src=\"https:\/\/www.schneider-chauffeur.de\/app\/uploads\/2021\/06\/berlin-messetransfer.jpg\" alt=\"Transfert exclusif pour salons en Espagne\" \/> Vous participez \u00e0 un salon en Espagne et souhaitez d\u00e9l\u00e9guer totalement la logistique de vos transports ? Nous prenons en charge cette organisation pour vous, votre \u00e9quipe ou vos invit\u00e9s. Tous les participants arrivent \u00e0 temps et sans d\u00e9tour sur les lieux du salon \u2013 sans effort suppl\u00e9mentaire de votre part.<br \/>\nNous proposons \u00e9galement d\u2019autres services compl\u00e9mentaires pour rendre votre s\u00e9jour en Espagne aussi agr\u00e9able que possible. Retrouvez toutes les informations sur notre page d\u00e9di\u00e9e aux <a href=\"https:\/\/www.schneider-chauffeur.de\/fr\/foires-et-evenements\/\" target=\"_blank\" rel=\"noopener\">transferts salons &amp; \u00e9v\u00e9nements<\/a> \u2013 disponibles dans toutes les villes o\u00f9 nous sommes actifs, directement ou via notre r\u00e9seau de partenaires.<\/p>\n<h2>D\u00e9placements en toute s\u00e9curit\u00e9 \u2013 gr\u00e2ce \u00e0 notre r\u00e9seau international de chauffeurs<\/h2>\n<p>En tant que prestataire fiable de services de chauffeur et de limousine, notre mission est de rendre vos d\u00e9placements s\u00fbrs, confortables et efficaces \u2013 en Espagne comme \u00e0 l\u2019international.<br \/>\nNous faisons partie d\u2019un r\u00e9seau professionnel pr\u00e9sent dans toute l\u2019Espagne, la r\u00e9gion DACH et d\u2019autres centres \u00e9conomiques majeurs. M\u00eame en cas de voyages d\u2019affaires \u00e0 plusieurs \u00e9tapes ou de s\u00e9jours dans des villes en dehors de notre zone d\u2019intervention directe, nous vous proposons des solutions sur mesure.<\/p>\n<p>Vous pouvez \u00eatre assur\u00e9 que vous b\u00e9n\u00e9ficierez toujours de nos exigences de qualit\u00e9 \u00e9lev\u00e9es. Sous <a href=\"https:\/\/www.schneider-chauffeur.de\/unternehmen\/philosophie\/\" target=\"_blank\" rel=\"noopener\">Philosophie &#038; Valeurs<\/a> et <a href=\"https:\/\/www.schneider-chauffeur.de\/fr\/societe\/assurance-de-la-qualite\/\" target=\"_blank\" rel=\"noopener\">Assurance qualit\u00e9<\/a>, vous en apprendrez davantage sur les crit\u00e8res que nous appliquons \u00e0 nos prestations \u2013 et sur les raisons pour lesquelles vous \u00eates entre de bonnes mains chez nous.<span data-mce-type=\"bookmark\" style=\"display: inline-block; width: 0px; overflow: hidden; line-height: 0;\" class=\"mce_SELRES_start\">\ufeff<\/span><\/p>\n","protected":false},"excerpt":{"rendered":"<p>Dans le trafic dense des grandes villes espagnoles, il est pr\u00e9cieux de pouvoir compter \u00e0 tout moment sur un service de limousine \u00e0 la fois confortable et fiable. Cela vous permet de g\u00e9rer vos engagements professionnels en Espagne de mani\u00e8re efficace et sans stress \u2013 sans perte de temps pour la planification des trajets ou &hellip;<\/p>\n","protected":false},"author":2,"featured_media":33152,"parent":1556,"menu_order":8,"comment_status":"closed","ping_status":"closed","template":"page-staedte.php","meta":{"footnotes":""},"class_list":["post-32336","page","type-page","status-publish","has-post-thumbnail","hentry"],"yoast_head":"<!-- This site is optimized with the Yoast SEO Premium plugin v26.3 (Yoast SEO v26.3) - https:\/\/yoast.com\/wordpress\/plugins\/seo\/ -->\n<title>Service de limousine en Espagne | Schneider Chauffeurservice<\/title>\n<meta name=\"description\" content=\"Service de chauffeur et de limousine en Espagne \u2013 avec Schneider Chauffeurservice. Confort, flexibilit\u00e9 et s\u00e9curit\u00e9 sur la route. R\u00e9servez d\u00e8s maintenant !\" \/>\n<meta name=\"robots\" content=\"index, follow, max-snippet:-1, max-image-preview:large, max-video-preview:-1\" \/>\n<link rel=\"canonical\" href=\"https:\/\/www.schneider-chauffeur.de\/fr\/emplacements\/espagne\/\" \/>\n<meta property=\"og:locale\" content=\"fr_FR\" \/>\n<meta property=\"og:type\" content=\"article\" \/>\n<meta property=\"og:title\" content=\"Service de limousine en Espagne\" \/>\n<meta property=\"og:description\" content=\"Service de chauffeur et de limousine en Espagne \u2013 avec Schneider Chauffeurservice. Confort, flexibilit\u00e9 et s\u00e9curit\u00e9 sur la route. R\u00e9servez d\u00e8s maintenant !\" \/>\n<meta property=\"og:url\" content=\"https:\/\/www.schneider-chauffeur.de\/fr\/emplacements\/espagne\/\" \/>\n<meta property=\"og:site_name\" content=\"Schneider Chauffeurservice \u2013 Gesch\u00e4ftsreisen mit h\u00f6chstem Komfort\" \/>\n<meta property=\"article:publisher\" content=\"https:\/\/www.facebook.com\/SchneiderChauffeurservice\" \/>\n<meta property=\"article:modified_time\" content=\"2025-08-26T14:40:48+00:00\" \/>\n<meta property=\"og:image\" content=\"https:\/\/www.schneider-chauffeur.de\/app\/uploads\/2024\/11\/flotte-bmw-7.jpg\" \/>\n\t<meta property=\"og:image:width\" content=\"600\" \/>\n\t<meta property=\"og:image:height\" content=\"394\" \/>\n\t<meta property=\"og:image:type\" content=\"image\/jpeg\" \/>\n<meta name=\"twitter:card\" content=\"summary_large_image\" \/>\n<meta name=\"twitter:label1\" content=\"Est. reading time\" \/>\n\t<meta name=\"twitter:data1\" content=\"5 minutes\" \/>\n<script type=\"application\/ld+json\" class=\"yoast-schema-graph\">{\"@context\":\"https:\/\/schema.org\",\"@graph\":[{\"@type\":\"WebPage\",\"@id\":\"https:\/\/www.schneider-chauffeur.de\/fr\/emplacements\/espagne\/\",\"url\":\"https:\/\/www.schneider-chauffeur.de\/fr\/emplacements\/espagne\/\",\"name\":\"Service de limousine en Espagne | Schneider Chauffeurservice\",\"isPartOf\":{\"@id\":\"https:\/\/www.schneider-chauffeur.de\/fr\/#website\"},\"primaryImageOfPage\":{\"@id\":\"https:\/\/www.schneider-chauffeur.de\/fr\/emplacements\/espagne\/#primaryimage\"},\"image\":{\"@id\":\"https:\/\/www.schneider-chauffeur.de\/fr\/emplacements\/espagne\/#primaryimage\"},\"thumbnailUrl\":\"https:\/\/cdn.schneider-chauffeur.de\/app\/uploads\/2025\/08\/Spanien.jpg\",\"datePublished\":\"2025-08-06T10:16:06+00:00\",\"dateModified\":\"2025-08-26T14:40:48+00:00\",\"description\":\"Service de chauffeur et de limousine en Espagne \u2013 avec Schneider Chauffeurservice. Confort, flexibilit\u00e9 et s\u00e9curit\u00e9 sur la route. R\u00e9servez d\u00e8s maintenant !\",\"breadcrumb\":{\"@id\":\"https:\/\/www.schneider-chauffeur.de\/fr\/emplacements\/espagne\/#breadcrumb\"},\"inLanguage\":\"fr-FR\",\"potentialAction\":[{\"@type\":\"ReadAction\",\"target\":[\"https:\/\/www.schneider-chauffeur.de\/fr\/emplacements\/espagne\/\"]}]},{\"@type\":\"ImageObject\",\"inLanguage\":\"fr-FR\",\"@id\":\"https:\/\/www.schneider-chauffeur.de\/fr\/emplacements\/espagne\/#primaryimage\",\"url\":\"https:\/\/cdn.schneider-chauffeur.de\/app\/uploads\/2025\/08\/Spanien.jpg\",\"contentUrl\":\"https:\/\/cdn.schneider-chauffeur.de\/app\/uploads\/2025\/08\/Spanien.jpg\",\"width\":697,\"height\":458},{\"@type\":\"BreadcrumbList\",\"@id\":\"https:\/\/www.schneider-chauffeur.de\/fr\/emplacements\/espagne\/#breadcrumb\",\"itemListElement\":[{\"@type\":\"ListItem\",\"position\":1,\"name\":\"Page d\u2019accueil\",\"item\":\"https:\/\/www.schneider-chauffeur.de\/fr\/\"},{\"@type\":\"ListItem\",\"position\":2,\"name\":\"Emplacements\",\"item\":\"https:\/\/www.schneider-chauffeur.de\/fr\/emplacements\/\"},{\"@type\":\"ListItem\",\"position\":3,\"name\":\"Service de limousine en Espagne\"}]},{\"@type\":\"WebSite\",\"@id\":\"https:\/\/www.schneider-chauffeur.de\/fr\/#website\",\"url\":\"https:\/\/www.schneider-chauffeur.de\/fr\/\",\"name\":\"Schneider Chauffeurservice \u2013 Gesch\u00e4ftsreisen mit h\u00f6chstem Komfort\",\"description\":\"\",\"publisher\":{\"@id\":\"https:\/\/www.schneider-chauffeur.de\/fr\/#organization\"},\"potentialAction\":[{\"@type\":\"SearchAction\",\"target\":{\"@type\":\"EntryPoint\",\"urlTemplate\":\"https:\/\/www.schneider-chauffeur.de\/fr\/?s={search_term_string}\"},\"query-input\":{\"@type\":\"PropertyValueSpecification\",\"valueRequired\":true,\"valueName\":\"search_term_string\"}}],\"inLanguage\":\"fr-FR\"},{\"@type\":[\"Organization\",\"Place\"],\"@id\":\"https:\/\/www.schneider-chauffeur.de\/fr\/#organization\",\"name\":\"Schneider Chauffeurservice\",\"url\":\"https:\/\/www.schneider-chauffeur.de\/fr\/\",\"logo\":{\"@id\":\"https:\/\/www.schneider-chauffeur.de\/fr\/emplacements\/espagne\/#local-main-organization-logo\"},\"image\":{\"@id\":\"https:\/\/www.schneider-chauffeur.de\/fr\/emplacements\/espagne\/#local-main-organization-logo\"},\"sameAs\":[\"https:\/\/www.facebook.com\/SchneiderChauffeurservice\",\"https:\/\/www.linkedin.com\/company\/schneider-chauffeurservice\/\",\"https:\/\/www.instagram.com\/schneider_chauffeurservice\/\"],\"legalName\":\"Schneider Chauffeurservice\",\"numberOfEmployees\":{\"@type\":\"QuantitativeValue\",\"minValue\":\"11\",\"maxValue\":\"50\"},\"address\":{\"@id\":\"https:\/\/www.schneider-chauffeur.de\/fr\/emplacements\/espagne\/#local-main-place-address\"},\"telephone\":[\"+49 20185892980\"],\"contactPoint\":{\"@type\":\"ContactPoint\",\"telephone\":\"+49 20185892980\",\"email\":\"info@schneider-chauffeur.de\"},\"openingHoursSpecification\":[{\"@type\":\"OpeningHoursSpecification\",\"dayOfWeek\":[\"Monday\",\"Tuesday\",\"Wednesday\",\"Thursday\",\"Friday\",\"Saturday\",\"Sunday\"],\"opens\":\"09:00\",\"closes\":\"17:00\"}],\"email\":\"info@schneider-chauffeur.de\",\"faxNumber\":\"Schneider Chauffeurservice\",\"areaServed\":\"Germany\"},{\"@type\":\"PostalAddress\",\"@id\":\"https:\/\/www.schneider-chauffeur.de\/fr\/emplacements\/espagne\/#local-main-place-address\",\"streetAddress\":\"Hohenzollernstr. 24\",\"addressLocality\":\"Essen\",\"postalCode\":\"45128\",\"addressCountry\":\"DE\"},{\"@type\":\"ImageObject\",\"inLanguage\":\"fr-FR\",\"@id\":\"https:\/\/www.schneider-chauffeur.de\/fr\/emplacements\/espagne\/#local-main-organization-logo\",\"url\":\"https:\/\/cdn.schneider-chauffeur.de\/app\/uploads\/2019\/08\/logo-schneider-chauffeur-service.svg\",\"contentUrl\":\"https:\/\/cdn.schneider-chauffeur.de\/app\/uploads\/2019\/08\/logo-schneider-chauffeur-service.svg\",\"caption\":\"Schneider Chauffeurservice\"}]}<\/script>\n<meta name=\"geo.placename\" content=\"Essen\" \/>\n<meta name=\"geo.region\" content=\"Germany\" \/>\n<!-- \/ Yoast SEO Premium plugin. -->","yoast_head_json":{"title":"Service de limousine en Espagne | Schneider Chauffeurservice","description":"Service de chauffeur et de limousine en Espagne \u2013 avec Schneider Chauffeurservice. Confort, flexibilit\u00e9 et s\u00e9curit\u00e9 sur la route. R\u00e9servez d\u00e8s maintenant !","robots":{"index":"index","follow":"follow","max-snippet":"max-snippet:-1","max-image-preview":"max-image-preview:large","max-video-preview":"max-video-preview:-1"},"canonical":"https:\/\/www.schneider-chauffeur.de\/fr\/emplacements\/espagne\/","og_locale":"fr_FR","og_type":"article","og_title":"Service de limousine en Espagne","og_description":"Service de chauffeur et de limousine en Espagne \u2013 avec Schneider Chauffeurservice. Confort, flexibilit\u00e9 et s\u00e9curit\u00e9 sur la route. R\u00e9servez d\u00e8s maintenant !","og_url":"https:\/\/www.schneider-chauffeur.de\/fr\/emplacements\/espagne\/","og_site_name":"Schneider Chauffeurservice \u2013 Gesch\u00e4ftsreisen mit h\u00f6chstem Komfort","article_publisher":"https:\/\/www.facebook.com\/SchneiderChauffeurservice","article_modified_time":"2025-08-26T14:40:48+00:00","og_image":[{"width":600,"height":394,"url":"https:\/\/www.schneider-chauffeur.de\/app\/uploads\/2024\/11\/flotte-bmw-7.jpg","type":"image\/jpeg"}],"twitter_card":"summary_large_image","twitter_misc":{"Est. reading time":"5 minutes"},"schema":{"@context":"https:\/\/schema.org","@graph":[{"@type":"WebPage","@id":"https:\/\/www.schneider-chauffeur.de\/fr\/emplacements\/espagne\/","url":"https:\/\/www.schneider-chauffeur.de\/fr\/emplacements\/espagne\/","name":"Service de limousine en Espagne | Schneider Chauffeurservice","isPartOf":{"@id":"https:\/\/www.schneider-chauffeur.de\/fr\/#website"},"primaryImageOfPage":{"@id":"https:\/\/www.schneider-chauffeur.de\/fr\/emplacements\/espagne\/#primaryimage"},"image":{"@id":"https:\/\/www.schneider-chauffeur.de\/fr\/emplacements\/espagne\/#primaryimage"},"thumbnailUrl":"https:\/\/cdn.schneider-chauffeur.de\/app\/uploads\/2025\/08\/Spanien.jpg","datePublished":"2025-08-06T10:16:06+00:00","dateModified":"2025-08-26T14:40:48+00:00","description":"Service de chauffeur et de limousine en Espagne \u2013 avec Schneider Chauffeurservice. Confort, flexibilit\u00e9 et s\u00e9curit\u00e9 sur la route. R\u00e9servez d\u00e8s maintenant !","breadcrumb":{"@id":"https:\/\/www.schneider-chauffeur.de\/fr\/emplacements\/espagne\/#breadcrumb"},"inLanguage":"fr-FR","potentialAction":[{"@type":"ReadAction","target":["https:\/\/www.schneider-chauffeur.de\/fr\/emplacements\/espagne\/"]}]},{"@type":"ImageObject","inLanguage":"fr-FR","@id":"https:\/\/www.schneider-chauffeur.de\/fr\/emplacements\/espagne\/#primaryimage","url":"https:\/\/cdn.schneider-chauffeur.de\/app\/uploads\/2025\/08\/Spanien.jpg","contentUrl":"https:\/\/cdn.schneider-chauffeur.de\/app\/uploads\/2025\/08\/Spanien.jpg","width":697,"height":458},{"@type":"BreadcrumbList","@id":"https:\/\/www.schneider-chauffeur.de\/fr\/emplacements\/espagne\/#breadcrumb","itemListElement":[{"@type":"ListItem","position":1,"name":"Page d\u2019accueil","item":"https:\/\/www.schneider-chauffeur.de\/fr\/"},{"@type":"ListItem","position":2,"name":"Emplacements","item":"https:\/\/www.schneider-chauffeur.de\/fr\/emplacements\/"},{"@type":"ListItem","position":3,"name":"Service de limousine en Espagne"}]},{"@type":"WebSite","@id":"https:\/\/www.schneider-chauffeur.de\/fr\/#website","url":"https:\/\/www.schneider-chauffeur.de\/fr\/","name":"Schneider Chauffeurservice \u2013 Gesch\u00e4ftsreisen mit h\u00f6chstem Komfort","description":"","publisher":{"@id":"https:\/\/www.schneider-chauffeur.de\/fr\/#organization"},"potentialAction":[{"@type":"SearchAction","target":{"@type":"EntryPoint","urlTemplate":"https:\/\/www.schneider-chauffeur.de\/fr\/?s={search_term_string}"},"query-input":{"@type":"PropertyValueSpecification","valueRequired":true,"valueName":"search_term_string"}}],"inLanguage":"fr-FR"},{"@type":["Organization","Place"],"@id":"https:\/\/www.schneider-chauffeur.de\/fr\/#organization","name":"Schneider Chauffeurservice","url":"https:\/\/www.schneider-chauffeur.de\/fr\/","logo":{"@id":"https:\/\/www.schneider-chauffeur.de\/fr\/emplacements\/espagne\/#local-main-organization-logo"},"image":{"@id":"https:\/\/www.schneider-chauffeur.de\/fr\/emplacements\/espagne\/#local-main-organization-logo"},"sameAs":["https:\/\/www.facebook.com\/SchneiderChauffeurservice","https:\/\/www.linkedin.com\/company\/schneider-chauffeurservice\/","https:\/\/www.instagram.com\/schneider_chauffeurservice\/"],"legalName":"Schneider Chauffeurservice","numberOfEmployees":{"@type":"QuantitativeValue","minValue":"11","maxValue":"50"},"address":{"@id":"https:\/\/www.schneider-chauffeur.de\/fr\/emplacements\/espagne\/#local-main-place-address"},"telephone":["+49 20185892980"],"contactPoint":{"@type":"ContactPoint","telephone":"+49 20185892980","email":"info@schneider-chauffeur.de"},"openingHoursSpecification":[{"@type":"OpeningHoursSpecification","dayOfWeek":["Monday","Tuesday","Wednesday","Thursday","Friday","Saturday","Sunday"],"opens":"09:00","closes":"17:00"}],"email":"info@schneider-chauffeur.de","faxNumber":"Schneider Chauffeurservice","areaServed":"Germany"},{"@type":"PostalAddress","@id":"https:\/\/www.schneider-chauffeur.de\/fr\/emplacements\/espagne\/#local-main-place-address","streetAddress":"Hohenzollernstr. 24","addressLocality":"Essen","postalCode":"45128","addressCountry":"DE"},{"@type":"ImageObject","inLanguage":"fr-FR","@id":"https:\/\/www.schneider-chauffeur.de\/fr\/emplacements\/espagne\/#local-main-organization-logo","url":"https:\/\/cdn.schneider-chauffeur.de\/app\/uploads\/2019\/08\/logo-schneider-chauffeur-service.svg","contentUrl":"https:\/\/cdn.schneider-chauffeur.de\/app\/uploads\/2019\/08\/logo-schneider-chauffeur-service.svg","caption":"Schneider Chauffeurservice"}]},"geo.placename":"Essen","geo.region":"Germany"},"_links":{"self":[{"href":"https:\/\/www.schneider-chauffeur.de\/fr\/wp-json\/wp\/v2\/pages\/32336","targetHints":{"allow":["GET"]}}],"collection":[{"href":"https:\/\/www.schneider-chauffeur.de\/fr\/wp-json\/wp\/v2\/pages"}],"about":[{"href":"https:\/\/www.schneider-chauffeur.de\/fr\/wp-json\/wp\/v2\/types\/page"}],"author":[{"embeddable":true,"href":"https:\/\/www.schneider-chauffeur.de\/fr\/wp-json\/wp\/v2\/users\/2"}],"replies":[{"embeddable":true,"href":"https:\/\/www.schneider-chauffeur.de\/fr\/wp-json\/wp\/v2\/comments?post=32336"}],"version-history":[{"count":9,"href":"https:\/\/www.schneider-chauffeur.de\/fr\/wp-json\/wp\/v2\/pages\/32336\/revisions"}],"predecessor-version":[{"id":32363,"href":"https:\/\/www.schneider-chauffeur.de\/fr\/wp-json\/wp\/v2\/pages\/32336\/revisions\/32363"}],"up":[{"embeddable":true,"href":"https:\/\/www.schneider-chauffeur.de\/fr\/wp-json\/wp\/v2\/pages\/1556"}],"wp:featuredmedia":[{"embeddable":true,"href":"https:\/\/www.schneider-chauffeur.de\/fr\/wp-json\/wp\/v2\/media\/33152"}],"wp:attachment":[{"href":"https:\/\/www.schneider-chauffeur.de\/fr\/wp-json\/wp\/v2\/media?parent=32336"}],"curies":[{"name":"wp","href":"https:\/\/api.w.org\/{rel}","templated":true}]}}