{"id":32125,"date":"2025-08-05T17:58:14","date_gmt":"2025-08-05T15:58:14","guid":{"rendered":"https:\/\/www.schneider-chauffeur.de\/?page_id=32125"},"modified":"2025-08-05T17:58:14","modified_gmt":"2025-08-05T15:58:14","slug":"service-de-limousine-seville","status":"publish","type":"page","link":"https:\/\/www.schneider-chauffeur.de\/fr\/emplacements\/espagne\/service-de-limousine-seville\/","title":{"rendered":"Service de limousine S\u00e9ville"},"content":{"rendered":"<p>D\u00e9couvrez S\u00e9ville, joyau culturel d\u2019Andalousie et p\u00f4le \u00e9conomique du sud de l\u2019Espagne, en toute s\u00e9r\u00e9nit\u00e9 et avec \u00e9l\u00e9gance : notre service de chauffeur vient vous chercher ponctuellement \u00e0 l\u2019a\u00e9roport <strong>S\u00e9ville (SVQ)<\/strong> ou \u00e0 la gare <strong>Santa Justa<\/strong> et vous conduit confortablement \u00e0 tous vos rendez-vous \u2013 r\u00e9unions d\u2019affaires dans le quartier financier, pr\u00e9sentations au centre de conf\u00e9rences ou visites de la Cath\u00e9drale, de la Giralda et de l\u2019Alc\u00e1zar. Installez-vous dans l\u2019int\u00e9rieur raffin\u00e9 de notre limousine pendant que nous g\u00e9rons la circulation, vous offrant un temps pr\u00e9cieux pour vos pr\u00e9paratifs, vos appels importants ou une pause caf\u00e9 con leche. Des transferts ponctuels aux accompagnements \u00e0 la journ\u00e9e, notre service sur mesure \u00e0 S\u00e9ville vous garantit une prise en charge experte.<\/p>\n<p><a class=\"button\" href=\"https:\/\/www.schneider-chauffeur.de\/fr\/contactez\/\">Contactez-nous maintenant !<\/a><\/p>\n<h2>Nos services de chauffeur &amp; limousine \u00e0 S\u00e9ville<\/h2>\n<p>Lors d\u2019un entretien personnalis\u00e9, nous \u00e9laborerons votre offre sur mesure. En principe, nous proposons :<\/p>\n<ul>\n<li><strong>Transferts<\/strong> entre l\u2019a\u00e9roport de S\u00e9ville (SVQ) ou la gare Santa Justa et toutes vos destinations \u2013 des quartiers d\u2019affaires et centres de conf\u00e9rences aux sites culturels comme la Cath\u00e9drale, la Giralda et le palais de l\u2019Alc\u00e1zar.<\/li>\n<li><strong>R\u00e9servation \u00e0 l\u2019heure ou \u00e0 la journ\u00e9e<\/strong> de notre chauffeur dans la cat\u00e9gorie de v\u00e9hicule de votre choix. Pendant cette p\u00e9riode, votre chauffeur reste enti\u00e8rement \u00e0 votre disposition et peut effectuer de petites courses sur demande.<\/li>\n<li><strong>Forfait complet<\/strong> pour toute la dur\u00e9e de votre s\u00e9jour : notre chauffeur vous accompagne durant votre voyage d\u2019affaires ou priv\u00e9 \u00e0 S\u00e9ville, pour une flexibilit\u00e9 maximale et un confort personnalis\u00e9.<\/li>\n<\/ul>\n<p>Merci de nous contacter afin que nous puissions discuter des d\u00e9tails et planifier votre service de transfert id\u00e9al \u00e0 S\u00e9ville.<\/p>\n<p><a class=\"button\" style=\"max-width: 450px;\" href=\"tel:+49 201 85892980\">Appelez maintenant : +49 201 85892980<\/a><\/p>\n","protected":false},"excerpt":{"rendered":"<p>D\u00e9couvrez S\u00e9ville, joyau culturel d\u2019Andalousie et p\u00f4le \u00e9conomique du sud de l\u2019Espagne, en toute s\u00e9r\u00e9nit\u00e9 et avec \u00e9l\u00e9gance : notre service de chauffeur vient vous chercher ponctuellement \u00e0 l\u2019a\u00e9roport S\u00e9ville (SVQ) ou \u00e0 la gare Santa Justa et vous conduit confortablement \u00e0 tous vos rendez-vous \u2013 r\u00e9unions d\u2019affaires dans le quartier financier, pr\u00e9sentations au centre &hellip;<\/p>\n","protected":false},"author":8,"featured_media":0,"parent":32336,"menu_order":43,"comment_status":"closed","ping_status":"closed","template":"page-staedte.php","meta":{"footnotes":""},"class_list":["post-32125","page","type-page","status-publish","hentry"],"yoast_head":"<!-- This site is optimized with the Yoast SEO Premium plugin v26.3 (Yoast SEO v26.3) - https:\/\/yoast.com\/wordpress\/plugins\/seo\/ -->\n<title>Service de limousine \u00e0 S\u00e9ville pour des arriv\u00e9es \u00e9l\u00e9gantes<\/title>\n<meta name=\"description\" content=\"Voyagez en toute tranquillit\u00e9 avec notre service de limousine \u00e0 S\u00e9ville et gagnez du temps \u00e0 chaque transfert dans la ville.\" \/>\n<meta name=\"robots\" content=\"index, follow, max-snippet:-1, max-image-preview:large, max-video-preview:-1\" \/>\n<link rel=\"canonical\" href=\"https:\/\/www.schneider-chauffeur.de\/fr\/emplacements\/espagne\/service-de-limousine-seville\/\" \/>\n<meta property=\"og:locale\" content=\"fr_FR\" \/>\n<meta property=\"og:type\" content=\"article\" \/>\n<meta property=\"og:title\" content=\"Service de limousine S\u00e9ville\" \/>\n<meta property=\"og:description\" content=\"Voyagez en toute tranquillit\u00e9 avec notre service de limousine \u00e0 S\u00e9ville et gagnez du temps \u00e0 chaque transfert dans la ville.\" \/>\n<meta property=\"og:url\" content=\"https:\/\/www.schneider-chauffeur.de\/fr\/emplacements\/espagne\/service-de-limousine-seville\/\" \/>\n<meta property=\"og:site_name\" content=\"Schneider Chauffeurservice \u2013 Gesch\u00e4ftsreisen mit h\u00f6chstem Komfort\" \/>\n<meta property=\"article:publisher\" content=\"https:\/\/www.facebook.com\/SchneiderChauffeurservice\" \/>\n<meta name=\"twitter:card\" content=\"summary_large_image\" \/>\n<meta name=\"twitter:label1\" content=\"Est. reading time\" \/>\n\t<meta name=\"twitter:data1\" content=\"2 minutes\" \/>\n<script type=\"application\/ld+json\" class=\"yoast-schema-graph\">{\"@context\":\"https:\/\/schema.org\",\"@graph\":[{\"@type\":\"WebPage\",\"@id\":\"https:\/\/www.schneider-chauffeur.de\/fr\/emplacements\/espagne\/service-de-limousine-seville\/\",\"url\":\"https:\/\/www.schneider-chauffeur.de\/fr\/emplacements\/espagne\/service-de-limousine-seville\/\",\"name\":\"Service de limousine \u00e0 S\u00e9ville pour des arriv\u00e9es \u00e9l\u00e9gantes\",\"isPartOf\":{\"@id\":\"https:\/\/www.schneider-chauffeur.de\/fr\/#website\"},\"datePublished\":\"2025-08-05T15:58:14+00:00\",\"description\":\"Voyagez en toute tranquillit\u00e9 avec notre service de limousine \u00e0 S\u00e9ville et gagnez du temps \u00e0 chaque transfert dans la ville.\",\"breadcrumb\":{\"@id\":\"https:\/\/www.schneider-chauffeur.de\/fr\/emplacements\/espagne\/service-de-limousine-seville\/#breadcrumb\"},\"inLanguage\":\"fr-FR\",\"potentialAction\":[{\"@type\":\"ReadAction\",\"target\":[\"https:\/\/www.schneider-chauffeur.de\/fr\/emplacements\/espagne\/service-de-limousine-seville\/\"]}]},{\"@type\":\"BreadcrumbList\",\"@id\":\"https:\/\/www.schneider-chauffeur.de\/fr\/emplacements\/espagne\/service-de-limousine-seville\/#breadcrumb\",\"itemListElement\":[{\"@type\":\"ListItem\",\"position\":1,\"name\":\"Page d\u2019accueil\",\"item\":\"https:\/\/www.schneider-chauffeur.de\/fr\/\"},{\"@type\":\"ListItem\",\"position\":2,\"name\":\"Emplacements\",\"item\":\"https:\/\/www.schneider-chauffeur.de\/fr\/emplacements\/\"},{\"@type\":\"ListItem\",\"position\":3,\"name\":\"Service de limousine en Espagne\",\"item\":\"https:\/\/www.schneider-chauffeur.de\/fr\/emplacements\/espagne\/\"},{\"@type\":\"ListItem\",\"position\":4,\"name\":\"Service de limousine S\u00e9ville\"}]},{\"@type\":\"WebSite\",\"@id\":\"https:\/\/www.schneider-chauffeur.de\/fr\/#website\",\"url\":\"https:\/\/www.schneider-chauffeur.de\/fr\/\",\"name\":\"Schneider Chauffeurservice \u2013 Gesch\u00e4ftsreisen mit h\u00f6chstem Komfort\",\"description\":\"\",\"publisher\":{\"@id\":\"https:\/\/www.schneider-chauffeur.de\/fr\/#organization\"},\"potentialAction\":[{\"@type\":\"SearchAction\",\"target\":{\"@type\":\"EntryPoint\",\"urlTemplate\":\"https:\/\/www.schneider-chauffeur.de\/fr\/?s={search_term_string}\"},\"query-input\":{\"@type\":\"PropertyValueSpecification\",\"valueRequired\":true,\"valueName\":\"search_term_string\"}}],\"inLanguage\":\"fr-FR\"},{\"@type\":[\"Organization\",\"Place\"],\"@id\":\"https:\/\/www.schneider-chauffeur.de\/fr\/#organization\",\"name\":\"Schneider Chauffeurservice\",\"url\":\"https:\/\/www.schneider-chauffeur.de\/fr\/\",\"logo\":{\"@id\":\"https:\/\/www.schneider-chauffeur.de\/fr\/emplacements\/espagne\/service-de-limousine-seville\/#local-main-organization-logo\"},\"image\":{\"@id\":\"https:\/\/www.schneider-chauffeur.de\/fr\/emplacements\/espagne\/service-de-limousine-seville\/#local-main-organization-logo\"},\"sameAs\":[\"https:\/\/www.facebook.com\/SchneiderChauffeurservice\",\"https:\/\/www.linkedin.com\/company\/schneider-chauffeurservice\/\",\"https:\/\/www.instagram.com\/schneider_chauffeurservice\/\"],\"legalName\":\"Schneider Chauffeurservice\",\"numberOfEmployees\":{\"@type\":\"QuantitativeValue\",\"minValue\":\"11\",\"maxValue\":\"50\"},\"address\":{\"@id\":\"https:\/\/www.schneider-chauffeur.de\/fr\/emplacements\/espagne\/service-de-limousine-seville\/#local-main-place-address\"},\"telephone\":[\"+49 20185892980\"],\"contactPoint\":{\"@type\":\"ContactPoint\",\"telephone\":\"+49 20185892980\",\"email\":\"info@schneider-chauffeur.de\"},\"openingHoursSpecification\":[{\"@type\":\"OpeningHoursSpecification\",\"dayOfWeek\":[\"Monday\",\"Tuesday\",\"Wednesday\",\"Thursday\",\"Friday\",\"Saturday\",\"Sunday\"],\"opens\":\"09:00\",\"closes\":\"17:00\"}],\"email\":\"info@schneider-chauffeur.de\",\"faxNumber\":\"Schneider Chauffeurservice\",\"areaServed\":\"Germany\"},{\"@type\":\"PostalAddress\",\"@id\":\"https:\/\/www.schneider-chauffeur.de\/fr\/emplacements\/espagne\/service-de-limousine-seville\/#local-main-place-address\",\"streetAddress\":\"Hohenzollernstr. 24\",\"addressLocality\":\"Essen\",\"postalCode\":\"45128\",\"addressCountry\":\"DE\"},{\"@type\":\"ImageObject\",\"inLanguage\":\"fr-FR\",\"@id\":\"https:\/\/www.schneider-chauffeur.de\/fr\/emplacements\/espagne\/service-de-limousine-seville\/#local-main-organization-logo\",\"url\":\"https:\/\/cdn.schneider-chauffeur.de\/app\/uploads\/2019\/08\/logo-schneider-chauffeur-service.svg\",\"contentUrl\":\"https:\/\/cdn.schneider-chauffeur.de\/app\/uploads\/2019\/08\/logo-schneider-chauffeur-service.svg\",\"caption\":\"Schneider Chauffeurservice\"}]}<\/script>\n<meta name=\"geo.placename\" content=\"Essen\" \/>\n<meta name=\"geo.region\" content=\"Germany\" \/>\n<!-- \/ Yoast SEO Premium plugin. -->","yoast_head_json":{"title":"Service de limousine \u00e0 S\u00e9ville pour des arriv\u00e9es \u00e9l\u00e9gantes","description":"Voyagez en toute tranquillit\u00e9 avec notre service de limousine \u00e0 S\u00e9ville et gagnez du temps \u00e0 chaque transfert dans la ville.","robots":{"index":"index","follow":"follow","max-snippet":"max-snippet:-1","max-image-preview":"max-image-preview:large","max-video-preview":"max-video-preview:-1"},"canonical":"https:\/\/www.schneider-chauffeur.de\/fr\/emplacements\/espagne\/service-de-limousine-seville\/","og_locale":"fr_FR","og_type":"article","og_title":"Service de limousine S\u00e9ville","og_description":"Voyagez en toute tranquillit\u00e9 avec notre service de limousine \u00e0 S\u00e9ville et gagnez du temps \u00e0 chaque transfert dans la ville.","og_url":"https:\/\/www.schneider-chauffeur.de\/fr\/emplacements\/espagne\/service-de-limousine-seville\/","og_site_name":"Schneider Chauffeurservice \u2013 Gesch\u00e4ftsreisen mit h\u00f6chstem Komfort","article_publisher":"https:\/\/www.facebook.com\/SchneiderChauffeurservice","twitter_card":"summary_large_image","twitter_misc":{"Est. reading time":"2 minutes"},"schema":{"@context":"https:\/\/schema.org","@graph":[{"@type":"WebPage","@id":"https:\/\/www.schneider-chauffeur.de\/fr\/emplacements\/espagne\/service-de-limousine-seville\/","url":"https:\/\/www.schneider-chauffeur.de\/fr\/emplacements\/espagne\/service-de-limousine-seville\/","name":"Service de limousine \u00e0 S\u00e9ville pour des arriv\u00e9es \u00e9l\u00e9gantes","isPartOf":{"@id":"https:\/\/www.schneider-chauffeur.de\/fr\/#website"},"datePublished":"2025-08-05T15:58:14+00:00","description":"Voyagez en toute tranquillit\u00e9 avec notre service de limousine \u00e0 S\u00e9ville et gagnez du temps \u00e0 chaque transfert dans la ville.","breadcrumb":{"@id":"https:\/\/www.schneider-chauffeur.de\/fr\/emplacements\/espagne\/service-de-limousine-seville\/#breadcrumb"},"inLanguage":"fr-FR","potentialAction":[{"@type":"ReadAction","target":["https:\/\/www.schneider-chauffeur.de\/fr\/emplacements\/espagne\/service-de-limousine-seville\/"]}]},{"@type":"BreadcrumbList","@id":"https:\/\/www.schneider-chauffeur.de\/fr\/emplacements\/espagne\/service-de-limousine-seville\/#breadcrumb","itemListElement":[{"@type":"ListItem","position":1,"name":"Page d\u2019accueil","item":"https:\/\/www.schneider-chauffeur.de\/fr\/"},{"@type":"ListItem","position":2,"name":"Emplacements","item":"https:\/\/www.schneider-chauffeur.de\/fr\/emplacements\/"},{"@type":"ListItem","position":3,"name":"Service de limousine en Espagne","item":"https:\/\/www.schneider-chauffeur.de\/fr\/emplacements\/espagne\/"},{"@type":"ListItem","position":4,"name":"Service de limousine S\u00e9ville"}]},{"@type":"WebSite","@id":"https:\/\/www.schneider-chauffeur.de\/fr\/#website","url":"https:\/\/www.schneider-chauffeur.de\/fr\/","name":"Schneider Chauffeurservice \u2013 Gesch\u00e4ftsreisen mit h\u00f6chstem Komfort","description":"","publisher":{"@id":"https:\/\/www.schneider-chauffeur.de\/fr\/#organization"},"potentialAction":[{"@type":"SearchAction","target":{"@type":"EntryPoint","urlTemplate":"https:\/\/www.schneider-chauffeur.de\/fr\/?s={search_term_string}"},"query-input":{"@type":"PropertyValueSpecification","valueRequired":true,"valueName":"search_term_string"}}],"inLanguage":"fr-FR"},{"@type":["Organization","Place"],"@id":"https:\/\/www.schneider-chauffeur.de\/fr\/#organization","name":"Schneider Chauffeurservice","url":"https:\/\/www.schneider-chauffeur.de\/fr\/","logo":{"@id":"https:\/\/www.schneider-chauffeur.de\/fr\/emplacements\/espagne\/service-de-limousine-seville\/#local-main-organization-logo"},"image":{"@id":"https:\/\/www.schneider-chauffeur.de\/fr\/emplacements\/espagne\/service-de-limousine-seville\/#local-main-organization-logo"},"sameAs":["https:\/\/www.facebook.com\/SchneiderChauffeurservice","https:\/\/www.linkedin.com\/company\/schneider-chauffeurservice\/","https:\/\/www.instagram.com\/schneider_chauffeurservice\/"],"legalName":"Schneider Chauffeurservice","numberOfEmployees":{"@type":"QuantitativeValue","minValue":"11","maxValue":"50"},"address":{"@id":"https:\/\/www.schneider-chauffeur.de\/fr\/emplacements\/espagne\/service-de-limousine-seville\/#local-main-place-address"},"telephone":["+49 20185892980"],"contactPoint":{"@type":"ContactPoint","telephone":"+49 20185892980","email":"info@schneider-chauffeur.de"},"openingHoursSpecification":[{"@type":"OpeningHoursSpecification","dayOfWeek":["Monday","Tuesday","Wednesday","Thursday","Friday","Saturday","Sunday"],"opens":"09:00","closes":"17:00"}],"email":"info@schneider-chauffeur.de","faxNumber":"Schneider Chauffeurservice","areaServed":"Germany"},{"@type":"PostalAddress","@id":"https:\/\/www.schneider-chauffeur.de\/fr\/emplacements\/espagne\/service-de-limousine-seville\/#local-main-place-address","streetAddress":"Hohenzollernstr. 24","addressLocality":"Essen","postalCode":"45128","addressCountry":"DE"},{"@type":"ImageObject","inLanguage":"fr-FR","@id":"https:\/\/www.schneider-chauffeur.de\/fr\/emplacements\/espagne\/service-de-limousine-seville\/#local-main-organization-logo","url":"https:\/\/cdn.schneider-chauffeur.de\/app\/uploads\/2019\/08\/logo-schneider-chauffeur-service.svg","contentUrl":"https:\/\/cdn.schneider-chauffeur.de\/app\/uploads\/2019\/08\/logo-schneider-chauffeur-service.svg","caption":"Schneider Chauffeurservice"}]},"geo.placename":"Essen","geo.region":"Germany"},"_links":{"self":[{"href":"https:\/\/www.schneider-chauffeur.de\/fr\/wp-json\/wp\/v2\/pages\/32125","targetHints":{"allow":["GET"]}}],"collection":[{"href":"https:\/\/www.schneider-chauffeur.de\/fr\/wp-json\/wp\/v2\/pages"}],"about":[{"href":"https:\/\/www.schneider-chauffeur.de\/fr\/wp-json\/wp\/v2\/types\/page"}],"author":[{"embeddable":true,"href":"https:\/\/www.schneider-chauffeur.de\/fr\/wp-json\/wp\/v2\/users\/8"}],"replies":[{"embeddable":true,"href":"https:\/\/www.schneider-chauffeur.de\/fr\/wp-json\/wp\/v2\/comments?post=32125"}],"version-history":[{"count":3,"href":"https:\/\/www.schneider-chauffeur.de\/fr\/wp-json\/wp\/v2\/pages\/32125\/revisions"}],"predecessor-version":[{"id":32155,"href":"https:\/\/www.schneider-chauffeur.de\/fr\/wp-json\/wp\/v2\/pages\/32125\/revisions\/32155"}],"up":[{"embeddable":true,"href":"https:\/\/www.schneider-chauffeur.de\/fr\/wp-json\/wp\/v2\/pages\/32336"}],"wp:attachment":[{"href":"https:\/\/www.schneider-chauffeur.de\/fr\/wp-json\/wp\/v2\/media?parent=32125"}],"curies":[{"name":"wp","href":"https:\/\/api.w.org\/{rel}","templated":true}]}}