{"id":31712,"date":"2025-08-05T18:08:10","date_gmt":"2025-08-05T16:08:10","guid":{"rendered":"https:\/\/www.schneider-chauffeur.de\/?page_id=31712"},"modified":"2025-08-05T18:08:10","modified_gmt":"2025-08-05T16:08:10","slug":"service-de-limousine-a-cracovie","status":"publish","type":"page","link":"https:\/\/www.schneider-chauffeur.de\/fr\/emplacements\/pologne\/service-de-limousine-a-cracovie\/","title":{"rendered":"Service de limousine \u00e0 Cracovie"},"content":{"rendered":"<p>Commencez votre voyage d\u2019affaires \u00e0 Cracovie en toute s\u00e9r\u00e9nit\u00e9 et avec \u00e9l\u00e9gance : notre service de chauffeur vient vous chercher ponctuellement \u00e0 l\u2019a\u00e9roport de <strong>Cracovie (KRK)<\/strong> ou \u00e0 la gare <strong>Krak\u00f3w G\u0142\u00f3wny<\/strong> et vous conduit confortablement \u00e0 tous vos rendez-vous \u2013 que ce soit \u00e0 votre h\u00f4tel, dans un centre de conf\u00e9rence ou \u00e0 des r\u00e9unions professionnelles. Installez-vous dans le raffinement de notre limousine pendant que nous g\u00e9rons chaque situation de circulation, vous offrant ainsi un temps pr\u00e9cieux pour pr\u00e9parer vos pr\u00e9sentations, passer des appels importants ou simplement vous d\u00e9tendre. Des transferts ponctuels aux r\u00e9servations \u00e0 la journ\u00e9e, notre service sur mesure \u00e0 Cracovie vous garantit une prise en charge optimale.<\/p>\n<p><a class=\"button\" href=\"https:\/\/www.schneider-chauffeur.de\/fr\/contactez\/\">Contactez-nous maintenant !<\/a><\/p>\n<h2>Nos services de chauffeur &amp; limousine \u00e0 Cracovie<\/h2>\n<p>Lors d\u2019un entretien personnalis\u00e9, nous \u00e9tablirons votre forfait sur mesure. En principe, nous proposons :<\/p>\n<ul>\n<li><strong>Transferts<\/strong> entre l\u2019a\u00e9roport de Cracovie (KRK) ou la gare Krak\u00f3w G\u0142\u00f3wny et toute destination souhait\u00e9e \u2013 h\u00f4tels, restaurants, centres de conf\u00e9rences, etc. D\u00e9couvrez des sites embl\u00e9matiques tels que la <strong>Place du March\u00e9<\/strong> ou le <strong>Ch\u00e2teau royal de Wawel<\/strong>.<\/li>\n<li><strong>Location \u00e0 l\u2019heure ou \u00e0 la journ\u00e9e<\/strong> de notre chauffeur dans la cat\u00e9gorie de v\u00e9hicule de votre choix. Pendant cette p\u00e9riode, votre chauffeur reste enti\u00e8rement \u00e0 votre disposition et peut effectuer de petites courses sur demande.<\/li>\n<li><strong>Forfait complet<\/strong> pour toute la dur\u00e9e de votre s\u00e9jour : notre chauffeur vous accompagne tout au long de votre voyage d\u2019affaires ou priv\u00e9 \u00e0 Cracovie, g\u00e9rant tous vos transferts et services pour une flexibilit\u00e9 maximale et une prise en charge personnalis\u00e9e.<\/li>\n<\/ul>\n<p>Merci de nous contacter afin que nous puissions discuter des d\u00e9tails et planifier votre service de transfert id\u00e9al.<\/p>\n<p><a class=\"button\" style=\"max-width: 450px;\" href=\"tel:+4920185892980\">Appelez maintenant : +49 201 85892980<\/a><\/p>\n","protected":false},"excerpt":{"rendered":"<p>Commencez votre voyage d\u2019affaires \u00e0 Cracovie en toute s\u00e9r\u00e9nit\u00e9 et avec \u00e9l\u00e9gance : notre service de chauffeur vient vous chercher ponctuellement \u00e0 l\u2019a\u00e9roport de Cracovie (KRK) ou \u00e0 la gare Krak\u00f3w G\u0142\u00f3wny et vous conduit confortablement \u00e0 tous vos rendez-vous \u2013 que ce soit \u00e0 votre h\u00f4tel, dans un centre de conf\u00e9rence ou \u00e0 des &hellip;<\/p>\n","protected":false},"author":8,"featured_media":0,"parent":32377,"menu_order":43,"comment_status":"closed","ping_status":"closed","template":"page-staedte.php","meta":{"footnotes":""},"class_list":["post-31712","page","type-page","status-publish","hentry"],"yoast_head":"<!-- This site is optimized with the Yoast SEO Premium plugin v26.3 (Yoast SEO v26.3) - https:\/\/yoast.com\/wordpress\/plugins\/seo\/ -->\n<title>Limousineservice Cracovie- Votre service de chauffeur<\/title>\n<meta name=\"description\" content=\"Profitez de notre service de limousines \u00e0 Cracovie pour des transferts sans stress entre l&#039;a\u00e9roport et la ville, avec un confort de conduite exclusif.\" \/>\n<meta name=\"robots\" content=\"index, follow, max-snippet:-1, max-image-preview:large, max-video-preview:-1\" \/>\n<link rel=\"canonical\" href=\"https:\/\/www.schneider-chauffeur.de\/fr\/emplacements\/pologne\/service-de-limousine-a-cracovie\/\" \/>\n<meta property=\"og:locale\" content=\"fr_FR\" \/>\n<meta property=\"og:type\" content=\"article\" \/>\n<meta property=\"og:title\" content=\"Service de limousine \u00e0 Cracovie\" \/>\n<meta property=\"og:description\" content=\"Profitez de notre service de limousines \u00e0 Cracovie pour des transferts sans stress entre l&#039;a\u00e9roport et la ville, avec un confort de conduite exclusif.\" \/>\n<meta property=\"og:url\" content=\"https:\/\/www.schneider-chauffeur.de\/fr\/emplacements\/pologne\/service-de-limousine-a-cracovie\/\" \/>\n<meta property=\"og:site_name\" content=\"Schneider Chauffeurservice \u2013 Gesch\u00e4ftsreisen mit h\u00f6chstem Komfort\" \/>\n<meta property=\"article:publisher\" content=\"https:\/\/www.facebook.com\/SchneiderChauffeurservice\" \/>\n<meta name=\"twitter:card\" content=\"summary_large_image\" \/>\n<meta name=\"twitter:label1\" content=\"Est. reading time\" \/>\n\t<meta name=\"twitter:data1\" content=\"2 minutes\" \/>\n<script type=\"application\/ld+json\" class=\"yoast-schema-graph\">{\"@context\":\"https:\/\/schema.org\",\"@graph\":[{\"@type\":\"WebPage\",\"@id\":\"https:\/\/www.schneider-chauffeur.de\/fr\/emplacements\/pologne\/service-de-limousine-a-cracovie\/\",\"url\":\"https:\/\/www.schneider-chauffeur.de\/fr\/emplacements\/pologne\/service-de-limousine-a-cracovie\/\",\"name\":\"Limousineservice Cracovie- Votre service de chauffeur\",\"isPartOf\":{\"@id\":\"https:\/\/www.schneider-chauffeur.de\/fr\/#website\"},\"datePublished\":\"2025-08-05T16:08:10+00:00\",\"description\":\"Profitez de notre service de limousines \u00e0 Cracovie pour des transferts sans stress entre l'a\u00e9roport et la ville, avec un confort de conduite exclusif.\",\"breadcrumb\":{\"@id\":\"https:\/\/www.schneider-chauffeur.de\/fr\/emplacements\/pologne\/service-de-limousine-a-cracovie\/#breadcrumb\"},\"inLanguage\":\"fr-FR\",\"potentialAction\":[{\"@type\":\"ReadAction\",\"target\":[\"https:\/\/www.schneider-chauffeur.de\/fr\/emplacements\/pologne\/service-de-limousine-a-cracovie\/\"]}]},{\"@type\":\"BreadcrumbList\",\"@id\":\"https:\/\/www.schneider-chauffeur.de\/fr\/emplacements\/pologne\/service-de-limousine-a-cracovie\/#breadcrumb\",\"itemListElement\":[{\"@type\":\"ListItem\",\"position\":1,\"name\":\"Page d\u2019accueil\",\"item\":\"https:\/\/www.schneider-chauffeur.de\/fr\/\"},{\"@type\":\"ListItem\",\"position\":2,\"name\":\"Emplacements\",\"item\":\"https:\/\/www.schneider-chauffeur.de\/fr\/emplacements\/\"},{\"@type\":\"ListItem\",\"position\":3,\"name\":\"Service de limousine en Pologne\",\"item\":\"https:\/\/www.schneider-chauffeur.de\/fr\/emplacements\/pologne\/\"},{\"@type\":\"ListItem\",\"position\":4,\"name\":\"Service de limousine \u00e0 Cracovie\"}]},{\"@type\":\"WebSite\",\"@id\":\"https:\/\/www.schneider-chauffeur.de\/fr\/#website\",\"url\":\"https:\/\/www.schneider-chauffeur.de\/fr\/\",\"name\":\"Schneider Chauffeurservice \u2013 Gesch\u00e4ftsreisen mit h\u00f6chstem Komfort\",\"description\":\"\",\"publisher\":{\"@id\":\"https:\/\/www.schneider-chauffeur.de\/fr\/#organization\"},\"potentialAction\":[{\"@type\":\"SearchAction\",\"target\":{\"@type\":\"EntryPoint\",\"urlTemplate\":\"https:\/\/www.schneider-chauffeur.de\/fr\/?s={search_term_string}\"},\"query-input\":{\"@type\":\"PropertyValueSpecification\",\"valueRequired\":true,\"valueName\":\"search_term_string\"}}],\"inLanguage\":\"fr-FR\"},{\"@type\":[\"Organization\",\"Place\"],\"@id\":\"https:\/\/www.schneider-chauffeur.de\/fr\/#organization\",\"name\":\"Schneider Chauffeurservice\",\"url\":\"https:\/\/www.schneider-chauffeur.de\/fr\/\",\"logo\":{\"@id\":\"https:\/\/www.schneider-chauffeur.de\/fr\/emplacements\/pologne\/service-de-limousine-a-cracovie\/#local-main-organization-logo\"},\"image\":{\"@id\":\"https:\/\/www.schneider-chauffeur.de\/fr\/emplacements\/pologne\/service-de-limousine-a-cracovie\/#local-main-organization-logo\"},\"sameAs\":[\"https:\/\/www.facebook.com\/SchneiderChauffeurservice\",\"https:\/\/www.linkedin.com\/company\/schneider-chauffeurservice\/\",\"https:\/\/www.instagram.com\/schneider_chauffeurservice\/\"],\"legalName\":\"Schneider Chauffeurservice\",\"numberOfEmployees\":{\"@type\":\"QuantitativeValue\",\"minValue\":\"11\",\"maxValue\":\"50\"},\"address\":{\"@id\":\"https:\/\/www.schneider-chauffeur.de\/fr\/emplacements\/pologne\/service-de-limousine-a-cracovie\/#local-main-place-address\"},\"telephone\":[\"+49 20185892980\"],\"contactPoint\":{\"@type\":\"ContactPoint\",\"telephone\":\"+49 20185892980\",\"email\":\"info@schneider-chauffeur.de\"},\"openingHoursSpecification\":[{\"@type\":\"OpeningHoursSpecification\",\"dayOfWeek\":[\"Monday\",\"Tuesday\",\"Wednesday\",\"Thursday\",\"Friday\",\"Saturday\",\"Sunday\"],\"opens\":\"09:00\",\"closes\":\"17:00\"}],\"email\":\"info@schneider-chauffeur.de\",\"faxNumber\":\"Schneider Chauffeurservice\",\"areaServed\":\"Germany\"},{\"@type\":\"PostalAddress\",\"@id\":\"https:\/\/www.schneider-chauffeur.de\/fr\/emplacements\/pologne\/service-de-limousine-a-cracovie\/#local-main-place-address\",\"streetAddress\":\"Hohenzollernstr. 24\",\"addressLocality\":\"Essen\",\"postalCode\":\"45128\",\"addressCountry\":\"DE\"},{\"@type\":\"ImageObject\",\"inLanguage\":\"fr-FR\",\"@id\":\"https:\/\/www.schneider-chauffeur.de\/fr\/emplacements\/pologne\/service-de-limousine-a-cracovie\/#local-main-organization-logo\",\"url\":\"https:\/\/cdn.schneider-chauffeur.de\/app\/uploads\/2019\/08\/logo-schneider-chauffeur-service.svg\",\"contentUrl\":\"https:\/\/cdn.schneider-chauffeur.de\/app\/uploads\/2019\/08\/logo-schneider-chauffeur-service.svg\",\"caption\":\"Schneider Chauffeurservice\"}]}<\/script>\n<meta name=\"geo.placename\" content=\"Essen\" \/>\n<meta name=\"geo.region\" content=\"Germany\" \/>\n<!-- \/ Yoast SEO Premium plugin. -->","yoast_head_json":{"title":"Limousineservice Cracovie- Votre service de chauffeur","description":"Profitez de notre service de limousines \u00e0 Cracovie pour des transferts sans stress entre l'a\u00e9roport et la ville, avec un confort de conduite exclusif.","robots":{"index":"index","follow":"follow","max-snippet":"max-snippet:-1","max-image-preview":"max-image-preview:large","max-video-preview":"max-video-preview:-1"},"canonical":"https:\/\/www.schneider-chauffeur.de\/fr\/emplacements\/pologne\/service-de-limousine-a-cracovie\/","og_locale":"fr_FR","og_type":"article","og_title":"Service de limousine \u00e0 Cracovie","og_description":"Profitez de notre service de limousines \u00e0 Cracovie pour des transferts sans stress entre l'a\u00e9roport et la ville, avec un confort de conduite exclusif.","og_url":"https:\/\/www.schneider-chauffeur.de\/fr\/emplacements\/pologne\/service-de-limousine-a-cracovie\/","og_site_name":"Schneider Chauffeurservice \u2013 Gesch\u00e4ftsreisen mit h\u00f6chstem Komfort","article_publisher":"https:\/\/www.facebook.com\/SchneiderChauffeurservice","twitter_card":"summary_large_image","twitter_misc":{"Est. reading time":"2 minutes"},"schema":{"@context":"https:\/\/schema.org","@graph":[{"@type":"WebPage","@id":"https:\/\/www.schneider-chauffeur.de\/fr\/emplacements\/pologne\/service-de-limousine-a-cracovie\/","url":"https:\/\/www.schneider-chauffeur.de\/fr\/emplacements\/pologne\/service-de-limousine-a-cracovie\/","name":"Limousineservice Cracovie- Votre service de chauffeur","isPartOf":{"@id":"https:\/\/www.schneider-chauffeur.de\/fr\/#website"},"datePublished":"2025-08-05T16:08:10+00:00","description":"Profitez de notre service de limousines \u00e0 Cracovie pour des transferts sans stress entre l'a\u00e9roport et la ville, avec un confort de conduite exclusif.","breadcrumb":{"@id":"https:\/\/www.schneider-chauffeur.de\/fr\/emplacements\/pologne\/service-de-limousine-a-cracovie\/#breadcrumb"},"inLanguage":"fr-FR","potentialAction":[{"@type":"ReadAction","target":["https:\/\/www.schneider-chauffeur.de\/fr\/emplacements\/pologne\/service-de-limousine-a-cracovie\/"]}]},{"@type":"BreadcrumbList","@id":"https:\/\/www.schneider-chauffeur.de\/fr\/emplacements\/pologne\/service-de-limousine-a-cracovie\/#breadcrumb","itemListElement":[{"@type":"ListItem","position":1,"name":"Page d\u2019accueil","item":"https:\/\/www.schneider-chauffeur.de\/fr\/"},{"@type":"ListItem","position":2,"name":"Emplacements","item":"https:\/\/www.schneider-chauffeur.de\/fr\/emplacements\/"},{"@type":"ListItem","position":3,"name":"Service de limousine en Pologne","item":"https:\/\/www.schneider-chauffeur.de\/fr\/emplacements\/pologne\/"},{"@type":"ListItem","position":4,"name":"Service de limousine \u00e0 Cracovie"}]},{"@type":"WebSite","@id":"https:\/\/www.schneider-chauffeur.de\/fr\/#website","url":"https:\/\/www.schneider-chauffeur.de\/fr\/","name":"Schneider Chauffeurservice \u2013 Gesch\u00e4ftsreisen mit h\u00f6chstem Komfort","description":"","publisher":{"@id":"https:\/\/www.schneider-chauffeur.de\/fr\/#organization"},"potentialAction":[{"@type":"SearchAction","target":{"@type":"EntryPoint","urlTemplate":"https:\/\/www.schneider-chauffeur.de\/fr\/?s={search_term_string}"},"query-input":{"@type":"PropertyValueSpecification","valueRequired":true,"valueName":"search_term_string"}}],"inLanguage":"fr-FR"},{"@type":["Organization","Place"],"@id":"https:\/\/www.schneider-chauffeur.de\/fr\/#organization","name":"Schneider Chauffeurservice","url":"https:\/\/www.schneider-chauffeur.de\/fr\/","logo":{"@id":"https:\/\/www.schneider-chauffeur.de\/fr\/emplacements\/pologne\/service-de-limousine-a-cracovie\/#local-main-organization-logo"},"image":{"@id":"https:\/\/www.schneider-chauffeur.de\/fr\/emplacements\/pologne\/service-de-limousine-a-cracovie\/#local-main-organization-logo"},"sameAs":["https:\/\/www.facebook.com\/SchneiderChauffeurservice","https:\/\/www.linkedin.com\/company\/schneider-chauffeurservice\/","https:\/\/www.instagram.com\/schneider_chauffeurservice\/"],"legalName":"Schneider Chauffeurservice","numberOfEmployees":{"@type":"QuantitativeValue","minValue":"11","maxValue":"50"},"address":{"@id":"https:\/\/www.schneider-chauffeur.de\/fr\/emplacements\/pologne\/service-de-limousine-a-cracovie\/#local-main-place-address"},"telephone":["+49 20185892980"],"contactPoint":{"@type":"ContactPoint","telephone":"+49 20185892980","email":"info@schneider-chauffeur.de"},"openingHoursSpecification":[{"@type":"OpeningHoursSpecification","dayOfWeek":["Monday","Tuesday","Wednesday","Thursday","Friday","Saturday","Sunday"],"opens":"09:00","closes":"17:00"}],"email":"info@schneider-chauffeur.de","faxNumber":"Schneider Chauffeurservice","areaServed":"Germany"},{"@type":"PostalAddress","@id":"https:\/\/www.schneider-chauffeur.de\/fr\/emplacements\/pologne\/service-de-limousine-a-cracovie\/#local-main-place-address","streetAddress":"Hohenzollernstr. 24","addressLocality":"Essen","postalCode":"45128","addressCountry":"DE"},{"@type":"ImageObject","inLanguage":"fr-FR","@id":"https:\/\/www.schneider-chauffeur.de\/fr\/emplacements\/pologne\/service-de-limousine-a-cracovie\/#local-main-organization-logo","url":"https:\/\/cdn.schneider-chauffeur.de\/app\/uploads\/2019\/08\/logo-schneider-chauffeur-service.svg","contentUrl":"https:\/\/cdn.schneider-chauffeur.de\/app\/uploads\/2019\/08\/logo-schneider-chauffeur-service.svg","caption":"Schneider Chauffeurservice"}]},"geo.placename":"Essen","geo.region":"Germany"},"_links":{"self":[{"href":"https:\/\/www.schneider-chauffeur.de\/fr\/wp-json\/wp\/v2\/pages\/31712","targetHints":{"allow":["GET"]}}],"collection":[{"href":"https:\/\/www.schneider-chauffeur.de\/fr\/wp-json\/wp\/v2\/pages"}],"about":[{"href":"https:\/\/www.schneider-chauffeur.de\/fr\/wp-json\/wp\/v2\/types\/page"}],"author":[{"embeddable":true,"href":"https:\/\/www.schneider-chauffeur.de\/fr\/wp-json\/wp\/v2\/users\/8"}],"replies":[{"embeddable":true,"href":"https:\/\/www.schneider-chauffeur.de\/fr\/wp-json\/wp\/v2\/comments?post=31712"}],"version-history":[{"count":6,"href":"https:\/\/www.schneider-chauffeur.de\/fr\/wp-json\/wp\/v2\/pages\/31712\/revisions"}],"predecessor-version":[{"id":31733,"href":"https:\/\/www.schneider-chauffeur.de\/fr\/wp-json\/wp\/v2\/pages\/31712\/revisions\/31733"}],"up":[{"embeddable":true,"href":"https:\/\/www.schneider-chauffeur.de\/fr\/wp-json\/wp\/v2\/pages\/32377"}],"wp:attachment":[{"href":"https:\/\/www.schneider-chauffeur.de\/fr\/wp-json\/wp\/v2\/media?parent=31712"}],"curies":[{"name":"wp","href":"https:\/\/api.w.org\/{rel}","templated":true}]}}