{"id":31109,"date":"2025-08-01T10:35:37","date_gmt":"2025-08-01T08:35:37","guid":{"rendered":"https:\/\/www.schneider-chauffeur.de\/?page_id=31109"},"modified":"2025-08-01T13:20:38","modified_gmt":"2025-08-01T11:20:38","slug":"service-de-limousine-birmingham","status":"publish","type":"page","link":"https:\/\/www.schneider-chauffeur.de\/fr\/emplacements\/royaume-uni\/service-de-limousine-birmingham\/","title":{"rendered":"Service de limousine Birmingham"},"content":{"rendered":"<p>Commencez votre voyage d\u2019affaires \u00e0 Birmingham en toute s\u00e9r\u00e9nit\u00e9 et avec \u00e9l\u00e9gance : notre service de chauffeur professionnel vous prend ponctuellement en charge \u00e0 l\u2019a\u00e9roport de Birmingham (BHX) ou \u00e0 la gare Birmingham New Street et vous conduit confortablement \u00e0 tous vos rendez-vous \u2013 que ce soit \u00e0 votre h\u00f4tel, dans un centre de conf\u00e9rence ou \u00e0 une r\u00e9union d\u2019affaires. Installez-vous dans le confort raffin\u00e9 de notre limousine pendant que nous prenons en charge la circulation, vous laissant du temps pour pr\u00e9parer vos pr\u00e9sentations, passer des appels importants ou simplement vous d\u00e9tendre. Des transferts ponctuels aux r\u00e9servations \u00e0 la journ\u00e9e, notre service sur mesure \u00e0 Birmingham vous garantit une prise en charge optimale.<\/p>\n<p><a class=\"button\" href=\"https:\/\/www.schneider-chauffeur.de\/fr\/contactez\/\">Contactez-nous maintenant !<\/a><\/p>\n<h2>Nos services de chauffeur &amp; limousine \u00e0 Birmingham<\/h2>\n<p>Lors d\u2019un bref entretien t\u00e9l\u00e9phonique, nous \u00e9laborerons votre forfait personnalis\u00e9. Nous proposons notamment :<\/p>\n<ul>\n<li><strong>Transferts<\/strong> Transferts entre l\u2019a\u00e9roport de Birmingham (BHX) ou la gare Birmingham New Street et toutes destinations souhait\u00e9es \u2013 restaurants, centres de conf\u00e9rence, h\u00f4tels, etc. D\u00e9couvrez des sites incontournables tels que le complexe commercial moderne <strong>Bullring &amp; Grand Central<\/strong> ou la renomm\u00e9e <strong>Symphony Hall<\/strong>.<\/li>\n<li><strong>Location \u00e0 l\u2019heure ou \u00e0 la journ\u00e9e<\/strong> de notre chauffeur dans la cat\u00e9gorie de v\u00e9hicule de votre choix. Pendant cette p\u00e9riode, votre chauffeur reste enti\u00e8rement \u00e0 votre disposition et peut effectuer de petites courses sur demande.<\/li>\n<li><strong>Forfait complet<\/strong> pour la dur\u00e9e de votre s\u00e9jour : notre chauffeur vous accompagne tout au long de votre d\u00e9placement professionnel ou priv\u00e9 \u00e0 Birmingham, g\u00e9rant tous vos transferts et services selon votre planning pour une flexibilit\u00e9 maximale et une prise en charge personnalis\u00e9e.<\/li>\n<\/ul>\n<p>Merci de nous contacter afin que nous puissions discuter des d\u00e9tails et planifier votre service de transfert id\u00e9al.<\/p>\n<p><a class=\"button\" style=\"max-width: 450px;\" href=\"tel:+442045794975\">Appelez maintenant : +44 2045794975<\/a><\/p>\n","protected":false},"excerpt":{"rendered":"<p>Commencez votre voyage d\u2019affaires \u00e0 Birmingham en toute s\u00e9r\u00e9nit\u00e9 et avec \u00e9l\u00e9gance : notre service de chauffeur professionnel vous prend ponctuellement en charge \u00e0 l\u2019a\u00e9roport de Birmingham (BHX) ou \u00e0 la gare Birmingham New Street et vous conduit confortablement \u00e0 tous vos rendez-vous \u2013 que ce soit \u00e0 votre h\u00f4tel, dans un centre de conf\u00e9rence &hellip;<\/p>\n","protected":false},"author":8,"featured_media":0,"parent":32314,"menu_order":39,"comment_status":"closed","ping_status":"closed","template":"page-staedte.php","meta":{"footnotes":""},"class_list":["post-31109","page","type-page","status-publish","hentry"],"yoast_head":"<!-- This site is optimized with the Yoast SEO Premium plugin v26.3 (Yoast SEO v26.3) - https:\/\/yoast.com\/wordpress\/plugins\/seo\/ -->\n<title>Service de limousine Birmingham : Confortable et efficace<\/title>\n<meta name=\"description\" content=\"Avec notre service de limousine Birmingham, vous serez toujours \u00e0 l&#039;heure et \u00e0 l&#039;aise sur la route - de l&#039;a\u00e9roport \u00e0 l&#039;h\u00f4tel.\" \/>\n<meta name=\"robots\" content=\"index, follow, max-snippet:-1, max-image-preview:large, max-video-preview:-1\" \/>\n<link rel=\"canonical\" href=\"https:\/\/www.schneider-chauffeur.de\/fr\/emplacements\/royaume-uni\/service-de-limousine-birmingham\/\" \/>\n<meta property=\"og:locale\" content=\"fr_FR\" \/>\n<meta property=\"og:type\" content=\"article\" \/>\n<meta property=\"og:title\" content=\"Service de limousine Birmingham\" \/>\n<meta property=\"og:description\" content=\"Avec notre service de limousine Birmingham, vous serez toujours \u00e0 l&#039;heure et \u00e0 l&#039;aise sur la route - de l&#039;a\u00e9roport \u00e0 l&#039;h\u00f4tel.\" \/>\n<meta property=\"og:url\" content=\"https:\/\/www.schneider-chauffeur.de\/fr\/emplacements\/royaume-uni\/service-de-limousine-birmingham\/\" \/>\n<meta property=\"og:site_name\" content=\"Schneider Chauffeurservice \u2013 Gesch\u00e4ftsreisen mit h\u00f6chstem Komfort\" \/>\n<meta property=\"article:publisher\" content=\"https:\/\/www.facebook.com\/SchneiderChauffeurservice\" \/>\n<meta property=\"article:modified_time\" content=\"2025-08-01T11:20:38+00:00\" \/>\n<meta name=\"twitter:card\" content=\"summary_large_image\" \/>\n<meta name=\"twitter:label1\" content=\"Est. reading time\" \/>\n\t<meta name=\"twitter:data1\" content=\"2 minutes\" \/>\n<script type=\"application\/ld+json\" class=\"yoast-schema-graph\">{\"@context\":\"https:\/\/schema.org\",\"@graph\":[{\"@type\":\"WebPage\",\"@id\":\"https:\/\/www.schneider-chauffeur.de\/fr\/emplacements\/royaume-uni\/service-de-limousine-birmingham\/\",\"url\":\"https:\/\/www.schneider-chauffeur.de\/fr\/emplacements\/royaume-uni\/service-de-limousine-birmingham\/\",\"name\":\"Service de limousine Birmingham : Confortable et efficace\",\"isPartOf\":{\"@id\":\"https:\/\/www.schneider-chauffeur.de\/fr\/#website\"},\"datePublished\":\"2025-08-01T08:35:37+00:00\",\"dateModified\":\"2025-08-01T11:20:38+00:00\",\"description\":\"Avec notre service de limousine Birmingham, vous serez toujours \u00e0 l'heure et \u00e0 l'aise sur la route - de l'a\u00e9roport \u00e0 l'h\u00f4tel.\",\"breadcrumb\":{\"@id\":\"https:\/\/www.schneider-chauffeur.de\/fr\/emplacements\/royaume-uni\/service-de-limousine-birmingham\/#breadcrumb\"},\"inLanguage\":\"fr-FR\",\"potentialAction\":[{\"@type\":\"ReadAction\",\"target\":[\"https:\/\/www.schneider-chauffeur.de\/fr\/emplacements\/royaume-uni\/service-de-limousine-birmingham\/\"]}]},{\"@type\":\"BreadcrumbList\",\"@id\":\"https:\/\/www.schneider-chauffeur.de\/fr\/emplacements\/royaume-uni\/service-de-limousine-birmingham\/#breadcrumb\",\"itemListElement\":[{\"@type\":\"ListItem\",\"position\":1,\"name\":\"Page d\u2019accueil\",\"item\":\"https:\/\/www.schneider-chauffeur.de\/fr\/\"},{\"@type\":\"ListItem\",\"position\":2,\"name\":\"Emplacements\",\"item\":\"https:\/\/www.schneider-chauffeur.de\/fr\/emplacements\/\"},{\"@type\":\"ListItem\",\"position\":3,\"name\":\"Service de limousine Royaume-Uni\",\"item\":\"https:\/\/www.schneider-chauffeur.de\/fr\/emplacements\/royaume-uni\/\"},{\"@type\":\"ListItem\",\"position\":4,\"name\":\"Service de limousine Birmingham\"}]},{\"@type\":\"WebSite\",\"@id\":\"https:\/\/www.schneider-chauffeur.de\/fr\/#website\",\"url\":\"https:\/\/www.schneider-chauffeur.de\/fr\/\",\"name\":\"Schneider Chauffeurservice \u2013 Gesch\u00e4ftsreisen mit h\u00f6chstem Komfort\",\"description\":\"\",\"publisher\":{\"@id\":\"https:\/\/www.schneider-chauffeur.de\/fr\/#organization\"},\"potentialAction\":[{\"@type\":\"SearchAction\",\"target\":{\"@type\":\"EntryPoint\",\"urlTemplate\":\"https:\/\/www.schneider-chauffeur.de\/fr\/?s={search_term_string}\"},\"query-input\":{\"@type\":\"PropertyValueSpecification\",\"valueRequired\":true,\"valueName\":\"search_term_string\"}}],\"inLanguage\":\"fr-FR\"},{\"@type\":[\"Organization\",\"Place\"],\"@id\":\"https:\/\/www.schneider-chauffeur.de\/fr\/#organization\",\"name\":\"Schneider Chauffeurservice\",\"url\":\"https:\/\/www.schneider-chauffeur.de\/fr\/\",\"logo\":{\"@id\":\"https:\/\/www.schneider-chauffeur.de\/fr\/emplacements\/royaume-uni\/service-de-limousine-birmingham\/#local-main-organization-logo\"},\"image\":{\"@id\":\"https:\/\/www.schneider-chauffeur.de\/fr\/emplacements\/royaume-uni\/service-de-limousine-birmingham\/#local-main-organization-logo\"},\"sameAs\":[\"https:\/\/www.facebook.com\/SchneiderChauffeurservice\",\"https:\/\/www.linkedin.com\/company\/schneider-chauffeurservice\/\",\"https:\/\/www.instagram.com\/schneider_chauffeurservice\/\"],\"legalName\":\"Schneider Chauffeurservice\",\"numberOfEmployees\":{\"@type\":\"QuantitativeValue\",\"minValue\":\"11\",\"maxValue\":\"50\"},\"address\":{\"@id\":\"https:\/\/www.schneider-chauffeur.de\/fr\/emplacements\/royaume-uni\/service-de-limousine-birmingham\/#local-main-place-address\"},\"telephone\":[\"+49 20185892980\"],\"contactPoint\":{\"@type\":\"ContactPoint\",\"telephone\":\"+49 20185892980\",\"email\":\"info@schneider-chauffeur.de\"},\"openingHoursSpecification\":[{\"@type\":\"OpeningHoursSpecification\",\"dayOfWeek\":[\"Monday\",\"Tuesday\",\"Wednesday\",\"Thursday\",\"Friday\",\"Saturday\",\"Sunday\"],\"opens\":\"09:00\",\"closes\":\"17:00\"}],\"email\":\"info@schneider-chauffeur.de\",\"faxNumber\":\"Schneider Chauffeurservice\",\"areaServed\":\"Germany\"},{\"@type\":\"PostalAddress\",\"@id\":\"https:\/\/www.schneider-chauffeur.de\/fr\/emplacements\/royaume-uni\/service-de-limousine-birmingham\/#local-main-place-address\",\"streetAddress\":\"Hohenzollernstr. 24\",\"addressLocality\":\"Essen\",\"postalCode\":\"45128\",\"addressCountry\":\"DE\"},{\"@type\":\"ImageObject\",\"inLanguage\":\"fr-FR\",\"@id\":\"https:\/\/www.schneider-chauffeur.de\/fr\/emplacements\/royaume-uni\/service-de-limousine-birmingham\/#local-main-organization-logo\",\"url\":\"https:\/\/cdn.schneider-chauffeur.de\/app\/uploads\/2019\/08\/logo-schneider-chauffeur-service.svg\",\"contentUrl\":\"https:\/\/cdn.schneider-chauffeur.de\/app\/uploads\/2019\/08\/logo-schneider-chauffeur-service.svg\",\"caption\":\"Schneider Chauffeurservice\"}]}<\/script>\n<meta name=\"geo.placename\" content=\"Essen\" \/>\n<meta name=\"geo.region\" content=\"Germany\" \/>\n<!-- \/ Yoast SEO Premium plugin. -->","yoast_head_json":{"title":"Service de limousine Birmingham : Confortable et efficace","description":"Avec notre service de limousine Birmingham, vous serez toujours \u00e0 l'heure et \u00e0 l'aise sur la route - de l'a\u00e9roport \u00e0 l'h\u00f4tel.","robots":{"index":"index","follow":"follow","max-snippet":"max-snippet:-1","max-image-preview":"max-image-preview:large","max-video-preview":"max-video-preview:-1"},"canonical":"https:\/\/www.schneider-chauffeur.de\/fr\/emplacements\/royaume-uni\/service-de-limousine-birmingham\/","og_locale":"fr_FR","og_type":"article","og_title":"Service de limousine Birmingham","og_description":"Avec notre service de limousine Birmingham, vous serez toujours \u00e0 l'heure et \u00e0 l'aise sur la route - de l'a\u00e9roport \u00e0 l'h\u00f4tel.","og_url":"https:\/\/www.schneider-chauffeur.de\/fr\/emplacements\/royaume-uni\/service-de-limousine-birmingham\/","og_site_name":"Schneider Chauffeurservice \u2013 Gesch\u00e4ftsreisen mit h\u00f6chstem Komfort","article_publisher":"https:\/\/www.facebook.com\/SchneiderChauffeurservice","article_modified_time":"2025-08-01T11:20:38+00:00","twitter_card":"summary_large_image","twitter_misc":{"Est. reading time":"2 minutes"},"schema":{"@context":"https:\/\/schema.org","@graph":[{"@type":"WebPage","@id":"https:\/\/www.schneider-chauffeur.de\/fr\/emplacements\/royaume-uni\/service-de-limousine-birmingham\/","url":"https:\/\/www.schneider-chauffeur.de\/fr\/emplacements\/royaume-uni\/service-de-limousine-birmingham\/","name":"Service de limousine Birmingham : Confortable et efficace","isPartOf":{"@id":"https:\/\/www.schneider-chauffeur.de\/fr\/#website"},"datePublished":"2025-08-01T08:35:37+00:00","dateModified":"2025-08-01T11:20:38+00:00","description":"Avec notre service de limousine Birmingham, vous serez toujours \u00e0 l'heure et \u00e0 l'aise sur la route - de l'a\u00e9roport \u00e0 l'h\u00f4tel.","breadcrumb":{"@id":"https:\/\/www.schneider-chauffeur.de\/fr\/emplacements\/royaume-uni\/service-de-limousine-birmingham\/#breadcrumb"},"inLanguage":"fr-FR","potentialAction":[{"@type":"ReadAction","target":["https:\/\/www.schneider-chauffeur.de\/fr\/emplacements\/royaume-uni\/service-de-limousine-birmingham\/"]}]},{"@type":"BreadcrumbList","@id":"https:\/\/www.schneider-chauffeur.de\/fr\/emplacements\/royaume-uni\/service-de-limousine-birmingham\/#breadcrumb","itemListElement":[{"@type":"ListItem","position":1,"name":"Page d\u2019accueil","item":"https:\/\/www.schneider-chauffeur.de\/fr\/"},{"@type":"ListItem","position":2,"name":"Emplacements","item":"https:\/\/www.schneider-chauffeur.de\/fr\/emplacements\/"},{"@type":"ListItem","position":3,"name":"Service de limousine Royaume-Uni","item":"https:\/\/www.schneider-chauffeur.de\/fr\/emplacements\/royaume-uni\/"},{"@type":"ListItem","position":4,"name":"Service de limousine Birmingham"}]},{"@type":"WebSite","@id":"https:\/\/www.schneider-chauffeur.de\/fr\/#website","url":"https:\/\/www.schneider-chauffeur.de\/fr\/","name":"Schneider Chauffeurservice \u2013 Gesch\u00e4ftsreisen mit h\u00f6chstem Komfort","description":"","publisher":{"@id":"https:\/\/www.schneider-chauffeur.de\/fr\/#organization"},"potentialAction":[{"@type":"SearchAction","target":{"@type":"EntryPoint","urlTemplate":"https:\/\/www.schneider-chauffeur.de\/fr\/?s={search_term_string}"},"query-input":{"@type":"PropertyValueSpecification","valueRequired":true,"valueName":"search_term_string"}}],"inLanguage":"fr-FR"},{"@type":["Organization","Place"],"@id":"https:\/\/www.schneider-chauffeur.de\/fr\/#organization","name":"Schneider Chauffeurservice","url":"https:\/\/www.schneider-chauffeur.de\/fr\/","logo":{"@id":"https:\/\/www.schneider-chauffeur.de\/fr\/emplacements\/royaume-uni\/service-de-limousine-birmingham\/#local-main-organization-logo"},"image":{"@id":"https:\/\/www.schneider-chauffeur.de\/fr\/emplacements\/royaume-uni\/service-de-limousine-birmingham\/#local-main-organization-logo"},"sameAs":["https:\/\/www.facebook.com\/SchneiderChauffeurservice","https:\/\/www.linkedin.com\/company\/schneider-chauffeurservice\/","https:\/\/www.instagram.com\/schneider_chauffeurservice\/"],"legalName":"Schneider Chauffeurservice","numberOfEmployees":{"@type":"QuantitativeValue","minValue":"11","maxValue":"50"},"address":{"@id":"https:\/\/www.schneider-chauffeur.de\/fr\/emplacements\/royaume-uni\/service-de-limousine-birmingham\/#local-main-place-address"},"telephone":["+49 20185892980"],"contactPoint":{"@type":"ContactPoint","telephone":"+49 20185892980","email":"info@schneider-chauffeur.de"},"openingHoursSpecification":[{"@type":"OpeningHoursSpecification","dayOfWeek":["Monday","Tuesday","Wednesday","Thursday","Friday","Saturday","Sunday"],"opens":"09:00","closes":"17:00"}],"email":"info@schneider-chauffeur.de","faxNumber":"Schneider Chauffeurservice","areaServed":"Germany"},{"@type":"PostalAddress","@id":"https:\/\/www.schneider-chauffeur.de\/fr\/emplacements\/royaume-uni\/service-de-limousine-birmingham\/#local-main-place-address","streetAddress":"Hohenzollernstr. 24","addressLocality":"Essen","postalCode":"45128","addressCountry":"DE"},{"@type":"ImageObject","inLanguage":"fr-FR","@id":"https:\/\/www.schneider-chauffeur.de\/fr\/emplacements\/royaume-uni\/service-de-limousine-birmingham\/#local-main-organization-logo","url":"https:\/\/cdn.schneider-chauffeur.de\/app\/uploads\/2019\/08\/logo-schneider-chauffeur-service.svg","contentUrl":"https:\/\/cdn.schneider-chauffeur.de\/app\/uploads\/2019\/08\/logo-schneider-chauffeur-service.svg","caption":"Schneider Chauffeurservice"}]},"geo.placename":"Essen","geo.region":"Germany"},"_links":{"self":[{"href":"https:\/\/www.schneider-chauffeur.de\/fr\/wp-json\/wp\/v2\/pages\/31109","targetHints":{"allow":["GET"]}}],"collection":[{"href":"https:\/\/www.schneider-chauffeur.de\/fr\/wp-json\/wp\/v2\/pages"}],"about":[{"href":"https:\/\/www.schneider-chauffeur.de\/fr\/wp-json\/wp\/v2\/types\/page"}],"author":[{"embeddable":true,"href":"https:\/\/www.schneider-chauffeur.de\/fr\/wp-json\/wp\/v2\/users\/8"}],"replies":[{"embeddable":true,"href":"https:\/\/www.schneider-chauffeur.de\/fr\/wp-json\/wp\/v2\/comments?post=31109"}],"version-history":[{"count":9,"href":"https:\/\/www.schneider-chauffeur.de\/fr\/wp-json\/wp\/v2\/pages\/31109\/revisions"}],"predecessor-version":[{"id":31132,"href":"https:\/\/www.schneider-chauffeur.de\/fr\/wp-json\/wp\/v2\/pages\/31109\/revisions\/31132"}],"up":[{"embeddable":true,"href":"https:\/\/www.schneider-chauffeur.de\/fr\/wp-json\/wp\/v2\/pages\/32314"}],"wp:attachment":[{"href":"https:\/\/www.schneider-chauffeur.de\/fr\/wp-json\/wp\/v2\/media?parent=31109"}],"curies":[{"name":"wp","href":"https:\/\/api.w.org\/{rel}","templated":true}]}}