{"id":31045,"date":"2025-07-31T17:18:09","date_gmt":"2025-07-31T15:18:09","guid":{"rendered":"https:\/\/www.schneider-chauffeur.de\/?page_id=31045"},"modified":"2025-08-01T13:16:17","modified_gmt":"2025-08-01T11:16:17","slug":"service-de-limousine-a-londres","status":"publish","type":"page","link":"https:\/\/www.schneider-chauffeur.de\/fr\/emplacements\/royaume-uni\/service-de-limousine-a-londres\/","title":{"rendered":"Service de limousine \u00e0 Londres"},"content":{"rendered":"<p>Profitez pleinement de votre voyage d\u2019affaires \u00e0 Londres : notre service de limousine vous conduit confortablement et ponctuellement \u00e0 tous vos rendez-vous \u2013 de l\u2019a\u00e9roport de Heathrow ou de London City Airport jusqu\u2019\u00e0 votre h\u00f4tel ou directement sur le lieu de votre conf\u00e9rence. D\u00e9tendez-vous dans l\u2019int\u00e9rieur \u00e9l\u00e9gant de notre limousine haut de gamme pendant que nous g\u00e9rons le trafic pour vous. Vous gagnez ainsi un temps pr\u00e9cieux pour vos pr\u00e9paratifs, vos appels importants ou simplement pour vous relaxer. Qu\u2019il s\u2019agisse de transferts ponctuels ou d\u2019un service \u00e0 la journ\u00e9e, notre service tout compris \u00e0 Londres vous offre une prise en charge optimale.<\/p>\n<p><a class=\"button\" href=\"https:\/\/www.schneider-chauffeur.de\/fr\/contactez\/\">Contactez-nous maintenant !<\/a><\/p>\n<h2>Nos services de chauffeur &amp; limousine \u00e0 Londres<\/h2>\n<p>Avec notre service de limousine \u00e0 Londres, nous adaptons nos prestations \u00e0 vos besoins. Lors d\u2019un entretien t\u00e9l\u00e9phonique, nous \u00e9laborerons votre forfait personnalis\u00e9. Nous proposons notamment :<\/p>\n<ul>\n<li><strong>Transferts<\/strong> Transferts entre l\u2019a\u00e9roport de Heathrow ou London City Airport, la gare ou station de m\u00e9tro, votre bureau, vos rendez-vous d\u2019affaires, salons, h\u00f4tels et autres destinations souhait\u00e9es \u2013 visites de restaurants, lieux d\u2019\u00e9v\u00e9nements ou excursions vers des sites embl\u00e9matiques tels que le <strong>Tower Bridge<\/strong> et l\u2019impressionnant <strong>The Shard<\/strong>. Vous pouvez r\u00e9server des trajets \u00e0 l\u2019unit\u00e9 ou opter pour un forfait avec le nombre de transferts souhait\u00e9.<\/li>\n<li><strong>R\u00e9servation \u00e0 l\u2019heure ou \u00e0 la journ\u00e9e<\/strong> de notre chauffeur dans la cat\u00e9gorie de v\u00e9hicule de votre choix. Pendant cette p\u00e9riode, votre chauffeur reste enti\u00e8rement \u00e0 votre disposition et peut effectuer de petites commissions sur demande.<\/li>\n<li><strong>Forfait complet<\/strong> pour votre voyage d\u2019affaires ou s\u00e9jour priv\u00e9 : notre chauffeur vous accompagne tout au long de votre visite \u00e0 Londres et prend en charge tous vos transferts et prestations selon votre planning, pour une flexibilit\u00e9 maximale et une attention personnalis\u00e9e.<\/li>\n<\/ul>\n<p>Merci de nous contacter afin que nous puissions discuter des d\u00e9tails et planifier votre service de transport id\u00e9al.<\/p>\n<p><a class=\"button\" style=\"max-width: 450px;\" href=\"tel:+44 2045794975\">Appelez maintenant : +44 2045794975<\/a><\/p>\n","protected":false},"excerpt":{"rendered":"<p>Profitez pleinement de votre voyage d\u2019affaires \u00e0 Londres : notre service de limousine vous conduit confortablement et ponctuellement \u00e0 tous vos rendez-vous \u2013 de l\u2019a\u00e9roport de Heathrow ou de London City Airport jusqu\u2019\u00e0 votre h\u00f4tel ou directement sur le lieu de votre conf\u00e9rence. D\u00e9tendez-vous dans l\u2019int\u00e9rieur \u00e9l\u00e9gant de notre limousine haut de gamme pendant que &hellip;<\/p>\n","protected":false},"author":8,"featured_media":0,"parent":32314,"menu_order":39,"comment_status":"closed","ping_status":"closed","template":"page-staedte.php","meta":{"footnotes":""},"class_list":["post-31045","page","type-page","status-publish","hentry"],"yoast_head":"<!-- This site is optimized with the Yoast SEO Premium plugin v26.3 (Yoast SEO v26.3) - https:\/\/yoast.com\/wordpress\/plugins\/seo\/ -->\n<title>Limousineservice Londres : Votre chauffeur sur mesure<\/title>\n<meta name=\"description\" content=\"R\u00e9servez notre service de limousines \u00e0 Londres pour des transferts de premi\u00e8re classe et profitez du luxe pendant vos voyages.\" \/>\n<meta name=\"robots\" content=\"index, follow, max-snippet:-1, max-image-preview:large, max-video-preview:-1\" \/>\n<link rel=\"canonical\" href=\"https:\/\/www.schneider-chauffeur.de\/fr\/emplacements\/royaume-uni\/service-de-limousine-a-londres\/\" \/>\n<meta property=\"og:locale\" content=\"fr_FR\" \/>\n<meta property=\"og:type\" content=\"article\" \/>\n<meta property=\"og:title\" content=\"Service de limousine \u00e0 Londres\" \/>\n<meta property=\"og:description\" content=\"R\u00e9servez notre service de limousines \u00e0 Londres pour des transferts de premi\u00e8re classe et profitez du luxe pendant vos voyages.\" \/>\n<meta property=\"og:url\" content=\"https:\/\/www.schneider-chauffeur.de\/fr\/emplacements\/royaume-uni\/service-de-limousine-a-londres\/\" \/>\n<meta property=\"og:site_name\" content=\"Schneider Chauffeurservice \u2013 Gesch\u00e4ftsreisen mit h\u00f6chstem Komfort\" \/>\n<meta property=\"article:publisher\" content=\"https:\/\/www.facebook.com\/SchneiderChauffeurservice\" \/>\n<meta property=\"article:modified_time\" content=\"2025-08-01T11:16:17+00:00\" \/>\n<meta name=\"twitter:card\" content=\"summary_large_image\" \/>\n<meta name=\"twitter:label1\" content=\"Est. reading time\" \/>\n\t<meta name=\"twitter:data1\" content=\"2 minutes\" \/>\n<script type=\"application\/ld+json\" class=\"yoast-schema-graph\">{\"@context\":\"https:\/\/schema.org\",\"@graph\":[{\"@type\":\"WebPage\",\"@id\":\"https:\/\/www.schneider-chauffeur.de\/fr\/emplacements\/royaume-uni\/service-de-limousine-a-londres\/\",\"url\":\"https:\/\/www.schneider-chauffeur.de\/fr\/emplacements\/royaume-uni\/service-de-limousine-a-londres\/\",\"name\":\"Limousineservice Londres : Votre chauffeur sur mesure\",\"isPartOf\":{\"@id\":\"https:\/\/www.schneider-chauffeur.de\/fr\/#website\"},\"datePublished\":\"2025-07-31T15:18:09+00:00\",\"dateModified\":\"2025-08-01T11:16:17+00:00\",\"description\":\"R\u00e9servez notre service de limousines \u00e0 Londres pour des transferts de premi\u00e8re classe et profitez du luxe pendant vos voyages.\",\"breadcrumb\":{\"@id\":\"https:\/\/www.schneider-chauffeur.de\/fr\/emplacements\/royaume-uni\/service-de-limousine-a-londres\/#breadcrumb\"},\"inLanguage\":\"fr-FR\",\"potentialAction\":[{\"@type\":\"ReadAction\",\"target\":[\"https:\/\/www.schneider-chauffeur.de\/fr\/emplacements\/royaume-uni\/service-de-limousine-a-londres\/\"]}]},{\"@type\":\"BreadcrumbList\",\"@id\":\"https:\/\/www.schneider-chauffeur.de\/fr\/emplacements\/royaume-uni\/service-de-limousine-a-londres\/#breadcrumb\",\"itemListElement\":[{\"@type\":\"ListItem\",\"position\":1,\"name\":\"Page d\u2019accueil\",\"item\":\"https:\/\/www.schneider-chauffeur.de\/fr\/\"},{\"@type\":\"ListItem\",\"position\":2,\"name\":\"Emplacements\",\"item\":\"https:\/\/www.schneider-chauffeur.de\/fr\/emplacements\/\"},{\"@type\":\"ListItem\",\"position\":3,\"name\":\"Service de limousine Royaume-Uni\",\"item\":\"https:\/\/www.schneider-chauffeur.de\/fr\/emplacements\/royaume-uni\/\"},{\"@type\":\"ListItem\",\"position\":4,\"name\":\"Service de limousine \u00e0 Londres\"}]},{\"@type\":\"WebSite\",\"@id\":\"https:\/\/www.schneider-chauffeur.de\/fr\/#website\",\"url\":\"https:\/\/www.schneider-chauffeur.de\/fr\/\",\"name\":\"Schneider Chauffeurservice \u2013 Gesch\u00e4ftsreisen mit h\u00f6chstem Komfort\",\"description\":\"\",\"publisher\":{\"@id\":\"https:\/\/www.schneider-chauffeur.de\/fr\/#organization\"},\"potentialAction\":[{\"@type\":\"SearchAction\",\"target\":{\"@type\":\"EntryPoint\",\"urlTemplate\":\"https:\/\/www.schneider-chauffeur.de\/fr\/?s={search_term_string}\"},\"query-input\":{\"@type\":\"PropertyValueSpecification\",\"valueRequired\":true,\"valueName\":\"search_term_string\"}}],\"inLanguage\":\"fr-FR\"},{\"@type\":[\"Organization\",\"Place\"],\"@id\":\"https:\/\/www.schneider-chauffeur.de\/fr\/#organization\",\"name\":\"Schneider Chauffeurservice\",\"url\":\"https:\/\/www.schneider-chauffeur.de\/fr\/\",\"logo\":{\"@id\":\"https:\/\/www.schneider-chauffeur.de\/fr\/emplacements\/royaume-uni\/service-de-limousine-a-londres\/#local-main-organization-logo\"},\"image\":{\"@id\":\"https:\/\/www.schneider-chauffeur.de\/fr\/emplacements\/royaume-uni\/service-de-limousine-a-londres\/#local-main-organization-logo\"},\"sameAs\":[\"https:\/\/www.facebook.com\/SchneiderChauffeurservice\",\"https:\/\/www.linkedin.com\/company\/schneider-chauffeurservice\/\",\"https:\/\/www.instagram.com\/schneider_chauffeurservice\/\"],\"legalName\":\"Schneider Chauffeurservice\",\"numberOfEmployees\":{\"@type\":\"QuantitativeValue\",\"minValue\":\"11\",\"maxValue\":\"50\"},\"address\":{\"@id\":\"https:\/\/www.schneider-chauffeur.de\/fr\/emplacements\/royaume-uni\/service-de-limousine-a-londres\/#local-main-place-address\"},\"telephone\":[\"+49 20185892980\"],\"contactPoint\":{\"@type\":\"ContactPoint\",\"telephone\":\"+49 20185892980\",\"email\":\"info@schneider-chauffeur.de\"},\"openingHoursSpecification\":[{\"@type\":\"OpeningHoursSpecification\",\"dayOfWeek\":[\"Monday\",\"Tuesday\",\"Wednesday\",\"Thursday\",\"Friday\",\"Saturday\",\"Sunday\"],\"opens\":\"09:00\",\"closes\":\"17:00\"}],\"email\":\"info@schneider-chauffeur.de\",\"faxNumber\":\"Schneider Chauffeurservice\",\"areaServed\":\"Germany\"},{\"@type\":\"PostalAddress\",\"@id\":\"https:\/\/www.schneider-chauffeur.de\/fr\/emplacements\/royaume-uni\/service-de-limousine-a-londres\/#local-main-place-address\",\"streetAddress\":\"Hohenzollernstr. 24\",\"addressLocality\":\"Essen\",\"postalCode\":\"45128\",\"addressCountry\":\"DE\"},{\"@type\":\"ImageObject\",\"inLanguage\":\"fr-FR\",\"@id\":\"https:\/\/www.schneider-chauffeur.de\/fr\/emplacements\/royaume-uni\/service-de-limousine-a-londres\/#local-main-organization-logo\",\"url\":\"https:\/\/cdn.schneider-chauffeur.de\/app\/uploads\/2019\/08\/logo-schneider-chauffeur-service.svg\",\"contentUrl\":\"https:\/\/cdn.schneider-chauffeur.de\/app\/uploads\/2019\/08\/logo-schneider-chauffeur-service.svg\",\"caption\":\"Schneider Chauffeurservice\"}]}<\/script>\n<meta name=\"geo.placename\" content=\"Essen\" \/>\n<meta name=\"geo.region\" content=\"Germany\" \/>\n<!-- \/ Yoast SEO Premium plugin. -->","yoast_head_json":{"title":"Limousineservice Londres : Votre chauffeur sur mesure","description":"R\u00e9servez notre service de limousines \u00e0 Londres pour des transferts de premi\u00e8re classe et profitez du luxe pendant vos voyages.","robots":{"index":"index","follow":"follow","max-snippet":"max-snippet:-1","max-image-preview":"max-image-preview:large","max-video-preview":"max-video-preview:-1"},"canonical":"https:\/\/www.schneider-chauffeur.de\/fr\/emplacements\/royaume-uni\/service-de-limousine-a-londres\/","og_locale":"fr_FR","og_type":"article","og_title":"Service de limousine \u00e0 Londres","og_description":"R\u00e9servez notre service de limousines \u00e0 Londres pour des transferts de premi\u00e8re classe et profitez du luxe pendant vos voyages.","og_url":"https:\/\/www.schneider-chauffeur.de\/fr\/emplacements\/royaume-uni\/service-de-limousine-a-londres\/","og_site_name":"Schneider Chauffeurservice \u2013 Gesch\u00e4ftsreisen mit h\u00f6chstem Komfort","article_publisher":"https:\/\/www.facebook.com\/SchneiderChauffeurservice","article_modified_time":"2025-08-01T11:16:17+00:00","twitter_card":"summary_large_image","twitter_misc":{"Est. reading time":"2 minutes"},"schema":{"@context":"https:\/\/schema.org","@graph":[{"@type":"WebPage","@id":"https:\/\/www.schneider-chauffeur.de\/fr\/emplacements\/royaume-uni\/service-de-limousine-a-londres\/","url":"https:\/\/www.schneider-chauffeur.de\/fr\/emplacements\/royaume-uni\/service-de-limousine-a-londres\/","name":"Limousineservice Londres : Votre chauffeur sur mesure","isPartOf":{"@id":"https:\/\/www.schneider-chauffeur.de\/fr\/#website"},"datePublished":"2025-07-31T15:18:09+00:00","dateModified":"2025-08-01T11:16:17+00:00","description":"R\u00e9servez notre service de limousines \u00e0 Londres pour des transferts de premi\u00e8re classe et profitez du luxe pendant vos voyages.","breadcrumb":{"@id":"https:\/\/www.schneider-chauffeur.de\/fr\/emplacements\/royaume-uni\/service-de-limousine-a-londres\/#breadcrumb"},"inLanguage":"fr-FR","potentialAction":[{"@type":"ReadAction","target":["https:\/\/www.schneider-chauffeur.de\/fr\/emplacements\/royaume-uni\/service-de-limousine-a-londres\/"]}]},{"@type":"BreadcrumbList","@id":"https:\/\/www.schneider-chauffeur.de\/fr\/emplacements\/royaume-uni\/service-de-limousine-a-londres\/#breadcrumb","itemListElement":[{"@type":"ListItem","position":1,"name":"Page d\u2019accueil","item":"https:\/\/www.schneider-chauffeur.de\/fr\/"},{"@type":"ListItem","position":2,"name":"Emplacements","item":"https:\/\/www.schneider-chauffeur.de\/fr\/emplacements\/"},{"@type":"ListItem","position":3,"name":"Service de limousine Royaume-Uni","item":"https:\/\/www.schneider-chauffeur.de\/fr\/emplacements\/royaume-uni\/"},{"@type":"ListItem","position":4,"name":"Service de limousine \u00e0 Londres"}]},{"@type":"WebSite","@id":"https:\/\/www.schneider-chauffeur.de\/fr\/#website","url":"https:\/\/www.schneider-chauffeur.de\/fr\/","name":"Schneider Chauffeurservice \u2013 Gesch\u00e4ftsreisen mit h\u00f6chstem Komfort","description":"","publisher":{"@id":"https:\/\/www.schneider-chauffeur.de\/fr\/#organization"},"potentialAction":[{"@type":"SearchAction","target":{"@type":"EntryPoint","urlTemplate":"https:\/\/www.schneider-chauffeur.de\/fr\/?s={search_term_string}"},"query-input":{"@type":"PropertyValueSpecification","valueRequired":true,"valueName":"search_term_string"}}],"inLanguage":"fr-FR"},{"@type":["Organization","Place"],"@id":"https:\/\/www.schneider-chauffeur.de\/fr\/#organization","name":"Schneider Chauffeurservice","url":"https:\/\/www.schneider-chauffeur.de\/fr\/","logo":{"@id":"https:\/\/www.schneider-chauffeur.de\/fr\/emplacements\/royaume-uni\/service-de-limousine-a-londres\/#local-main-organization-logo"},"image":{"@id":"https:\/\/www.schneider-chauffeur.de\/fr\/emplacements\/royaume-uni\/service-de-limousine-a-londres\/#local-main-organization-logo"},"sameAs":["https:\/\/www.facebook.com\/SchneiderChauffeurservice","https:\/\/www.linkedin.com\/company\/schneider-chauffeurservice\/","https:\/\/www.instagram.com\/schneider_chauffeurservice\/"],"legalName":"Schneider Chauffeurservice","numberOfEmployees":{"@type":"QuantitativeValue","minValue":"11","maxValue":"50"},"address":{"@id":"https:\/\/www.schneider-chauffeur.de\/fr\/emplacements\/royaume-uni\/service-de-limousine-a-londres\/#local-main-place-address"},"telephone":["+49 20185892980"],"contactPoint":{"@type":"ContactPoint","telephone":"+49 20185892980","email":"info@schneider-chauffeur.de"},"openingHoursSpecification":[{"@type":"OpeningHoursSpecification","dayOfWeek":["Monday","Tuesday","Wednesday","Thursday","Friday","Saturday","Sunday"],"opens":"09:00","closes":"17:00"}],"email":"info@schneider-chauffeur.de","faxNumber":"Schneider Chauffeurservice","areaServed":"Germany"},{"@type":"PostalAddress","@id":"https:\/\/www.schneider-chauffeur.de\/fr\/emplacements\/royaume-uni\/service-de-limousine-a-londres\/#local-main-place-address","streetAddress":"Hohenzollernstr. 24","addressLocality":"Essen","postalCode":"45128","addressCountry":"DE"},{"@type":"ImageObject","inLanguage":"fr-FR","@id":"https:\/\/www.schneider-chauffeur.de\/fr\/emplacements\/royaume-uni\/service-de-limousine-a-londres\/#local-main-organization-logo","url":"https:\/\/cdn.schneider-chauffeur.de\/app\/uploads\/2019\/08\/logo-schneider-chauffeur-service.svg","contentUrl":"https:\/\/cdn.schneider-chauffeur.de\/app\/uploads\/2019\/08\/logo-schneider-chauffeur-service.svg","caption":"Schneider Chauffeurservice"}]},"geo.placename":"Essen","geo.region":"Germany"},"_links":{"self":[{"href":"https:\/\/www.schneider-chauffeur.de\/fr\/wp-json\/wp\/v2\/pages\/31045","targetHints":{"allow":["GET"]}}],"collection":[{"href":"https:\/\/www.schneider-chauffeur.de\/fr\/wp-json\/wp\/v2\/pages"}],"about":[{"href":"https:\/\/www.schneider-chauffeur.de\/fr\/wp-json\/wp\/v2\/types\/page"}],"author":[{"embeddable":true,"href":"https:\/\/www.schneider-chauffeur.de\/fr\/wp-json\/wp\/v2\/users\/8"}],"replies":[{"embeddable":true,"href":"https:\/\/www.schneider-chauffeur.de\/fr\/wp-json\/wp\/v2\/comments?post=31045"}],"version-history":[{"count":4,"href":"https:\/\/www.schneider-chauffeur.de\/fr\/wp-json\/wp\/v2\/pages\/31045\/revisions"}],"predecessor-version":[{"id":31063,"href":"https:\/\/www.schneider-chauffeur.de\/fr\/wp-json\/wp\/v2\/pages\/31045\/revisions\/31063"}],"up":[{"embeddable":true,"href":"https:\/\/www.schneider-chauffeur.de\/fr\/wp-json\/wp\/v2\/pages\/32314"}],"wp:attachment":[{"href":"https:\/\/www.schneider-chauffeur.de\/fr\/wp-json\/wp\/v2\/media?parent=31045"}],"curies":[{"name":"wp","href":"https:\/\/api.w.org\/{rel}","templated":true}]}}