{"id":30899,"date":"2025-07-30T10:35:26","date_gmt":"2025-07-30T08:35:26","guid":{"rendered":"https:\/\/www.schneider-chauffeur.de\/?page_id=30899"},"modified":"2025-08-01T13:45:23","modified_gmt":"2025-08-01T11:45:23","slug":"limousinenservice-goeteborg","status":"publish","type":"page","link":"https:\/\/www.schneider-chauffeur.de\/fr\/emplacements\/suede\/limousinenservice-goeteborg\/","title":{"rendered":"Service de limousine \u00e0 G\u00f6teborg"},"content":{"rendered":"<p>Profitez de votre d\u00e9placement professionnel \u00e0 G\u00f6teborg sans stress et en toute \u00e9l\u00e9gance : notre service de chauffeur vous conduit confortablement et ponctuellement \u00e0 chacun de vos rendez-vous \u2013 de l\u2019a\u00e9roport de G\u00f6teborg Landvetter (GOT) \u00e0 votre h\u00f4tel ou directement \u00e0 votre conf\u00e9rence. Installez-vous dans le luxe de notre limousine haut de gamme pendant que nous g\u00e9rons le trafic, vous laissant toute latitude pour pr\u00e9parer vos r\u00e9unions, passer des appels importants ou simplement vous d\u00e9tendre. Transferts ponctuels ou r\u00e9servation \u00e0 la journ\u00e9e, notre service complet \u00e0 G\u00f6teborg r\u00e9pond \u00e0 toutes vos attentes.<\/p>\n<p><a class=\"button\" href=\"https:\/\/www.schneider-chauffeur.de\/fr\/contactez\/\">Contactez-nous maintenant !<\/a><\/p>\n<h2>Nos services de chauffeur &amp; limousine \u00e0 G\u00f6teborg<\/h2>\n<p>Avec notre service de limousine \u00e0 G\u00f6teborg, chaque d\u00e9tail est adapt\u00e9 \u00e0 vos besoins. Lors d\u2019un bref entretien t\u00e9l\u00e9phonique, nous \u00e9laborerons ensemble votre forfait personnalis\u00e9. Nous proposons notamment :<\/p>\n<ul>\n<li><strong>Transferts<\/strong> entre l\u2019a\u00e9roport de G\u00f6teborg Landvetter (GOT) ou la gare, votre bureau, vos rendez-vous d\u2019affaires, salons, h\u00f4tels et autres destinations souhait\u00e9es : visites de restaurants, \u00e9v\u00e9nements en soir\u00e9e ou excursions vers des sites d\u2019int\u00e9r\u00eat locaux tels que le centre des sciences <strong>Universeum<\/strong> ou le parc d\u2019attractions <strong>Liseberg<\/strong>.<\/li>\n<li><strong>Location \u00e0 l\u2019heure ou \u00e0 la journ\u00e9e<\/strong> : notre chauffeur reste enti\u00e8rement \u00e0 votre disposition et peut prendre en charge de petites courses sur demande.<\/li>\n<li><strong>Forfait complet<\/strong> pour la dur\u00e9e de votre s\u00e9jour : notre chauffeur vous accompagne tout au long de votre visite \u00e0 G\u00f6teborg et g\u00e8re l\u2019ensemble des transferts et services, pour une flexibilit\u00e9 maximale et une prise en charge personnalis\u00e9e.<\/li>\n<\/ul>\n<p>Merci de nous contacter afin que nous puissions convenir des d\u00e9tails et planifier votre service de transport id\u00e9al.<\/p>\n<p><a class=\"button\" style=\"max-width: 450px;\" href=\"tel:+4920185892980\">Appelez maintenant : +49 201 85892980<\/a><\/p>\n","protected":false},"excerpt":{"rendered":"<p>Profitez de votre d\u00e9placement professionnel \u00e0 G\u00f6teborg sans stress et en toute \u00e9l\u00e9gance : notre service de chauffeur vous conduit confortablement et ponctuellement \u00e0 chacun de vos rendez-vous \u2013 de l\u2019a\u00e9roport de G\u00f6teborg Landvetter (GOT) \u00e0 votre h\u00f4tel ou directement \u00e0 votre conf\u00e9rence. Installez-vous dans le luxe de notre limousine haut de gamme pendant que &hellip;<\/p>\n","protected":false},"author":8,"featured_media":0,"parent":32478,"menu_order":39,"comment_status":"closed","ping_status":"closed","template":"page-staedte.php","meta":{"footnotes":""},"class_list":["post-30899","page","type-page","status-publish","hentry"],"yoast_head":"<!-- This site is optimized with the Yoast SEO Premium plugin v26.3 (Yoast SEO v26.3) - https:\/\/yoast.com\/wordpress\/plugins\/seo\/ -->\n<title>Limousineservice G\u00f6teborg : Votre chauffeur attend<\/title>\n<meta name=\"description\" content=\"Profitez de notre service de limousine sur mesure \u00e0 G\u00f6teborg et d\u00e9couvrez un confort de premi\u00e8re classe \u00e0 chaque transfert.\" \/>\n<meta name=\"robots\" content=\"index, follow, max-snippet:-1, max-image-preview:large, max-video-preview:-1\" \/>\n<link rel=\"canonical\" href=\"https:\/\/www.schneider-chauffeur.de\/fr\/emplacements\/suede\/limousinenservice-goeteborg\/\" \/>\n<meta property=\"og:locale\" content=\"fr_FR\" \/>\n<meta property=\"og:type\" content=\"article\" \/>\n<meta property=\"og:title\" content=\"Service de limousine \u00e0 G\u00f6teborg\" \/>\n<meta property=\"og:description\" content=\"Profitez de notre service de limousine sur mesure \u00e0 G\u00f6teborg et d\u00e9couvrez un confort de premi\u00e8re classe \u00e0 chaque transfert.\" \/>\n<meta property=\"og:url\" content=\"https:\/\/www.schneider-chauffeur.de\/fr\/emplacements\/suede\/limousinenservice-goeteborg\/\" \/>\n<meta property=\"og:site_name\" content=\"Schneider Chauffeurservice \u2013 Gesch\u00e4ftsreisen mit h\u00f6chstem Komfort\" \/>\n<meta property=\"article:publisher\" content=\"https:\/\/www.facebook.com\/SchneiderChauffeurservice\" \/>\n<meta property=\"article:modified_time\" content=\"2025-08-01T11:45:23+00:00\" \/>\n<meta name=\"twitter:card\" content=\"summary_large_image\" \/>\n<meta name=\"twitter:label1\" content=\"Est. reading time\" \/>\n\t<meta name=\"twitter:data1\" content=\"2 minutes\" \/>\n<script type=\"application\/ld+json\" class=\"yoast-schema-graph\">{\"@context\":\"https:\/\/schema.org\",\"@graph\":[{\"@type\":\"WebPage\",\"@id\":\"https:\/\/www.schneider-chauffeur.de\/fr\/emplacements\/suede\/limousinenservice-goeteborg\/\",\"url\":\"https:\/\/www.schneider-chauffeur.de\/fr\/emplacements\/suede\/limousinenservice-goeteborg\/\",\"name\":\"Limousineservice G\u00f6teborg : Votre chauffeur attend\",\"isPartOf\":{\"@id\":\"https:\/\/www.schneider-chauffeur.de\/fr\/#website\"},\"datePublished\":\"2025-07-30T08:35:26+00:00\",\"dateModified\":\"2025-08-01T11:45:23+00:00\",\"description\":\"Profitez de notre service de limousine sur mesure \u00e0 G\u00f6teborg et d\u00e9couvrez un confort de premi\u00e8re classe \u00e0 chaque transfert.\",\"breadcrumb\":{\"@id\":\"https:\/\/www.schneider-chauffeur.de\/fr\/emplacements\/suede\/limousinenservice-goeteborg\/#breadcrumb\"},\"inLanguage\":\"fr-FR\",\"potentialAction\":[{\"@type\":\"ReadAction\",\"target\":[\"https:\/\/www.schneider-chauffeur.de\/fr\/emplacements\/suede\/limousinenservice-goeteborg\/\"]}]},{\"@type\":\"BreadcrumbList\",\"@id\":\"https:\/\/www.schneider-chauffeur.de\/fr\/emplacements\/suede\/limousinenservice-goeteborg\/#breadcrumb\",\"itemListElement\":[{\"@type\":\"ListItem\",\"position\":1,\"name\":\"Page d\u2019accueil\",\"item\":\"https:\/\/www.schneider-chauffeur.de\/fr\/\"},{\"@type\":\"ListItem\",\"position\":2,\"name\":\"Emplacements\",\"item\":\"https:\/\/www.schneider-chauffeur.de\/fr\/emplacements\/\"},{\"@type\":\"ListItem\",\"position\":3,\"name\":\"Service de limousine en Su\u00e8de\",\"item\":\"https:\/\/www.schneider-chauffeur.de\/fr\/emplacements\/suede\/\"},{\"@type\":\"ListItem\",\"position\":4,\"name\":\"Service de limousine \u00e0 G\u00f6teborg\"}]},{\"@type\":\"WebSite\",\"@id\":\"https:\/\/www.schneider-chauffeur.de\/fr\/#website\",\"url\":\"https:\/\/www.schneider-chauffeur.de\/fr\/\",\"name\":\"Schneider Chauffeurservice \u2013 Gesch\u00e4ftsreisen mit h\u00f6chstem Komfort\",\"description\":\"\",\"publisher\":{\"@id\":\"https:\/\/www.schneider-chauffeur.de\/fr\/#organization\"},\"potentialAction\":[{\"@type\":\"SearchAction\",\"target\":{\"@type\":\"EntryPoint\",\"urlTemplate\":\"https:\/\/www.schneider-chauffeur.de\/fr\/?s={search_term_string}\"},\"query-input\":{\"@type\":\"PropertyValueSpecification\",\"valueRequired\":true,\"valueName\":\"search_term_string\"}}],\"inLanguage\":\"fr-FR\"},{\"@type\":[\"Organization\",\"Place\"],\"@id\":\"https:\/\/www.schneider-chauffeur.de\/fr\/#organization\",\"name\":\"Schneider Chauffeurservice\",\"url\":\"https:\/\/www.schneider-chauffeur.de\/fr\/\",\"logo\":{\"@id\":\"https:\/\/www.schneider-chauffeur.de\/fr\/emplacements\/suede\/limousinenservice-goeteborg\/#local-main-organization-logo\"},\"image\":{\"@id\":\"https:\/\/www.schneider-chauffeur.de\/fr\/emplacements\/suede\/limousinenservice-goeteborg\/#local-main-organization-logo\"},\"sameAs\":[\"https:\/\/www.facebook.com\/SchneiderChauffeurservice\",\"https:\/\/www.linkedin.com\/company\/schneider-chauffeurservice\/\",\"https:\/\/www.instagram.com\/schneider_chauffeurservice\/\"],\"legalName\":\"Schneider Chauffeurservice\",\"numberOfEmployees\":{\"@type\":\"QuantitativeValue\",\"minValue\":\"11\",\"maxValue\":\"50\"},\"address\":{\"@id\":\"https:\/\/www.schneider-chauffeur.de\/fr\/emplacements\/suede\/limousinenservice-goeteborg\/#local-main-place-address\"},\"telephone\":[\"+49 20185892980\"],\"contactPoint\":{\"@type\":\"ContactPoint\",\"telephone\":\"+49 20185892980\",\"email\":\"info@schneider-chauffeur.de\"},\"openingHoursSpecification\":[{\"@type\":\"OpeningHoursSpecification\",\"dayOfWeek\":[\"Monday\",\"Tuesday\",\"Wednesday\",\"Thursday\",\"Friday\",\"Saturday\",\"Sunday\"],\"opens\":\"09:00\",\"closes\":\"17:00\"}],\"email\":\"info@schneider-chauffeur.de\",\"faxNumber\":\"Schneider Chauffeurservice\",\"areaServed\":\"Germany\"},{\"@type\":\"PostalAddress\",\"@id\":\"https:\/\/www.schneider-chauffeur.de\/fr\/emplacements\/suede\/limousinenservice-goeteborg\/#local-main-place-address\",\"streetAddress\":\"Hohenzollernstr. 24\",\"addressLocality\":\"Essen\",\"postalCode\":\"45128\",\"addressCountry\":\"DE\"},{\"@type\":\"ImageObject\",\"inLanguage\":\"fr-FR\",\"@id\":\"https:\/\/www.schneider-chauffeur.de\/fr\/emplacements\/suede\/limousinenservice-goeteborg\/#local-main-organization-logo\",\"url\":\"https:\/\/cdn.schneider-chauffeur.de\/app\/uploads\/2019\/08\/logo-schneider-chauffeur-service.svg\",\"contentUrl\":\"https:\/\/cdn.schneider-chauffeur.de\/app\/uploads\/2019\/08\/logo-schneider-chauffeur-service.svg\",\"caption\":\"Schneider Chauffeurservice\"}]}<\/script>\n<meta name=\"geo.placename\" content=\"Essen\" \/>\n<meta name=\"geo.region\" content=\"Germany\" \/>\n<!-- \/ Yoast SEO Premium plugin. -->","yoast_head_json":{"title":"Limousineservice G\u00f6teborg : Votre chauffeur attend","description":"Profitez de notre service de limousine sur mesure \u00e0 G\u00f6teborg et d\u00e9couvrez un confort de premi\u00e8re classe \u00e0 chaque transfert.","robots":{"index":"index","follow":"follow","max-snippet":"max-snippet:-1","max-image-preview":"max-image-preview:large","max-video-preview":"max-video-preview:-1"},"canonical":"https:\/\/www.schneider-chauffeur.de\/fr\/emplacements\/suede\/limousinenservice-goeteborg\/","og_locale":"fr_FR","og_type":"article","og_title":"Service de limousine \u00e0 G\u00f6teborg","og_description":"Profitez de notre service de limousine sur mesure \u00e0 G\u00f6teborg et d\u00e9couvrez un confort de premi\u00e8re classe \u00e0 chaque transfert.","og_url":"https:\/\/www.schneider-chauffeur.de\/fr\/emplacements\/suede\/limousinenservice-goeteborg\/","og_site_name":"Schneider Chauffeurservice \u2013 Gesch\u00e4ftsreisen mit h\u00f6chstem Komfort","article_publisher":"https:\/\/www.facebook.com\/SchneiderChauffeurservice","article_modified_time":"2025-08-01T11:45:23+00:00","twitter_card":"summary_large_image","twitter_misc":{"Est. reading time":"2 minutes"},"schema":{"@context":"https:\/\/schema.org","@graph":[{"@type":"WebPage","@id":"https:\/\/www.schneider-chauffeur.de\/fr\/emplacements\/suede\/limousinenservice-goeteborg\/","url":"https:\/\/www.schneider-chauffeur.de\/fr\/emplacements\/suede\/limousinenservice-goeteborg\/","name":"Limousineservice G\u00f6teborg : Votre chauffeur attend","isPartOf":{"@id":"https:\/\/www.schneider-chauffeur.de\/fr\/#website"},"datePublished":"2025-07-30T08:35:26+00:00","dateModified":"2025-08-01T11:45:23+00:00","description":"Profitez de notre service de limousine sur mesure \u00e0 G\u00f6teborg et d\u00e9couvrez un confort de premi\u00e8re classe \u00e0 chaque transfert.","breadcrumb":{"@id":"https:\/\/www.schneider-chauffeur.de\/fr\/emplacements\/suede\/limousinenservice-goeteborg\/#breadcrumb"},"inLanguage":"fr-FR","potentialAction":[{"@type":"ReadAction","target":["https:\/\/www.schneider-chauffeur.de\/fr\/emplacements\/suede\/limousinenservice-goeteborg\/"]}]},{"@type":"BreadcrumbList","@id":"https:\/\/www.schneider-chauffeur.de\/fr\/emplacements\/suede\/limousinenservice-goeteborg\/#breadcrumb","itemListElement":[{"@type":"ListItem","position":1,"name":"Page d\u2019accueil","item":"https:\/\/www.schneider-chauffeur.de\/fr\/"},{"@type":"ListItem","position":2,"name":"Emplacements","item":"https:\/\/www.schneider-chauffeur.de\/fr\/emplacements\/"},{"@type":"ListItem","position":3,"name":"Service de limousine en Su\u00e8de","item":"https:\/\/www.schneider-chauffeur.de\/fr\/emplacements\/suede\/"},{"@type":"ListItem","position":4,"name":"Service de limousine \u00e0 G\u00f6teborg"}]},{"@type":"WebSite","@id":"https:\/\/www.schneider-chauffeur.de\/fr\/#website","url":"https:\/\/www.schneider-chauffeur.de\/fr\/","name":"Schneider Chauffeurservice \u2013 Gesch\u00e4ftsreisen mit h\u00f6chstem Komfort","description":"","publisher":{"@id":"https:\/\/www.schneider-chauffeur.de\/fr\/#organization"},"potentialAction":[{"@type":"SearchAction","target":{"@type":"EntryPoint","urlTemplate":"https:\/\/www.schneider-chauffeur.de\/fr\/?s={search_term_string}"},"query-input":{"@type":"PropertyValueSpecification","valueRequired":true,"valueName":"search_term_string"}}],"inLanguage":"fr-FR"},{"@type":["Organization","Place"],"@id":"https:\/\/www.schneider-chauffeur.de\/fr\/#organization","name":"Schneider Chauffeurservice","url":"https:\/\/www.schneider-chauffeur.de\/fr\/","logo":{"@id":"https:\/\/www.schneider-chauffeur.de\/fr\/emplacements\/suede\/limousinenservice-goeteborg\/#local-main-organization-logo"},"image":{"@id":"https:\/\/www.schneider-chauffeur.de\/fr\/emplacements\/suede\/limousinenservice-goeteborg\/#local-main-organization-logo"},"sameAs":["https:\/\/www.facebook.com\/SchneiderChauffeurservice","https:\/\/www.linkedin.com\/company\/schneider-chauffeurservice\/","https:\/\/www.instagram.com\/schneider_chauffeurservice\/"],"legalName":"Schneider Chauffeurservice","numberOfEmployees":{"@type":"QuantitativeValue","minValue":"11","maxValue":"50"},"address":{"@id":"https:\/\/www.schneider-chauffeur.de\/fr\/emplacements\/suede\/limousinenservice-goeteborg\/#local-main-place-address"},"telephone":["+49 20185892980"],"contactPoint":{"@type":"ContactPoint","telephone":"+49 20185892980","email":"info@schneider-chauffeur.de"},"openingHoursSpecification":[{"@type":"OpeningHoursSpecification","dayOfWeek":["Monday","Tuesday","Wednesday","Thursday","Friday","Saturday","Sunday"],"opens":"09:00","closes":"17:00"}],"email":"info@schneider-chauffeur.de","faxNumber":"Schneider Chauffeurservice","areaServed":"Germany"},{"@type":"PostalAddress","@id":"https:\/\/www.schneider-chauffeur.de\/fr\/emplacements\/suede\/limousinenservice-goeteborg\/#local-main-place-address","streetAddress":"Hohenzollernstr. 24","addressLocality":"Essen","postalCode":"45128","addressCountry":"DE"},{"@type":"ImageObject","inLanguage":"fr-FR","@id":"https:\/\/www.schneider-chauffeur.de\/fr\/emplacements\/suede\/limousinenservice-goeteborg\/#local-main-organization-logo","url":"https:\/\/cdn.schneider-chauffeur.de\/app\/uploads\/2019\/08\/logo-schneider-chauffeur-service.svg","contentUrl":"https:\/\/cdn.schneider-chauffeur.de\/app\/uploads\/2019\/08\/logo-schneider-chauffeur-service.svg","caption":"Schneider Chauffeurservice"}]},"geo.placename":"Essen","geo.region":"Germany"},"_links":{"self":[{"href":"https:\/\/www.schneider-chauffeur.de\/fr\/wp-json\/wp\/v2\/pages\/30899","targetHints":{"allow":["GET"]}}],"collection":[{"href":"https:\/\/www.schneider-chauffeur.de\/fr\/wp-json\/wp\/v2\/pages"}],"about":[{"href":"https:\/\/www.schneider-chauffeur.de\/fr\/wp-json\/wp\/v2\/types\/page"}],"author":[{"embeddable":true,"href":"https:\/\/www.schneider-chauffeur.de\/fr\/wp-json\/wp\/v2\/users\/8"}],"replies":[{"embeddable":true,"href":"https:\/\/www.schneider-chauffeur.de\/fr\/wp-json\/wp\/v2\/comments?post=30899"}],"version-history":[{"count":6,"href":"https:\/\/www.schneider-chauffeur.de\/fr\/wp-json\/wp\/v2\/pages\/30899\/revisions"}],"predecessor-version":[{"id":30921,"href":"https:\/\/www.schneider-chauffeur.de\/fr\/wp-json\/wp\/v2\/pages\/30899\/revisions\/30921"}],"up":[{"embeddable":true,"href":"https:\/\/www.schneider-chauffeur.de\/fr\/wp-json\/wp\/v2\/pages\/32478"}],"wp:attachment":[{"href":"https:\/\/www.schneider-chauffeur.de\/fr\/wp-json\/wp\/v2\/media?parent=30899"}],"curies":[{"name":"wp","href":"https:\/\/api.w.org\/{rel}","templated":true}]}}