{"id":30546,"date":"2025-07-30T10:39:35","date_gmt":"2025-07-30T08:39:35","guid":{"rendered":"https:\/\/www.schneider-chauffeur.de\/?page_id=30546"},"modified":"2025-08-01T13:49:25","modified_gmt":"2025-08-01T11:49:25","slug":"limousinenservice-copenhague","status":"publish","type":"page","link":"https:\/\/www.schneider-chauffeur.de\/fr\/emplacements\/danemark\/limousinenservice-copenhague\/","title":{"rendered":"Service de limousine \u00e0 Copenhague"},"content":{"rendered":"<p>Profitez de votre voyage d\u2019affaires \u00e0 Copenhague sans stress ni pr\u00e9cipitation : notre service de limousine vous conduit confortablement et ponctuellement \u00e0 tous vos rendez-vous \u2013 de l\u2019a\u00e9roport de Copenhague \u00e0 votre h\u00f4tel ou directement au centre de conf\u00e9rences. D\u00e9tendez-vous dans le confort raffin\u00e9 de notre limousine haut de gamme pendant que nous g\u00e9rons chaque situation de trafic, vous permettant de vous consacrer pleinement \u00e0 vos r\u00e9unions et appels. Que vous ayez besoin de transferts ponctuels ou souhaitiez r\u00e9server notre chauffeur pour la journ\u00e9e enti\u00e8re, notre service complet dans la capitale danoise r\u00e9pond \u00e0 toutes vos attentes.<\/p>\n<p><a class=\"button\" href=\"https:\/\/www.schneider-chauffeur.de\/fr\/contactez\/\">Contactez-nous maintenant !<\/a><\/p>\n<h2>Nos services de chauffeur &amp; limousine \u00e0 Copenhague<\/h2>\n<p>Avec notre service de limousine \u00e0 Copenhague, nous r\u00e9pondons pr\u00e9cis\u00e9ment \u00e0 vos besoins individuels. Nous d\u00e9finirons votre forfait personnalis\u00e9 lors d\u2019un entretien t\u00e9l\u00e9phonique. En principe, nous vous proposons principalement les prestations suivantes :<\/p>\n<ul>\n<li><strong>Transferts<\/strong> Transferts entre l\u2019a\u00e9roport de Copenhague (Kastrup) ou la gare, votre bureau, vos rendez-vous d\u2019affaires, salons, h\u00f4tels et autres destinations souhait\u00e9es : visites de restaurants, soir\u00e9es, excursions vers les sites d\u2019int\u00e9r\u00eat \u00e0 Copenhague et ses environs. Parmi les incontournables : le pittoresque <strong>Nyhavn<\/strong> ou les c\u00e9l\u00e8bres <strong>Jardins de Tivoli<\/strong>. Vous pouvez r\u00e9server des trajets \u00e0 l\u2019unit\u00e9 ou opter pour un forfait selon le nombre de transferts souhait\u00e9.<\/li>\n<li><strong>Location \u00e0 l\u2019heure ou \u00e0 la journ\u00e9e<\/strong> de notre chauffeur avec la cat\u00e9gorie de v\u00e9hicule de votre choix. Durant cette p\u00e9riode, votre chauffeur reste enti\u00e8rement \u00e0 votre disposition et peut \u00e9galement prendre en charge de petites courses.<\/li>\n<li><strong>Forfait complet pour votre voyage d\u2019affaires ou excursion priv\u00e9e :<\/strong> Notre chauffeur vous accompagne durant tout votre s\u00e9jour \u00e0 Copenhague et g\u00e8re l\u2019ensemble des prestations couvertes par notre service. Vous b\u00e9n\u00e9ficiez ainsi d\u2019une flexibilit\u00e9 maximale et d\u2019une prise en charge personnalis\u00e9e.<\/li>\n<\/ul>\n<p>Merci de nous contacter afin que nous puissions convenir des d\u00e9tails et planifier pour vous le service id\u00e9al.<\/p>\n<p><a class=\"button\" style=\"max-width: 450px;\" href=\"tel:+4920185892980\"><span style=\"display: inline-block; width: 0px; overflow: hidden; line-height: 0;\" data-mce-type=\"bookmark\" class=\"mce_SELRES_start\">\ufeff<\/span>Appelez maintenant : +49 201 85892980<\/a><\/p>\n","protected":false},"excerpt":{"rendered":"<p>Profitez de votre voyage d\u2019affaires \u00e0 Copenhague sans stress ni pr\u00e9cipitation : notre service de limousine vous conduit confortablement et ponctuellement \u00e0 tous vos rendez-vous \u2013 de l\u2019a\u00e9roport de Copenhague \u00e0 votre h\u00f4tel ou directement au centre de conf\u00e9rences. D\u00e9tendez-vous dans le confort raffin\u00e9 de notre limousine haut de gamme pendant que nous g\u00e9rons chaque &hellip;<\/p>\n","protected":false},"author":8,"featured_media":0,"parent":32527,"menu_order":39,"comment_status":"closed","ping_status":"closed","template":"page-staedte.php","meta":{"footnotes":""},"class_list":["post-30546","page","type-page","status-publish","hentry"],"yoast_head":"<!-- This site is optimized with the Yoast SEO Premium plugin v26.3 (Yoast SEO v26.3) - https:\/\/yoast.com\/wordpress\/plugins\/seo\/ -->\n<title>Service de limousine \u00e0 Copenhague avec chauffeur professionnel<\/title>\n<meta name=\"description\" content=\"Profitez d&#039;un service exceptionnel avec notre service de limousine \u00e0 Copenhague, qui vous garantit des transferts ponctuels et un confort optimal.\" \/>\n<meta name=\"robots\" content=\"index, follow, max-snippet:-1, max-image-preview:large, max-video-preview:-1\" \/>\n<link rel=\"canonical\" href=\"https:\/\/www.schneider-chauffeur.de\/fr\/emplacements\/danemark\/limousinenservice-copenhague\/\" \/>\n<meta property=\"og:locale\" content=\"fr_FR\" \/>\n<meta property=\"og:type\" content=\"article\" \/>\n<meta property=\"og:title\" content=\"Service de limousine \u00e0 Copenhague\" \/>\n<meta property=\"og:description\" content=\"Profitez d&#039;un service exceptionnel avec notre service de limousine \u00e0 Copenhague, qui vous garantit des transferts ponctuels et un confort optimal.\" \/>\n<meta property=\"og:url\" content=\"https:\/\/www.schneider-chauffeur.de\/fr\/emplacements\/danemark\/limousinenservice-copenhague\/\" \/>\n<meta property=\"og:site_name\" content=\"Schneider Chauffeurservice \u2013 Gesch\u00e4ftsreisen mit h\u00f6chstem Komfort\" \/>\n<meta property=\"article:publisher\" content=\"https:\/\/www.facebook.com\/SchneiderChauffeurservice\" \/>\n<meta property=\"article:modified_time\" content=\"2025-08-01T11:49:25+00:00\" \/>\n<meta name=\"twitter:card\" content=\"summary_large_image\" \/>\n<meta name=\"twitter:label1\" content=\"Est. reading time\" \/>\n\t<meta name=\"twitter:data1\" content=\"2 minutes\" \/>\n<script type=\"application\/ld+json\" class=\"yoast-schema-graph\">{\"@context\":\"https:\/\/schema.org\",\"@graph\":[{\"@type\":\"WebPage\",\"@id\":\"https:\/\/www.schneider-chauffeur.de\/fr\/emplacements\/danemark\/limousinenservice-copenhague\/\",\"url\":\"https:\/\/www.schneider-chauffeur.de\/fr\/emplacements\/danemark\/limousinenservice-copenhague\/\",\"name\":\"Service de limousine \u00e0 Copenhague avec chauffeur professionnel\",\"isPartOf\":{\"@id\":\"https:\/\/www.schneider-chauffeur.de\/fr\/#website\"},\"datePublished\":\"2025-07-30T08:39:35+00:00\",\"dateModified\":\"2025-08-01T11:49:25+00:00\",\"description\":\"Profitez d'un service exceptionnel avec notre service de limousine \u00e0 Copenhague, qui vous garantit des transferts ponctuels et un confort optimal.\",\"breadcrumb\":{\"@id\":\"https:\/\/www.schneider-chauffeur.de\/fr\/emplacements\/danemark\/limousinenservice-copenhague\/#breadcrumb\"},\"inLanguage\":\"fr-FR\",\"potentialAction\":[{\"@type\":\"ReadAction\",\"target\":[\"https:\/\/www.schneider-chauffeur.de\/fr\/emplacements\/danemark\/limousinenservice-copenhague\/\"]}]},{\"@type\":\"BreadcrumbList\",\"@id\":\"https:\/\/www.schneider-chauffeur.de\/fr\/emplacements\/danemark\/limousinenservice-copenhague\/#breadcrumb\",\"itemListElement\":[{\"@type\":\"ListItem\",\"position\":1,\"name\":\"Page d\u2019accueil\",\"item\":\"https:\/\/www.schneider-chauffeur.de\/fr\/\"},{\"@type\":\"ListItem\",\"position\":2,\"name\":\"Emplacements\",\"item\":\"https:\/\/www.schneider-chauffeur.de\/fr\/emplacements\/\"},{\"@type\":\"ListItem\",\"position\":3,\"name\":\"Service de limousine Danemark\",\"item\":\"https:\/\/www.schneider-chauffeur.de\/fr\/emplacements\/danemark\/\"},{\"@type\":\"ListItem\",\"position\":4,\"name\":\"Service de limousine \u00e0 Copenhague\"}]},{\"@type\":\"WebSite\",\"@id\":\"https:\/\/www.schneider-chauffeur.de\/fr\/#website\",\"url\":\"https:\/\/www.schneider-chauffeur.de\/fr\/\",\"name\":\"Schneider Chauffeurservice \u2013 Gesch\u00e4ftsreisen mit h\u00f6chstem Komfort\",\"description\":\"\",\"publisher\":{\"@id\":\"https:\/\/www.schneider-chauffeur.de\/fr\/#organization\"},\"potentialAction\":[{\"@type\":\"SearchAction\",\"target\":{\"@type\":\"EntryPoint\",\"urlTemplate\":\"https:\/\/www.schneider-chauffeur.de\/fr\/?s={search_term_string}\"},\"query-input\":{\"@type\":\"PropertyValueSpecification\",\"valueRequired\":true,\"valueName\":\"search_term_string\"}}],\"inLanguage\":\"fr-FR\"},{\"@type\":[\"Organization\",\"Place\"],\"@id\":\"https:\/\/www.schneider-chauffeur.de\/fr\/#organization\",\"name\":\"Schneider Chauffeurservice\",\"url\":\"https:\/\/www.schneider-chauffeur.de\/fr\/\",\"logo\":{\"@id\":\"https:\/\/www.schneider-chauffeur.de\/fr\/emplacements\/danemark\/limousinenservice-copenhague\/#local-main-organization-logo\"},\"image\":{\"@id\":\"https:\/\/www.schneider-chauffeur.de\/fr\/emplacements\/danemark\/limousinenservice-copenhague\/#local-main-organization-logo\"},\"sameAs\":[\"https:\/\/www.facebook.com\/SchneiderChauffeurservice\",\"https:\/\/www.linkedin.com\/company\/schneider-chauffeurservice\/\",\"https:\/\/www.instagram.com\/schneider_chauffeurservice\/\"],\"legalName\":\"Schneider Chauffeurservice\",\"numberOfEmployees\":{\"@type\":\"QuantitativeValue\",\"minValue\":\"11\",\"maxValue\":\"50\"},\"address\":{\"@id\":\"https:\/\/www.schneider-chauffeur.de\/fr\/emplacements\/danemark\/limousinenservice-copenhague\/#local-main-place-address\"},\"telephone\":[\"+49 20185892980\"],\"contactPoint\":{\"@type\":\"ContactPoint\",\"telephone\":\"+49 20185892980\",\"email\":\"info@schneider-chauffeur.de\"},\"openingHoursSpecification\":[{\"@type\":\"OpeningHoursSpecification\",\"dayOfWeek\":[\"Monday\",\"Tuesday\",\"Wednesday\",\"Thursday\",\"Friday\",\"Saturday\",\"Sunday\"],\"opens\":\"09:00\",\"closes\":\"17:00\"}],\"email\":\"info@schneider-chauffeur.de\",\"faxNumber\":\"Schneider Chauffeurservice\",\"areaServed\":\"Germany\"},{\"@type\":\"PostalAddress\",\"@id\":\"https:\/\/www.schneider-chauffeur.de\/fr\/emplacements\/danemark\/limousinenservice-copenhague\/#local-main-place-address\",\"streetAddress\":\"Hohenzollernstr. 24\",\"addressLocality\":\"Essen\",\"postalCode\":\"45128\",\"addressCountry\":\"DE\"},{\"@type\":\"ImageObject\",\"inLanguage\":\"fr-FR\",\"@id\":\"https:\/\/www.schneider-chauffeur.de\/fr\/emplacements\/danemark\/limousinenservice-copenhague\/#local-main-organization-logo\",\"url\":\"https:\/\/cdn.schneider-chauffeur.de\/app\/uploads\/2019\/08\/logo-schneider-chauffeur-service.svg\",\"contentUrl\":\"https:\/\/cdn.schneider-chauffeur.de\/app\/uploads\/2019\/08\/logo-schneider-chauffeur-service.svg\",\"caption\":\"Schneider Chauffeurservice\"}]}<\/script>\n<meta name=\"geo.placename\" content=\"Essen\" \/>\n<meta name=\"geo.region\" content=\"Germany\" \/>\n<!-- \/ Yoast SEO Premium plugin. -->","yoast_head_json":{"title":"Service de limousine \u00e0 Copenhague avec chauffeur professionnel","description":"Profitez d'un service exceptionnel avec notre service de limousine \u00e0 Copenhague, qui vous garantit des transferts ponctuels et un confort optimal.","robots":{"index":"index","follow":"follow","max-snippet":"max-snippet:-1","max-image-preview":"max-image-preview:large","max-video-preview":"max-video-preview:-1"},"canonical":"https:\/\/www.schneider-chauffeur.de\/fr\/emplacements\/danemark\/limousinenservice-copenhague\/","og_locale":"fr_FR","og_type":"article","og_title":"Service de limousine \u00e0 Copenhague","og_description":"Profitez d'un service exceptionnel avec notre service de limousine \u00e0 Copenhague, qui vous garantit des transferts ponctuels et un confort optimal.","og_url":"https:\/\/www.schneider-chauffeur.de\/fr\/emplacements\/danemark\/limousinenservice-copenhague\/","og_site_name":"Schneider Chauffeurservice \u2013 Gesch\u00e4ftsreisen mit h\u00f6chstem Komfort","article_publisher":"https:\/\/www.facebook.com\/SchneiderChauffeurservice","article_modified_time":"2025-08-01T11:49:25+00:00","twitter_card":"summary_large_image","twitter_misc":{"Est. reading time":"2 minutes"},"schema":{"@context":"https:\/\/schema.org","@graph":[{"@type":"WebPage","@id":"https:\/\/www.schneider-chauffeur.de\/fr\/emplacements\/danemark\/limousinenservice-copenhague\/","url":"https:\/\/www.schneider-chauffeur.de\/fr\/emplacements\/danemark\/limousinenservice-copenhague\/","name":"Service de limousine \u00e0 Copenhague avec chauffeur professionnel","isPartOf":{"@id":"https:\/\/www.schneider-chauffeur.de\/fr\/#website"},"datePublished":"2025-07-30T08:39:35+00:00","dateModified":"2025-08-01T11:49:25+00:00","description":"Profitez d'un service exceptionnel avec notre service de limousine \u00e0 Copenhague, qui vous garantit des transferts ponctuels et un confort optimal.","breadcrumb":{"@id":"https:\/\/www.schneider-chauffeur.de\/fr\/emplacements\/danemark\/limousinenservice-copenhague\/#breadcrumb"},"inLanguage":"fr-FR","potentialAction":[{"@type":"ReadAction","target":["https:\/\/www.schneider-chauffeur.de\/fr\/emplacements\/danemark\/limousinenservice-copenhague\/"]}]},{"@type":"BreadcrumbList","@id":"https:\/\/www.schneider-chauffeur.de\/fr\/emplacements\/danemark\/limousinenservice-copenhague\/#breadcrumb","itemListElement":[{"@type":"ListItem","position":1,"name":"Page d\u2019accueil","item":"https:\/\/www.schneider-chauffeur.de\/fr\/"},{"@type":"ListItem","position":2,"name":"Emplacements","item":"https:\/\/www.schneider-chauffeur.de\/fr\/emplacements\/"},{"@type":"ListItem","position":3,"name":"Service de limousine Danemark","item":"https:\/\/www.schneider-chauffeur.de\/fr\/emplacements\/danemark\/"},{"@type":"ListItem","position":4,"name":"Service de limousine \u00e0 Copenhague"}]},{"@type":"WebSite","@id":"https:\/\/www.schneider-chauffeur.de\/fr\/#website","url":"https:\/\/www.schneider-chauffeur.de\/fr\/","name":"Schneider Chauffeurservice \u2013 Gesch\u00e4ftsreisen mit h\u00f6chstem Komfort","description":"","publisher":{"@id":"https:\/\/www.schneider-chauffeur.de\/fr\/#organization"},"potentialAction":[{"@type":"SearchAction","target":{"@type":"EntryPoint","urlTemplate":"https:\/\/www.schneider-chauffeur.de\/fr\/?s={search_term_string}"},"query-input":{"@type":"PropertyValueSpecification","valueRequired":true,"valueName":"search_term_string"}}],"inLanguage":"fr-FR"},{"@type":["Organization","Place"],"@id":"https:\/\/www.schneider-chauffeur.de\/fr\/#organization","name":"Schneider Chauffeurservice","url":"https:\/\/www.schneider-chauffeur.de\/fr\/","logo":{"@id":"https:\/\/www.schneider-chauffeur.de\/fr\/emplacements\/danemark\/limousinenservice-copenhague\/#local-main-organization-logo"},"image":{"@id":"https:\/\/www.schneider-chauffeur.de\/fr\/emplacements\/danemark\/limousinenservice-copenhague\/#local-main-organization-logo"},"sameAs":["https:\/\/www.facebook.com\/SchneiderChauffeurservice","https:\/\/www.linkedin.com\/company\/schneider-chauffeurservice\/","https:\/\/www.instagram.com\/schneider_chauffeurservice\/"],"legalName":"Schneider Chauffeurservice","numberOfEmployees":{"@type":"QuantitativeValue","minValue":"11","maxValue":"50"},"address":{"@id":"https:\/\/www.schneider-chauffeur.de\/fr\/emplacements\/danemark\/limousinenservice-copenhague\/#local-main-place-address"},"telephone":["+49 20185892980"],"contactPoint":{"@type":"ContactPoint","telephone":"+49 20185892980","email":"info@schneider-chauffeur.de"},"openingHoursSpecification":[{"@type":"OpeningHoursSpecification","dayOfWeek":["Monday","Tuesday","Wednesday","Thursday","Friday","Saturday","Sunday"],"opens":"09:00","closes":"17:00"}],"email":"info@schneider-chauffeur.de","faxNumber":"Schneider Chauffeurservice","areaServed":"Germany"},{"@type":"PostalAddress","@id":"https:\/\/www.schneider-chauffeur.de\/fr\/emplacements\/danemark\/limousinenservice-copenhague\/#local-main-place-address","streetAddress":"Hohenzollernstr. 24","addressLocality":"Essen","postalCode":"45128","addressCountry":"DE"},{"@type":"ImageObject","inLanguage":"fr-FR","@id":"https:\/\/www.schneider-chauffeur.de\/fr\/emplacements\/danemark\/limousinenservice-copenhague\/#local-main-organization-logo","url":"https:\/\/cdn.schneider-chauffeur.de\/app\/uploads\/2019\/08\/logo-schneider-chauffeur-service.svg","contentUrl":"https:\/\/cdn.schneider-chauffeur.de\/app\/uploads\/2019\/08\/logo-schneider-chauffeur-service.svg","caption":"Schneider Chauffeurservice"}]},"geo.placename":"Essen","geo.region":"Germany"},"_links":{"self":[{"href":"https:\/\/www.schneider-chauffeur.de\/fr\/wp-json\/wp\/v2\/pages\/30546","targetHints":{"allow":["GET"]}}],"collection":[{"href":"https:\/\/www.schneider-chauffeur.de\/fr\/wp-json\/wp\/v2\/pages"}],"about":[{"href":"https:\/\/www.schneider-chauffeur.de\/fr\/wp-json\/wp\/v2\/types\/page"}],"author":[{"embeddable":true,"href":"https:\/\/www.schneider-chauffeur.de\/fr\/wp-json\/wp\/v2\/users\/8"}],"replies":[{"embeddable":true,"href":"https:\/\/www.schneider-chauffeur.de\/fr\/wp-json\/wp\/v2\/comments?post=30546"}],"version-history":[{"count":11,"href":"https:\/\/www.schneider-chauffeur.de\/fr\/wp-json\/wp\/v2\/pages\/30546\/revisions"}],"predecessor-version":[{"id":30593,"href":"https:\/\/www.schneider-chauffeur.de\/fr\/wp-json\/wp\/v2\/pages\/30546\/revisions\/30593"}],"up":[{"embeddable":true,"href":"https:\/\/www.schneider-chauffeur.de\/fr\/wp-json\/wp\/v2\/pages\/32527"}],"wp:attachment":[{"href":"https:\/\/www.schneider-chauffeur.de\/fr\/wp-json\/wp\/v2\/media?parent=30546"}],"curies":[{"name":"wp","href":"https:\/\/api.w.org\/{rel}","templated":true}]}}