{"id":30454,"date":"2025-07-30T10:51:01","date_gmt":"2025-07-30T08:51:01","guid":{"rendered":"https:\/\/www.schneider-chauffeur.de\/?page_id=30454"},"modified":"2025-08-01T13:49:11","modified_gmt":"2025-08-01T11:49:11","slug":"limousinenservice-rotterdam","status":"publish","type":"page","link":"https:\/\/www.schneider-chauffeur.de\/fr\/emplacements\/pays-bas\/limousinenservice-rotterdam\/","title":{"rendered":"Service de limousine Rotterdam"},"content":{"rendered":"<p>Avez-vous prochainement des rendez-vous professionnels \u00e0 Rotterdam et souhaitez-vous vous concentrer pleinement sur vos activit\u00e9s durant votre s\u00e9jour ? Avec notre service de limousine flexible, nous vous accompagnons de mani\u00e8re fiable tout au long de votre voyage et veillons \u00e0 ce que votre mobilit\u00e9 dans la m\u00e9tropole portuaire n\u00e9erlandaise ne soit jamais un souci. Notre chauffeur vient vous chercher \u00e0 l\u2019a\u00e9roport, \u00e0 l\u2019h\u00f4tel ou \u00e0 tout autre endroit de votre choix et vous conduit toujours ponctuellement \u00e0 vos engagements. Pendant le trajet, profitez de l\u2019ambiance \u00e9l\u00e9gante de notre limousine et optimisez votre temps \u2013 que ce soit pour travailler en toute concentration, passer des appels importants ou simplement vous d\u00e9tendre. Notre service de chauffeur et limousine \u00e0 Rotterdam est disponible pour des trajets individuels ou en tant que partenaire de confiance durant l\u2019ensemble de votre s\u00e9jour. Nous serons ravis de vous pr\u00e9senter les diff\u00e9rentes options et d\u00e9tails lors d\u2019un entretien personnalis\u00e9.<\/p>\n<p><a class=\"button\" href=\"https:\/\/www.schneider-chauffeur.de\/fr\/contactez\/\">Contactez-nous maintenant !<\/a><\/p>\n<h2>Nos services de chauffeur &amp; limousine \u00e0 Rotterdam<\/h2>\n<p>Avec notre service de limousine \u00e0 Rotterdam, nous adaptons chaque d\u00e9tail \u00e0 vos besoins individuels. Nous d\u00e9finirons ensemble votre forfait personnalis\u00e9 lors d\u2019un entretien t\u00e9l\u00e9phonique. En principe, nous proposons notamment les services suivants :<\/p>\n<ul>\n<li><strong>Transferts<\/strong> Transferts entre l\u2019a\u00e9roport <strong>The Hague Airport<\/strong> ou la gare, votre bureau, vos rendez-vous professionnels, salons, h\u00f4tels et autres destinations souhait\u00e9es \u2013 tels que visites de restaurants, \u00e9v\u00e9nements en soir\u00e9e ou excursions vers les sites d\u2019int\u00e9r\u00eat \u00e0 Rotterdam et ses environs. Parmi les incontournables figurent le remarquable <strong>Mus\u00e9e Boijmans Van Beuningen<\/strong> et la c\u00e9l\u00e8bre <strong>Markthal Rotterdam<\/strong> avec son architecture unique. Vous pouvez r\u00e9server des trajets \u00e0 l\u2019unit\u00e9 ou opter pour un forfait comprenant le nombre de transferts souhait\u00e9.<\/li>\n<li><strong>Location \u00e0 l\u2019heure ou \u00e0 la journ\u00e9e<\/strong> de notre chauffeur dans la cat\u00e9gorie de v\u00e9hicule de votre choix. Pendant cette p\u00e9riode, votre chauffeur est enti\u00e8rement \u00e0 votre disposition et peut \u00e9galement effectuer de petites commissions \u00e0 votre demande.<\/li>\n<li><strong>Forfait complet pour votre voyage d\u2019affaires ou sortie priv\u00e9e :<\/strong> notre chauffeur vous accompagne tout au long de votre s\u00e9jour \u00e0 Rotterdam et assure toutes les prestations couvertes par notre service. Vous b\u00e9n\u00e9ficiez ainsi d\u2019une flexibilit\u00e9 maximale et d\u2019un accompagnement personnalis\u00e9.<\/li>\n<\/ul>\n<p>Merci de nous contacter afin que nous puissions convenir ensemble des d\u00e9tails et planifier votre service de transfert id\u00e9al.<\/p>\n<p><a class=\"button\" style=\"max-width: 450px;\" href=\"tel:+4920185892980\"><span style=\"display: inline-block; width: 0px; overflow: hidden; line-height: 0;\" data-mce-type=\"bookmark\" class=\"mce_SELRES_start\">\ufeff<\/span>Appelez maintenant : +49 201 85892980<\/a><\/p>\n","protected":false},"excerpt":{"rendered":"<p>Avez-vous prochainement des rendez-vous professionnels \u00e0 Rotterdam et souhaitez-vous vous concentrer pleinement sur vos activit\u00e9s durant votre s\u00e9jour ? Avec notre service de limousine flexible, nous vous accompagnons de mani\u00e8re fiable tout au long de votre voyage et veillons \u00e0 ce que votre mobilit\u00e9 dans la m\u00e9tropole portuaire n\u00e9erlandaise ne soit jamais un souci. Notre &hellip;<\/p>\n","protected":false},"author":3,"featured_media":0,"parent":32546,"menu_order":39,"comment_status":"closed","ping_status":"closed","template":"page-staedte.php","meta":{"footnotes":""},"class_list":["post-30454","page","type-page","status-publish","hentry"],"yoast_head":"<!-- This site is optimized with the Yoast SEO Premium plugin v26.3 (Yoast SEO v26.3) - https:\/\/yoast.com\/wordpress\/plugins\/seo\/ -->\n<title>Service de limousine \u00e0 Rotterdam avec chauffeur professionnel<\/title>\n<meta name=\"description\" content=\"Faites l&#039;exp\u00e9rience d&#039;un service exceptionnel avec notre service de limousines Rotterdam, qui vous garantit des transferts ponctuels et un grand confort.\" \/>\n<meta name=\"robots\" content=\"index, follow, max-snippet:-1, max-image-preview:large, max-video-preview:-1\" \/>\n<link rel=\"canonical\" href=\"https:\/\/www.schneider-chauffeur.de\/fr\/emplacements\/pays-bas\/limousinenservice-rotterdam\/\" \/>\n<meta property=\"og:locale\" content=\"fr_FR\" \/>\n<meta property=\"og:type\" content=\"article\" \/>\n<meta property=\"og:title\" content=\"Service de limousine Rotterdam\" \/>\n<meta property=\"og:description\" content=\"Faites l&#039;exp\u00e9rience d&#039;un service exceptionnel avec notre service de limousines Rotterdam, qui vous garantit des transferts ponctuels et un grand confort.\" \/>\n<meta property=\"og:url\" content=\"https:\/\/www.schneider-chauffeur.de\/fr\/emplacements\/pays-bas\/limousinenservice-rotterdam\/\" \/>\n<meta property=\"og:site_name\" content=\"Schneider Chauffeurservice \u2013 Gesch\u00e4ftsreisen mit h\u00f6chstem Komfort\" \/>\n<meta property=\"article:publisher\" content=\"https:\/\/www.facebook.com\/SchneiderChauffeurservice\" \/>\n<meta property=\"article:modified_time\" content=\"2025-08-01T11:49:11+00:00\" \/>\n<meta name=\"twitter:card\" content=\"summary_large_image\" \/>\n<meta name=\"twitter:label1\" content=\"Est. reading time\" \/>\n\t<meta name=\"twitter:data1\" content=\"3 minutes\" \/>\n<script type=\"application\/ld+json\" class=\"yoast-schema-graph\">{\"@context\":\"https:\/\/schema.org\",\"@graph\":[{\"@type\":\"WebPage\",\"@id\":\"https:\/\/www.schneider-chauffeur.de\/fr\/emplacements\/pays-bas\/limousinenservice-rotterdam\/\",\"url\":\"https:\/\/www.schneider-chauffeur.de\/fr\/emplacements\/pays-bas\/limousinenservice-rotterdam\/\",\"name\":\"Service de limousine \u00e0 Rotterdam avec chauffeur professionnel\",\"isPartOf\":{\"@id\":\"https:\/\/www.schneider-chauffeur.de\/fr\/#website\"},\"datePublished\":\"2025-07-30T08:51:01+00:00\",\"dateModified\":\"2025-08-01T11:49:11+00:00\",\"description\":\"Faites l'exp\u00e9rience d'un service exceptionnel avec notre service de limousines Rotterdam, qui vous garantit des transferts ponctuels et un grand confort.\",\"breadcrumb\":{\"@id\":\"https:\/\/www.schneider-chauffeur.de\/fr\/emplacements\/pays-bas\/limousinenservice-rotterdam\/#breadcrumb\"},\"inLanguage\":\"fr-FR\",\"potentialAction\":[{\"@type\":\"ReadAction\",\"target\":[\"https:\/\/www.schneider-chauffeur.de\/fr\/emplacements\/pays-bas\/limousinenservice-rotterdam\/\"]}]},{\"@type\":\"BreadcrumbList\",\"@id\":\"https:\/\/www.schneider-chauffeur.de\/fr\/emplacements\/pays-bas\/limousinenservice-rotterdam\/#breadcrumb\",\"itemListElement\":[{\"@type\":\"ListItem\",\"position\":1,\"name\":\"Page d\u2019accueil\",\"item\":\"https:\/\/www.schneider-chauffeur.de\/fr\/\"},{\"@type\":\"ListItem\",\"position\":2,\"name\":\"Emplacements\",\"item\":\"https:\/\/www.schneider-chauffeur.de\/fr\/emplacements\/\"},{\"@type\":\"ListItem\",\"position\":3,\"name\":\"Service de limousine aux Pays-Bas\",\"item\":\"https:\/\/www.schneider-chauffeur.de\/fr\/emplacements\/pays-bas\/\"},{\"@type\":\"ListItem\",\"position\":4,\"name\":\"Service de limousine Rotterdam\"}]},{\"@type\":\"WebSite\",\"@id\":\"https:\/\/www.schneider-chauffeur.de\/fr\/#website\",\"url\":\"https:\/\/www.schneider-chauffeur.de\/fr\/\",\"name\":\"Schneider Chauffeurservice \u2013 Gesch\u00e4ftsreisen mit h\u00f6chstem Komfort\",\"description\":\"\",\"publisher\":{\"@id\":\"https:\/\/www.schneider-chauffeur.de\/fr\/#organization\"},\"potentialAction\":[{\"@type\":\"SearchAction\",\"target\":{\"@type\":\"EntryPoint\",\"urlTemplate\":\"https:\/\/www.schneider-chauffeur.de\/fr\/?s={search_term_string}\"},\"query-input\":{\"@type\":\"PropertyValueSpecification\",\"valueRequired\":true,\"valueName\":\"search_term_string\"}}],\"inLanguage\":\"fr-FR\"},{\"@type\":[\"Organization\",\"Place\"],\"@id\":\"https:\/\/www.schneider-chauffeur.de\/fr\/#organization\",\"name\":\"Schneider Chauffeurservice\",\"url\":\"https:\/\/www.schneider-chauffeur.de\/fr\/\",\"logo\":{\"@id\":\"https:\/\/www.schneider-chauffeur.de\/fr\/emplacements\/pays-bas\/limousinenservice-rotterdam\/#local-main-organization-logo\"},\"image\":{\"@id\":\"https:\/\/www.schneider-chauffeur.de\/fr\/emplacements\/pays-bas\/limousinenservice-rotterdam\/#local-main-organization-logo\"},\"sameAs\":[\"https:\/\/www.facebook.com\/SchneiderChauffeurservice\",\"https:\/\/www.linkedin.com\/company\/schneider-chauffeurservice\/\",\"https:\/\/www.instagram.com\/schneider_chauffeurservice\/\"],\"legalName\":\"Schneider Chauffeurservice\",\"numberOfEmployees\":{\"@type\":\"QuantitativeValue\",\"minValue\":\"11\",\"maxValue\":\"50\"},\"address\":{\"@id\":\"https:\/\/www.schneider-chauffeur.de\/fr\/emplacements\/pays-bas\/limousinenservice-rotterdam\/#local-main-place-address\"},\"telephone\":[\"+49 20185892980\"],\"contactPoint\":{\"@type\":\"ContactPoint\",\"telephone\":\"+49 20185892980\",\"email\":\"info@schneider-chauffeur.de\"},\"openingHoursSpecification\":[{\"@type\":\"OpeningHoursSpecification\",\"dayOfWeek\":[\"Monday\",\"Tuesday\",\"Wednesday\",\"Thursday\",\"Friday\",\"Saturday\",\"Sunday\"],\"opens\":\"09:00\",\"closes\":\"17:00\"}],\"email\":\"info@schneider-chauffeur.de\",\"faxNumber\":\"Schneider Chauffeurservice\",\"areaServed\":\"Germany\"},{\"@type\":\"PostalAddress\",\"@id\":\"https:\/\/www.schneider-chauffeur.de\/fr\/emplacements\/pays-bas\/limousinenservice-rotterdam\/#local-main-place-address\",\"streetAddress\":\"Hohenzollernstr. 24\",\"addressLocality\":\"Essen\",\"postalCode\":\"45128\",\"addressCountry\":\"DE\"},{\"@type\":\"ImageObject\",\"inLanguage\":\"fr-FR\",\"@id\":\"https:\/\/www.schneider-chauffeur.de\/fr\/emplacements\/pays-bas\/limousinenservice-rotterdam\/#local-main-organization-logo\",\"url\":\"https:\/\/cdn.schneider-chauffeur.de\/app\/uploads\/2019\/08\/logo-schneider-chauffeur-service.svg\",\"contentUrl\":\"https:\/\/cdn.schneider-chauffeur.de\/app\/uploads\/2019\/08\/logo-schneider-chauffeur-service.svg\",\"caption\":\"Schneider Chauffeurservice\"}]}<\/script>\n<meta name=\"geo.placename\" content=\"Essen\" \/>\n<meta name=\"geo.region\" content=\"Germany\" \/>\n<!-- \/ Yoast SEO Premium plugin. -->","yoast_head_json":{"title":"Service de limousine \u00e0 Rotterdam avec chauffeur professionnel","description":"Faites l'exp\u00e9rience d'un service exceptionnel avec notre service de limousines Rotterdam, qui vous garantit des transferts ponctuels et un grand confort.","robots":{"index":"index","follow":"follow","max-snippet":"max-snippet:-1","max-image-preview":"max-image-preview:large","max-video-preview":"max-video-preview:-1"},"canonical":"https:\/\/www.schneider-chauffeur.de\/fr\/emplacements\/pays-bas\/limousinenservice-rotterdam\/","og_locale":"fr_FR","og_type":"article","og_title":"Service de limousine Rotterdam","og_description":"Faites l'exp\u00e9rience d'un service exceptionnel avec notre service de limousines Rotterdam, qui vous garantit des transferts ponctuels et un grand confort.","og_url":"https:\/\/www.schneider-chauffeur.de\/fr\/emplacements\/pays-bas\/limousinenservice-rotterdam\/","og_site_name":"Schneider Chauffeurservice \u2013 Gesch\u00e4ftsreisen mit h\u00f6chstem Komfort","article_publisher":"https:\/\/www.facebook.com\/SchneiderChauffeurservice","article_modified_time":"2025-08-01T11:49:11+00:00","twitter_card":"summary_large_image","twitter_misc":{"Est. reading time":"3 minutes"},"schema":{"@context":"https:\/\/schema.org","@graph":[{"@type":"WebPage","@id":"https:\/\/www.schneider-chauffeur.de\/fr\/emplacements\/pays-bas\/limousinenservice-rotterdam\/","url":"https:\/\/www.schneider-chauffeur.de\/fr\/emplacements\/pays-bas\/limousinenservice-rotterdam\/","name":"Service de limousine \u00e0 Rotterdam avec chauffeur professionnel","isPartOf":{"@id":"https:\/\/www.schneider-chauffeur.de\/fr\/#website"},"datePublished":"2025-07-30T08:51:01+00:00","dateModified":"2025-08-01T11:49:11+00:00","description":"Faites l'exp\u00e9rience d'un service exceptionnel avec notre service de limousines Rotterdam, qui vous garantit des transferts ponctuels et un grand confort.","breadcrumb":{"@id":"https:\/\/www.schneider-chauffeur.de\/fr\/emplacements\/pays-bas\/limousinenservice-rotterdam\/#breadcrumb"},"inLanguage":"fr-FR","potentialAction":[{"@type":"ReadAction","target":["https:\/\/www.schneider-chauffeur.de\/fr\/emplacements\/pays-bas\/limousinenservice-rotterdam\/"]}]},{"@type":"BreadcrumbList","@id":"https:\/\/www.schneider-chauffeur.de\/fr\/emplacements\/pays-bas\/limousinenservice-rotterdam\/#breadcrumb","itemListElement":[{"@type":"ListItem","position":1,"name":"Page d\u2019accueil","item":"https:\/\/www.schneider-chauffeur.de\/fr\/"},{"@type":"ListItem","position":2,"name":"Emplacements","item":"https:\/\/www.schneider-chauffeur.de\/fr\/emplacements\/"},{"@type":"ListItem","position":3,"name":"Service de limousine aux Pays-Bas","item":"https:\/\/www.schneider-chauffeur.de\/fr\/emplacements\/pays-bas\/"},{"@type":"ListItem","position":4,"name":"Service de limousine Rotterdam"}]},{"@type":"WebSite","@id":"https:\/\/www.schneider-chauffeur.de\/fr\/#website","url":"https:\/\/www.schneider-chauffeur.de\/fr\/","name":"Schneider Chauffeurservice \u2013 Gesch\u00e4ftsreisen mit h\u00f6chstem Komfort","description":"","publisher":{"@id":"https:\/\/www.schneider-chauffeur.de\/fr\/#organization"},"potentialAction":[{"@type":"SearchAction","target":{"@type":"EntryPoint","urlTemplate":"https:\/\/www.schneider-chauffeur.de\/fr\/?s={search_term_string}"},"query-input":{"@type":"PropertyValueSpecification","valueRequired":true,"valueName":"search_term_string"}}],"inLanguage":"fr-FR"},{"@type":["Organization","Place"],"@id":"https:\/\/www.schneider-chauffeur.de\/fr\/#organization","name":"Schneider Chauffeurservice","url":"https:\/\/www.schneider-chauffeur.de\/fr\/","logo":{"@id":"https:\/\/www.schneider-chauffeur.de\/fr\/emplacements\/pays-bas\/limousinenservice-rotterdam\/#local-main-organization-logo"},"image":{"@id":"https:\/\/www.schneider-chauffeur.de\/fr\/emplacements\/pays-bas\/limousinenservice-rotterdam\/#local-main-organization-logo"},"sameAs":["https:\/\/www.facebook.com\/SchneiderChauffeurservice","https:\/\/www.linkedin.com\/company\/schneider-chauffeurservice\/","https:\/\/www.instagram.com\/schneider_chauffeurservice\/"],"legalName":"Schneider Chauffeurservice","numberOfEmployees":{"@type":"QuantitativeValue","minValue":"11","maxValue":"50"},"address":{"@id":"https:\/\/www.schneider-chauffeur.de\/fr\/emplacements\/pays-bas\/limousinenservice-rotterdam\/#local-main-place-address"},"telephone":["+49 20185892980"],"contactPoint":{"@type":"ContactPoint","telephone":"+49 20185892980","email":"info@schneider-chauffeur.de"},"openingHoursSpecification":[{"@type":"OpeningHoursSpecification","dayOfWeek":["Monday","Tuesday","Wednesday","Thursday","Friday","Saturday","Sunday"],"opens":"09:00","closes":"17:00"}],"email":"info@schneider-chauffeur.de","faxNumber":"Schneider Chauffeurservice","areaServed":"Germany"},{"@type":"PostalAddress","@id":"https:\/\/www.schneider-chauffeur.de\/fr\/emplacements\/pays-bas\/limousinenservice-rotterdam\/#local-main-place-address","streetAddress":"Hohenzollernstr. 24","addressLocality":"Essen","postalCode":"45128","addressCountry":"DE"},{"@type":"ImageObject","inLanguage":"fr-FR","@id":"https:\/\/www.schneider-chauffeur.de\/fr\/emplacements\/pays-bas\/limousinenservice-rotterdam\/#local-main-organization-logo","url":"https:\/\/cdn.schneider-chauffeur.de\/app\/uploads\/2019\/08\/logo-schneider-chauffeur-service.svg","contentUrl":"https:\/\/cdn.schneider-chauffeur.de\/app\/uploads\/2019\/08\/logo-schneider-chauffeur-service.svg","caption":"Schneider Chauffeurservice"}]},"geo.placename":"Essen","geo.region":"Germany"},"_links":{"self":[{"href":"https:\/\/www.schneider-chauffeur.de\/fr\/wp-json\/wp\/v2\/pages\/30454","targetHints":{"allow":["GET"]}}],"collection":[{"href":"https:\/\/www.schneider-chauffeur.de\/fr\/wp-json\/wp\/v2\/pages"}],"about":[{"href":"https:\/\/www.schneider-chauffeur.de\/fr\/wp-json\/wp\/v2\/types\/page"}],"author":[{"embeddable":true,"href":"https:\/\/www.schneider-chauffeur.de\/fr\/wp-json\/wp\/v2\/users\/3"}],"replies":[{"embeddable":true,"href":"https:\/\/www.schneider-chauffeur.de\/fr\/wp-json\/wp\/v2\/comments?post=30454"}],"version-history":[{"count":4,"href":"https:\/\/www.schneider-chauffeur.de\/fr\/wp-json\/wp\/v2\/pages\/30454\/revisions"}],"predecessor-version":[{"id":31019,"href":"https:\/\/www.schneider-chauffeur.de\/fr\/wp-json\/wp\/v2\/pages\/30454\/revisions\/31019"}],"up":[{"embeddable":true,"href":"https:\/\/www.schneider-chauffeur.de\/fr\/wp-json\/wp\/v2\/pages\/32546"}],"wp:attachment":[{"href":"https:\/\/www.schneider-chauffeur.de\/fr\/wp-json\/wp\/v2\/media?parent=30454"}],"curies":[{"name":"wp","href":"https:\/\/api.w.org\/{rel}","templated":true}]}}