{"id":18731,"date":"2024-11-10T13:19:27","date_gmt":"2024-11-10T12:19:27","guid":{"rendered":"https:\/\/www.schneider-chauffeur.de\/?page_id=18731"},"modified":"2024-11-10T13:29:42","modified_gmt":"2024-11-10T12:29:42","slug":"man-lions-coach","status":"publish","type":"page","link":"https:\/\/www.schneider-chauffeur.de\/fr\/notre-flotte\/man-lions-coach\/","title":{"rendered":"MAN Lion\u00b4s Coach"},"content":{"rendered":"<p>MAN Lion&#8217;s Coach peut accueillir jusqu&#8217;\u00e0 53 personnes pour un voyage agr\u00e9able.<br \/>\n<!--more--><br \/>\n<img loading=\"lazy\" decoding=\"async\" class=\"alignright size-medium wp-image-7112\" src=\"https:\/\/www.schneider-chauffeur.de\/app\/uploads\/2024\/10\/Lions-Coach_right-side.jpg\" alt=\"MAN Lions Coach auf dem Busparkplatz von Schneider Chauffeurservicve\" width=\"300\" height=\"200\" \/>D\u00e9couvre le MAN Lions Coach &#8211; la combinaison parfaite d&#8217;un design moderne, d&#8217;un confort exceptionnel et d&#8217;une capacit\u00e9 g\u00e9n\u00e9reuse. Avec de la place pour jusqu&#8217;\u00e0 53 passagers, cet autocar est id\u00e9al pour les d\u00e9l\u00e9gations, les visites de salons ou, dans le service \u00e9v\u00e9nementiel, il constitue une bonne entr\u00e9e en mati\u00e8re pour les groupes de voyageurs dans notre service de bus.<\/p>\n<h2>Avec des si\u00e8ges confortables<\/h2>\n<p><img loading=\"lazy\" decoding=\"async\" class=\"alignleft size-medium wp-image-7107\" src=\"https:\/\/www.schneider-chauffeur.de\/app\/uploads\/2024\/10\/Lions-Coach_inside.jpg\" alt=\"MAN Lions Coach Innenansicht Blickrichtung nach hinten auf die Bestuhlung\" width=\"300\" height=\"200\" \/><\/p>\n<p>Le MAN Lions Coach ne convainc pas seulement par son grand nombre de si\u00e8ges, mais aussi par ses si\u00e8ges soigneusement con\u00e7us, qui sont dot\u00e9s d&#8217;un confort sup\u00e9rieur. Les rembourrages ergonomiques et l&#8217;espace g\u00e9n\u00e9reux pour les jambes permettent de faire de chaque trajet une exp\u00e9rience d\u00e9tendue, qu&#8217;il soit de courte ou de longue dur\u00e9e.<\/p>\n<p>L&#8217;\u00e9quipement du Lions Coach ne laisse rien \u00e0 d\u00e9sirer : La climatisation, l&#8217;\u00e9clairage de confort moderne et les espaces de rangement spacieux rendent chaque voyage agr\u00e9able et confortable. De plus, le v\u00e9hicule est \u00e9quip\u00e9 des derni\u00e8res technologies qui garantissent \u00e0 la fois la s\u00e9curit\u00e9 et l&#8217;efficacit\u00e9.<\/p>\n<p>Que tu partes en voyage associatif ou scolaire avec des amis ou que tu organises un \u00e9v\u00e9nement professionnel, le MAN Lions Coach offre la polyvalence et le confort dont tu as besoin pour rendre tes voyages inoubliables. Fais confiance au MAN Lions Coach &#8211; ton partenaire fiable pour chaque aventure.<\/p>\n<p><a class=\"button\" style=\"max-width: 450px;\" href=\"https:\/\/www.schneider-chauffeur.de\/fr\/demande-de-service-de-bus\/\">Demander maintenant l&#8217;autocar Lion&#8217;s Coach !<\/a><\/p>\n<h2>L&#8217;autocar MAN &#8211; voyager confortablement pour les groupes<\/h2>\n<p><img loading=\"lazy\" decoding=\"async\" class=\"alignleft size-medium wp-image-7102\" src=\"https:\/\/www.schneider-chauffeur.de\/app\/uploads\/2024\/10\/Lions-Coach_left-side.jpg\" alt=\"MAN Lions Coach au\u00dfen Ansicht, steht auf dem Busparkplatz von Schneider Chauffeurservice\" width=\"300\" height=\"200\" \/>Pour notre service de bus, le MAN Lion&#8217;s Coach est le plus confortable des bus de voyage. Il offre un maximum de confort de voyage et de s\u00e9curit\u00e9. L&#8217;esth\u00e9tique moderne, tant \u00e0 l&#8217;ext\u00e9rieur qu&#8217;\u00e0 l&#8217;int\u00e9rieur, rencontre ici une g\u00e9n\u00e9rosit\u00e9 luxueuse.<\/p>\n<div class=\"clear\"><\/div>\n<p>&nbsp;<\/p>\n<h2>Bien \u00e9quip\u00e9 pour chaque occasion. Nous serons ravis de te conseiller. Cet \u00e9quipement exclusif t&#8217;attend :<\/h2>\n<ul>\n<li>Si\u00e8ges confort<\/li>\n<li>Aspect du plancher en bois<\/li>\n<li>Espacement confortable des si\u00e8ges<\/li>\n<li>WiFi &#8211; gratuit<\/li>\n<li>Pour les pr\u00e9sentations ou le divertissement, 2 \u00e9crans de plafond de 17 pouces sont disponibles.<\/li>\n<li>Climatisation puissante et chauffage autonome<\/li>\n<li>Deux grands r\u00e9frig\u00e9rateurs<\/li>\n<li>Machine \u00e0 caf\u00e9 filtre pour 40 tasses<\/li>\n<li>Toilettes embarqu\u00e9es<\/li>\n<li>Vitrage privatif dans l&#8217;espace passagers<\/li>\n<li>Si\u00e8ges avec fonction de couchage et repose-pieds<\/li>\n<li>Espace de rangement pour plus de 70 valises<\/li>\n<li>Thermotronic \u00e0 l&#8217;arri\u00e8re<\/li>\n<li>Liseuses<\/li>\n<li>Attelage de remorque disponible<\/li>\n<li>Boissons r\u00e9frig\u00e9r\u00e9es (en option)<\/li>\n<li>R\u00e9server une remorque (possible en option)<\/li>\n<\/ul>\n<p><a class=\"button\" style=\"max-width: 450px;\" href=\"https:\/\/www.schneider-chauffeur.de\/fr\/demande-de-service-de-bus\/\">Demander maintenant l&#8217;autocar Lion&#8217;s Coach !<\/a><\/p>\n","protected":false},"excerpt":{"rendered":"<p>MAN Lion&#8217;s Coach peut accueillir jusqu&#8217;\u00e0 53 personnes pour un voyage agr\u00e9able.<\/p>\n","protected":false},"author":3,"featured_media":26273,"parent":1577,"menu_order":54,"comment_status":"closed","ping_status":"closed","template":"","meta":{"footnotes":""},"class_list":["post-18731","page","type-page","status-publish","has-post-thumbnail","hentry"],"yoast_head":"<!-- This site is optimized with the Yoast SEO Premium plugin v26.3 (Yoast SEO v26.3) - https:\/\/yoast.com\/wordpress\/plugins\/seo\/ -->\n<title>MAN Lions Coach | Schneider Chauffeurservice<\/title>\n<meta name=\"description\" content=\"D\u00e9couvre l&#039;autocar MAN Lions Coach - moderne, confortable, spacieux. Parfait pour les voyages en groupe. Avec la toute derni\u00e8re technologie pour des voyages de toutes sortes.\" \/>\n<meta name=\"robots\" content=\"index, follow, max-snippet:-1, max-image-preview:large, max-video-preview:-1\" \/>\n<link rel=\"canonical\" href=\"https:\/\/www.schneider-chauffeur.de\/fr\/notre-flotte\/man-lions-coach\/\" \/>\n<meta property=\"og:locale\" content=\"fr_FR\" \/>\n<meta property=\"og:type\" content=\"article\" \/>\n<meta property=\"og:title\" content=\"MAN Lion\u00b4s Coach\" \/>\n<meta property=\"og:description\" content=\"D\u00e9couvre l&#039;autocar MAN Lions Coach - moderne, confortable, spacieux. Parfait pour les voyages en groupe. Avec la toute derni\u00e8re technologie pour des voyages de toutes sortes.\" \/>\n<meta property=\"og:url\" content=\"https:\/\/www.schneider-chauffeur.de\/fr\/notre-flotte\/man-lions-coach\/\" \/>\n<meta property=\"og:site_name\" content=\"Schneider Chauffeurservice \u2013 Gesch\u00e4ftsreisen mit h\u00f6chstem Komfort\" \/>\n<meta property=\"article:publisher\" content=\"https:\/\/www.facebook.com\/SchneiderChauffeurservice\" \/>\n<meta property=\"article:modified_time\" content=\"2024-11-10T12:29:42+00:00\" \/>\n<meta property=\"og:image\" content=\"https:\/\/www.schneider-chauffeur.de\/app\/uploads\/2024\/11\/flotte-man-lions-coach.jpg\" \/>\n\t<meta property=\"og:image:width\" content=\"600\" \/>\n\t<meta property=\"og:image:height\" content=\"394\" \/>\n\t<meta property=\"og:image:type\" content=\"image\/jpeg\" \/>\n<meta name=\"twitter:card\" content=\"summary_large_image\" \/>\n<meta name=\"twitter:label1\" content=\"Est. reading time\" \/>\n\t<meta name=\"twitter:data1\" content=\"3 minutes\" \/>\n<script type=\"application\/ld+json\" class=\"yoast-schema-graph\">{\"@context\":\"https:\/\/schema.org\",\"@graph\":[{\"@type\":\"WebPage\",\"@id\":\"https:\/\/www.schneider-chauffeur.de\/fr\/notre-flotte\/man-lions-coach\/\",\"url\":\"https:\/\/www.schneider-chauffeur.de\/fr\/notre-flotte\/man-lions-coach\/\",\"name\":\"MAN Lions Coach | Schneider Chauffeurservice\",\"isPartOf\":{\"@id\":\"https:\/\/www.schneider-chauffeur.de\/fr\/#website\"},\"primaryImageOfPage\":{\"@id\":\"https:\/\/www.schneider-chauffeur.de\/fr\/notre-flotte\/man-lions-coach\/#primaryimage\"},\"image\":{\"@id\":\"https:\/\/www.schneider-chauffeur.de\/fr\/notre-flotte\/man-lions-coach\/#primaryimage\"},\"thumbnailUrl\":\"https:\/\/cdn.schneider-chauffeur.de\/app\/uploads\/2024\/11\/flotte-man-lions-coach.jpg\",\"datePublished\":\"2024-11-10T12:19:27+00:00\",\"dateModified\":\"2024-11-10T12:29:42+00:00\",\"description\":\"D\u00e9couvre l'autocar MAN Lions Coach - moderne, confortable, spacieux. Parfait pour les voyages en groupe. Avec la toute derni\u00e8re technologie pour des voyages de toutes sortes.\",\"breadcrumb\":{\"@id\":\"https:\/\/www.schneider-chauffeur.de\/fr\/notre-flotte\/man-lions-coach\/#breadcrumb\"},\"inLanguage\":\"fr-FR\",\"potentialAction\":[{\"@type\":\"ReadAction\",\"target\":[\"https:\/\/www.schneider-chauffeur.de\/fr\/notre-flotte\/man-lions-coach\/\"]}]},{\"@type\":\"ImageObject\",\"inLanguage\":\"fr-FR\",\"@id\":\"https:\/\/www.schneider-chauffeur.de\/fr\/notre-flotte\/man-lions-coach\/#primaryimage\",\"url\":\"https:\/\/cdn.schneider-chauffeur.de\/app\/uploads\/2024\/11\/flotte-man-lions-coach.jpg\",\"contentUrl\":\"https:\/\/cdn.schneider-chauffeur.de\/app\/uploads\/2024\/11\/flotte-man-lions-coach.jpg\",\"width\":600,\"height\":394},{\"@type\":\"BreadcrumbList\",\"@id\":\"https:\/\/www.schneider-chauffeur.de\/fr\/notre-flotte\/man-lions-coach\/#breadcrumb\",\"itemListElement\":[{\"@type\":\"ListItem\",\"position\":1,\"name\":\"Page d\u2019accueil\",\"item\":\"https:\/\/www.schneider-chauffeur.de\/fr\/\"},{\"@type\":\"ListItem\",\"position\":2,\"name\":\"Notre flotte\",\"item\":\"https:\/\/www.schneider-chauffeur.de\/fr\/notre-flotte\/\"},{\"@type\":\"ListItem\",\"position\":3,\"name\":\"MAN Lion\u00b4s Coach\"}]},{\"@type\":\"WebSite\",\"@id\":\"https:\/\/www.schneider-chauffeur.de\/fr\/#website\",\"url\":\"https:\/\/www.schneider-chauffeur.de\/fr\/\",\"name\":\"Schneider Chauffeurservice \u2013 Gesch\u00e4ftsreisen mit h\u00f6chstem Komfort\",\"description\":\"\",\"publisher\":{\"@id\":\"https:\/\/www.schneider-chauffeur.de\/fr\/#organization\"},\"potentialAction\":[{\"@type\":\"SearchAction\",\"target\":{\"@type\":\"EntryPoint\",\"urlTemplate\":\"https:\/\/www.schneider-chauffeur.de\/fr\/?s={search_term_string}\"},\"query-input\":{\"@type\":\"PropertyValueSpecification\",\"valueRequired\":true,\"valueName\":\"search_term_string\"}}],\"inLanguage\":\"fr-FR\"},{\"@type\":[\"Organization\",\"Place\"],\"@id\":\"https:\/\/www.schneider-chauffeur.de\/fr\/#organization\",\"name\":\"Schneider Chauffeurservice\",\"url\":\"https:\/\/www.schneider-chauffeur.de\/fr\/\",\"logo\":{\"@id\":\"https:\/\/www.schneider-chauffeur.de\/fr\/notre-flotte\/man-lions-coach\/#local-main-organization-logo\"},\"image\":{\"@id\":\"https:\/\/www.schneider-chauffeur.de\/fr\/notre-flotte\/man-lions-coach\/#local-main-organization-logo\"},\"sameAs\":[\"https:\/\/www.facebook.com\/SchneiderChauffeurservice\",\"https:\/\/www.linkedin.com\/company\/schneider-chauffeurservice\/\",\"https:\/\/www.instagram.com\/schneider_chauffeurservice\/\"],\"legalName\":\"Schneider Chauffeurservice\",\"numberOfEmployees\":{\"@type\":\"QuantitativeValue\",\"minValue\":\"11\",\"maxValue\":\"50\"},\"address\":{\"@id\":\"https:\/\/www.schneider-chauffeur.de\/fr\/notre-flotte\/man-lions-coach\/#local-main-place-address\"},\"telephone\":[\"+49 20185892980\"],\"contactPoint\":{\"@type\":\"ContactPoint\",\"telephone\":\"+49 20185892980\",\"email\":\"info@schneider-chauffeur.de\"},\"openingHoursSpecification\":[{\"@type\":\"OpeningHoursSpecification\",\"dayOfWeek\":[\"Monday\",\"Tuesday\",\"Wednesday\",\"Thursday\",\"Friday\",\"Saturday\",\"Sunday\"],\"opens\":\"09:00\",\"closes\":\"17:00\"}],\"email\":\"info@schneider-chauffeur.de\",\"faxNumber\":\"Schneider Chauffeurservice\",\"areaServed\":\"Germany\"},{\"@type\":\"PostalAddress\",\"@id\":\"https:\/\/www.schneider-chauffeur.de\/fr\/notre-flotte\/man-lions-coach\/#local-main-place-address\",\"streetAddress\":\"Hohenzollernstr. 24\",\"addressLocality\":\"Essen\",\"postalCode\":\"45128\",\"addressCountry\":\"DE\"},{\"@type\":\"ImageObject\",\"inLanguage\":\"fr-FR\",\"@id\":\"https:\/\/www.schneider-chauffeur.de\/fr\/notre-flotte\/man-lions-coach\/#local-main-organization-logo\",\"url\":\"https:\/\/cdn.schneider-chauffeur.de\/app\/uploads\/2019\/08\/logo-schneider-chauffeur-service.svg\",\"contentUrl\":\"https:\/\/cdn.schneider-chauffeur.de\/app\/uploads\/2019\/08\/logo-schneider-chauffeur-service.svg\",\"caption\":\"Schneider Chauffeurservice\"}]}<\/script>\n<meta name=\"geo.placename\" content=\"Essen\" \/>\n<meta name=\"geo.region\" content=\"Germany\" \/>\n<!-- \/ Yoast SEO Premium plugin. -->","yoast_head_json":{"title":"MAN Lions Coach | Schneider Chauffeurservice","description":"D\u00e9couvre l'autocar MAN Lions Coach - moderne, confortable, spacieux. Parfait pour les voyages en groupe. Avec la toute derni\u00e8re technologie pour des voyages de toutes sortes.","robots":{"index":"index","follow":"follow","max-snippet":"max-snippet:-1","max-image-preview":"max-image-preview:large","max-video-preview":"max-video-preview:-1"},"canonical":"https:\/\/www.schneider-chauffeur.de\/fr\/notre-flotte\/man-lions-coach\/","og_locale":"fr_FR","og_type":"article","og_title":"MAN Lion\u00b4s Coach","og_description":"D\u00e9couvre l'autocar MAN Lions Coach - moderne, confortable, spacieux. Parfait pour les voyages en groupe. Avec la toute derni\u00e8re technologie pour des voyages de toutes sortes.","og_url":"https:\/\/www.schneider-chauffeur.de\/fr\/notre-flotte\/man-lions-coach\/","og_site_name":"Schneider Chauffeurservice \u2013 Gesch\u00e4ftsreisen mit h\u00f6chstem Komfort","article_publisher":"https:\/\/www.facebook.com\/SchneiderChauffeurservice","article_modified_time":"2024-11-10T12:29:42+00:00","og_image":[{"width":600,"height":394,"url":"https:\/\/www.schneider-chauffeur.de\/app\/uploads\/2024\/11\/flotte-man-lions-coach.jpg","type":"image\/jpeg"}],"twitter_card":"summary_large_image","twitter_misc":{"Est. reading time":"3 minutes"},"schema":{"@context":"https:\/\/schema.org","@graph":[{"@type":"WebPage","@id":"https:\/\/www.schneider-chauffeur.de\/fr\/notre-flotte\/man-lions-coach\/","url":"https:\/\/www.schneider-chauffeur.de\/fr\/notre-flotte\/man-lions-coach\/","name":"MAN Lions Coach | Schneider Chauffeurservice","isPartOf":{"@id":"https:\/\/www.schneider-chauffeur.de\/fr\/#website"},"primaryImageOfPage":{"@id":"https:\/\/www.schneider-chauffeur.de\/fr\/notre-flotte\/man-lions-coach\/#primaryimage"},"image":{"@id":"https:\/\/www.schneider-chauffeur.de\/fr\/notre-flotte\/man-lions-coach\/#primaryimage"},"thumbnailUrl":"https:\/\/cdn.schneider-chauffeur.de\/app\/uploads\/2024\/11\/flotte-man-lions-coach.jpg","datePublished":"2024-11-10T12:19:27+00:00","dateModified":"2024-11-10T12:29:42+00:00","description":"D\u00e9couvre l'autocar MAN Lions Coach - moderne, confortable, spacieux. Parfait pour les voyages en groupe. Avec la toute derni\u00e8re technologie pour des voyages de toutes sortes.","breadcrumb":{"@id":"https:\/\/www.schneider-chauffeur.de\/fr\/notre-flotte\/man-lions-coach\/#breadcrumb"},"inLanguage":"fr-FR","potentialAction":[{"@type":"ReadAction","target":["https:\/\/www.schneider-chauffeur.de\/fr\/notre-flotte\/man-lions-coach\/"]}]},{"@type":"ImageObject","inLanguage":"fr-FR","@id":"https:\/\/www.schneider-chauffeur.de\/fr\/notre-flotte\/man-lions-coach\/#primaryimage","url":"https:\/\/cdn.schneider-chauffeur.de\/app\/uploads\/2024\/11\/flotte-man-lions-coach.jpg","contentUrl":"https:\/\/cdn.schneider-chauffeur.de\/app\/uploads\/2024\/11\/flotte-man-lions-coach.jpg","width":600,"height":394},{"@type":"BreadcrumbList","@id":"https:\/\/www.schneider-chauffeur.de\/fr\/notre-flotte\/man-lions-coach\/#breadcrumb","itemListElement":[{"@type":"ListItem","position":1,"name":"Page d\u2019accueil","item":"https:\/\/www.schneider-chauffeur.de\/fr\/"},{"@type":"ListItem","position":2,"name":"Notre flotte","item":"https:\/\/www.schneider-chauffeur.de\/fr\/notre-flotte\/"},{"@type":"ListItem","position":3,"name":"MAN Lion\u00b4s Coach"}]},{"@type":"WebSite","@id":"https:\/\/www.schneider-chauffeur.de\/fr\/#website","url":"https:\/\/www.schneider-chauffeur.de\/fr\/","name":"Schneider Chauffeurservice \u2013 Gesch\u00e4ftsreisen mit h\u00f6chstem Komfort","description":"","publisher":{"@id":"https:\/\/www.schneider-chauffeur.de\/fr\/#organization"},"potentialAction":[{"@type":"SearchAction","target":{"@type":"EntryPoint","urlTemplate":"https:\/\/www.schneider-chauffeur.de\/fr\/?s={search_term_string}"},"query-input":{"@type":"PropertyValueSpecification","valueRequired":true,"valueName":"search_term_string"}}],"inLanguage":"fr-FR"},{"@type":["Organization","Place"],"@id":"https:\/\/www.schneider-chauffeur.de\/fr\/#organization","name":"Schneider Chauffeurservice","url":"https:\/\/www.schneider-chauffeur.de\/fr\/","logo":{"@id":"https:\/\/www.schneider-chauffeur.de\/fr\/notre-flotte\/man-lions-coach\/#local-main-organization-logo"},"image":{"@id":"https:\/\/www.schneider-chauffeur.de\/fr\/notre-flotte\/man-lions-coach\/#local-main-organization-logo"},"sameAs":["https:\/\/www.facebook.com\/SchneiderChauffeurservice","https:\/\/www.linkedin.com\/company\/schneider-chauffeurservice\/","https:\/\/www.instagram.com\/schneider_chauffeurservice\/"],"legalName":"Schneider Chauffeurservice","numberOfEmployees":{"@type":"QuantitativeValue","minValue":"11","maxValue":"50"},"address":{"@id":"https:\/\/www.schneider-chauffeur.de\/fr\/notre-flotte\/man-lions-coach\/#local-main-place-address"},"telephone":["+49 20185892980"],"contactPoint":{"@type":"ContactPoint","telephone":"+49 20185892980","email":"info@schneider-chauffeur.de"},"openingHoursSpecification":[{"@type":"OpeningHoursSpecification","dayOfWeek":["Monday","Tuesday","Wednesday","Thursday","Friday","Saturday","Sunday"],"opens":"09:00","closes":"17:00"}],"email":"info@schneider-chauffeur.de","faxNumber":"Schneider Chauffeurservice","areaServed":"Germany"},{"@type":"PostalAddress","@id":"https:\/\/www.schneider-chauffeur.de\/fr\/notre-flotte\/man-lions-coach\/#local-main-place-address","streetAddress":"Hohenzollernstr. 24","addressLocality":"Essen","postalCode":"45128","addressCountry":"DE"},{"@type":"ImageObject","inLanguage":"fr-FR","@id":"https:\/\/www.schneider-chauffeur.de\/fr\/notre-flotte\/man-lions-coach\/#local-main-organization-logo","url":"https:\/\/cdn.schneider-chauffeur.de\/app\/uploads\/2019\/08\/logo-schneider-chauffeur-service.svg","contentUrl":"https:\/\/cdn.schneider-chauffeur.de\/app\/uploads\/2019\/08\/logo-schneider-chauffeur-service.svg","caption":"Schneider Chauffeurservice"}]},"geo.placename":"Essen","geo.region":"Germany"},"_links":{"self":[{"href":"https:\/\/www.schneider-chauffeur.de\/fr\/wp-json\/wp\/v2\/pages\/18731","targetHints":{"allow":["GET"]}}],"collection":[{"href":"https:\/\/www.schneider-chauffeur.de\/fr\/wp-json\/wp\/v2\/pages"}],"about":[{"href":"https:\/\/www.schneider-chauffeur.de\/fr\/wp-json\/wp\/v2\/types\/page"}],"author":[{"embeddable":true,"href":"https:\/\/www.schneider-chauffeur.de\/fr\/wp-json\/wp\/v2\/users\/3"}],"replies":[{"embeddable":true,"href":"https:\/\/www.schneider-chauffeur.de\/fr\/wp-json\/wp\/v2\/comments?post=18731"}],"version-history":[{"count":7,"href":"https:\/\/www.schneider-chauffeur.de\/fr\/wp-json\/wp\/v2\/pages\/18731\/revisions"}],"predecessor-version":[{"id":26352,"href":"https:\/\/www.schneider-chauffeur.de\/fr\/wp-json\/wp\/v2\/pages\/18731\/revisions\/26352"}],"up":[{"embeddable":true,"href":"https:\/\/www.schneider-chauffeur.de\/fr\/wp-json\/wp\/v2\/pages\/1577"}],"wp:featuredmedia":[{"embeddable":true,"href":"https:\/\/www.schneider-chauffeur.de\/fr\/wp-json\/wp\/v2\/media\/26273"}],"wp:attachment":[{"href":"https:\/\/www.schneider-chauffeur.de\/fr\/wp-json\/wp\/v2\/media?parent=18731"}],"curies":[{"name":"wp","href":"https:\/\/api.w.org\/{rel}","templated":true}]}}