{"id":1774,"date":"2020-08-25T17:15:59","date_gmt":"2020-08-25T15:15:59","guid":{"rendered":"https:\/\/www.schneider-chauffeur.de\/?page_id=1774"},"modified":"2020-10-13T17:49:58","modified_gmt":"2020-10-13T15:49:58","slug":"voyager-securite-corona-covid-19","status":"publish","type":"page","link":"https:\/\/www.schneider-chauffeur.de\/fr\/voyager-securite-corona-covid-19\/","title":{"rendered":"Voyager en toute s\u00e9curit\u00e9 pendant la pand\u00e9mie de coronavirus (COVID-19) &#8211; pour des motifs professionnels et priv\u00e9s"},"content":{"rendered":"<p>Depuis le d\u00e9but de la pand\u00e9mie de coronavirus, de nombreuses choses ont \u00e9t\u00e9 exig\u00e9es de nous. La vie professionnelle, et de mani\u00e8re g\u00e9n\u00e9rale, les relations sociales, ont grandement chang\u00e9. Pourtant, la vie doit continuer. Et les alternatives num\u00e9riques ne sont qu&#8217;une partie de la solution. \u00c0 l&#8217;avenir \u00e9galement, les rencontres en personne resteront pr\u00e9cieuses. Peut-\u00eatre m\u00eame le deviendront-elles encore plus, car nous avons d\u00fb temporairement y renoncer. Par cons\u00e9quent, nous souhaitons vous \u00e9pauler au mieux \u00e0 l&#8217;aide de notre service de chauffeur et de limousine et vous assurer un sentiment positif gr\u00e2ce \u00e0 nos mesures d&#8217;hygi\u00e8ne scrupuleuses. Vous pouvez aussi honorer vos voyages professionnels et vos rendez-vous en ext\u00e9rieur sans avoir \u00e0 vous pr\u00e9occuper de votre s\u00e9curit\u00e9.<\/p>\n<h2>L&#8217;alternative s\u00e9curitaire \u00e0 l&#8217;avion et au train<\/h2>\n<p>Bien que l&#8217;aviation ait mis en place d&#8217;importantes mesures d&#8217;hygi\u00e8ne, de nombreux risques persistent. Il suffit d&#8217;un regard attentif pour s&#8217;inqui\u00e9ter de sa propre s\u00e9curit\u00e9. Vous vous rendez soudainement compte des endroits o\u00f9 vous entrez en contact avec d&#8217;autres personnes et partagez l&#8217;air que vous respirez avec elles\u00a0: lorsque vous traversez le hall de l&#8217;a\u00e9roport, dans la file d&#8217;attente au comptoir et \u00e0 la porte d&#8217;embarquement, dans l&#8217;avion lui-m\u00eame, puis \u00e0 nouveau lorsque vous traversez le hall d&#8217;arriv\u00e9e. Et r\u00e9fl\u00e9chissez \u00e0 combien de personnes vous allez croiser. Les r\u00e8gles de distanciation ainsi que les mesures suppl\u00e9mentaires r\u00e9duisent le risque imm\u00e9diat \u2013 mais \u00e0 quel point pouvez-vous vous sentir en s\u00e9curit\u00e9\u00a0?<\/p>\n<p>C&#8217;est encore plus pr\u00e9occupant lorsque vous vous rendez en transport en commun \u00e0 l&#8217;a\u00e9roport, ou que vous voyagez directement en train. Vous rencontrez de nombreuses personnes dans des espaces \u00e9troits et vous ne pouvez malheureusement pas compter sur le respect des mesures d&#8217;hygi\u00e8ne. Souvent, le masque ne couvre pas le nez, est temporairement n\u00e9glig\u00e9, ou retir\u00e9 juste \u00e0 temps pour \u00e9ternuer. Dans tous les cas, la s\u00e9curit\u00e9 est douteuse, et encore plus tant que le port du masque n&#8217;est pas obligatoire dans les transports de longue et courte distance. Par cons\u00e9quent, vous devriez vous demander si vous avez r\u00e9ellement envie d&#8217;effectuer toutes ces rencontres incertaines lors de votre prochain voyage. Ou si vous ne pr\u00e9f\u00e9reriez pas un autre moyen de transport.<\/p>\n<h2>Sans contact &amp; confortable avec notre service de limousine<\/h2>\n<p>Au cours du trajet avec notre service de limousine, presque tous ces risques \u00e9vidents disparaissent. Nous venons vous chercher chez vous, vous assurons un espace prot\u00e9g\u00e9 pour l&#8217;int\u00e9gralit\u00e9 du voyage et vous amenons en toute s\u00e9curit\u00e9 \u00e0 votre destination. Le contact avec d&#8217;autres personnes a donc le plus souvent lieu au moment de quitter le logement, et sur le lieu d&#8217;arriv\u00e9e. La rencontre avec notre chauffeur s&#8217;effectue dans le respect le plus strict de toutes les mesures d&#8217;hygi\u00e8ne pertinentes dans ce cadre. De mani\u00e8re g\u00e9n\u00e9rale, le trajet avec notre service de chauffeur est aussi s\u00fbr que si vous conduisiez vous-m\u00eame. Toutefois, vous b\u00e9n\u00e9ficiez de conditions de voyage confortables et de la possibilit\u00e9 de travailler pendant le trajet. En outre, tout contact potentiel inutile au cours d&#8217;un arr\u00eat interm\u00e9diaire ou pour faire le plein est \u00e9vit\u00e9 car votre chauffeur s&#8217;occupe bien \u00e9videmment de tout et s&#8217;approvisionnera pour vous dans un magasin ou un \u00e9tablissement de restauration.<\/p>\n<p>En outre, vous pouvez d\u00e9cider si vous souhaitez porter un masque pendant le trajet. Des mesures suppl\u00e9mentaires ne sont en g\u00e9n\u00e9ral pas n\u00e9cessaires. Si cela peut vous aider \u00e0 vous sentir plus en s\u00e9curit\u00e9, un masque de protection FFP2 vous attend d\u00e8s l&#8217;entr\u00e9e du v\u00e9hicule.<\/p>\n<h2>Notre concept d&#8217;hygi\u00e8ne<\/h2>\n<p>Pour que vous puissiez voyager sans soucis en ces temps compliqu\u00e9s, nous avons mis au point pour vous un concept d&#8217;hygi\u00e8ne d\u00e9taill\u00e9 pour notre service de limousine. Pour cela, vous pouvez avoir confiance dans les mesures de s\u00e9curit\u00e9 suivantes\u00a0:<\/p>\n<ul>\n<li><strong>Strict respect des distances de s\u00e9curit\u00e9<\/strong><br \/>\n\u00c0 la diff\u00e9rence des transports de proximit\u00e9, vous pouvez \u00eatre certains que votre chauffeur veille \u00e0 ce qu&#8217;une distance de s\u00e9curit\u00e9 pertinente soit maintenue. Il s&#8217;agit pour nous d&#8217;une \u00e9vidence, ne serait-ce que pour des raisons de politesse, conform\u00e9ment \u00e0 notre \u00e9thique professionnelle.<\/li>\n<li><strong>Paroi de protection pour vous s\u00e9parer du chauffeur<\/strong><br \/>\nPendant le trajet, une paroi de s\u00e9paration transparente assure une protection fiable contre les gouttelettes. Le masque de protection devient donc superflu pour nos chauffeurs, qui ne peuvent le porter qu&#8217;exceptionnellement pour des raisons de s\u00e9curit\u00e9 routi\u00e8re.<\/li>\n<li><strong>D\u00e9sinfection r\u00e9guli\u00e8re de toutes les surfaces de contact<\/strong><br \/>\nApr\u00e8s chaque passager, nous d\u00e9sinfections toutes les surfaces entr\u00e9es en contact avec ce dernier. Vous n&#8217;avez pas besoin de toucher les poign\u00e9es de la porte car un chauffeur de la vieille \u00e9cole vous ouvre bien \u00e9videmment la porti\u00e8re. En outre, du d\u00e9sinfectant pour les mains est \u00e0 tout moment \u00e0 votre disposition.<\/li>\n<li><strong>Masque de protection FFP2 sur demande<\/strong><br \/>\nSi vous souhaitez vous sentir encore plus en s\u00e9curit\u00e9, nous mettons avec plaisir \u00e0 votre disposition un masque de protection FFP2 pour votre trajet et\/ou votre rendez-vous.<\/li>\n<\/ul>\n<p>Si vous appartenez \u00e0 un groupe \u00e0 risque dans le cadre du Covid-19 en raison de pathologies pr\u00e9existantes ou autre, veuillez nous le faire savoir le plus t\u00f4t possible. Nous mettrons tout en place afin que notre chauffeur porte un masque de protection et ainsi r\u00e9duire encore plus le risque. En outre, nous sommes ouverts pour d&#8217;autres souhaits et consid\u00e9rons toutes vos pr\u00e9occupations. C&#8217;est \u00e9videmment notre devoir de vous amener \u00e0 votre objectif de mani\u00e8re aussi s\u00fbre et confortable que possible.<\/p>\n<h2>Plus vite que l&#8217;on ne pense \u2013 pour les voyages au sein de l&#8217;Allemagne<\/h2>\n<p>Si vous \u00eates pr\u00e9occup\u00e9 car votre trajet en limousine vous semble trop chronophage, n&#8217;h\u00e9sitez pas \u00e0 nous contacter. Nous effectuerons avec plaisir une estimation d\u00e9taill\u00e9e de votre trajet. En effet, la diff\u00e9rence temporelle en comparaison \u00e0 un vol est g\u00e9n\u00e9ralement moins importante que vous pourriez penser \u2013 en particulier pour les trajets au sein de l&#8217;Allemagne. Par exemple, un trajet d&#8217;Essen \u00e0 Munich dure environ une heure de plus avec notre chauffeur qu&#8217;avec un vol. De plus, vous n&#8217;aurez ni changement ni file d&#8217;attente.<\/p>\n<p>En outre, notre \u00e9quipe est parfaitement pr\u00e9par\u00e9e gr\u00e2ce \u00e0 une planification minutieuse des itin\u00e9raires et surveille la situation du trafic en temps r\u00e9el. Ainsi, les trajets \u00e0 risques et les bouchons peuvent \u00eatre facilement \u00e9vit\u00e9s, de mani\u00e8re \u00e0 ce que vous atteigniez votre destination sans probl\u00e8me.<\/p>\n<h2>La mani\u00e8re s\u00fbre de voyager en toute s\u00e9curit\u00e9&#8230;<\/h2>\n<p>&#8230; se fait en toute simplicit\u00e9 et d\u00e9bute avec un dialogue personnel. Par cons\u00e9quent, n&#8217;h\u00e9sitez pas \u00e0 nous contacter au <a style=\"color: #000000; font-weight: bold;\" href=\"tel:+4920185892980\">+49 201 85 89 298 &#8211; 0<\/a> afin que nous puissions discuter des d\u00e9tails. Ou r\u00e9servez directement gr\u00e2ce \u00e0 notre formulaire de contact.<\/p>\n<p>Nous nous r\u00e9jouissons de vous amener en toute s\u00e9curit\u00e9 \u00e0 votre destination.<\/p>\n<p><a class=\"button\" href=\"https:\/\/www.schneider-chauffeur.de\/fr\/contactez\/\">R\u00e9server maintenant<\/a><\/p>\n","protected":false},"excerpt":{"rendered":"<p>Depuis le d\u00e9but de la pand\u00e9mie de coronavirus, de nombreuses choses ont \u00e9t\u00e9 exig\u00e9es de nous. La vie professionnelle, et de mani\u00e8re g\u00e9n\u00e9rale, les relations sociales, ont grandement chang\u00e9. Pourtant, la vie doit continuer. Et les alternatives num\u00e9riques ne sont qu&#8217;une partie de la solution. \u00c0 l&#8217;avenir \u00e9galement, les rencontres en personne resteront pr\u00e9cieuses. Peut-\u00eatre &hellip;<\/p>\n","protected":false},"author":2,"featured_media":0,"parent":0,"menu_order":49,"comment_status":"closed","ping_status":"closed","template":"","meta":{"footnotes":""},"class_list":["post-1774","page","type-page","status-publish","hentry"],"yoast_head":"<!-- This site is optimized with the Yoast SEO Premium plugin v26.3 (Yoast SEO v26.3) - https:\/\/yoast.com\/wordpress\/plugins\/seo\/ -->\n<title>Voyager en toute s\u00e9curit\u00e9 pendant la pand\u00e9mie de coronavirus \u2013 pour des raisons professionnelles et priv\u00e9e<\/title>\n<meta name=\"description\" content=\"Vous vous sentez mal \u00e0 l&#039;id\u00e9e de voyager en avion ou en train\u00a0? Alors utilisez notre alternative s\u00e9curitaire. En d\u00e9couvrir plus maintenant!\" \/>\n<meta name=\"robots\" content=\"index, follow, max-snippet:-1, max-image-preview:large, max-video-preview:-1\" \/>\n<link rel=\"canonical\" href=\"https:\/\/www.schneider-chauffeur.de\/fr\/voyager-securite-corona-covid-19\/\" \/>\n<meta property=\"og:locale\" content=\"fr_FR\" \/>\n<meta property=\"og:type\" content=\"article\" \/>\n<meta property=\"og:title\" content=\"Voyager en toute s\u00e9curit\u00e9 pendant la pand\u00e9mie de coronavirus (COVID-19) - pour des motifs professionnels et priv\u00e9s\" \/>\n<meta property=\"og:description\" content=\"Vous vous sentez mal \u00e0 l&#039;id\u00e9e de voyager en avion ou en train\u00a0? Alors utilisez notre alternative s\u00e9curitaire. En d\u00e9couvrir plus maintenant!\" \/>\n<meta property=\"og:url\" content=\"https:\/\/www.schneider-chauffeur.de\/fr\/voyager-securite-corona-covid-19\/\" \/>\n<meta property=\"og:site_name\" content=\"Schneider Chauffeurservice \u2013 Gesch\u00e4ftsreisen mit h\u00f6chstem Komfort\" \/>\n<meta property=\"article:publisher\" content=\"https:\/\/www.facebook.com\/SchneiderChauffeurservice\" \/>\n<meta property=\"article:modified_time\" content=\"2020-10-13T15:49:58+00:00\" \/>\n<meta name=\"twitter:card\" content=\"summary_large_image\" \/>\n<meta name=\"twitter:label1\" content=\"Est. reading time\" \/>\n\t<meta name=\"twitter:data1\" content=\"6 minutes\" \/>\n<script type=\"application\/ld+json\" class=\"yoast-schema-graph\">{\"@context\":\"https:\/\/schema.org\",\"@graph\":[{\"@type\":\"WebPage\",\"@id\":\"https:\/\/www.schneider-chauffeur.de\/fr\/voyager-securite-corona-covid-19\/\",\"url\":\"https:\/\/www.schneider-chauffeur.de\/fr\/voyager-securite-corona-covid-19\/\",\"name\":\"Voyager en toute s\u00e9curit\u00e9 pendant la pand\u00e9mie de coronavirus \u2013 pour des raisons professionnelles et priv\u00e9e\",\"isPartOf\":{\"@id\":\"https:\/\/www.schneider-chauffeur.de\/fr\/#website\"},\"datePublished\":\"2020-08-25T15:15:59+00:00\",\"dateModified\":\"2020-10-13T15:49:58+00:00\",\"description\":\"Vous vous sentez mal \u00e0 l'id\u00e9e de voyager en avion ou en train\u00a0? Alors utilisez notre alternative s\u00e9curitaire. En d\u00e9couvrir plus maintenant!\",\"breadcrumb\":{\"@id\":\"https:\/\/www.schneider-chauffeur.de\/fr\/voyager-securite-corona-covid-19\/#breadcrumb\"},\"inLanguage\":\"fr-FR\",\"potentialAction\":[{\"@type\":\"ReadAction\",\"target\":[\"https:\/\/www.schneider-chauffeur.de\/fr\/voyager-securite-corona-covid-19\/\"]}]},{\"@type\":\"BreadcrumbList\",\"@id\":\"https:\/\/www.schneider-chauffeur.de\/fr\/voyager-securite-corona-covid-19\/#breadcrumb\",\"itemListElement\":[{\"@type\":\"ListItem\",\"position\":1,\"name\":\"Page d\u2019accueil\",\"item\":\"https:\/\/www.schneider-chauffeur.de\/fr\/\"},{\"@type\":\"ListItem\",\"position\":2,\"name\":\"Voyager en toute s\u00e9curit\u00e9 pendant la pand\u00e9mie de coronavirus (COVID-19) &#8211; pour des motifs professionnels et priv\u00e9s\"}]},{\"@type\":\"WebSite\",\"@id\":\"https:\/\/www.schneider-chauffeur.de\/fr\/#website\",\"url\":\"https:\/\/www.schneider-chauffeur.de\/fr\/\",\"name\":\"Schneider Chauffeurservice \u2013 Gesch\u00e4ftsreisen mit h\u00f6chstem Komfort\",\"description\":\"\",\"publisher\":{\"@id\":\"https:\/\/www.schneider-chauffeur.de\/fr\/#organization\"},\"potentialAction\":[{\"@type\":\"SearchAction\",\"target\":{\"@type\":\"EntryPoint\",\"urlTemplate\":\"https:\/\/www.schneider-chauffeur.de\/fr\/?s={search_term_string}\"},\"query-input\":{\"@type\":\"PropertyValueSpecification\",\"valueRequired\":true,\"valueName\":\"search_term_string\"}}],\"inLanguage\":\"fr-FR\"},{\"@type\":[\"Organization\",\"Place\"],\"@id\":\"https:\/\/www.schneider-chauffeur.de\/fr\/#organization\",\"name\":\"Schneider Chauffeurservice\",\"url\":\"https:\/\/www.schneider-chauffeur.de\/fr\/\",\"logo\":{\"@id\":\"https:\/\/www.schneider-chauffeur.de\/fr\/voyager-securite-corona-covid-19\/#local-main-organization-logo\"},\"image\":{\"@id\":\"https:\/\/www.schneider-chauffeur.de\/fr\/voyager-securite-corona-covid-19\/#local-main-organization-logo\"},\"sameAs\":[\"https:\/\/www.facebook.com\/SchneiderChauffeurservice\",\"https:\/\/www.linkedin.com\/company\/schneider-chauffeurservice\/\",\"https:\/\/www.instagram.com\/schneider_chauffeurservice\/\"],\"legalName\":\"Schneider Chauffeurservice\",\"numberOfEmployees\":{\"@type\":\"QuantitativeValue\",\"minValue\":\"11\",\"maxValue\":\"50\"},\"address\":{\"@id\":\"https:\/\/www.schneider-chauffeur.de\/fr\/voyager-securite-corona-covid-19\/#local-main-place-address\"},\"telephone\":[\"+49 20185892980\"],\"contactPoint\":{\"@type\":\"ContactPoint\",\"telephone\":\"+49 20185892980\",\"email\":\"info@schneider-chauffeur.de\"},\"openingHoursSpecification\":[{\"@type\":\"OpeningHoursSpecification\",\"dayOfWeek\":[\"Monday\",\"Tuesday\",\"Wednesday\",\"Thursday\",\"Friday\",\"Saturday\",\"Sunday\"],\"opens\":\"09:00\",\"closes\":\"17:00\"}],\"email\":\"info@schneider-chauffeur.de\",\"faxNumber\":\"Schneider Chauffeurservice\",\"areaServed\":\"Germany\"},{\"@type\":\"PostalAddress\",\"@id\":\"https:\/\/www.schneider-chauffeur.de\/fr\/voyager-securite-corona-covid-19\/#local-main-place-address\",\"streetAddress\":\"Hohenzollernstr. 24\",\"addressLocality\":\"Essen\",\"postalCode\":\"45128\",\"addressCountry\":\"DE\"},{\"@type\":\"ImageObject\",\"inLanguage\":\"fr-FR\",\"@id\":\"https:\/\/www.schneider-chauffeur.de\/fr\/voyager-securite-corona-covid-19\/#local-main-organization-logo\",\"url\":\"https:\/\/cdn.schneider-chauffeur.de\/app\/uploads\/2019\/08\/logo-schneider-chauffeur-service.svg\",\"contentUrl\":\"https:\/\/cdn.schneider-chauffeur.de\/app\/uploads\/2019\/08\/logo-schneider-chauffeur-service.svg\",\"caption\":\"Schneider Chauffeurservice\"}]}<\/script>\n<meta name=\"geo.placename\" content=\"Essen\" \/>\n<meta name=\"geo.region\" content=\"Germany\" \/>\n<!-- \/ Yoast SEO Premium plugin. -->","yoast_head_json":{"title":"Voyager en toute s\u00e9curit\u00e9 pendant la pand\u00e9mie de coronavirus \u2013 pour des raisons professionnelles et priv\u00e9e","description":"Vous vous sentez mal \u00e0 l'id\u00e9e de voyager en avion ou en train\u00a0? Alors utilisez notre alternative s\u00e9curitaire. En d\u00e9couvrir plus maintenant!","robots":{"index":"index","follow":"follow","max-snippet":"max-snippet:-1","max-image-preview":"max-image-preview:large","max-video-preview":"max-video-preview:-1"},"canonical":"https:\/\/www.schneider-chauffeur.de\/fr\/voyager-securite-corona-covid-19\/","og_locale":"fr_FR","og_type":"article","og_title":"Voyager en toute s\u00e9curit\u00e9 pendant la pand\u00e9mie de coronavirus (COVID-19) - pour des motifs professionnels et priv\u00e9s","og_description":"Vous vous sentez mal \u00e0 l'id\u00e9e de voyager en avion ou en train\u00a0? Alors utilisez notre alternative s\u00e9curitaire. En d\u00e9couvrir plus maintenant!","og_url":"https:\/\/www.schneider-chauffeur.de\/fr\/voyager-securite-corona-covid-19\/","og_site_name":"Schneider Chauffeurservice \u2013 Gesch\u00e4ftsreisen mit h\u00f6chstem Komfort","article_publisher":"https:\/\/www.facebook.com\/SchneiderChauffeurservice","article_modified_time":"2020-10-13T15:49:58+00:00","twitter_card":"summary_large_image","twitter_misc":{"Est. reading time":"6 minutes"},"schema":{"@context":"https:\/\/schema.org","@graph":[{"@type":"WebPage","@id":"https:\/\/www.schneider-chauffeur.de\/fr\/voyager-securite-corona-covid-19\/","url":"https:\/\/www.schneider-chauffeur.de\/fr\/voyager-securite-corona-covid-19\/","name":"Voyager en toute s\u00e9curit\u00e9 pendant la pand\u00e9mie de coronavirus \u2013 pour des raisons professionnelles et priv\u00e9e","isPartOf":{"@id":"https:\/\/www.schneider-chauffeur.de\/fr\/#website"},"datePublished":"2020-08-25T15:15:59+00:00","dateModified":"2020-10-13T15:49:58+00:00","description":"Vous vous sentez mal \u00e0 l'id\u00e9e de voyager en avion ou en train\u00a0? Alors utilisez notre alternative s\u00e9curitaire. En d\u00e9couvrir plus maintenant!","breadcrumb":{"@id":"https:\/\/www.schneider-chauffeur.de\/fr\/voyager-securite-corona-covid-19\/#breadcrumb"},"inLanguage":"fr-FR","potentialAction":[{"@type":"ReadAction","target":["https:\/\/www.schneider-chauffeur.de\/fr\/voyager-securite-corona-covid-19\/"]}]},{"@type":"BreadcrumbList","@id":"https:\/\/www.schneider-chauffeur.de\/fr\/voyager-securite-corona-covid-19\/#breadcrumb","itemListElement":[{"@type":"ListItem","position":1,"name":"Page d\u2019accueil","item":"https:\/\/www.schneider-chauffeur.de\/fr\/"},{"@type":"ListItem","position":2,"name":"Voyager en toute s\u00e9curit\u00e9 pendant la pand\u00e9mie de coronavirus (COVID-19) &#8211; pour des motifs professionnels et priv\u00e9s"}]},{"@type":"WebSite","@id":"https:\/\/www.schneider-chauffeur.de\/fr\/#website","url":"https:\/\/www.schneider-chauffeur.de\/fr\/","name":"Schneider Chauffeurservice \u2013 Gesch\u00e4ftsreisen mit h\u00f6chstem Komfort","description":"","publisher":{"@id":"https:\/\/www.schneider-chauffeur.de\/fr\/#organization"},"potentialAction":[{"@type":"SearchAction","target":{"@type":"EntryPoint","urlTemplate":"https:\/\/www.schneider-chauffeur.de\/fr\/?s={search_term_string}"},"query-input":{"@type":"PropertyValueSpecification","valueRequired":true,"valueName":"search_term_string"}}],"inLanguage":"fr-FR"},{"@type":["Organization","Place"],"@id":"https:\/\/www.schneider-chauffeur.de\/fr\/#organization","name":"Schneider Chauffeurservice","url":"https:\/\/www.schneider-chauffeur.de\/fr\/","logo":{"@id":"https:\/\/www.schneider-chauffeur.de\/fr\/voyager-securite-corona-covid-19\/#local-main-organization-logo"},"image":{"@id":"https:\/\/www.schneider-chauffeur.de\/fr\/voyager-securite-corona-covid-19\/#local-main-organization-logo"},"sameAs":["https:\/\/www.facebook.com\/SchneiderChauffeurservice","https:\/\/www.linkedin.com\/company\/schneider-chauffeurservice\/","https:\/\/www.instagram.com\/schneider_chauffeurservice\/"],"legalName":"Schneider Chauffeurservice","numberOfEmployees":{"@type":"QuantitativeValue","minValue":"11","maxValue":"50"},"address":{"@id":"https:\/\/www.schneider-chauffeur.de\/fr\/voyager-securite-corona-covid-19\/#local-main-place-address"},"telephone":["+49 20185892980"],"contactPoint":{"@type":"ContactPoint","telephone":"+49 20185892980","email":"info@schneider-chauffeur.de"},"openingHoursSpecification":[{"@type":"OpeningHoursSpecification","dayOfWeek":["Monday","Tuesday","Wednesday","Thursday","Friday","Saturday","Sunday"],"opens":"09:00","closes":"17:00"}],"email":"info@schneider-chauffeur.de","faxNumber":"Schneider Chauffeurservice","areaServed":"Germany"},{"@type":"PostalAddress","@id":"https:\/\/www.schneider-chauffeur.de\/fr\/voyager-securite-corona-covid-19\/#local-main-place-address","streetAddress":"Hohenzollernstr. 24","addressLocality":"Essen","postalCode":"45128","addressCountry":"DE"},{"@type":"ImageObject","inLanguage":"fr-FR","@id":"https:\/\/www.schneider-chauffeur.de\/fr\/voyager-securite-corona-covid-19\/#local-main-organization-logo","url":"https:\/\/cdn.schneider-chauffeur.de\/app\/uploads\/2019\/08\/logo-schneider-chauffeur-service.svg","contentUrl":"https:\/\/cdn.schneider-chauffeur.de\/app\/uploads\/2019\/08\/logo-schneider-chauffeur-service.svg","caption":"Schneider Chauffeurservice"}]},"geo.placename":"Essen","geo.region":"Germany"},"_links":{"self":[{"href":"https:\/\/www.schneider-chauffeur.de\/fr\/wp-json\/wp\/v2\/pages\/1774","targetHints":{"allow":["GET"]}}],"collection":[{"href":"https:\/\/www.schneider-chauffeur.de\/fr\/wp-json\/wp\/v2\/pages"}],"about":[{"href":"https:\/\/www.schneider-chauffeur.de\/fr\/wp-json\/wp\/v2\/types\/page"}],"author":[{"embeddable":true,"href":"https:\/\/www.schneider-chauffeur.de\/fr\/wp-json\/wp\/v2\/users\/2"}],"replies":[{"embeddable":true,"href":"https:\/\/www.schneider-chauffeur.de\/fr\/wp-json\/wp\/v2\/comments?post=1774"}],"version-history":[{"count":0,"href":"https:\/\/www.schneider-chauffeur.de\/fr\/wp-json\/wp\/v2\/pages\/1774\/revisions"}],"wp:attachment":[{"href":"https:\/\/www.schneider-chauffeur.de\/fr\/wp-json\/wp\/v2\/media?parent=1774"}],"curies":[{"name":"wp","href":"https:\/\/api.w.org\/{rel}","templated":true}]}}