{"id":1581,"date":"2019-08-20T16:33:11","date_gmt":"2019-08-20T14:33:11","guid":{"rendered":"https:\/\/www.schneider-chauffeur.de\/?page_id=1581"},"modified":"2022-02-21T13:19:12","modified_gmt":"2022-02-21T12:19:12","slug":"audi-a8-l","status":"publish","type":"page","link":"https:\/\/www.schneider-chauffeur.de\/fr\/notre-flotte\/audi-a8-l\/","title":{"rendered":"Audi A8 L"},"content":{"rendered":"<p>Notre Audi A8 en version longue est une voiture polyvalente, aussi bien en ville que sur l&#8217;autoroute.<!--more--><br \/>\n<img loading=\"lazy\" decoding=\"async\" class=\"alignright size-medium wp-image-6286\" src=\"https:\/\/www.schneider-chauffeur.de\/app\/uploads\/2022\/02\/Audi-A8-Seitlich-vor-dem-Hyatt-in-Duesseldorf-300x200.jpg\" alt=\"Audi A8 sur le c\u00f4t\u00e9 devant l'h\u00f4tel Hyatt \u00e0 D\u00fcsseldorf\" width=\"300\" height=\"200\" srcset=\"https:\/\/cdn.schneider-chauffeur.de\/app\/uploads\/2022\/02\/Audi-A8-Seitlich-vor-dem-Hyatt-in-Duesseldorf-300x200.jpg 300w, https:\/\/cdn.schneider-chauffeur.de\/app\/uploads\/2022\/02\/Audi-A8-Seitlich-vor-dem-Hyatt-in-Duesseldorf-848x565.jpg 848w, https:\/\/cdn.schneider-chauffeur.de\/app\/uploads\/2022\/02\/Audi-A8-Seitlich-vor-dem-Hyatt-in-Duesseldorf-768x512.jpg 768w, https:\/\/cdn.schneider-chauffeur.de\/app\/uploads\/2022\/02\/Audi-A8-Seitlich-vor-dem-Hyatt-in-Duesseldorf-1536x1024.jpg 1536w, https:\/\/cdn.schneider-chauffeur.de\/app\/uploads\/2022\/02\/Audi-A8-Seitlich-vor-dem-Hyatt-in-Duesseldorf-2048x1365.jpg 2048w\" sizes=\"auto, (max-width: 300px) 100vw, 300px\" \/><br \/>\nLa berline haut de gamme d&#8217;Ingolstadt &#8211; Audi A8 Lang. Votre bureau sur quatre roues est \u00e9quip\u00e9 de toutes les commodit\u00e9s pour rendre votre espace de travail aussi agr\u00e9able que possible. Le vaisseau amiral de la marque Audi cr\u00e9e une exp\u00e9rience contemporaine et orient\u00e9e vers l&#8217;utilisateur. Que ce soit pour les passagers ou les conducteurs, le ch\u00e2ssis pneumatique unique en son genre s&#8217;adapte aux conditions de la route et offre ainsi un voyage en toute tranquillit\u00e9. Monter \u00e0 bord, se d\u00e9tendre et se sentir bien. Rabattez le dossier et profitez de la vue \u00e0 travers le toit panoramique. Profitez \u00e9galement de la solution multim\u00e9dia pour vous concentrer sur votre travail tout en conduisant.<\/p>\n<h2>Audi A8 Le confort rencontre l&#8217;\u00e9l\u00e9gance<\/h2>\n<p><img loading=\"lazy\" decoding=\"async\" class=\"alignleft size-medium wp-image-6281\" src=\"https:\/\/www.schneider-chauffeur.de\/app\/uploads\/2022\/02\/Audi-A8-Cockpit-300x200.jpg\" alt=\"Audi A8 Cockpit, volant, tableaux de bord\" width=\"300\" height=\"200\" srcset=\"https:\/\/cdn.schneider-chauffeur.de\/app\/uploads\/2022\/02\/Audi-A8-Cockpit-300x200.jpg 300w, https:\/\/cdn.schneider-chauffeur.de\/app\/uploads\/2022\/02\/Audi-A8-Cockpit-848x565.jpg 848w, https:\/\/cdn.schneider-chauffeur.de\/app\/uploads\/2022\/02\/Audi-A8-Cockpit-768x512.jpg 768w, https:\/\/cdn.schneider-chauffeur.de\/app\/uploads\/2022\/02\/Audi-A8-Cockpit-1536x1024.jpg 1536w, https:\/\/cdn.schneider-chauffeur.de\/app\/uploads\/2022\/02\/Audi-A8-Cockpit-2048x1365.jpg 2048w\" sizes=\"auto, (max-width: 300px) 100vw, 300px\" \/><br \/>\nLes mat\u00e9riaux, la qualit\u00e9 de la finition et l&#8217;ambiance de l&#8217;int\u00e9rieur r\u00e9pondent aux multiples exigences d&#8217;une berline de luxe. L&#8217;Audi A8 s\u00e9duit par son \u00e9l\u00e9gance et sa sportivit\u00e9. Elle est la retraite id\u00e9ale pour tous ceux pour qui la conduite automobile est plus qu&#8217;un simple transport. Profitez du plus grand luxe lors de vos d\u00e9placements professionnels et de vos voyages. Dans l&#8217;habitacle, vous rencontrez des mat\u00e9riaux et des finitions pr\u00e9cises qui vous font ressentir le caract\u00e8re haut de gamme. Les si\u00e8ges arri\u00e8re avec leurs appuie-t\u00eate confortables ainsi que l&#8217;ambiance g\u00e9n\u00e9rale vous invitent \u00e0 tout moment \u00e0 un voyage de grande classe.<br \/>\n<a class=\"button\" style=\"max-width: 450px;\" href=\"https:\/\/www.schneider-chauffeur.de\/fr\/contactez\/\">R\u00e9server maintenant l&#8217;Audi A8L<\/a><\/p>\n<h2>Un point fort \u00e0 chaque voyage<\/h2>\n<p><img loading=\"lazy\" decoding=\"async\" class=\"alignright size-medium wp-image-6291\" src=\"https:\/\/www.schneider-chauffeur.de\/app\/uploads\/2022\/02\/Audi-A8-Fond-Einblick-300x200.jpg\" alt=\"Audi A8 Fond hinten Rechts, ge\u00f6ffnete T\u00fcr\" width=\"300\" height=\"200\" srcset=\"https:\/\/cdn.schneider-chauffeur.de\/app\/uploads\/2022\/02\/Audi-A8-Fond-Einblick-300x200.jpg 300w, https:\/\/cdn.schneider-chauffeur.de\/app\/uploads\/2022\/02\/Audi-A8-Fond-Einblick-848x565.jpg 848w, https:\/\/cdn.schneider-chauffeur.de\/app\/uploads\/2022\/02\/Audi-A8-Fond-Einblick-768x512.jpg 768w, https:\/\/cdn.schneider-chauffeur.de\/app\/uploads\/2022\/02\/Audi-A8-Fond-Einblick-1536x1024.jpg 1536w, https:\/\/cdn.schneider-chauffeur.de\/app\/uploads\/2022\/02\/Audi-A8-Fond-Einblick-2048x1365.jpg 2048w\" sizes=\"auto, (max-width: 300px) 100vw, 300px\" \/><br \/>\nAvec l&#8217;Audi A8 version longue, vous profitez pleinement de notre service de limousine. Avec son design marquant et ses technologies innovantes, l&#8217;Audi A8 offre une exp\u00e9rience de conduite confortable et fascinante.<br \/>\nL&#8217;esth\u00e9tique moderne, tant \u00e0 l&#8217;ext\u00e9rieur qu&#8217;\u00e0 l&#8217;int\u00e9rieur, rencontre une g\u00e9n\u00e9rosit\u00e9 luxueuse. L&#8217;Audi A8 est une berline de luxe pour toutes les occasions. Elle offre en outre de l&#8217;espace pour la productivit\u00e9 et dispose d&#8217;un cadre appropri\u00e9 pour un travail concentr\u00e9. M\u00eame le repos bien m\u00e9rit\u00e9 peut \u00eatre appr\u00e9ci\u00e9 avec un massage sous pression sur les si\u00e8ges arri\u00e8re. Une limousine Audi de premi\u00e8re classe sert de base \u00e0 tout service de chauffeur.<\/p>\n<p>Avec votre chauffeur, chaque trajet ressemble \u00e0 un voyage VIP.<br \/>\n<a class=\"button\" style=\"max-width: 450px;\" href=\"https:\/\/www.schneider-chauffeur.de\/fr\/contactez\/\">R\u00e9server maintenant l&#8217;Audi A8L<\/a><\/p>\n<h2>Cet \u00e9quipement exclusif vous attend :<\/h2>\n<ul>\n<li>Version longue, donc beaucoup plus d&#8217;espace pour les jambes \u00e0 l&#8217;arri\u00e8re<\/li>\n<li>Softclose &#8211; pour une fermeture en douceur des portes<\/li>\n<li>Vitrage acoustique, pour un environnement sonore d\u00e9tendu<\/li>\n<li>Une bouteille d&#8217;eau et un journal du jour<\/li>\n<li>Articles de papeterie pour vos notes<\/li>\n<li>Dans l&#8217;habitacle, vitrage Privacy<\/li>\n<li>R\u00e9glage individuel du si\u00e8ge avec si\u00e8ge de repos pour \u00e9tendre les jambes<\/li>\n<li>Un arri\u00e8re clair et spacieux, gr\u00e2ce au toit panoramique et \u00e0 l&#8217;empattement long<\/li>\n<li>Si\u00e8ges ventil\u00e9s et chauffants aux deux places arri\u00e8re<\/li>\n<li>Ch\u00e2ssis pneumatique unique en son genre, ce qui vous permet de rouler plus tranquillement<\/li>\n<li>Si\u00e8ges de massage pour les deux si\u00e8ges arri\u00e8re<\/li>\n<li>W-Lan<\/li>\n<li>Divertissement aux si\u00e8ges arri\u00e8re<\/li>\n<li>Syst\u00e8me de sonorisation Bang &#038; Olufsen<\/li>\n<\/ul>\n<p>&nbsp;<\/p>\n<h2>Faites confiance \u00e0 l&#8217;exigence et \u00e0 la qualit\u00e9.<\/h2>\n<p>L&#8217;Audi A8, associ\u00e9e \u00e0 un chauffeur attentionn\u00e9, vous offre l&#8217;espace n\u00e9cessaire pour que votre voyage soit \u00e0 la fois productif et d\u00e9tendu.<\/p>\n<h4>Nous vous avons convaincu ?<br \/>\n    Alors r\u00e9servez d\u00e8s maintenant votre chauffeur avec la limousine Audi correspondante.<\/h4>\n<p><a class=\"button\" style=\"max-width: 450px;\" href=\"https:\/\/www.schneider-chauffeur.de\/fr\/contactez\/\">R\u00e9server maintenant l&#8217;Audi A8L<\/a><\/p>\n","protected":false},"excerpt":{"rendered":"<p>Notre Audi A8 en version longue est une voiture polyvalente, aussi bien en ville que sur l&#8217;autoroute.<\/p>\n","protected":false},"author":2,"featured_media":4466,"parent":1577,"menu_order":16,"comment_status":"closed","ping_status":"closed","template":"","meta":{"footnotes":""},"class_list":["post-1581","page","type-page","status-publish","has-post-thumbnail","hentry"],"yoast_head":"<!-- This site is optimized with the Yoast SEO Premium plugin v26.3 (Yoast SEO v26.3) - https:\/\/yoast.com\/wordpress\/plugins\/seo\/ -->\n<title>Audi A8 L | La limousine exclusive de Schneider Chauffeurservice<\/title>\n<meta name=\"description\" content=\"Notre Audi A8 L est une voiture polyvalente, aussi bien en ville que sur l&#039;autoroute. D\u00e9couvrez ici notre flotte exclusive.\" \/>\n<meta name=\"robots\" content=\"index, follow, max-snippet:-1, max-image-preview:large, max-video-preview:-1\" \/>\n<link rel=\"canonical\" href=\"https:\/\/www.schneider-chauffeur.de\/fr\/notre-flotte\/audi-a8-l\/\" \/>\n<meta property=\"og:locale\" content=\"fr_FR\" \/>\n<meta property=\"og:type\" content=\"article\" \/>\n<meta property=\"og:title\" content=\"Audi A8 L\" \/>\n<meta property=\"og:description\" content=\"Notre Audi A8 L est une voiture polyvalente, aussi bien en ville que sur l&#039;autoroute. D\u00e9couvrez ici notre flotte exclusive.\" \/>\n<meta property=\"og:url\" content=\"https:\/\/www.schneider-chauffeur.de\/fr\/notre-flotte\/audi-a8-l\/\" \/>\n<meta property=\"og:site_name\" content=\"Schneider Chauffeurservice \u2013 Gesch\u00e4ftsreisen mit h\u00f6chstem Komfort\" \/>\n<meta property=\"article:publisher\" content=\"https:\/\/www.facebook.com\/SchneiderChauffeurservice\" \/>\n<meta property=\"article:modified_time\" content=\"2022-02-21T12:19:12+00:00\" \/>\n<meta property=\"og:image\" content=\"https:\/\/www.schneider-chauffeur.de\/app\/uploads\/2021\/09\/audi-a8-2021.jpg\" \/>\n\t<meta property=\"og:image:width\" content=\"697\" \/>\n\t<meta property=\"og:image:height\" content=\"458\" \/>\n\t<meta property=\"og:image:type\" content=\"image\/jpeg\" \/>\n<meta name=\"twitter:card\" content=\"summary_large_image\" \/>\n<meta name=\"twitter:label1\" content=\"Est. reading time\" \/>\n\t<meta name=\"twitter:data1\" content=\"4 minutes\" \/>\n<script type=\"application\/ld+json\" class=\"yoast-schema-graph\">{\"@context\":\"https:\/\/schema.org\",\"@graph\":[{\"@type\":\"WebPage\",\"@id\":\"https:\/\/www.schneider-chauffeur.de\/fr\/notre-flotte\/audi-a8-l\/\",\"url\":\"https:\/\/www.schneider-chauffeur.de\/fr\/notre-flotte\/audi-a8-l\/\",\"name\":\"Audi A8 L | La limousine exclusive de Schneider Chauffeurservice\",\"isPartOf\":{\"@id\":\"https:\/\/www.schneider-chauffeur.de\/fr\/#website\"},\"primaryImageOfPage\":{\"@id\":\"https:\/\/www.schneider-chauffeur.de\/fr\/notre-flotte\/audi-a8-l\/#primaryimage\"},\"image\":{\"@id\":\"https:\/\/www.schneider-chauffeur.de\/fr\/notre-flotte\/audi-a8-l\/#primaryimage\"},\"thumbnailUrl\":\"https:\/\/cdn.schneider-chauffeur.de\/app\/uploads\/2021\/09\/audi-a8-2021.jpg\",\"datePublished\":\"2019-08-20T14:33:11+00:00\",\"dateModified\":\"2022-02-21T12:19:12+00:00\",\"description\":\"Notre Audi A8 L est une voiture polyvalente, aussi bien en ville que sur l'autoroute. D\u00e9couvrez ici notre flotte exclusive.\",\"breadcrumb\":{\"@id\":\"https:\/\/www.schneider-chauffeur.de\/fr\/notre-flotte\/audi-a8-l\/#breadcrumb\"},\"inLanguage\":\"fr-FR\",\"potentialAction\":[{\"@type\":\"ReadAction\",\"target\":[\"https:\/\/www.schneider-chauffeur.de\/fr\/notre-flotte\/audi-a8-l\/\"]}]},{\"@type\":\"ImageObject\",\"inLanguage\":\"fr-FR\",\"@id\":\"https:\/\/www.schneider-chauffeur.de\/fr\/notre-flotte\/audi-a8-l\/#primaryimage\",\"url\":\"https:\/\/cdn.schneider-chauffeur.de\/app\/uploads\/2021\/09\/audi-a8-2021.jpg\",\"contentUrl\":\"https:\/\/cdn.schneider-chauffeur.de\/app\/uploads\/2021\/09\/audi-a8-2021.jpg\",\"width\":697,\"height\":458},{\"@type\":\"BreadcrumbList\",\"@id\":\"https:\/\/www.schneider-chauffeur.de\/fr\/notre-flotte\/audi-a8-l\/#breadcrumb\",\"itemListElement\":[{\"@type\":\"ListItem\",\"position\":1,\"name\":\"Page d\u2019accueil\",\"item\":\"https:\/\/www.schneider-chauffeur.de\/fr\/\"},{\"@type\":\"ListItem\",\"position\":2,\"name\":\"Notre flotte\",\"item\":\"https:\/\/www.schneider-chauffeur.de\/fr\/notre-flotte\/\"},{\"@type\":\"ListItem\",\"position\":3,\"name\":\"Audi A8 L\"}]},{\"@type\":\"WebSite\",\"@id\":\"https:\/\/www.schneider-chauffeur.de\/fr\/#website\",\"url\":\"https:\/\/www.schneider-chauffeur.de\/fr\/\",\"name\":\"Schneider Chauffeurservice \u2013 Gesch\u00e4ftsreisen mit h\u00f6chstem Komfort\",\"description\":\"\",\"publisher\":{\"@id\":\"https:\/\/www.schneider-chauffeur.de\/fr\/#organization\"},\"potentialAction\":[{\"@type\":\"SearchAction\",\"target\":{\"@type\":\"EntryPoint\",\"urlTemplate\":\"https:\/\/www.schneider-chauffeur.de\/fr\/?s={search_term_string}\"},\"query-input\":{\"@type\":\"PropertyValueSpecification\",\"valueRequired\":true,\"valueName\":\"search_term_string\"}}],\"inLanguage\":\"fr-FR\"},{\"@type\":[\"Organization\",\"Place\"],\"@id\":\"https:\/\/www.schneider-chauffeur.de\/fr\/#organization\",\"name\":\"Schneider Chauffeurservice\",\"url\":\"https:\/\/www.schneider-chauffeur.de\/fr\/\",\"logo\":{\"@id\":\"https:\/\/www.schneider-chauffeur.de\/fr\/notre-flotte\/audi-a8-l\/#local-main-organization-logo\"},\"image\":{\"@id\":\"https:\/\/www.schneider-chauffeur.de\/fr\/notre-flotte\/audi-a8-l\/#local-main-organization-logo\"},\"sameAs\":[\"https:\/\/www.facebook.com\/SchneiderChauffeurservice\",\"https:\/\/www.linkedin.com\/company\/schneider-chauffeurservice\/\",\"https:\/\/www.instagram.com\/schneider_chauffeurservice\/\"],\"legalName\":\"Schneider Chauffeurservice\",\"numberOfEmployees\":{\"@type\":\"QuantitativeValue\",\"minValue\":\"11\",\"maxValue\":\"50\"},\"address\":{\"@id\":\"https:\/\/www.schneider-chauffeur.de\/fr\/notre-flotte\/audi-a8-l\/#local-main-place-address\"},\"telephone\":[\"+49 20185892980\"],\"contactPoint\":{\"@type\":\"ContactPoint\",\"telephone\":\"+49 20185892980\",\"email\":\"info@schneider-chauffeur.de\"},\"openingHoursSpecification\":[{\"@type\":\"OpeningHoursSpecification\",\"dayOfWeek\":[\"Monday\",\"Tuesday\",\"Wednesday\",\"Thursday\",\"Friday\",\"Saturday\",\"Sunday\"],\"opens\":\"09:00\",\"closes\":\"17:00\"}],\"email\":\"info@schneider-chauffeur.de\",\"faxNumber\":\"Schneider Chauffeurservice\",\"areaServed\":\"Germany\"},{\"@type\":\"PostalAddress\",\"@id\":\"https:\/\/www.schneider-chauffeur.de\/fr\/notre-flotte\/audi-a8-l\/#local-main-place-address\",\"streetAddress\":\"Hohenzollernstr. 24\",\"addressLocality\":\"Essen\",\"postalCode\":\"45128\",\"addressCountry\":\"DE\"},{\"@type\":\"ImageObject\",\"inLanguage\":\"fr-FR\",\"@id\":\"https:\/\/www.schneider-chauffeur.de\/fr\/notre-flotte\/audi-a8-l\/#local-main-organization-logo\",\"url\":\"https:\/\/cdn.schneider-chauffeur.de\/app\/uploads\/2019\/08\/logo-schneider-chauffeur-service.svg\",\"contentUrl\":\"https:\/\/cdn.schneider-chauffeur.de\/app\/uploads\/2019\/08\/logo-schneider-chauffeur-service.svg\",\"caption\":\"Schneider Chauffeurservice\"}]}<\/script>\n<meta name=\"geo.placename\" content=\"Essen\" \/>\n<meta name=\"geo.region\" content=\"Germany\" \/>\n<!-- \/ Yoast SEO Premium plugin. -->","yoast_head_json":{"title":"Audi A8 L | La limousine exclusive de Schneider Chauffeurservice","description":"Notre Audi A8 L est une voiture polyvalente, aussi bien en ville que sur l'autoroute. D\u00e9couvrez ici notre flotte exclusive.","robots":{"index":"index","follow":"follow","max-snippet":"max-snippet:-1","max-image-preview":"max-image-preview:large","max-video-preview":"max-video-preview:-1"},"canonical":"https:\/\/www.schneider-chauffeur.de\/fr\/notre-flotte\/audi-a8-l\/","og_locale":"fr_FR","og_type":"article","og_title":"Audi A8 L","og_description":"Notre Audi A8 L est une voiture polyvalente, aussi bien en ville que sur l'autoroute. D\u00e9couvrez ici notre flotte exclusive.","og_url":"https:\/\/www.schneider-chauffeur.de\/fr\/notre-flotte\/audi-a8-l\/","og_site_name":"Schneider Chauffeurservice \u2013 Gesch\u00e4ftsreisen mit h\u00f6chstem Komfort","article_publisher":"https:\/\/www.facebook.com\/SchneiderChauffeurservice","article_modified_time":"2022-02-21T12:19:12+00:00","og_image":[{"width":697,"height":458,"url":"https:\/\/www.schneider-chauffeur.de\/app\/uploads\/2021\/09\/audi-a8-2021.jpg","type":"image\/jpeg"}],"twitter_card":"summary_large_image","twitter_misc":{"Est. reading time":"4 minutes"},"schema":{"@context":"https:\/\/schema.org","@graph":[{"@type":"WebPage","@id":"https:\/\/www.schneider-chauffeur.de\/fr\/notre-flotte\/audi-a8-l\/","url":"https:\/\/www.schneider-chauffeur.de\/fr\/notre-flotte\/audi-a8-l\/","name":"Audi A8 L | La limousine exclusive de Schneider Chauffeurservice","isPartOf":{"@id":"https:\/\/www.schneider-chauffeur.de\/fr\/#website"},"primaryImageOfPage":{"@id":"https:\/\/www.schneider-chauffeur.de\/fr\/notre-flotte\/audi-a8-l\/#primaryimage"},"image":{"@id":"https:\/\/www.schneider-chauffeur.de\/fr\/notre-flotte\/audi-a8-l\/#primaryimage"},"thumbnailUrl":"https:\/\/cdn.schneider-chauffeur.de\/app\/uploads\/2021\/09\/audi-a8-2021.jpg","datePublished":"2019-08-20T14:33:11+00:00","dateModified":"2022-02-21T12:19:12+00:00","description":"Notre Audi A8 L est une voiture polyvalente, aussi bien en ville que sur l'autoroute. D\u00e9couvrez ici notre flotte exclusive.","breadcrumb":{"@id":"https:\/\/www.schneider-chauffeur.de\/fr\/notre-flotte\/audi-a8-l\/#breadcrumb"},"inLanguage":"fr-FR","potentialAction":[{"@type":"ReadAction","target":["https:\/\/www.schneider-chauffeur.de\/fr\/notre-flotte\/audi-a8-l\/"]}]},{"@type":"ImageObject","inLanguage":"fr-FR","@id":"https:\/\/www.schneider-chauffeur.de\/fr\/notre-flotte\/audi-a8-l\/#primaryimage","url":"https:\/\/cdn.schneider-chauffeur.de\/app\/uploads\/2021\/09\/audi-a8-2021.jpg","contentUrl":"https:\/\/cdn.schneider-chauffeur.de\/app\/uploads\/2021\/09\/audi-a8-2021.jpg","width":697,"height":458},{"@type":"BreadcrumbList","@id":"https:\/\/www.schneider-chauffeur.de\/fr\/notre-flotte\/audi-a8-l\/#breadcrumb","itemListElement":[{"@type":"ListItem","position":1,"name":"Page d\u2019accueil","item":"https:\/\/www.schneider-chauffeur.de\/fr\/"},{"@type":"ListItem","position":2,"name":"Notre flotte","item":"https:\/\/www.schneider-chauffeur.de\/fr\/notre-flotte\/"},{"@type":"ListItem","position":3,"name":"Audi A8 L"}]},{"@type":"WebSite","@id":"https:\/\/www.schneider-chauffeur.de\/fr\/#website","url":"https:\/\/www.schneider-chauffeur.de\/fr\/","name":"Schneider Chauffeurservice \u2013 Gesch\u00e4ftsreisen mit h\u00f6chstem Komfort","description":"","publisher":{"@id":"https:\/\/www.schneider-chauffeur.de\/fr\/#organization"},"potentialAction":[{"@type":"SearchAction","target":{"@type":"EntryPoint","urlTemplate":"https:\/\/www.schneider-chauffeur.de\/fr\/?s={search_term_string}"},"query-input":{"@type":"PropertyValueSpecification","valueRequired":true,"valueName":"search_term_string"}}],"inLanguage":"fr-FR"},{"@type":["Organization","Place"],"@id":"https:\/\/www.schneider-chauffeur.de\/fr\/#organization","name":"Schneider Chauffeurservice","url":"https:\/\/www.schneider-chauffeur.de\/fr\/","logo":{"@id":"https:\/\/www.schneider-chauffeur.de\/fr\/notre-flotte\/audi-a8-l\/#local-main-organization-logo"},"image":{"@id":"https:\/\/www.schneider-chauffeur.de\/fr\/notre-flotte\/audi-a8-l\/#local-main-organization-logo"},"sameAs":["https:\/\/www.facebook.com\/SchneiderChauffeurservice","https:\/\/www.linkedin.com\/company\/schneider-chauffeurservice\/","https:\/\/www.instagram.com\/schneider_chauffeurservice\/"],"legalName":"Schneider Chauffeurservice","numberOfEmployees":{"@type":"QuantitativeValue","minValue":"11","maxValue":"50"},"address":{"@id":"https:\/\/www.schneider-chauffeur.de\/fr\/notre-flotte\/audi-a8-l\/#local-main-place-address"},"telephone":["+49 20185892980"],"contactPoint":{"@type":"ContactPoint","telephone":"+49 20185892980","email":"info@schneider-chauffeur.de"},"openingHoursSpecification":[{"@type":"OpeningHoursSpecification","dayOfWeek":["Monday","Tuesday","Wednesday","Thursday","Friday","Saturday","Sunday"],"opens":"09:00","closes":"17:00"}],"email":"info@schneider-chauffeur.de","faxNumber":"Schneider Chauffeurservice","areaServed":"Germany"},{"@type":"PostalAddress","@id":"https:\/\/www.schneider-chauffeur.de\/fr\/notre-flotte\/audi-a8-l\/#local-main-place-address","streetAddress":"Hohenzollernstr. 24","addressLocality":"Essen","postalCode":"45128","addressCountry":"DE"},{"@type":"ImageObject","inLanguage":"fr-FR","@id":"https:\/\/www.schneider-chauffeur.de\/fr\/notre-flotte\/audi-a8-l\/#local-main-organization-logo","url":"https:\/\/cdn.schneider-chauffeur.de\/app\/uploads\/2019\/08\/logo-schneider-chauffeur-service.svg","contentUrl":"https:\/\/cdn.schneider-chauffeur.de\/app\/uploads\/2019\/08\/logo-schneider-chauffeur-service.svg","caption":"Schneider Chauffeurservice"}]},"geo.placename":"Essen","geo.region":"Germany"},"_links":{"self":[{"href":"https:\/\/www.schneider-chauffeur.de\/fr\/wp-json\/wp\/v2\/pages\/1581","targetHints":{"allow":["GET"]}}],"collection":[{"href":"https:\/\/www.schneider-chauffeur.de\/fr\/wp-json\/wp\/v2\/pages"}],"about":[{"href":"https:\/\/www.schneider-chauffeur.de\/fr\/wp-json\/wp\/v2\/types\/page"}],"author":[{"embeddable":true,"href":"https:\/\/www.schneider-chauffeur.de\/fr\/wp-json\/wp\/v2\/users\/2"}],"replies":[{"embeddable":true,"href":"https:\/\/www.schneider-chauffeur.de\/fr\/wp-json\/wp\/v2\/comments?post=1581"}],"version-history":[{"count":3,"href":"https:\/\/www.schneider-chauffeur.de\/fr\/wp-json\/wp\/v2\/pages\/1581\/revisions"}],"predecessor-version":[{"id":4486,"href":"https:\/\/www.schneider-chauffeur.de\/fr\/wp-json\/wp\/v2\/pages\/1581\/revisions\/4486"}],"up":[{"embeddable":true,"href":"https:\/\/www.schneider-chauffeur.de\/fr\/wp-json\/wp\/v2\/pages\/1577"}],"wp:featuredmedia":[{"embeddable":true,"href":"https:\/\/www.schneider-chauffeur.de\/fr\/wp-json\/wp\/v2\/media\/4466"}],"wp:attachment":[{"href":"https:\/\/www.schneider-chauffeur.de\/fr\/wp-json\/wp\/v2\/media?parent=1581"}],"curies":[{"name":"wp","href":"https:\/\/api.w.org\/{rel}","templated":true}]}}