{"id":1567,"date":"2020-07-31T14:12:02","date_gmt":"2020-07-31T12:12:02","guid":{"rendered":"https:\/\/www.schneider-chauffeur.de\/?page_id=1567"},"modified":"2020-08-07T18:39:07","modified_gmt":"2020-08-07T16:39:07","slug":"service-des-mariages","status":"publish","type":"page","link":"https:\/\/www.schneider-chauffeur.de\/fr\/service\/service-des-mariages\/","title":{"rendered":"Service des mariages"},"content":{"rendered":"<p>Quand le plus beau jour de votre vie est au coin de la rue, tout doit \u00eatre parfait. Cela vaut pour les pr\u00e9paratifs sur le lieu souhait\u00e9 du mariage et bien s\u00fbr aussi pour le voyage sur place. Apr\u00e8s tout, quoi de pire que le fait que la mari\u00e9e ou le mari\u00e9 n&#8217;arrive pas \u00e0 temps pour le mariage ?<\/p>\n<p>Gr\u00e2ce \u00e0 notre service de chauffeur pour le mariage, vous \u00eates non seulement parfaitement pr\u00e9par\u00e9 \u00e0 ce moment, mais vous vous cr\u00e9ez aussi un peu de temps libre pour ce jour tr\u00e8s sp\u00e9cial. Car notre chauffeur sera \u00e0 vos c\u00f4t\u00e9s pour le mariage de mani\u00e8re courtoise et vous conduira \u00e0 l&#8217;\u00e9glise \u00e0 l&#8217;heure, au rendez-vous photo, \u00e0 la c\u00e9l\u00e9bration et o\u00f9 vous le souhaitez. Alors asseyez-vous un moment et profitez de la balade dans notre luxueuse limousine &#8211; parce qu&#8217;en ce jour, vous devriez vous sentir comme un prince et une princesse.<\/p>\n<h2>Un service de chauffeur majestueux dans la voiture de mariage pour le couple de mari\u00e9s &#8230;<\/h2>\n<p>Avec notre service de chauffeur, nous voulons rendre votre mariage aussi agr\u00e9able que possible. Cela comprend les services suivants :<\/p>\n<ul>\n<li>Notre chauffeur vient chercher la mari\u00e9e \u00e0 la maison et vous emm\u00e8ne dans la limousine d\u00e9cor\u00e9e de fa\u00e7on festive \u00e0 l&#8217;\u00e9glise ou \u00e0 un autre endroit pour la c\u00e9r\u00e9monie de mariage.<\/li>\n<li>Votre chauffeur sera \u00e0 la disposition du couple de mari\u00e9s pour des trajets tout au long de la journ\u00e9e. Par exemple pour le trajet de l&#8217;\u00e9glise \u00e0 la c\u00e9l\u00e9bration avec une escale chez le photographe de mariage. Et bien s\u00fbr, il se fera un plaisir de vous ramener chez vous ou \u00e0 votre h\u00f4tel apr\u00e8s la c\u00e9r\u00e9monie.<\/li>\n<li>Si vous avez besoin d&#8217;autre chose pendant les c\u00e9l\u00e9brations, notre chauffeur se fera un plaisir de s&#8217;occuper de petites courses, afin que tout puisse rapidement suivre \u00e0 nouveau le calendrier pr\u00e9vu.<\/li>\n<\/ul>\n<h2>&#8230; et, si souhait\u00e9, \u00e9galement le service de chauffeur pour les invit\u00e9s<\/h2>\n<p>En plus de notre service de chauffeur pour les mari\u00e9s, nous sommes \u00e9galement heureux de prendre en charge, sur demande, le service de chauffeur pour l&#8217;ensemble du mariage. \u00c0 cette fin, nous conviendrons par t\u00e9l\u00e9phone d&#8217;un forfait global adapt\u00e9 \u00e0 vos besoins. Ainsi, personne n&#8217;a \u00e0 se pr\u00e9occuper des modalit\u00e9s de conduite et vos invit\u00e9s peuvent profiter de cette journ\u00e9e sp\u00e9ciale de mani\u00e8re d\u00e9tendue.<\/p>\n<h2>Service de chauffeur pour votre mariage &#8211; vos avantages en un coup d&#8217;\u0153il<\/h2>\n<ul>\n<li>\u00e9l\u00e9gant et ponctuel lors de la c\u00e9r\u00e9monie de mariage<\/li>\n<li>se sentir comme un prince et une princesse dans notre limousine festive pour la journ\u00e9e<\/li>\n<li>un service de conduite confortable pour toute la dur\u00e9e du mariage<\/li>\n<li>conseils personnels et r\u00e9servation facile<\/li>\n<li>Les services de chauffeur et le choix du v\u00e9hicule sont bien entendu adapt\u00e9s \u00e0 vos souhaits individuels<\/li>\n<\/ul>\n","protected":false},"excerpt":{"rendered":"<p>Quand le plus beau jour de votre vie est au coin de la rue, tout doit \u00eatre parfait. Cela vaut pour les pr\u00e9paratifs sur le lieu souhait\u00e9 du mariage et bien s\u00fbr aussi pour le voyage sur place. Apr\u00e8s tout, quoi de pire que le fait que la mari\u00e9e ou le mari\u00e9 n&#8217;arrive pas \u00e0 &hellip;<\/p>\n","protected":false},"author":2,"featured_media":0,"parent":1543,"menu_order":65,"comment_status":"closed","ping_status":"closed","template":"","meta":{"footnotes":""},"class_list":["post-1567","page","type-page","status-publish","hentry"],"yoast_head":"<!-- This site is optimized with the Yoast SEO Premium plugin v26.3 (Yoast SEO v26.3) - https:\/\/yoast.com\/wordpress\/plugins\/seo\/ -->\n<title>Voiture de mariage avec chauffeur et service impressionnant<\/title>\n<meta name=\"description\" content=\"Un mariage \u00e9l\u00e9gant : avec Limousine &amp; Chauffeur Service, la plus belle journ\u00e9e sera parfaite tout autour. Avec de nombreuses possibilit\u00e9s. En savoir plus ...\" \/>\n<meta name=\"robots\" content=\"index, follow, max-snippet:-1, max-image-preview:large, max-video-preview:-1\" \/>\n<link rel=\"canonical\" href=\"https:\/\/www.schneider-chauffeur.de\/fr\/service\/service-des-mariages\/\" \/>\n<meta property=\"og:locale\" content=\"fr_FR\" \/>\n<meta property=\"og:type\" content=\"article\" \/>\n<meta property=\"og:title\" content=\"Service des mariages\" \/>\n<meta property=\"og:description\" content=\"Un mariage \u00e9l\u00e9gant : avec Limousine &amp; Chauffeur Service, la plus belle journ\u00e9e sera parfaite tout autour. Avec de nombreuses possibilit\u00e9s. En savoir plus ...\" \/>\n<meta property=\"og:url\" content=\"https:\/\/www.schneider-chauffeur.de\/fr\/service\/service-des-mariages\/\" \/>\n<meta property=\"og:site_name\" content=\"Schneider Chauffeurservice \u2013 Gesch\u00e4ftsreisen mit h\u00f6chstem Komfort\" \/>\n<meta property=\"article:publisher\" content=\"https:\/\/www.facebook.com\/SchneiderChauffeurservice\" \/>\n<meta property=\"article:modified_time\" content=\"2020-08-07T16:39:07+00:00\" \/>\n<meta name=\"twitter:card\" content=\"summary_large_image\" \/>\n<meta name=\"twitter:label1\" content=\"Est. reading time\" \/>\n\t<meta name=\"twitter:data1\" content=\"2 minutes\" \/>\n<script type=\"application\/ld+json\" class=\"yoast-schema-graph\">{\"@context\":\"https:\/\/schema.org\",\"@graph\":[{\"@type\":\"WebPage\",\"@id\":\"https:\/\/www.schneider-chauffeur.de\/fr\/service\/service-des-mariages\/\",\"url\":\"https:\/\/www.schneider-chauffeur.de\/fr\/service\/service-des-mariages\/\",\"name\":\"Voiture de mariage avec chauffeur et service impressionnant\",\"isPartOf\":{\"@id\":\"https:\/\/www.schneider-chauffeur.de\/fr\/#website\"},\"datePublished\":\"2020-07-31T12:12:02+00:00\",\"dateModified\":\"2020-08-07T16:39:07+00:00\",\"description\":\"Un mariage \u00e9l\u00e9gant : avec Limousine & Chauffeur Service, la plus belle journ\u00e9e sera parfaite tout autour. Avec de nombreuses possibilit\u00e9s. En savoir plus ...\",\"breadcrumb\":{\"@id\":\"https:\/\/www.schneider-chauffeur.de\/fr\/service\/service-des-mariages\/#breadcrumb\"},\"inLanguage\":\"fr-FR\",\"potentialAction\":[{\"@type\":\"ReadAction\",\"target\":[\"https:\/\/www.schneider-chauffeur.de\/fr\/service\/service-des-mariages\/\"]}]},{\"@type\":\"BreadcrumbList\",\"@id\":\"https:\/\/www.schneider-chauffeur.de\/fr\/service\/service-des-mariages\/#breadcrumb\",\"itemListElement\":[{\"@type\":\"ListItem\",\"position\":1,\"name\":\"Page d\u2019accueil\",\"item\":\"https:\/\/www.schneider-chauffeur.de\/fr\/\"},{\"@type\":\"ListItem\",\"position\":2,\"name\":\"Service\",\"item\":\"https:\/\/www.schneider-chauffeur.de\/fr\/service\/\"},{\"@type\":\"ListItem\",\"position\":3,\"name\":\"Service des mariages\"}]},{\"@type\":\"WebSite\",\"@id\":\"https:\/\/www.schneider-chauffeur.de\/fr\/#website\",\"url\":\"https:\/\/www.schneider-chauffeur.de\/fr\/\",\"name\":\"Schneider Chauffeurservice \u2013 Gesch\u00e4ftsreisen mit h\u00f6chstem Komfort\",\"description\":\"\",\"publisher\":{\"@id\":\"https:\/\/www.schneider-chauffeur.de\/fr\/#organization\"},\"potentialAction\":[{\"@type\":\"SearchAction\",\"target\":{\"@type\":\"EntryPoint\",\"urlTemplate\":\"https:\/\/www.schneider-chauffeur.de\/fr\/?s={search_term_string}\"},\"query-input\":{\"@type\":\"PropertyValueSpecification\",\"valueRequired\":true,\"valueName\":\"search_term_string\"}}],\"inLanguage\":\"fr-FR\"},{\"@type\":[\"Organization\",\"Place\"],\"@id\":\"https:\/\/www.schneider-chauffeur.de\/fr\/#organization\",\"name\":\"Schneider Chauffeurservice\",\"url\":\"https:\/\/www.schneider-chauffeur.de\/fr\/\",\"logo\":{\"@id\":\"https:\/\/www.schneider-chauffeur.de\/fr\/service\/service-des-mariages\/#local-main-organization-logo\"},\"image\":{\"@id\":\"https:\/\/www.schneider-chauffeur.de\/fr\/service\/service-des-mariages\/#local-main-organization-logo\"},\"sameAs\":[\"https:\/\/www.facebook.com\/SchneiderChauffeurservice\",\"https:\/\/www.linkedin.com\/company\/schneider-chauffeurservice\/\",\"https:\/\/www.instagram.com\/schneider_chauffeurservice\/\"],\"legalName\":\"Schneider Chauffeurservice\",\"numberOfEmployees\":{\"@type\":\"QuantitativeValue\",\"minValue\":\"11\",\"maxValue\":\"50\"},\"address\":{\"@id\":\"https:\/\/www.schneider-chauffeur.de\/fr\/service\/service-des-mariages\/#local-main-place-address\"},\"telephone\":[\"+49 20185892980\"],\"contactPoint\":{\"@type\":\"ContactPoint\",\"telephone\":\"+49 20185892980\",\"email\":\"info@schneider-chauffeur.de\"},\"openingHoursSpecification\":[{\"@type\":\"OpeningHoursSpecification\",\"dayOfWeek\":[\"Monday\",\"Tuesday\",\"Wednesday\",\"Thursday\",\"Friday\",\"Saturday\",\"Sunday\"],\"opens\":\"09:00\",\"closes\":\"17:00\"}],\"email\":\"info@schneider-chauffeur.de\",\"faxNumber\":\"Schneider Chauffeurservice\",\"areaServed\":\"Germany\"},{\"@type\":\"PostalAddress\",\"@id\":\"https:\/\/www.schneider-chauffeur.de\/fr\/service\/service-des-mariages\/#local-main-place-address\",\"streetAddress\":\"Hohenzollernstr. 24\",\"addressLocality\":\"Essen\",\"postalCode\":\"45128\",\"addressCountry\":\"DE\"},{\"@type\":\"ImageObject\",\"inLanguage\":\"fr-FR\",\"@id\":\"https:\/\/www.schneider-chauffeur.de\/fr\/service\/service-des-mariages\/#local-main-organization-logo\",\"url\":\"https:\/\/cdn.schneider-chauffeur.de\/app\/uploads\/2019\/08\/logo-schneider-chauffeur-service.svg\",\"contentUrl\":\"https:\/\/cdn.schneider-chauffeur.de\/app\/uploads\/2019\/08\/logo-schneider-chauffeur-service.svg\",\"caption\":\"Schneider Chauffeurservice\"}]}<\/script>\n<meta name=\"geo.placename\" content=\"Essen\" \/>\n<meta name=\"geo.region\" content=\"Germany\" \/>\n<!-- \/ Yoast SEO Premium plugin. -->","yoast_head_json":{"title":"Voiture de mariage avec chauffeur et service impressionnant","description":"Un mariage \u00e9l\u00e9gant : avec Limousine & Chauffeur Service, la plus belle journ\u00e9e sera parfaite tout autour. Avec de nombreuses possibilit\u00e9s. En savoir plus ...","robots":{"index":"index","follow":"follow","max-snippet":"max-snippet:-1","max-image-preview":"max-image-preview:large","max-video-preview":"max-video-preview:-1"},"canonical":"https:\/\/www.schneider-chauffeur.de\/fr\/service\/service-des-mariages\/","og_locale":"fr_FR","og_type":"article","og_title":"Service des mariages","og_description":"Un mariage \u00e9l\u00e9gant : avec Limousine & Chauffeur Service, la plus belle journ\u00e9e sera parfaite tout autour. Avec de nombreuses possibilit\u00e9s. En savoir plus ...","og_url":"https:\/\/www.schneider-chauffeur.de\/fr\/service\/service-des-mariages\/","og_site_name":"Schneider Chauffeurservice \u2013 Gesch\u00e4ftsreisen mit h\u00f6chstem Komfort","article_publisher":"https:\/\/www.facebook.com\/SchneiderChauffeurservice","article_modified_time":"2020-08-07T16:39:07+00:00","twitter_card":"summary_large_image","twitter_misc":{"Est. reading time":"2 minutes"},"schema":{"@context":"https:\/\/schema.org","@graph":[{"@type":"WebPage","@id":"https:\/\/www.schneider-chauffeur.de\/fr\/service\/service-des-mariages\/","url":"https:\/\/www.schneider-chauffeur.de\/fr\/service\/service-des-mariages\/","name":"Voiture de mariage avec chauffeur et service impressionnant","isPartOf":{"@id":"https:\/\/www.schneider-chauffeur.de\/fr\/#website"},"datePublished":"2020-07-31T12:12:02+00:00","dateModified":"2020-08-07T16:39:07+00:00","description":"Un mariage \u00e9l\u00e9gant : avec Limousine & Chauffeur Service, la plus belle journ\u00e9e sera parfaite tout autour. Avec de nombreuses possibilit\u00e9s. En savoir plus ...","breadcrumb":{"@id":"https:\/\/www.schneider-chauffeur.de\/fr\/service\/service-des-mariages\/#breadcrumb"},"inLanguage":"fr-FR","potentialAction":[{"@type":"ReadAction","target":["https:\/\/www.schneider-chauffeur.de\/fr\/service\/service-des-mariages\/"]}]},{"@type":"BreadcrumbList","@id":"https:\/\/www.schneider-chauffeur.de\/fr\/service\/service-des-mariages\/#breadcrumb","itemListElement":[{"@type":"ListItem","position":1,"name":"Page d\u2019accueil","item":"https:\/\/www.schneider-chauffeur.de\/fr\/"},{"@type":"ListItem","position":2,"name":"Service","item":"https:\/\/www.schneider-chauffeur.de\/fr\/service\/"},{"@type":"ListItem","position":3,"name":"Service des mariages"}]},{"@type":"WebSite","@id":"https:\/\/www.schneider-chauffeur.de\/fr\/#website","url":"https:\/\/www.schneider-chauffeur.de\/fr\/","name":"Schneider Chauffeurservice \u2013 Gesch\u00e4ftsreisen mit h\u00f6chstem Komfort","description":"","publisher":{"@id":"https:\/\/www.schneider-chauffeur.de\/fr\/#organization"},"potentialAction":[{"@type":"SearchAction","target":{"@type":"EntryPoint","urlTemplate":"https:\/\/www.schneider-chauffeur.de\/fr\/?s={search_term_string}"},"query-input":{"@type":"PropertyValueSpecification","valueRequired":true,"valueName":"search_term_string"}}],"inLanguage":"fr-FR"},{"@type":["Organization","Place"],"@id":"https:\/\/www.schneider-chauffeur.de\/fr\/#organization","name":"Schneider Chauffeurservice","url":"https:\/\/www.schneider-chauffeur.de\/fr\/","logo":{"@id":"https:\/\/www.schneider-chauffeur.de\/fr\/service\/service-des-mariages\/#local-main-organization-logo"},"image":{"@id":"https:\/\/www.schneider-chauffeur.de\/fr\/service\/service-des-mariages\/#local-main-organization-logo"},"sameAs":["https:\/\/www.facebook.com\/SchneiderChauffeurservice","https:\/\/www.linkedin.com\/company\/schneider-chauffeurservice\/","https:\/\/www.instagram.com\/schneider_chauffeurservice\/"],"legalName":"Schneider Chauffeurservice","numberOfEmployees":{"@type":"QuantitativeValue","minValue":"11","maxValue":"50"},"address":{"@id":"https:\/\/www.schneider-chauffeur.de\/fr\/service\/service-des-mariages\/#local-main-place-address"},"telephone":["+49 20185892980"],"contactPoint":{"@type":"ContactPoint","telephone":"+49 20185892980","email":"info@schneider-chauffeur.de"},"openingHoursSpecification":[{"@type":"OpeningHoursSpecification","dayOfWeek":["Monday","Tuesday","Wednesday","Thursday","Friday","Saturday","Sunday"],"opens":"09:00","closes":"17:00"}],"email":"info@schneider-chauffeur.de","faxNumber":"Schneider Chauffeurservice","areaServed":"Germany"},{"@type":"PostalAddress","@id":"https:\/\/www.schneider-chauffeur.de\/fr\/service\/service-des-mariages\/#local-main-place-address","streetAddress":"Hohenzollernstr. 24","addressLocality":"Essen","postalCode":"45128","addressCountry":"DE"},{"@type":"ImageObject","inLanguage":"fr-FR","@id":"https:\/\/www.schneider-chauffeur.de\/fr\/service\/service-des-mariages\/#local-main-organization-logo","url":"https:\/\/cdn.schneider-chauffeur.de\/app\/uploads\/2019\/08\/logo-schneider-chauffeur-service.svg","contentUrl":"https:\/\/cdn.schneider-chauffeur.de\/app\/uploads\/2019\/08\/logo-schneider-chauffeur-service.svg","caption":"Schneider Chauffeurservice"}]},"geo.placename":"Essen","geo.region":"Germany"},"_links":{"self":[{"href":"https:\/\/www.schneider-chauffeur.de\/fr\/wp-json\/wp\/v2\/pages\/1567","targetHints":{"allow":["GET"]}}],"collection":[{"href":"https:\/\/www.schneider-chauffeur.de\/fr\/wp-json\/wp\/v2\/pages"}],"about":[{"href":"https:\/\/www.schneider-chauffeur.de\/fr\/wp-json\/wp\/v2\/types\/page"}],"author":[{"embeddable":true,"href":"https:\/\/www.schneider-chauffeur.de\/fr\/wp-json\/wp\/v2\/users\/2"}],"replies":[{"embeddable":true,"href":"https:\/\/www.schneider-chauffeur.de\/fr\/wp-json\/wp\/v2\/comments?post=1567"}],"version-history":[{"count":0,"href":"https:\/\/www.schneider-chauffeur.de\/fr\/wp-json\/wp\/v2\/pages\/1567\/revisions"}],"up":[{"embeddable":true,"href":"https:\/\/www.schneider-chauffeur.de\/fr\/wp-json\/wp\/v2\/pages\/1543"}],"wp:attachment":[{"href":"https:\/\/www.schneider-chauffeur.de\/fr\/wp-json\/wp\/v2\/media?parent=1567"}],"curies":[{"name":"wp","href":"https:\/\/api.w.org\/{rel}","templated":true}]}}