{"id":1556,"date":"2020-07-31T14:05:07","date_gmt":"2020-07-31T12:05:07","guid":{"rendered":"https:\/\/www.schneider-chauffeur.de\/?page_id=1556"},"modified":"2025-08-11T16:50:57","modified_gmt":"2025-08-11T14:50:57","slug":"emplacements","status":"publish","type":"page","link":"https:\/\/www.schneider-chauffeur.de\/fr\/emplacements\/","title":{"rendered":"Emplacements"},"content":{"rendered":"<h2>Service de chauffeur et de limousine pour des trajets (inter)r\u00e9gionaux &#8211; dans les villes allemandes &amp; internationaux<\/h2>\n<p>Avec notre service de chauffeurs et de limousines, nous sommes \u00e0 votre disposition dans la r\u00e9gion de la Ruhr et bien au-del\u00e0. Les principales zones d&#8217;intervention de notre \u00e9quipe centrale sont les villes d&#8217;Essen, Bochum, <a href=\"https:\/\/www.schneider-chauffeur.de\/fr\/domaines-dapplication\/duesseldorf\/\">D\u00fcsseldorf<\/a>, Dortmund et Cologne, tandis que l&#8217;\u00e9quipe de notre deuxi\u00e8me succursale se charge principalement des trajets ainsi que d&#8217;autres prestations de service dans l&#8217;agglom\u00e9ration de Francfort &#8211; les trajets interr\u00e9gionaux faisant \u00e9galement partie de notre r\u00e9pertoire naturel. En outre, nous vous permettons volontiers de vous d\u00e9placer dans d&#8217;autres r\u00e9gions et pays par le biais de nos entreprises partenaires qui garantissent une qualit\u00e9 de service comparable \u00e0 celle de Schneider Chauffeur Service. Gr\u00e2ce \u00e0 notre r\u00e9seau \u00e9tendu et parfaitement entretenu, vous pouvez ainsi compter sur une assistance de premier ordre dans de nombreux endroits du monde, tandis que nous nous occupons de tout en toute fiabilit\u00e9 en tant qu&#8217;interlocuteur central &#8211; jusqu&#8217;\u00e0 <a href=\"https:\/\/www.schneider-aviation.com\/\">R\u00e9servation de vols adapt\u00e9s en jet priv\u00e9<\/a> pour votre voyage national ou international.<\/p>\n<h2>Transfert vers <a href=\"https:\/\/www.schneider-chauffeur.de\/fr\/domaines-dapplication\/frankfurt-am-main\/\" target=\"_blank\" rel=\"noopener\">Francfort<\/a>, Munich ou <a href=\"https:\/\/www.schneider-chauffeur.de\/fr\/domaines-dapplication\/berlin\/\" target=\"_blank\" rel=\"noopener\">Berlin<\/a> &#8211; ou encore Paris, Madrid &amp; New York<\/h2>\n<p>Bien s\u00fbr, nous vous emmenons volontiers jusqu&#8217;\u00e0 Francfort, Munich, <a href=\"https:\/\/www.schneider-chauffeur.de\/fr\/domaines-dapplication\/berlin\/\">Berlin<\/a> ou toute autre ville dans laquelle vos voyages d&#8217;affaires vous conduisent. Ou nous allons chercher vos partenaires commerciaux \u00e0 l&#8217;a\u00e9roport et les conduisons en toute s\u00e9curit\u00e9 et dans les d\u00e9lais \u00e0 leur prochaine r\u00e9union. Cette offre est \u00e9galement valable pour de nombreuses autres villes et r\u00e9gions d&#8217;Europe, des \u00c9tats-Unis et d&#8217;ailleurs. Faites-nous savoir comment nous pouvons vous aider au mieux avec nos services.<\/p>\n<h2>Voyages \u00e0 l&#8217;\u00e9tranger &#8211; par exemple en Belgique, en Autriche ou en France<\/h2>\n<p>Si vous voyagez dans un pays voisin, mais que vous souhaitez \u00e9viter un vol, nous vous emmenons confortablement \u00e0 votre destination dans l&#8217;une de nos limousines. Que ce soit pour une r\u00e9union d&#8217;affaires \u00e0 Vienne, pour une conf\u00e9rence \u00e0 Bruxelles ou pour un salon \u00e0 Paris, notre chauffeur vous assure un voyage agr\u00e9able et une arriv\u00e9e ponctuelle. Ensuite, il est bien s\u00fbr \u00e0 votre disposition pour d&#8217;autres trajets sur place. N&#8217;h\u00e9sitez pas \u00e0 nous contacter pour obtenir une offre personnalis\u00e9e.<\/p>\n","protected":false},"excerpt":{"rendered":"<p>Service de chauffeur et de limousine pour des trajets (inter)r\u00e9gionaux &#8211; dans les villes allemandes &amp; internationaux Avec notre service de chauffeurs et de limousines, nous sommes \u00e0 votre disposition dans la r\u00e9gion de la Ruhr et bien au-del\u00e0. Les principales zones d&#8217;intervention de notre \u00e9quipe centrale sont les villes d&#8217;Essen, Bochum, D\u00fcsseldorf, Dortmund et &hellip;<\/p>\n","protected":false},"author":2,"featured_media":0,"parent":0,"menu_order":17,"comment_status":"closed","ping_status":"closed","template":"","meta":{"footnotes":""},"class_list":["post-1556","page","type-page","status-publish","hentry"],"yoast_head":"<!-- This site is optimized with the Yoast SEO Premium plugin v26.3 (Yoast SEO v26.3) - https:\/\/yoast.com\/wordpress\/plugins\/seo\/ -->\n<title>Nos domaines d&#039;intervention | schneider-chauffeur.de<\/title>\n<meta name=\"description\" content=\"Avec notre service de chauffeur et de limousine, nous sommes \u00e0 votre disposition dans de plus en plus de villes - \u00e9galement pour des voyages suprar\u00e9gionaux. Informez-vous maintenant !\" \/>\n<meta name=\"robots\" content=\"index, follow, max-snippet:-1, max-image-preview:large, max-video-preview:-1\" \/>\n<link rel=\"canonical\" href=\"https:\/\/www.schneider-chauffeur.de\/fr\/emplacements\/\" \/>\n<meta property=\"og:locale\" content=\"fr_FR\" \/>\n<meta property=\"og:type\" content=\"article\" \/>\n<meta property=\"og:title\" content=\"Emplacements\" \/>\n<meta property=\"og:description\" content=\"Avec notre service de chauffeur et de limousine, nous sommes \u00e0 votre disposition dans de plus en plus de villes - \u00e9galement pour des voyages suprar\u00e9gionaux. Informez-vous maintenant !\" \/>\n<meta property=\"og:url\" content=\"https:\/\/www.schneider-chauffeur.de\/fr\/emplacements\/\" \/>\n<meta property=\"og:site_name\" content=\"Schneider Chauffeurservice \u2013 Gesch\u00e4ftsreisen mit h\u00f6chstem Komfort\" \/>\n<meta property=\"article:publisher\" content=\"https:\/\/www.facebook.com\/SchneiderChauffeurservice\" \/>\n<meta property=\"article:modified_time\" content=\"2025-08-11T14:50:57+00:00\" \/>\n<meta name=\"twitter:card\" content=\"summary_large_image\" \/>\n<meta name=\"twitter:label1\" content=\"Est. reading time\" \/>\n\t<meta name=\"twitter:data1\" content=\"2 minutes\" \/>\n<script type=\"application\/ld+json\" class=\"yoast-schema-graph\">{\"@context\":\"https:\/\/schema.org\",\"@graph\":[{\"@type\":\"WebPage\",\"@id\":\"https:\/\/www.schneider-chauffeur.de\/fr\/emplacements\/\",\"url\":\"https:\/\/www.schneider-chauffeur.de\/fr\/emplacements\/\",\"name\":\"Nos domaines d'intervention | schneider-chauffeur.de\",\"isPartOf\":{\"@id\":\"https:\/\/www.schneider-chauffeur.de\/fr\/#website\"},\"datePublished\":\"2020-07-31T12:05:07+00:00\",\"dateModified\":\"2025-08-11T14:50:57+00:00\",\"description\":\"Avec notre service de chauffeur et de limousine, nous sommes \u00e0 votre disposition dans de plus en plus de villes - \u00e9galement pour des voyages suprar\u00e9gionaux. Informez-vous maintenant !\",\"breadcrumb\":{\"@id\":\"https:\/\/www.schneider-chauffeur.de\/fr\/emplacements\/#breadcrumb\"},\"inLanguage\":\"fr-FR\",\"potentialAction\":[{\"@type\":\"ReadAction\",\"target\":[\"https:\/\/www.schneider-chauffeur.de\/fr\/emplacements\/\"]}]},{\"@type\":\"BreadcrumbList\",\"@id\":\"https:\/\/www.schneider-chauffeur.de\/fr\/emplacements\/#breadcrumb\",\"itemListElement\":[{\"@type\":\"ListItem\",\"position\":1,\"name\":\"Page d\u2019accueil\",\"item\":\"https:\/\/www.schneider-chauffeur.de\/fr\/\"},{\"@type\":\"ListItem\",\"position\":2,\"name\":\"Emplacements\"}]},{\"@type\":\"WebSite\",\"@id\":\"https:\/\/www.schneider-chauffeur.de\/fr\/#website\",\"url\":\"https:\/\/www.schneider-chauffeur.de\/fr\/\",\"name\":\"Schneider Chauffeurservice \u2013 Gesch\u00e4ftsreisen mit h\u00f6chstem Komfort\",\"description\":\"\",\"publisher\":{\"@id\":\"https:\/\/www.schneider-chauffeur.de\/fr\/#organization\"},\"potentialAction\":[{\"@type\":\"SearchAction\",\"target\":{\"@type\":\"EntryPoint\",\"urlTemplate\":\"https:\/\/www.schneider-chauffeur.de\/fr\/?s={search_term_string}\"},\"query-input\":{\"@type\":\"PropertyValueSpecification\",\"valueRequired\":true,\"valueName\":\"search_term_string\"}}],\"inLanguage\":\"fr-FR\"},{\"@type\":[\"Organization\",\"Place\"],\"@id\":\"https:\/\/www.schneider-chauffeur.de\/fr\/#organization\",\"name\":\"Schneider Chauffeurservice\",\"url\":\"https:\/\/www.schneider-chauffeur.de\/fr\/\",\"logo\":{\"@id\":\"https:\/\/www.schneider-chauffeur.de\/fr\/emplacements\/#local-main-organization-logo\"},\"image\":{\"@id\":\"https:\/\/www.schneider-chauffeur.de\/fr\/emplacements\/#local-main-organization-logo\"},\"sameAs\":[\"https:\/\/www.facebook.com\/SchneiderChauffeurservice\",\"https:\/\/www.linkedin.com\/company\/schneider-chauffeurservice\/\",\"https:\/\/www.instagram.com\/schneider_chauffeurservice\/\"],\"legalName\":\"Schneider Chauffeurservice\",\"numberOfEmployees\":{\"@type\":\"QuantitativeValue\",\"minValue\":\"11\",\"maxValue\":\"50\"},\"address\":{\"@id\":\"https:\/\/www.schneider-chauffeur.de\/fr\/emplacements\/#local-main-place-address\"},\"telephone\":[\"+49 20185892980\"],\"contactPoint\":{\"@type\":\"ContactPoint\",\"telephone\":\"+49 20185892980\",\"email\":\"info@schneider-chauffeur.de\"},\"openingHoursSpecification\":[{\"@type\":\"OpeningHoursSpecification\",\"dayOfWeek\":[\"Monday\",\"Tuesday\",\"Wednesday\",\"Thursday\",\"Friday\",\"Saturday\",\"Sunday\"],\"opens\":\"09:00\",\"closes\":\"17:00\"}],\"email\":\"info@schneider-chauffeur.de\",\"faxNumber\":\"Schneider Chauffeurservice\",\"areaServed\":\"Germany\"},{\"@type\":\"PostalAddress\",\"@id\":\"https:\/\/www.schneider-chauffeur.de\/fr\/emplacements\/#local-main-place-address\",\"streetAddress\":\"Hohenzollernstr. 24\",\"addressLocality\":\"Essen\",\"postalCode\":\"45128\",\"addressCountry\":\"DE\"},{\"@type\":\"ImageObject\",\"inLanguage\":\"fr-FR\",\"@id\":\"https:\/\/www.schneider-chauffeur.de\/fr\/emplacements\/#local-main-organization-logo\",\"url\":\"https:\/\/cdn.schneider-chauffeur.de\/app\/uploads\/2019\/08\/logo-schneider-chauffeur-service.svg\",\"contentUrl\":\"https:\/\/cdn.schneider-chauffeur.de\/app\/uploads\/2019\/08\/logo-schneider-chauffeur-service.svg\",\"caption\":\"Schneider Chauffeurservice\"}]}<\/script>\n<meta name=\"geo.placename\" content=\"Essen\" \/>\n<meta name=\"geo.region\" content=\"Germany\" \/>\n<!-- \/ Yoast SEO Premium plugin. -->","yoast_head_json":{"title":"Nos domaines d'intervention | schneider-chauffeur.de","description":"Avec notre service de chauffeur et de limousine, nous sommes \u00e0 votre disposition dans de plus en plus de villes - \u00e9galement pour des voyages suprar\u00e9gionaux. Informez-vous maintenant !","robots":{"index":"index","follow":"follow","max-snippet":"max-snippet:-1","max-image-preview":"max-image-preview:large","max-video-preview":"max-video-preview:-1"},"canonical":"https:\/\/www.schneider-chauffeur.de\/fr\/emplacements\/","og_locale":"fr_FR","og_type":"article","og_title":"Emplacements","og_description":"Avec notre service de chauffeur et de limousine, nous sommes \u00e0 votre disposition dans de plus en plus de villes - \u00e9galement pour des voyages suprar\u00e9gionaux. Informez-vous maintenant !","og_url":"https:\/\/www.schneider-chauffeur.de\/fr\/emplacements\/","og_site_name":"Schneider Chauffeurservice \u2013 Gesch\u00e4ftsreisen mit h\u00f6chstem Komfort","article_publisher":"https:\/\/www.facebook.com\/SchneiderChauffeurservice","article_modified_time":"2025-08-11T14:50:57+00:00","twitter_card":"summary_large_image","twitter_misc":{"Est. reading time":"2 minutes"},"schema":{"@context":"https:\/\/schema.org","@graph":[{"@type":"WebPage","@id":"https:\/\/www.schneider-chauffeur.de\/fr\/emplacements\/","url":"https:\/\/www.schneider-chauffeur.de\/fr\/emplacements\/","name":"Nos domaines d'intervention | schneider-chauffeur.de","isPartOf":{"@id":"https:\/\/www.schneider-chauffeur.de\/fr\/#website"},"datePublished":"2020-07-31T12:05:07+00:00","dateModified":"2025-08-11T14:50:57+00:00","description":"Avec notre service de chauffeur et de limousine, nous sommes \u00e0 votre disposition dans de plus en plus de villes - \u00e9galement pour des voyages suprar\u00e9gionaux. Informez-vous maintenant !","breadcrumb":{"@id":"https:\/\/www.schneider-chauffeur.de\/fr\/emplacements\/#breadcrumb"},"inLanguage":"fr-FR","potentialAction":[{"@type":"ReadAction","target":["https:\/\/www.schneider-chauffeur.de\/fr\/emplacements\/"]}]},{"@type":"BreadcrumbList","@id":"https:\/\/www.schneider-chauffeur.de\/fr\/emplacements\/#breadcrumb","itemListElement":[{"@type":"ListItem","position":1,"name":"Page d\u2019accueil","item":"https:\/\/www.schneider-chauffeur.de\/fr\/"},{"@type":"ListItem","position":2,"name":"Emplacements"}]},{"@type":"WebSite","@id":"https:\/\/www.schneider-chauffeur.de\/fr\/#website","url":"https:\/\/www.schneider-chauffeur.de\/fr\/","name":"Schneider Chauffeurservice \u2013 Gesch\u00e4ftsreisen mit h\u00f6chstem Komfort","description":"","publisher":{"@id":"https:\/\/www.schneider-chauffeur.de\/fr\/#organization"},"potentialAction":[{"@type":"SearchAction","target":{"@type":"EntryPoint","urlTemplate":"https:\/\/www.schneider-chauffeur.de\/fr\/?s={search_term_string}"},"query-input":{"@type":"PropertyValueSpecification","valueRequired":true,"valueName":"search_term_string"}}],"inLanguage":"fr-FR"},{"@type":["Organization","Place"],"@id":"https:\/\/www.schneider-chauffeur.de\/fr\/#organization","name":"Schneider Chauffeurservice","url":"https:\/\/www.schneider-chauffeur.de\/fr\/","logo":{"@id":"https:\/\/www.schneider-chauffeur.de\/fr\/emplacements\/#local-main-organization-logo"},"image":{"@id":"https:\/\/www.schneider-chauffeur.de\/fr\/emplacements\/#local-main-organization-logo"},"sameAs":["https:\/\/www.facebook.com\/SchneiderChauffeurservice","https:\/\/www.linkedin.com\/company\/schneider-chauffeurservice\/","https:\/\/www.instagram.com\/schneider_chauffeurservice\/"],"legalName":"Schneider Chauffeurservice","numberOfEmployees":{"@type":"QuantitativeValue","minValue":"11","maxValue":"50"},"address":{"@id":"https:\/\/www.schneider-chauffeur.de\/fr\/emplacements\/#local-main-place-address"},"telephone":["+49 20185892980"],"contactPoint":{"@type":"ContactPoint","telephone":"+49 20185892980","email":"info@schneider-chauffeur.de"},"openingHoursSpecification":[{"@type":"OpeningHoursSpecification","dayOfWeek":["Monday","Tuesday","Wednesday","Thursday","Friday","Saturday","Sunday"],"opens":"09:00","closes":"17:00"}],"email":"info@schneider-chauffeur.de","faxNumber":"Schneider Chauffeurservice","areaServed":"Germany"},{"@type":"PostalAddress","@id":"https:\/\/www.schneider-chauffeur.de\/fr\/emplacements\/#local-main-place-address","streetAddress":"Hohenzollernstr. 24","addressLocality":"Essen","postalCode":"45128","addressCountry":"DE"},{"@type":"ImageObject","inLanguage":"fr-FR","@id":"https:\/\/www.schneider-chauffeur.de\/fr\/emplacements\/#local-main-organization-logo","url":"https:\/\/cdn.schneider-chauffeur.de\/app\/uploads\/2019\/08\/logo-schneider-chauffeur-service.svg","contentUrl":"https:\/\/cdn.schneider-chauffeur.de\/app\/uploads\/2019\/08\/logo-schneider-chauffeur-service.svg","caption":"Schneider Chauffeurservice"}]},"geo.placename":"Essen","geo.region":"Germany"},"_links":{"self":[{"href":"https:\/\/www.schneider-chauffeur.de\/fr\/wp-json\/wp\/v2\/pages\/1556","targetHints":{"allow":["GET"]}}],"collection":[{"href":"https:\/\/www.schneider-chauffeur.de\/fr\/wp-json\/wp\/v2\/pages"}],"about":[{"href":"https:\/\/www.schneider-chauffeur.de\/fr\/wp-json\/wp\/v2\/types\/page"}],"author":[{"embeddable":true,"href":"https:\/\/www.schneider-chauffeur.de\/fr\/wp-json\/wp\/v2\/users\/2"}],"replies":[{"embeddable":true,"href":"https:\/\/www.schneider-chauffeur.de\/fr\/wp-json\/wp\/v2\/comments?post=1556"}],"version-history":[{"count":8,"href":"https:\/\/www.schneider-chauffeur.de\/fr\/wp-json\/wp\/v2\/pages\/1556\/revisions"}],"predecessor-version":[{"id":2841,"href":"https:\/\/www.schneider-chauffeur.de\/fr\/wp-json\/wp\/v2\/pages\/1556\/revisions\/2841"}],"wp:attachment":[{"href":"https:\/\/www.schneider-chauffeur.de\/fr\/wp-json\/wp\/v2\/media?parent=1556"}],"curies":[{"name":"wp","href":"https:\/\/api.w.org\/{rel}","templated":true}]}}