{"id":1552,"date":"2020-07-31T14:01:57","date_gmt":"2020-07-31T12:01:57","guid":{"rendered":"https:\/\/www.schneider-chauffeur.de\/?page_id=1552"},"modified":"2020-08-05T16:02:56","modified_gmt":"2020-08-05T14:02:56","slug":"service-de-limousine","status":"publish","type":"page","link":"https:\/\/www.schneider-chauffeur.de\/fr\/service\/service-de-limousine\/","title":{"rendered":"Service de limousine"},"content":{"rendered":"<p>Accordez-vous des moments de respiration au cours d&#8217;une journ\u00e9e de travail difficile pour concentrer votre \u00e9nergie de mani\u00e8re sens\u00e9e. Un chauffeur attentif, associ\u00e9 \u00e0 la limousine ad\u00e9quate, transforme les voyages d&#8217;affaires de toute nature en des pauses bien m\u00e9rit\u00e9es, tandis que vous atteignez votre destination en toute s\u00e9curit\u00e9 et dans le confort. Vous avez bien s\u00fbr la possibilit\u00e9 de travailler en conduisant ou de passer des appels t\u00e9l\u00e9phoniques importants. L&#8217;\u00e9quipement confortable de nos v\u00e9hicules et la W-Lan int\u00e9gr\u00e9e offrent les conditions optimales pour cela. Ainsi, notre service de limousine vous fait gagner un temps pr\u00e9cieux \u00e0 tous \u00e9gards.<\/p>\n<h2>Voyager confortablement et en toute s\u00e9curit\u00e9, que ce soit pour affaires ou \u00e0 titre priv\u00e9<\/h2>\n<p>Un trajet avec un service de limousine sophistiqu\u00e9 diff\u00e8re massivement de ce que peut offrir un service de taxi ou de chauffeur moyen. Cela est \u00e9vident tant en termes de confort que de s\u00e9curit\u00e9 : nos chauffeurs sont toujours \u00e9l\u00e9gants et ont une bonne formation de conduite, ainsi qu&#8217;une grande exp\u00e9rience professionnelle dans le domaine du transport de passagers. Votre bien-\u00eatre est toujours la priorit\u00e9 absolue pendant le voyage, et si jamais cela s&#8217;av\u00e9rait n\u00e9cessaire, nos chauffeurs peuvent rester calmes et r\u00e9agir de mani\u00e8re appropri\u00e9e m\u00eame dans des situations de conduite difficiles.<\/p>\n<p>En outre, notre \u00e9quipe est pr\u00e9par\u00e9e de mani\u00e8re optimale gr\u00e2ce \u00e0 une planification minutieuse des itin\u00e9raires et garde un \u0153il sur la situation actuelle du trafic. De cette mani\u00e8re, les risques et les encombrements peuvent \u00eatre facilement \u00e9vit\u00e9s afin que vous atteigniez votre destination avec le moins de perturbations possible.<\/p>\n<h2>Options et proc\u00e9dure pour notre service de limousine<\/h2>\n<p>Vous pouvez r\u00e9server notre service de limousine avec chauffeur \u00e0 l&#8217;heure ou \u00e0 la journ\u00e9e. Si vous le souhaitez, nous sommes bien s\u00fbr \u00e9galement disponibles pour des p\u00e9riodes plus longues. Pour vos d\u00e9placements, nous disposons d&#8217;un mod\u00e8le de la classe moyenne sup\u00e9rieure, d&#8217;une limousine de la classe sup\u00e9rieure ainsi que d&#8217;une limousine de grande capacit\u00e9. Selon l&#8217;occasion, vous pouvez donc choisir les conditions dans lesquelles vous souhaitez voyager.<\/p>\n<p>Avec notre service, vous avez toutes les possibilit\u00e9s, du simple voyage \u00e0 une coop\u00e9ration permanente. Faites-nous savoir comment nous pouvons vous aider au mieux &#8211; nous serons alors heureux de vous faire une offre individuelle. Il suffit de nous contacter via notre formulaire de r\u00e9servation. Nous vous r\u00e9pondrons alors imm\u00e9diatement.<\/p>\n<h2>Applications possibles de notre service de limousine<\/h2>\n<ul>\n<li>Les voyages pour des occasions priv\u00e9es ou professionnelles<\/li>\n<li>Voyages d&#8217;affaires de toutes sortes &#8211; dans la r\u00e9gion et au-del\u00e0<\/li>\n<li>les transferts r\u00e9guliers \u00e0 l&#8217;a\u00e9roport pour vous, vos employ\u00e9s et vos partenaires commerciaux<\/li>\n<li>les missions de conduite permanentes qui ne sont pas couvertes par le parc de v\u00e9hicules de votre entreprise<\/li>\n<li>Vous avez d&#8217;autres souhaits ? Veuillez nous faire savoir comment nous pouvons vous aider de mani\u00e8re optimale avec notre service.<\/li>\n<\/ul>\n","protected":false},"excerpt":{"rendered":"<p>Accordez-vous des moments de respiration au cours d&#8217;une journ\u00e9e de travail difficile pour concentrer votre \u00e9nergie de mani\u00e8re sens\u00e9e. Un chauffeur attentif, associ\u00e9 \u00e0 la limousine ad\u00e9quate, transforme les voyages d&#8217;affaires de toute nature en des pauses bien m\u00e9rit\u00e9es, tandis que vous atteignez votre destination en toute s\u00e9curit\u00e9 et dans le confort. Vous avez bien &hellip;<\/p>\n","protected":false},"author":2,"featured_media":0,"parent":1543,"menu_order":56,"comment_status":"closed","ping_status":"closed","template":"","meta":{"footnotes":""},"class_list":["post-1552","page","type-page","status-publish","hentry"],"yoast_head":"<!-- This site is optimized with the Yoast SEO Premium plugin v26.3 (Yoast SEO v26.3) - https:\/\/yoast.com\/wordpress\/plugins\/seo\/ -->\n<title>Service de limousine - \u00e9l\u00e9gant et tr\u00e8s confortable jusqu&#039;\u00e0 votre destination<\/title>\n<meta name=\"description\" content=\"Un chauffeur attentif avec la bonne limousine transforme les voyages d&#039;affaires en pauses bien m\u00e9rit\u00e9es ou en phases de travail concentr\u00e9es. Lire la suite ...\" \/>\n<meta name=\"robots\" content=\"index, follow, max-snippet:-1, max-image-preview:large, max-video-preview:-1\" \/>\n<link rel=\"canonical\" href=\"https:\/\/www.schneider-chauffeur.de\/fr\/service\/service-de-limousine\/\" \/>\n<meta property=\"og:locale\" content=\"fr_FR\" \/>\n<meta property=\"og:type\" content=\"article\" \/>\n<meta property=\"og:title\" content=\"Service de limousine\" \/>\n<meta property=\"og:description\" content=\"Un chauffeur attentif avec la bonne limousine transforme les voyages d&#039;affaires en pauses bien m\u00e9rit\u00e9es ou en phases de travail concentr\u00e9es. Lire la suite ...\" \/>\n<meta property=\"og:url\" content=\"https:\/\/www.schneider-chauffeur.de\/fr\/service\/service-de-limousine\/\" \/>\n<meta property=\"og:site_name\" content=\"Schneider Chauffeurservice \u2013 Gesch\u00e4ftsreisen mit h\u00f6chstem Komfort\" \/>\n<meta property=\"article:publisher\" content=\"https:\/\/www.facebook.com\/SchneiderChauffeurservice\" \/>\n<meta property=\"article:modified_time\" content=\"2020-08-05T14:02:56+00:00\" \/>\n<meta name=\"twitter:card\" content=\"summary_large_image\" \/>\n<meta name=\"twitter:label1\" content=\"Est. reading time\" \/>\n\t<meta name=\"twitter:data1\" content=\"3 minutes\" \/>\n<script type=\"application\/ld+json\" class=\"yoast-schema-graph\">{\"@context\":\"https:\/\/schema.org\",\"@graph\":[{\"@type\":\"WebPage\",\"@id\":\"https:\/\/www.schneider-chauffeur.de\/fr\/service\/service-de-limousine\/\",\"url\":\"https:\/\/www.schneider-chauffeur.de\/fr\/service\/service-de-limousine\/\",\"name\":\"Service de limousine - \u00e9l\u00e9gant et tr\u00e8s confortable jusqu'\u00e0 votre destination\",\"isPartOf\":{\"@id\":\"https:\/\/www.schneider-chauffeur.de\/fr\/#website\"},\"datePublished\":\"2020-07-31T12:01:57+00:00\",\"dateModified\":\"2020-08-05T14:02:56+00:00\",\"description\":\"Un chauffeur attentif avec la bonne limousine transforme les voyages d'affaires en pauses bien m\u00e9rit\u00e9es ou en phases de travail concentr\u00e9es. Lire la suite ...\",\"breadcrumb\":{\"@id\":\"https:\/\/www.schneider-chauffeur.de\/fr\/service\/service-de-limousine\/#breadcrumb\"},\"inLanguage\":\"fr-FR\",\"potentialAction\":[{\"@type\":\"ReadAction\",\"target\":[\"https:\/\/www.schneider-chauffeur.de\/fr\/service\/service-de-limousine\/\"]}]},{\"@type\":\"BreadcrumbList\",\"@id\":\"https:\/\/www.schneider-chauffeur.de\/fr\/service\/service-de-limousine\/#breadcrumb\",\"itemListElement\":[{\"@type\":\"ListItem\",\"position\":1,\"name\":\"Page d\u2019accueil\",\"item\":\"https:\/\/www.schneider-chauffeur.de\/fr\/\"},{\"@type\":\"ListItem\",\"position\":2,\"name\":\"Service\",\"item\":\"https:\/\/www.schneider-chauffeur.de\/fr\/service\/\"},{\"@type\":\"ListItem\",\"position\":3,\"name\":\"Service de limousine\"}]},{\"@type\":\"WebSite\",\"@id\":\"https:\/\/www.schneider-chauffeur.de\/fr\/#website\",\"url\":\"https:\/\/www.schneider-chauffeur.de\/fr\/\",\"name\":\"Schneider Chauffeurservice \u2013 Gesch\u00e4ftsreisen mit h\u00f6chstem Komfort\",\"description\":\"\",\"publisher\":{\"@id\":\"https:\/\/www.schneider-chauffeur.de\/fr\/#organization\"},\"potentialAction\":[{\"@type\":\"SearchAction\",\"target\":{\"@type\":\"EntryPoint\",\"urlTemplate\":\"https:\/\/www.schneider-chauffeur.de\/fr\/?s={search_term_string}\"},\"query-input\":{\"@type\":\"PropertyValueSpecification\",\"valueRequired\":true,\"valueName\":\"search_term_string\"}}],\"inLanguage\":\"fr-FR\"},{\"@type\":[\"Organization\",\"Place\"],\"@id\":\"https:\/\/www.schneider-chauffeur.de\/fr\/#organization\",\"name\":\"Schneider Chauffeurservice\",\"url\":\"https:\/\/www.schneider-chauffeur.de\/fr\/\",\"logo\":{\"@id\":\"https:\/\/www.schneider-chauffeur.de\/fr\/service\/service-de-limousine\/#local-main-organization-logo\"},\"image\":{\"@id\":\"https:\/\/www.schneider-chauffeur.de\/fr\/service\/service-de-limousine\/#local-main-organization-logo\"},\"sameAs\":[\"https:\/\/www.facebook.com\/SchneiderChauffeurservice\",\"https:\/\/www.linkedin.com\/company\/schneider-chauffeurservice\/\",\"https:\/\/www.instagram.com\/schneider_chauffeurservice\/\"],\"legalName\":\"Schneider Chauffeurservice\",\"numberOfEmployees\":{\"@type\":\"QuantitativeValue\",\"minValue\":\"11\",\"maxValue\":\"50\"},\"address\":{\"@id\":\"https:\/\/www.schneider-chauffeur.de\/fr\/service\/service-de-limousine\/#local-main-place-address\"},\"telephone\":[\"+49 20185892980\"],\"contactPoint\":{\"@type\":\"ContactPoint\",\"telephone\":\"+49 20185892980\",\"email\":\"info@schneider-chauffeur.de\"},\"openingHoursSpecification\":[{\"@type\":\"OpeningHoursSpecification\",\"dayOfWeek\":[\"Monday\",\"Tuesday\",\"Wednesday\",\"Thursday\",\"Friday\",\"Saturday\",\"Sunday\"],\"opens\":\"09:00\",\"closes\":\"17:00\"}],\"email\":\"info@schneider-chauffeur.de\",\"faxNumber\":\"Schneider Chauffeurservice\",\"areaServed\":\"Germany\"},{\"@type\":\"PostalAddress\",\"@id\":\"https:\/\/www.schneider-chauffeur.de\/fr\/service\/service-de-limousine\/#local-main-place-address\",\"streetAddress\":\"Hohenzollernstr. 24\",\"addressLocality\":\"Essen\",\"postalCode\":\"45128\",\"addressCountry\":\"DE\"},{\"@type\":\"ImageObject\",\"inLanguage\":\"fr-FR\",\"@id\":\"https:\/\/www.schneider-chauffeur.de\/fr\/service\/service-de-limousine\/#local-main-organization-logo\",\"url\":\"https:\/\/cdn.schneider-chauffeur.de\/app\/uploads\/2019\/08\/logo-schneider-chauffeur-service.svg\",\"contentUrl\":\"https:\/\/cdn.schneider-chauffeur.de\/app\/uploads\/2019\/08\/logo-schneider-chauffeur-service.svg\",\"caption\":\"Schneider Chauffeurservice\"}]}<\/script>\n<meta name=\"geo.placename\" content=\"Essen\" \/>\n<meta name=\"geo.region\" content=\"Germany\" \/>\n<!-- \/ Yoast SEO Premium plugin. -->","yoast_head_json":{"title":"Service de limousine - \u00e9l\u00e9gant et tr\u00e8s confortable jusqu'\u00e0 votre destination","description":"Un chauffeur attentif avec la bonne limousine transforme les voyages d'affaires en pauses bien m\u00e9rit\u00e9es ou en phases de travail concentr\u00e9es. Lire la suite ...","robots":{"index":"index","follow":"follow","max-snippet":"max-snippet:-1","max-image-preview":"max-image-preview:large","max-video-preview":"max-video-preview:-1"},"canonical":"https:\/\/www.schneider-chauffeur.de\/fr\/service\/service-de-limousine\/","og_locale":"fr_FR","og_type":"article","og_title":"Service de limousine","og_description":"Un chauffeur attentif avec la bonne limousine transforme les voyages d'affaires en pauses bien m\u00e9rit\u00e9es ou en phases de travail concentr\u00e9es. Lire la suite ...","og_url":"https:\/\/www.schneider-chauffeur.de\/fr\/service\/service-de-limousine\/","og_site_name":"Schneider Chauffeurservice \u2013 Gesch\u00e4ftsreisen mit h\u00f6chstem Komfort","article_publisher":"https:\/\/www.facebook.com\/SchneiderChauffeurservice","article_modified_time":"2020-08-05T14:02:56+00:00","twitter_card":"summary_large_image","twitter_misc":{"Est. reading time":"3 minutes"},"schema":{"@context":"https:\/\/schema.org","@graph":[{"@type":"WebPage","@id":"https:\/\/www.schneider-chauffeur.de\/fr\/service\/service-de-limousine\/","url":"https:\/\/www.schneider-chauffeur.de\/fr\/service\/service-de-limousine\/","name":"Service de limousine - \u00e9l\u00e9gant et tr\u00e8s confortable jusqu'\u00e0 votre destination","isPartOf":{"@id":"https:\/\/www.schneider-chauffeur.de\/fr\/#website"},"datePublished":"2020-07-31T12:01:57+00:00","dateModified":"2020-08-05T14:02:56+00:00","description":"Un chauffeur attentif avec la bonne limousine transforme les voyages d'affaires en pauses bien m\u00e9rit\u00e9es ou en phases de travail concentr\u00e9es. Lire la suite ...","breadcrumb":{"@id":"https:\/\/www.schneider-chauffeur.de\/fr\/service\/service-de-limousine\/#breadcrumb"},"inLanguage":"fr-FR","potentialAction":[{"@type":"ReadAction","target":["https:\/\/www.schneider-chauffeur.de\/fr\/service\/service-de-limousine\/"]}]},{"@type":"BreadcrumbList","@id":"https:\/\/www.schneider-chauffeur.de\/fr\/service\/service-de-limousine\/#breadcrumb","itemListElement":[{"@type":"ListItem","position":1,"name":"Page d\u2019accueil","item":"https:\/\/www.schneider-chauffeur.de\/fr\/"},{"@type":"ListItem","position":2,"name":"Service","item":"https:\/\/www.schneider-chauffeur.de\/fr\/service\/"},{"@type":"ListItem","position":3,"name":"Service de limousine"}]},{"@type":"WebSite","@id":"https:\/\/www.schneider-chauffeur.de\/fr\/#website","url":"https:\/\/www.schneider-chauffeur.de\/fr\/","name":"Schneider Chauffeurservice \u2013 Gesch\u00e4ftsreisen mit h\u00f6chstem Komfort","description":"","publisher":{"@id":"https:\/\/www.schneider-chauffeur.de\/fr\/#organization"},"potentialAction":[{"@type":"SearchAction","target":{"@type":"EntryPoint","urlTemplate":"https:\/\/www.schneider-chauffeur.de\/fr\/?s={search_term_string}"},"query-input":{"@type":"PropertyValueSpecification","valueRequired":true,"valueName":"search_term_string"}}],"inLanguage":"fr-FR"},{"@type":["Organization","Place"],"@id":"https:\/\/www.schneider-chauffeur.de\/fr\/#organization","name":"Schneider Chauffeurservice","url":"https:\/\/www.schneider-chauffeur.de\/fr\/","logo":{"@id":"https:\/\/www.schneider-chauffeur.de\/fr\/service\/service-de-limousine\/#local-main-organization-logo"},"image":{"@id":"https:\/\/www.schneider-chauffeur.de\/fr\/service\/service-de-limousine\/#local-main-organization-logo"},"sameAs":["https:\/\/www.facebook.com\/SchneiderChauffeurservice","https:\/\/www.linkedin.com\/company\/schneider-chauffeurservice\/","https:\/\/www.instagram.com\/schneider_chauffeurservice\/"],"legalName":"Schneider Chauffeurservice","numberOfEmployees":{"@type":"QuantitativeValue","minValue":"11","maxValue":"50"},"address":{"@id":"https:\/\/www.schneider-chauffeur.de\/fr\/service\/service-de-limousine\/#local-main-place-address"},"telephone":["+49 20185892980"],"contactPoint":{"@type":"ContactPoint","telephone":"+49 20185892980","email":"info@schneider-chauffeur.de"},"openingHoursSpecification":[{"@type":"OpeningHoursSpecification","dayOfWeek":["Monday","Tuesday","Wednesday","Thursday","Friday","Saturday","Sunday"],"opens":"09:00","closes":"17:00"}],"email":"info@schneider-chauffeur.de","faxNumber":"Schneider Chauffeurservice","areaServed":"Germany"},{"@type":"PostalAddress","@id":"https:\/\/www.schneider-chauffeur.de\/fr\/service\/service-de-limousine\/#local-main-place-address","streetAddress":"Hohenzollernstr. 24","addressLocality":"Essen","postalCode":"45128","addressCountry":"DE"},{"@type":"ImageObject","inLanguage":"fr-FR","@id":"https:\/\/www.schneider-chauffeur.de\/fr\/service\/service-de-limousine\/#local-main-organization-logo","url":"https:\/\/cdn.schneider-chauffeur.de\/app\/uploads\/2019\/08\/logo-schneider-chauffeur-service.svg","contentUrl":"https:\/\/cdn.schneider-chauffeur.de\/app\/uploads\/2019\/08\/logo-schneider-chauffeur-service.svg","caption":"Schneider Chauffeurservice"}]},"geo.placename":"Essen","geo.region":"Germany"},"_links":{"self":[{"href":"https:\/\/www.schneider-chauffeur.de\/fr\/wp-json\/wp\/v2\/pages\/1552","targetHints":{"allow":["GET"]}}],"collection":[{"href":"https:\/\/www.schneider-chauffeur.de\/fr\/wp-json\/wp\/v2\/pages"}],"about":[{"href":"https:\/\/www.schneider-chauffeur.de\/fr\/wp-json\/wp\/v2\/types\/page"}],"author":[{"embeddable":true,"href":"https:\/\/www.schneider-chauffeur.de\/fr\/wp-json\/wp\/v2\/users\/2"}],"replies":[{"embeddable":true,"href":"https:\/\/www.schneider-chauffeur.de\/fr\/wp-json\/wp\/v2\/comments?post=1552"}],"version-history":[{"count":0,"href":"https:\/\/www.schneider-chauffeur.de\/fr\/wp-json\/wp\/v2\/pages\/1552\/revisions"}],"up":[{"embeddable":true,"href":"https:\/\/www.schneider-chauffeur.de\/fr\/wp-json\/wp\/v2\/pages\/1543"}],"wp:attachment":[{"href":"https:\/\/www.schneider-chauffeur.de\/fr\/wp-json\/wp\/v2\/media?parent=1552"}],"curies":[{"name":"wp","href":"https:\/\/api.w.org\/{rel}","templated":true}]}}