{"id":1549,"date":"2019-08-22T14:45:53","date_gmt":"2019-08-22T12:45:53","guid":{"rendered":"https:\/\/www.schneider-chauffeur.de\/?page_id=1549"},"modified":"2024-01-20T00:54:41","modified_gmt":"2024-01-19T23:54:41","slug":"service-de-chauffeurs","status":"publish","type":"page","link":"https:\/\/www.schneider-chauffeur.de\/fr\/service\/service-de-chauffeurs\/","title":{"rendered":"Service de Chauffeurs"},"content":{"rendered":"<p>Vous souhaitez voyager confortablement et en toute confiance, mais vous ne disposez pas de votre propre chauffeur ? Dans ce cas, nous mettons volontiers \u00e0 votre disposition un chauffeur de premi\u00e8re classe pour vos d\u00e9placements professionnels. Vous pouvez toujours compter sur des collaborateurs loyaux qui r\u00e9pondent aux exigences de qualit\u00e9 \u00e9lev\u00e9es de notre <strong>service de chauffeurs<\/strong>. Cela signifie : un style s\u00fbr et une formation de chauffeur approfondie avec une vaste exp\u00e9rience professionnelle dans le transport de personnes. En outre, nos chauffeurs vous assistent de leur mieux dans votre vie quotidienne et vous donnent volontiers, si vous le souhaitez, un bon conseil pour votre prochaine sortie au restaurant. Vous avez besoin d&#8217;un chauffeur qui parle anglais ou d&#8217;autres langues ? En principe, nos chauffeurs parlent l&#8217;allemand et l&#8217;anglais, ainsi que l&#8217;arabe, l&#8217;espagnol et le turc.<\/p>\n<h2>Autour du monde avec notre service de chauffeurs<\/h2>\n<p><img decoding=\"async\" class=\"alignleft\" style=\"width: 100%; max-width: 300px; height: auto;\" title=\"Autour du monde gr\u00e2ce \u00e0 notre service tout-en-un avec Schneider Chauffeurservice\" src=\"https:\/\/www.schneider-chauffeur.de\/app\/uploads\/2023\/08\/Weltweit-Schneider-Chauffeurservice.jpg\" alt=\"Schneider Chauffeur Service dans le monde\" \/><br \/>\nDe m\u00eame, vous avez la possibilit\u00e9 de faire appel \u00e0 notre service de chauffeur et de limousine non seulement dans certaines villes, mais aussi pour des voyages interr\u00e9gionaux et internationaux de tout type. Cela signifie que nous vous conduisons en toute s\u00e9curit\u00e9 \u00e0 l&#8217;a\u00e9roport et que nous veillons \u00e0 ce que vous soyez pris en charge \u00e0 votre destination finale. <\/p>\n<p>Si vous le souhaitez, nous nous chargeons \u00e9galement de la r\u00e9servation du vol et des autres t\u00e2ches li\u00e9es \u00e0 votre voyage d&#8217;affaires.<br \/>\nTout cela avec une seule r\u00e9servation et un interlocuteur personnel qui se tient \u00e0 votre disposition \u00e0 tout moment pour r\u00e9pondre \u00e0 vos questions. Gr\u00e2ce \u00e0 notre service complet, vous n&#8217;avez plus \u00e0 vous soucier de rien et vous pouvez compter sur nous.<\/p>\n<p><a class=\"button\" style=\"max-width: 500px;\" href=\"\/contact\/\">Demandez conseil maintenant &amp; r\u00e9servez<\/a><\/p>\n<h2>Voyager rapidement en toute s\u00e9curit\u00e9<\/h2>\n<p>Nos chauffeurs ne vous am\u00e8nent pas seulement \u00e0 destination avec routine et rapidit\u00e9 &#8211; ils sont \u00e9galement form\u00e9s pour assurer un maximum de s\u00e9curit\u00e9. Votre chauffeur est \u00e0 tout moment conscient de la grande responsabilit\u00e9 qui lui est confi\u00e9e dans le cadre de ses fonctions. Votre bien-\u00eatre personnel et celui de vos invit\u00e9s est \u00e0 tout moment la priorit\u00e9 absolue de notre service de chauffeurs.<\/p>\n<p>De plus, gr\u00e2ce \u00e0 une planification m\u00e9ticuleuse des itin\u00e9raires, nos chauffeurs sont parfaitement pr\u00e9par\u00e9s et toujours inform\u00e9s de la situation actuelle du trafic. Cela permet d&#8217;\u00e9viter d\u00e8s le d\u00e9part les trajets \u00e0 risque et les embouteillages, afin que vous puissiez profiter d&#8217;un trajet s\u00fbr et agr\u00e9able avec notre service de chauffeurs.<br \/>\n<\/a><\/p>\n<h2>Possibilit\u00e9s d\u00e9roulement pour notre service de chauffeur<\/h2>\n<p>Uotre service de chauffeur est disponible \u00e0 l&#8217;heure ou \u00e0 la journ\u00e9e, et bien s\u00fbr aussi pour des p\u00e9riodes plus longues. Nous accordons une grande importance au soin et \u00e0 la s\u00e9curit\u00e9, \u00e9galement en ce qui concerne les v\u00e9hicules : des contr\u00f4les r\u00e9guliers garantissent que les trajets r\u00e9pondent toujours \u00e0 nos normes de s\u00e9curit\u00e9 particuli\u00e8res. <\/p>\n<h2>Aper\u00e7u des prestations de service<\/h2>\n<ul>\n<li>Nos chauffeurs parlent anglais et allemand, ainsi que d&#8217;autres langues<\/li>\n<li>D\u00e9placements entre le bureau, les r\u00e9unions, les autres rendez-vous \u00e0 l&#8217;ext\u00e9rieur votre domicile<\/li>\n<li>Missions en tout genre &#8211; dans la r\u00e9gion au-del\u00e0<\/li>\n<li>des transferts r\u00e9guliers vers l&#8217;a\u00e9roport pour vous, vos collaborateurs partenaires commerciaux<\/li>\n<\/ul>\n<p><a class=\"button\" style=\"max-width: 500px;\" href=\"https:\/\/www.schneider-chauffeur.de\/fr\/contactez\/\">Demandez maintenant !<\/a><\/p>\n","protected":false},"excerpt":{"rendered":"<p>Vous souhaitez voyager confortablement et en toute confiance, mais vous ne disposez pas de votre propre chauffeur ? Dans ce cas, nous mettons volontiers \u00e0 votre disposition un chauffeur de premi\u00e8re classe pour vos d\u00e9placements professionnels. Vous pouvez toujours compter sur des collaborateurs loyaux qui r\u00e9pondent aux exigences de qualit\u00e9 \u00e9lev\u00e9es de notre service de &hellip;<\/p>\n","protected":false},"author":2,"featured_media":0,"parent":1543,"menu_order":39,"comment_status":"closed","ping_status":"closed","template":"","meta":{"footnotes":""},"class_list":["post-1549","page","type-page","status-publish","hentry"],"yoast_head":"<!-- This site is optimized with the Yoast SEO Premium plugin v26.3 (Yoast SEO v26.3) - https:\/\/yoast.com\/wordpress\/plugins\/seo\/ -->\n<title>Service de chauffeur pour les exigences \u00e9lev\u00e9es - trajets, voyages d&#039;affaires et plus encore<\/title>\n<meta name=\"description\" content=\"Nous mettons \u00e0 votre disposition un chauffeur de premi\u00e8re classe pour vos d\u00e9placements professionnels. Qui parle assi bien l&#039;allemand que l&#039;anglais. Demandez maintenant\" \/>\n<meta name=\"robots\" content=\"index, follow, max-snippet:-1, max-image-preview:large, max-video-preview:-1\" \/>\n<link rel=\"canonical\" href=\"https:\/\/www.schneider-chauffeur.de\/fr\/service\/service-de-chauffeurs\/\" \/>\n<meta property=\"og:locale\" content=\"fr_FR\" \/>\n<meta property=\"og:type\" content=\"article\" \/>\n<meta property=\"og:title\" content=\"Service de Chauffeurs\" \/>\n<meta property=\"og:description\" content=\"Nous mettons \u00e0 votre disposition un chauffeur de premi\u00e8re classe pour vos d\u00e9placements professionnels. Qui parle assi bien l&#039;allemand que l&#039;anglais. Demandez maintenant\" \/>\n<meta property=\"og:url\" content=\"https:\/\/www.schneider-chauffeur.de\/fr\/service\/service-de-chauffeurs\/\" \/>\n<meta property=\"og:site_name\" content=\"Schneider Chauffeurservice \u2013 Gesch\u00e4ftsreisen mit h\u00f6chstem Komfort\" \/>\n<meta property=\"article:publisher\" content=\"https:\/\/www.facebook.com\/SchneiderChauffeurservice\" \/>\n<meta property=\"article:modified_time\" content=\"2024-01-19T23:54:41+00:00\" \/>\n<meta property=\"og:image\" content=\"https:\/\/www.schneider-chauffeur.de\/app\/uploads\/2023\/08\/Weltweit-Schneider-Chauffeurservice.jpg\" \/>\n<meta name=\"twitter:card\" content=\"summary_large_image\" \/>\n<meta name=\"twitter:label1\" content=\"Est. reading time\" \/>\n\t<meta name=\"twitter:data1\" content=\"3 minutes\" \/>\n<script type=\"application\/ld+json\" class=\"yoast-schema-graph\">{\"@context\":\"https:\/\/schema.org\",\"@graph\":[{\"@type\":\"WebPage\",\"@id\":\"https:\/\/www.schneider-chauffeur.de\/fr\/service\/service-de-chauffeurs\/\",\"url\":\"https:\/\/www.schneider-chauffeur.de\/fr\/service\/service-de-chauffeurs\/\",\"name\":\"Service de chauffeur pour les exigences \u00e9lev\u00e9es - trajets, voyages d'affaires et plus encore\",\"isPartOf\":{\"@id\":\"https:\/\/www.schneider-chauffeur.de\/fr\/#website\"},\"primaryImageOfPage\":{\"@id\":\"https:\/\/www.schneider-chauffeur.de\/fr\/service\/service-de-chauffeurs\/#primaryimage\"},\"image\":{\"@id\":\"https:\/\/www.schneider-chauffeur.de\/fr\/service\/service-de-chauffeurs\/#primaryimage\"},\"thumbnailUrl\":\"https:\/\/www.schneider-chauffeur.de\/app\/uploads\/2023\/08\/Weltweit-Schneider-Chauffeurservice.jpg\",\"datePublished\":\"2019-08-22T12:45:53+00:00\",\"dateModified\":\"2024-01-19T23:54:41+00:00\",\"description\":\"Nous mettons \u00e0 votre disposition un chauffeur de premi\u00e8re classe pour vos d\u00e9placements professionnels. Qui parle assi bien l'allemand que l'anglais. Demandez maintenant\",\"breadcrumb\":{\"@id\":\"https:\/\/www.schneider-chauffeur.de\/fr\/service\/service-de-chauffeurs\/#breadcrumb\"},\"inLanguage\":\"fr-FR\",\"potentialAction\":[{\"@type\":\"ReadAction\",\"target\":[\"https:\/\/www.schneider-chauffeur.de\/fr\/service\/service-de-chauffeurs\/\"]}]},{\"@type\":\"ImageObject\",\"inLanguage\":\"fr-FR\",\"@id\":\"https:\/\/www.schneider-chauffeur.de\/fr\/service\/service-de-chauffeurs\/#primaryimage\",\"url\":\"https:\/\/www.schneider-chauffeur.de\/app\/uploads\/2023\/08\/Weltweit-Schneider-Chauffeurservice.jpg\",\"contentUrl\":\"https:\/\/www.schneider-chauffeur.de\/app\/uploads\/2023\/08\/Weltweit-Schneider-Chauffeurservice.jpg\"},{\"@type\":\"BreadcrumbList\",\"@id\":\"https:\/\/www.schneider-chauffeur.de\/fr\/service\/service-de-chauffeurs\/#breadcrumb\",\"itemListElement\":[{\"@type\":\"ListItem\",\"position\":1,\"name\":\"Page d\u2019accueil\",\"item\":\"https:\/\/www.schneider-chauffeur.de\/fr\/\"},{\"@type\":\"ListItem\",\"position\":2,\"name\":\"Service\",\"item\":\"https:\/\/www.schneider-chauffeur.de\/fr\/service\/\"},{\"@type\":\"ListItem\",\"position\":3,\"name\":\"Service de Chauffeurs\"}]},{\"@type\":\"WebSite\",\"@id\":\"https:\/\/www.schneider-chauffeur.de\/fr\/#website\",\"url\":\"https:\/\/www.schneider-chauffeur.de\/fr\/\",\"name\":\"Schneider Chauffeurservice \u2013 Gesch\u00e4ftsreisen mit h\u00f6chstem Komfort\",\"description\":\"\",\"publisher\":{\"@id\":\"https:\/\/www.schneider-chauffeur.de\/fr\/#organization\"},\"potentialAction\":[{\"@type\":\"SearchAction\",\"target\":{\"@type\":\"EntryPoint\",\"urlTemplate\":\"https:\/\/www.schneider-chauffeur.de\/fr\/?s={search_term_string}\"},\"query-input\":{\"@type\":\"PropertyValueSpecification\",\"valueRequired\":true,\"valueName\":\"search_term_string\"}}],\"inLanguage\":\"fr-FR\"},{\"@type\":[\"Organization\",\"Place\"],\"@id\":\"https:\/\/www.schneider-chauffeur.de\/fr\/#organization\",\"name\":\"Schneider Chauffeurservice\",\"url\":\"https:\/\/www.schneider-chauffeur.de\/fr\/\",\"logo\":{\"@id\":\"https:\/\/www.schneider-chauffeur.de\/fr\/service\/service-de-chauffeurs\/#local-main-organization-logo\"},\"image\":{\"@id\":\"https:\/\/www.schneider-chauffeur.de\/fr\/service\/service-de-chauffeurs\/#local-main-organization-logo\"},\"sameAs\":[\"https:\/\/www.facebook.com\/SchneiderChauffeurservice\",\"https:\/\/www.linkedin.com\/company\/schneider-chauffeurservice\/\",\"https:\/\/www.instagram.com\/schneider_chauffeurservice\/\"],\"legalName\":\"Schneider Chauffeurservice\",\"numberOfEmployees\":{\"@type\":\"QuantitativeValue\",\"minValue\":\"11\",\"maxValue\":\"50\"},\"address\":{\"@id\":\"https:\/\/www.schneider-chauffeur.de\/fr\/service\/service-de-chauffeurs\/#local-main-place-address\"},\"telephone\":[\"+49 20185892980\"],\"contactPoint\":{\"@type\":\"ContactPoint\",\"telephone\":\"+49 20185892980\",\"email\":\"info@schneider-chauffeur.de\"},\"openingHoursSpecification\":[{\"@type\":\"OpeningHoursSpecification\",\"dayOfWeek\":[\"Monday\",\"Tuesday\",\"Wednesday\",\"Thursday\",\"Friday\",\"Saturday\",\"Sunday\"],\"opens\":\"09:00\",\"closes\":\"17:00\"}],\"email\":\"info@schneider-chauffeur.de\",\"faxNumber\":\"Schneider Chauffeurservice\",\"areaServed\":\"Germany\"},{\"@type\":\"PostalAddress\",\"@id\":\"https:\/\/www.schneider-chauffeur.de\/fr\/service\/service-de-chauffeurs\/#local-main-place-address\",\"streetAddress\":\"Hohenzollernstr. 24\",\"addressLocality\":\"Essen\",\"postalCode\":\"45128\",\"addressCountry\":\"DE\"},{\"@type\":\"ImageObject\",\"inLanguage\":\"fr-FR\",\"@id\":\"https:\/\/www.schneider-chauffeur.de\/fr\/service\/service-de-chauffeurs\/#local-main-organization-logo\",\"url\":\"https:\/\/cdn.schneider-chauffeur.de\/app\/uploads\/2019\/08\/logo-schneider-chauffeur-service.svg\",\"contentUrl\":\"https:\/\/cdn.schneider-chauffeur.de\/app\/uploads\/2019\/08\/logo-schneider-chauffeur-service.svg\",\"caption\":\"Schneider Chauffeurservice\"}]}<\/script>\n<meta name=\"geo.placename\" content=\"Essen\" \/>\n<meta name=\"geo.region\" content=\"Germany\" \/>\n<!-- \/ Yoast SEO Premium plugin. -->","yoast_head_json":{"title":"Service de chauffeur pour les exigences \u00e9lev\u00e9es - trajets, voyages d'affaires et plus encore","description":"Nous mettons \u00e0 votre disposition un chauffeur de premi\u00e8re classe pour vos d\u00e9placements professionnels. Qui parle assi bien l'allemand que l'anglais. Demandez maintenant","robots":{"index":"index","follow":"follow","max-snippet":"max-snippet:-1","max-image-preview":"max-image-preview:large","max-video-preview":"max-video-preview:-1"},"canonical":"https:\/\/www.schneider-chauffeur.de\/fr\/service\/service-de-chauffeurs\/","og_locale":"fr_FR","og_type":"article","og_title":"Service de Chauffeurs","og_description":"Nous mettons \u00e0 votre disposition un chauffeur de premi\u00e8re classe pour vos d\u00e9placements professionnels. Qui parle assi bien l'allemand que l'anglais. Demandez maintenant","og_url":"https:\/\/www.schneider-chauffeur.de\/fr\/service\/service-de-chauffeurs\/","og_site_name":"Schneider Chauffeurservice \u2013 Gesch\u00e4ftsreisen mit h\u00f6chstem Komfort","article_publisher":"https:\/\/www.facebook.com\/SchneiderChauffeurservice","article_modified_time":"2024-01-19T23:54:41+00:00","og_image":[{"url":"https:\/\/www.schneider-chauffeur.de\/app\/uploads\/2023\/08\/Weltweit-Schneider-Chauffeurservice.jpg","type":"","width":"","height":""}],"twitter_card":"summary_large_image","twitter_misc":{"Est. reading time":"3 minutes"},"schema":{"@context":"https:\/\/schema.org","@graph":[{"@type":"WebPage","@id":"https:\/\/www.schneider-chauffeur.de\/fr\/service\/service-de-chauffeurs\/","url":"https:\/\/www.schneider-chauffeur.de\/fr\/service\/service-de-chauffeurs\/","name":"Service de chauffeur pour les exigences \u00e9lev\u00e9es - trajets, voyages d'affaires et plus encore","isPartOf":{"@id":"https:\/\/www.schneider-chauffeur.de\/fr\/#website"},"primaryImageOfPage":{"@id":"https:\/\/www.schneider-chauffeur.de\/fr\/service\/service-de-chauffeurs\/#primaryimage"},"image":{"@id":"https:\/\/www.schneider-chauffeur.de\/fr\/service\/service-de-chauffeurs\/#primaryimage"},"thumbnailUrl":"https:\/\/www.schneider-chauffeur.de\/app\/uploads\/2023\/08\/Weltweit-Schneider-Chauffeurservice.jpg","datePublished":"2019-08-22T12:45:53+00:00","dateModified":"2024-01-19T23:54:41+00:00","description":"Nous mettons \u00e0 votre disposition un chauffeur de premi\u00e8re classe pour vos d\u00e9placements professionnels. Qui parle assi bien l'allemand que l'anglais. Demandez maintenant","breadcrumb":{"@id":"https:\/\/www.schneider-chauffeur.de\/fr\/service\/service-de-chauffeurs\/#breadcrumb"},"inLanguage":"fr-FR","potentialAction":[{"@type":"ReadAction","target":["https:\/\/www.schneider-chauffeur.de\/fr\/service\/service-de-chauffeurs\/"]}]},{"@type":"ImageObject","inLanguage":"fr-FR","@id":"https:\/\/www.schneider-chauffeur.de\/fr\/service\/service-de-chauffeurs\/#primaryimage","url":"https:\/\/www.schneider-chauffeur.de\/app\/uploads\/2023\/08\/Weltweit-Schneider-Chauffeurservice.jpg","contentUrl":"https:\/\/www.schneider-chauffeur.de\/app\/uploads\/2023\/08\/Weltweit-Schneider-Chauffeurservice.jpg"},{"@type":"BreadcrumbList","@id":"https:\/\/www.schneider-chauffeur.de\/fr\/service\/service-de-chauffeurs\/#breadcrumb","itemListElement":[{"@type":"ListItem","position":1,"name":"Page d\u2019accueil","item":"https:\/\/www.schneider-chauffeur.de\/fr\/"},{"@type":"ListItem","position":2,"name":"Service","item":"https:\/\/www.schneider-chauffeur.de\/fr\/service\/"},{"@type":"ListItem","position":3,"name":"Service de Chauffeurs"}]},{"@type":"WebSite","@id":"https:\/\/www.schneider-chauffeur.de\/fr\/#website","url":"https:\/\/www.schneider-chauffeur.de\/fr\/","name":"Schneider Chauffeurservice \u2013 Gesch\u00e4ftsreisen mit h\u00f6chstem Komfort","description":"","publisher":{"@id":"https:\/\/www.schneider-chauffeur.de\/fr\/#organization"},"potentialAction":[{"@type":"SearchAction","target":{"@type":"EntryPoint","urlTemplate":"https:\/\/www.schneider-chauffeur.de\/fr\/?s={search_term_string}"},"query-input":{"@type":"PropertyValueSpecification","valueRequired":true,"valueName":"search_term_string"}}],"inLanguage":"fr-FR"},{"@type":["Organization","Place"],"@id":"https:\/\/www.schneider-chauffeur.de\/fr\/#organization","name":"Schneider Chauffeurservice","url":"https:\/\/www.schneider-chauffeur.de\/fr\/","logo":{"@id":"https:\/\/www.schneider-chauffeur.de\/fr\/service\/service-de-chauffeurs\/#local-main-organization-logo"},"image":{"@id":"https:\/\/www.schneider-chauffeur.de\/fr\/service\/service-de-chauffeurs\/#local-main-organization-logo"},"sameAs":["https:\/\/www.facebook.com\/SchneiderChauffeurservice","https:\/\/www.linkedin.com\/company\/schneider-chauffeurservice\/","https:\/\/www.instagram.com\/schneider_chauffeurservice\/"],"legalName":"Schneider Chauffeurservice","numberOfEmployees":{"@type":"QuantitativeValue","minValue":"11","maxValue":"50"},"address":{"@id":"https:\/\/www.schneider-chauffeur.de\/fr\/service\/service-de-chauffeurs\/#local-main-place-address"},"telephone":["+49 20185892980"],"contactPoint":{"@type":"ContactPoint","telephone":"+49 20185892980","email":"info@schneider-chauffeur.de"},"openingHoursSpecification":[{"@type":"OpeningHoursSpecification","dayOfWeek":["Monday","Tuesday","Wednesday","Thursday","Friday","Saturday","Sunday"],"opens":"09:00","closes":"17:00"}],"email":"info@schneider-chauffeur.de","faxNumber":"Schneider Chauffeurservice","areaServed":"Germany"},{"@type":"PostalAddress","@id":"https:\/\/www.schneider-chauffeur.de\/fr\/service\/service-de-chauffeurs\/#local-main-place-address","streetAddress":"Hohenzollernstr. 24","addressLocality":"Essen","postalCode":"45128","addressCountry":"DE"},{"@type":"ImageObject","inLanguage":"fr-FR","@id":"https:\/\/www.schneider-chauffeur.de\/fr\/service\/service-de-chauffeurs\/#local-main-organization-logo","url":"https:\/\/cdn.schneider-chauffeur.de\/app\/uploads\/2019\/08\/logo-schneider-chauffeur-service.svg","contentUrl":"https:\/\/cdn.schneider-chauffeur.de\/app\/uploads\/2019\/08\/logo-schneider-chauffeur-service.svg","caption":"Schneider Chauffeurservice"}]},"geo.placename":"Essen","geo.region":"Germany"},"_links":{"self":[{"href":"https:\/\/www.schneider-chauffeur.de\/fr\/wp-json\/wp\/v2\/pages\/1549","targetHints":{"allow":["GET"]}}],"collection":[{"href":"https:\/\/www.schneider-chauffeur.de\/fr\/wp-json\/wp\/v2\/pages"}],"about":[{"href":"https:\/\/www.schneider-chauffeur.de\/fr\/wp-json\/wp\/v2\/types\/page"}],"author":[{"embeddable":true,"href":"https:\/\/www.schneider-chauffeur.de\/fr\/wp-json\/wp\/v2\/users\/2"}],"replies":[{"embeddable":true,"href":"https:\/\/www.schneider-chauffeur.de\/fr\/wp-json\/wp\/v2\/comments?post=1549"}],"version-history":[{"count":10,"href":"https:\/\/www.schneider-chauffeur.de\/fr\/wp-json\/wp\/v2\/pages\/1549\/revisions"}],"predecessor-version":[{"id":8467,"href":"https:\/\/www.schneider-chauffeur.de\/fr\/wp-json\/wp\/v2\/pages\/1549\/revisions\/8467"}],"up":[{"embeddable":true,"href":"https:\/\/www.schneider-chauffeur.de\/fr\/wp-json\/wp\/v2\/pages\/1543"}],"wp:attachment":[{"href":"https:\/\/www.schneider-chauffeur.de\/fr\/wp-json\/wp\/v2\/media?parent=1549"}],"curies":[{"name":"wp","href":"https:\/\/api.w.org\/{rel}","templated":true}]}}