{"id":1538,"date":"2020-07-31T13:56:04","date_gmt":"2020-07-31T11:56:04","guid":{"rendered":"https:\/\/www.schneider-chauffeur.de\/?page_id=1538"},"modified":"2024-03-08T09:15:03","modified_gmt":"2024-03-08T08:15:03","slug":"page-daccueil","status":"publish","type":"page","link":"https:\/\/www.schneider-chauffeur.de\/fr\/","title":{"rendered":"Page d&#8217;accueil"},"content":{"rendered":"<h1>Schneider Chauffeurservice &#8211; Voyages d&#8217;affaires dans le plus grand des conforts<\/h1>\n<p>Toute personne qui effectue beaucoup de voyages d&#8217;affaires devrait utiliser son \u00e9nergie de mani\u00e8re efficace. C&#8217;est la raison pour laquelle, chez Schneider Chauffeurservice, nous veillons \u00e0 ce que vous puissiez vous concentrer sur l&#8217;essentiel lors de vos voyages d&#8217;affaires, de vos d\u00e9placements vers l&#8217;a\u00e9roport et de vos d\u00e9placements en ville. Nos employ\u00e9s bien form\u00e9s vous garantissent \u00e0 tout moment un voyage agr\u00e9able et s\u00fbr dans l&#8217;un de nos v\u00e9hicules confortables ou dans la voiture de service que vous mettez \u00e0 notre disposition. Vous pouvez ainsi vous d\u00e9tendre en toute tranquillit\u00e9, travailler de mani\u00e8re concentr\u00e9e ou tenir des conversations importantes.<\/p>\n<h2>Un service de chauffeur de premi\u00e8re classe pour l&#8217;ensemble de votre voyage &#8211;<br \/>\nen Allemagne, en Europe &#8211; dans le monde entier<\/h2>\n<p>Avec notre service de limousines et de chauffeurs, nous sommes bien entendu \u00e0 votre disposition non seulement dans la r\u00e9gion de notre si\u00e8ge principal \u00e0 Essen, mais \u00e9galement bien au-del\u00e0 : gr\u00e2ce \u00e0 un r\u00e9seau \u00e9troit de partenaires de qualit\u00e9, nous coordonnons vos souhaits de d\u00e9placement en Allemagne, en Europe et dans le monde entier, tandis que notre \u00e9quipe attentive garde un \u0153il sur les \u00e9tapes de votre voyage afin de r\u00e9agir imm\u00e9diatement en cas de retard de vol ou d&#8217;autres obstacles et de proposer des alternatives possibles.<br \/>\nDe plus, nous vous aidons volontiers \u00e0 planifier votre voyage jusqu&#8217;\u00e0 <a href=\"https:\/\/www.schneider-chauffeur.de\/fr\/service\/jet-aviation\/\">R\u00e9servation de jet priv\u00e9<\/a> via notre propre courtier en aviation &#8211; <a href=\"https:\/\/schneider-aviation.com\" target=\"_blank\" rel=\"noopener\">Schneider Aviation<\/a>. Vous pouvez ainsi vous d\u00e9placer presque partout dans le monde, de porte \u00e0 porte, et toujours compter sur notre service complet et confortable. Toujours avec le contact personnel de notre \u00e9quipe, qui est \u00e0 votre disposition \u00e0 tout moment pour r\u00e9pondre \u00e0 vos questions et \u00e0 vos souhaits.<\/p>\n<p><!--more--><\/p>\n<h2>Chauffeur, assistant et fid\u00e8le compagnon<\/h2>\n<p>Pour notre \u00e9quipe, le r\u00f4le de chauffeur signifie bien plus que le simple fait de conduire nos clients \u00e0 leur destination. Nous cr\u00e9ons un cadre dans lequel vous vous sentez compl\u00e8tement \u00e0 l&#8217;aise et en s\u00e9curit\u00e9. La politesse et une communication fluide sont tout aussi essentielles pour nos employ\u00e9s que la retenue et la plus grande discr\u00e9tion. Si vous avez des besoins particuliers, nous cr\u00e9ons des solutions &#8211; des recommandations locales aux petites courses &#8211; pour vous faire gagner du temps. En outre, nous adaptons toujours notre service \u00e0 vos habitudes et besoins individuels afin de rendre le temps pass\u00e9 \u00e0 voyager ensemble aussi confortable et efficace que possible pour vous.<\/p>\n<h2>Les exigences les plus \u00e9lev\u00e9es en mati\u00e8re de service et de v\u00e9hicule<\/h2>\n<p>Un service de premi\u00e8re classe repose sur ses normes de qualit\u00e9. Schneider Chauffeurservice incarne cette exigence \u00e0 plusieurs \u00e9gards : notre \u00e9quipe est form\u00e9e de mani\u00e8re approfondie, tant au volant qu&#8217;en mati\u00e8re d&#8217;esth\u00e9tique, et vous accueillera en langue allemande ou anglaise, selon vos pr\u00e9f\u00e9rences. Nos limousines r\u00e9pondent aux normes les plus \u00e9lev\u00e9es et offrent un excellent confort. Vous pouvez donc utiliser notre service pour tout type d&#8217;\u00e9v\u00e9nement et toujours faire bonne impression.<\/p>\n","protected":false},"excerpt":{"rendered":"<p>Schneider Chauffeurservice &#8211; Voyages d&#8217;affaires dans le plus grand des conforts Toute personne qui effectue beaucoup de voyages d&#8217;affaires devrait utiliser son \u00e9nergie de mani\u00e8re efficace. C&#8217;est la raison pour laquelle, chez Schneider Chauffeurservice, nous veillons \u00e0 ce que vous puissiez vous concentrer sur l&#8217;essentiel lors de vos voyages d&#8217;affaires, de vos d\u00e9placements vers l&#8217;a\u00e9roport &hellip;<\/p>\n","protected":false},"author":2,"featured_media":27208,"parent":0,"menu_order":81,"comment_status":"closed","ping_status":"open","template":"page-startseite.php","meta":{"footnotes":""},"class_list":["post-1538","page","type-page","status-publish","has-post-thumbnail","hentry"],"yoast_head":"<!-- This site is optimized with the Yoast SEO Premium plugin v26.3 (Yoast SEO v26.3) - https:\/\/yoast.com\/wordpress\/plugins\/seo\/ -->\n<title>Schneider Chauffeurservice - Voyages d&#039;affaires avec le plus grand confort<\/title>\n<meta name=\"description\" content=\"Profitez du confort du service de chauffeur Schneider pour vos d\u00e9placements et vos voyages d&#039;affaires. Vous pouvez donc vous concentrer sur l&#039;essentiel. Plus ...\" \/>\n<meta name=\"robots\" content=\"index, follow, max-snippet:-1, max-image-preview:large, max-video-preview:-1\" \/>\n<link rel=\"canonical\" href=\"https:\/\/www.schneider-chauffeur.de\/fr\/\" \/>\n<meta property=\"og:locale\" content=\"fr_FR\" \/>\n<meta property=\"og:type\" content=\"article\" \/>\n<meta property=\"og:title\" content=\"Page d&#039;accueil\" \/>\n<meta property=\"og:description\" content=\"Profitez du confort du service de chauffeur Schneider pour vos d\u00e9placements et vos voyages d&#039;affaires. Vous pouvez donc vous concentrer sur l&#039;essentiel. Plus ...\" \/>\n<meta property=\"og:url\" content=\"https:\/\/www.schneider-chauffeur.de\/fr\/\" \/>\n<meta property=\"og:site_name\" content=\"Schneider Chauffeurservice \u2013 Gesch\u00e4ftsreisen mit h\u00f6chstem Komfort\" \/>\n<meta property=\"article:publisher\" content=\"https:\/\/www.facebook.com\/SchneiderChauffeurservice\" \/>\n<meta property=\"article:modified_time\" content=\"2024-03-08T08:15:03+00:00\" \/>\n<meta property=\"og:image\" content=\"https:\/\/www.schneider-chauffeur.de\/app\/uploads\/2021\/05\/chauffeur-geschaeftsreise-s.jpg\" \/>\n\t<meta property=\"og:image:width\" content=\"593\" \/>\n\t<meta property=\"og:image:height\" content=\"454\" \/>\n\t<meta property=\"og:image:type\" content=\"image\/jpeg\" \/>\n<meta name=\"twitter:card\" content=\"summary_large_image\" \/>\n<meta name=\"twitter:label1\" content=\"Est. reading time\" \/>\n\t<meta name=\"twitter:data1\" content=\"3 minutes\" \/>\n<script type=\"application\/ld+json\" class=\"yoast-schema-graph\">{\"@context\":\"https:\/\/schema.org\",\"@graph\":[{\"@type\":\"WebPage\",\"@id\":\"https:\/\/www.schneider-chauffeur.de\/fr\/\",\"url\":\"https:\/\/www.schneider-chauffeur.de\/fr\/\",\"name\":\"Schneider Chauffeurservice - Voyages d'affaires avec le plus grand confort\",\"isPartOf\":{\"@id\":\"https:\/\/www.schneider-chauffeur.de\/fr\/#website\"},\"primaryImageOfPage\":{\"@id\":\"https:\/\/www.schneider-chauffeur.de\/fr\/#primaryimage\"},\"image\":{\"@id\":\"https:\/\/www.schneider-chauffeur.de\/fr\/#primaryimage\"},\"thumbnailUrl\":\"https:\/\/cdn.schneider-chauffeur.de\/app\/uploads\/2025\/01\/chauffeur-geschaeftsreise-2-s.jpg.jpg\",\"datePublished\":\"2020-07-31T11:56:04+00:00\",\"dateModified\":\"2024-03-08T08:15:03+00:00\",\"description\":\"Profitez du confort du service de chauffeur Schneider pour vos d\u00e9placements et vos voyages d'affaires. Vous pouvez donc vous concentrer sur l'essentiel. Plus ...\",\"breadcrumb\":{\"@id\":\"https:\/\/www.schneider-chauffeur.de\/fr\/#breadcrumb\"},\"inLanguage\":\"fr-FR\",\"potentialAction\":[{\"@type\":\"ReadAction\",\"target\":[\"https:\/\/www.schneider-chauffeur.de\/fr\/\"]}]},{\"@type\":\"ImageObject\",\"inLanguage\":\"fr-FR\",\"@id\":\"https:\/\/www.schneider-chauffeur.de\/fr\/#primaryimage\",\"url\":\"https:\/\/cdn.schneider-chauffeur.de\/app\/uploads\/2025\/01\/chauffeur-geschaeftsreise-2-s.jpg.jpg\",\"contentUrl\":\"https:\/\/cdn.schneider-chauffeur.de\/app\/uploads\/2025\/01\/chauffeur-geschaeftsreise-2-s.jpg.jpg\",\"width\":593,\"height\":454},{\"@type\":\"BreadcrumbList\",\"@id\":\"https:\/\/www.schneider-chauffeur.de\/fr\/#breadcrumb\",\"itemListElement\":[{\"@type\":\"ListItem\",\"position\":1,\"name\":\"Page d\u2019accueil\",\"item\":\"https:\/\/www.schneider-chauffeur.de\/fr\/\"},{\"@type\":\"ListItem\",\"position\":2,\"name\":\"Page d&#8217;accueil\"}]},{\"@type\":\"WebSite\",\"@id\":\"https:\/\/www.schneider-chauffeur.de\/fr\/#website\",\"url\":\"https:\/\/www.schneider-chauffeur.de\/fr\/\",\"name\":\"Schneider Chauffeurservice \u2013 Gesch\u00e4ftsreisen mit h\u00f6chstem Komfort\",\"description\":\"\",\"publisher\":{\"@id\":\"https:\/\/www.schneider-chauffeur.de\/fr\/#organization\"},\"potentialAction\":[{\"@type\":\"SearchAction\",\"target\":{\"@type\":\"EntryPoint\",\"urlTemplate\":\"https:\/\/www.schneider-chauffeur.de\/fr\/?s={search_term_string}\"},\"query-input\":{\"@type\":\"PropertyValueSpecification\",\"valueRequired\":true,\"valueName\":\"search_term_string\"}}],\"inLanguage\":\"fr-FR\"},{\"@type\":[\"Organization\",\"Place\"],\"@id\":\"https:\/\/www.schneider-chauffeur.de\/fr\/#organization\",\"name\":\"Schneider Chauffeurservice\",\"url\":\"https:\/\/www.schneider-chauffeur.de\/fr\/\",\"logo\":{\"@id\":\"https:\/\/www.schneider-chauffeur.de\/fr\/#local-main-organization-logo\"},\"image\":{\"@id\":\"https:\/\/www.schneider-chauffeur.de\/fr\/#local-main-organization-logo\"},\"sameAs\":[\"https:\/\/www.facebook.com\/SchneiderChauffeurservice\",\"https:\/\/www.linkedin.com\/company\/schneider-chauffeurservice\/\",\"https:\/\/www.instagram.com\/schneider_chauffeurservice\/\"],\"legalName\":\"Schneider Chauffeurservice\",\"numberOfEmployees\":{\"@type\":\"QuantitativeValue\",\"minValue\":\"11\",\"maxValue\":\"50\"},\"address\":{\"@id\":\"https:\/\/www.schneider-chauffeur.de\/fr\/#local-main-place-address\"},\"telephone\":[\"+49 20185892980\"],\"contactPoint\":{\"@type\":\"ContactPoint\",\"telephone\":\"+49 20185892980\",\"email\":\"info@schneider-chauffeur.de\"},\"openingHoursSpecification\":[{\"@type\":\"OpeningHoursSpecification\",\"dayOfWeek\":[\"Monday\",\"Tuesday\",\"Wednesday\",\"Thursday\",\"Friday\",\"Saturday\",\"Sunday\"],\"opens\":\"09:00\",\"closes\":\"17:00\"}],\"email\":\"info@schneider-chauffeur.de\",\"faxNumber\":\"Schneider Chauffeurservice\",\"areaServed\":\"Germany\"},{\"@type\":\"PostalAddress\",\"@id\":\"https:\/\/www.schneider-chauffeur.de\/fr\/#local-main-place-address\",\"streetAddress\":\"Hohenzollernstr. 24\",\"addressLocality\":\"Essen\",\"postalCode\":\"45128\",\"addressCountry\":\"DE\"},{\"@type\":\"ImageObject\",\"inLanguage\":\"fr-FR\",\"@id\":\"https:\/\/www.schneider-chauffeur.de\/fr\/#local-main-organization-logo\",\"url\":\"https:\/\/cdn.schneider-chauffeur.de\/app\/uploads\/2019\/08\/logo-schneider-chauffeur-service.svg\",\"contentUrl\":\"https:\/\/cdn.schneider-chauffeur.de\/app\/uploads\/2019\/08\/logo-schneider-chauffeur-service.svg\",\"caption\":\"Schneider Chauffeurservice\"}]}<\/script>\n<meta name=\"geo.placename\" content=\"Essen\" \/>\n<meta name=\"geo.region\" content=\"Germany\" \/>\n<!-- \/ Yoast SEO Premium plugin. -->","yoast_head_json":{"title":"Schneider Chauffeurservice - Voyages d'affaires avec le plus grand confort","description":"Profitez du confort du service de chauffeur Schneider pour vos d\u00e9placements et vos voyages d'affaires. Vous pouvez donc vous concentrer sur l'essentiel. Plus ...","robots":{"index":"index","follow":"follow","max-snippet":"max-snippet:-1","max-image-preview":"max-image-preview:large","max-video-preview":"max-video-preview:-1"},"canonical":"https:\/\/www.schneider-chauffeur.de\/fr\/","og_locale":"fr_FR","og_type":"article","og_title":"Page d'accueil","og_description":"Profitez du confort du service de chauffeur Schneider pour vos d\u00e9placements et vos voyages d'affaires. Vous pouvez donc vous concentrer sur l'essentiel. Plus ...","og_url":"https:\/\/www.schneider-chauffeur.de\/fr\/","og_site_name":"Schneider Chauffeurservice \u2013 Gesch\u00e4ftsreisen mit h\u00f6chstem Komfort","article_publisher":"https:\/\/www.facebook.com\/SchneiderChauffeurservice","article_modified_time":"2024-03-08T08:15:03+00:00","og_image":[{"width":593,"height":454,"url":"https:\/\/www.schneider-chauffeur.de\/app\/uploads\/2021\/05\/chauffeur-geschaeftsreise-s.jpg","type":"image\/jpeg"}],"twitter_card":"summary_large_image","twitter_misc":{"Est. reading time":"3 minutes"},"schema":{"@context":"https:\/\/schema.org","@graph":[{"@type":"WebPage","@id":"https:\/\/www.schneider-chauffeur.de\/fr\/","url":"https:\/\/www.schneider-chauffeur.de\/fr\/","name":"Schneider Chauffeurservice - Voyages d'affaires avec le plus grand confort","isPartOf":{"@id":"https:\/\/www.schneider-chauffeur.de\/fr\/#website"},"primaryImageOfPage":{"@id":"https:\/\/www.schneider-chauffeur.de\/fr\/#primaryimage"},"image":{"@id":"https:\/\/www.schneider-chauffeur.de\/fr\/#primaryimage"},"thumbnailUrl":"https:\/\/cdn.schneider-chauffeur.de\/app\/uploads\/2025\/01\/chauffeur-geschaeftsreise-2-s.jpg.jpg","datePublished":"2020-07-31T11:56:04+00:00","dateModified":"2024-03-08T08:15:03+00:00","description":"Profitez du confort du service de chauffeur Schneider pour vos d\u00e9placements et vos voyages d'affaires. Vous pouvez donc vous concentrer sur l'essentiel. Plus ...","breadcrumb":{"@id":"https:\/\/www.schneider-chauffeur.de\/fr\/#breadcrumb"},"inLanguage":"fr-FR","potentialAction":[{"@type":"ReadAction","target":["https:\/\/www.schneider-chauffeur.de\/fr\/"]}]},{"@type":"ImageObject","inLanguage":"fr-FR","@id":"https:\/\/www.schneider-chauffeur.de\/fr\/#primaryimage","url":"https:\/\/cdn.schneider-chauffeur.de\/app\/uploads\/2025\/01\/chauffeur-geschaeftsreise-2-s.jpg.jpg","contentUrl":"https:\/\/cdn.schneider-chauffeur.de\/app\/uploads\/2025\/01\/chauffeur-geschaeftsreise-2-s.jpg.jpg","width":593,"height":454},{"@type":"BreadcrumbList","@id":"https:\/\/www.schneider-chauffeur.de\/fr\/#breadcrumb","itemListElement":[{"@type":"ListItem","position":1,"name":"Page d\u2019accueil","item":"https:\/\/www.schneider-chauffeur.de\/fr\/"},{"@type":"ListItem","position":2,"name":"Page d&#8217;accueil"}]},{"@type":"WebSite","@id":"https:\/\/www.schneider-chauffeur.de\/fr\/#website","url":"https:\/\/www.schneider-chauffeur.de\/fr\/","name":"Schneider Chauffeurservice \u2013 Gesch\u00e4ftsreisen mit h\u00f6chstem Komfort","description":"","publisher":{"@id":"https:\/\/www.schneider-chauffeur.de\/fr\/#organization"},"potentialAction":[{"@type":"SearchAction","target":{"@type":"EntryPoint","urlTemplate":"https:\/\/www.schneider-chauffeur.de\/fr\/?s={search_term_string}"},"query-input":{"@type":"PropertyValueSpecification","valueRequired":true,"valueName":"search_term_string"}}],"inLanguage":"fr-FR"},{"@type":["Organization","Place"],"@id":"https:\/\/www.schneider-chauffeur.de\/fr\/#organization","name":"Schneider Chauffeurservice","url":"https:\/\/www.schneider-chauffeur.de\/fr\/","logo":{"@id":"https:\/\/www.schneider-chauffeur.de\/fr\/#local-main-organization-logo"},"image":{"@id":"https:\/\/www.schneider-chauffeur.de\/fr\/#local-main-organization-logo"},"sameAs":["https:\/\/www.facebook.com\/SchneiderChauffeurservice","https:\/\/www.linkedin.com\/company\/schneider-chauffeurservice\/","https:\/\/www.instagram.com\/schneider_chauffeurservice\/"],"legalName":"Schneider Chauffeurservice","numberOfEmployees":{"@type":"QuantitativeValue","minValue":"11","maxValue":"50"},"address":{"@id":"https:\/\/www.schneider-chauffeur.de\/fr\/#local-main-place-address"},"telephone":["+49 20185892980"],"contactPoint":{"@type":"ContactPoint","telephone":"+49 20185892980","email":"info@schneider-chauffeur.de"},"openingHoursSpecification":[{"@type":"OpeningHoursSpecification","dayOfWeek":["Monday","Tuesday","Wednesday","Thursday","Friday","Saturday","Sunday"],"opens":"09:00","closes":"17:00"}],"email":"info@schneider-chauffeur.de","faxNumber":"Schneider Chauffeurservice","areaServed":"Germany"},{"@type":"PostalAddress","@id":"https:\/\/www.schneider-chauffeur.de\/fr\/#local-main-place-address","streetAddress":"Hohenzollernstr. 24","addressLocality":"Essen","postalCode":"45128","addressCountry":"DE"},{"@type":"ImageObject","inLanguage":"fr-FR","@id":"https:\/\/www.schneider-chauffeur.de\/fr\/#local-main-organization-logo","url":"https:\/\/cdn.schneider-chauffeur.de\/app\/uploads\/2019\/08\/logo-schneider-chauffeur-service.svg","contentUrl":"https:\/\/cdn.schneider-chauffeur.de\/app\/uploads\/2019\/08\/logo-schneider-chauffeur-service.svg","caption":"Schneider Chauffeurservice"}]},"geo.placename":"Essen","geo.region":"Germany"},"_links":{"self":[{"href":"https:\/\/www.schneider-chauffeur.de\/fr\/wp-json\/wp\/v2\/pages\/1538","targetHints":{"allow":["GET"]}}],"collection":[{"href":"https:\/\/www.schneider-chauffeur.de\/fr\/wp-json\/wp\/v2\/pages"}],"about":[{"href":"https:\/\/www.schneider-chauffeur.de\/fr\/wp-json\/wp\/v2\/types\/page"}],"author":[{"embeddable":true,"href":"https:\/\/www.schneider-chauffeur.de\/fr\/wp-json\/wp\/v2\/users\/2"}],"replies":[{"embeddable":true,"href":"https:\/\/www.schneider-chauffeur.de\/fr\/wp-json\/wp\/v2\/comments?post=1538"}],"version-history":[{"count":5,"href":"https:\/\/www.schneider-chauffeur.de\/fr\/wp-json\/wp\/v2\/pages\/1538\/revisions"}],"predecessor-version":[{"id":13322,"href":"https:\/\/www.schneider-chauffeur.de\/fr\/wp-json\/wp\/v2\/pages\/1538\/revisions\/13322"}],"wp:featuredmedia":[{"embeddable":true,"href":"https:\/\/www.schneider-chauffeur.de\/fr\/wp-json\/wp\/v2\/media\/27208"}],"wp:attachment":[{"href":"https:\/\/www.schneider-chauffeur.de\/fr\/wp-json\/wp\/v2\/media?parent=1538"}],"curies":[{"name":"wp","href":"https:\/\/api.w.org\/{rel}","templated":true}]}}