{"id":15237,"date":"2022-11-07T12:38:28","date_gmt":"2022-11-07T11:38:28","guid":{"rendered":"https:\/\/www.schneider-chauffeur.de\/?page_id=15237"},"modified":"2023-09-15T14:55:50","modified_gmt":"2023-09-15T12:55:50","slug":"navette-pour-collaborateurs-et-logistique-autocar-pour-le-transport-dentreprise","status":"publish","type":"page","link":"https:\/\/www.schneider-chauffeur.de\/fr\/bus-service\/navette-pour-collaborateurs-et-logistique-autocar-pour-le-transport-dentreprise\/","title":{"rendered":"Navette pour collaborateurs et logistique autocar pour le transport d\u2019entreprise"},"content":{"rendered":"<p><img loading=\"lazy\" decoding=\"async\" class=\"alignright size-medium wp-image-12942\" src=\"https:\/\/www.schneider-chauffeur.de\/app\/uploads\/2022\/09\/bus-werksverkehr-mitarbeiter-300x229.jpg\" alt=\"\" width=\"300\" height=\"229\" srcset=\"https:\/\/cdn.schneider-chauffeur.de\/app\/uploads\/2022\/09\/bus-werksverkehr-mitarbeiter-300x229.jpg 300w, https:\/\/cdn.schneider-chauffeur.de\/app\/uploads\/2022\/09\/bus-werksverkehr-mitarbeiter-600x459.jpg 600w, https:\/\/cdn.schneider-chauffeur.de\/app\/uploads\/2022\/09\/bus-werksverkehr-mitarbeiter.jpg 768w\" sizes=\"auto, (max-width: 300px) 100vw, 300px\" \/><\/p>\n<p>Montrez \u00e0 vos employ\u00e9s qu\u2019ils comptent vraiment pour vous. De plus, vous renforcerez ainsi votre attractivit\u00e9 d\u2019employeur. Nos diverses formules navettes pour le transport d\u2019entreprise vous offrent une alternative confortable \u00e0 la voiture particuli\u00e8re ou aux transports publics. Votre \u00e9quipe arrive ainsi \u00e0 l\u2019heure au travail, apr\u00e8s un trajet confortable qui a, en outre, l\u2019effet positif de r\u00e9duire la mobilit\u00e9 pendulaire et d\u2019am\u00e9liorer le bilan carbone. Bref, un service sp\u00e9cial que vos employ\u00e9s ne manqueront pas d\u2019appr\u00e9cier. Toutefois, nous ne nous contentons pas de vous assister sur le trajet quotidien domicile-travail par des navettes pour collaborateurs et la logistique autocar d\u2019entreprise, mais aussi pour les f\u00eates de l\u2019entreprise, les visites en groupes \u00e0 des salons et autres \u00e9v\u00e8nements.<\/p>\n<p>N\u2019h\u00e9sitez pas \u00e0 nous contacter pour que nous puissions \u00e9laborer un projet de transport exactement adapt\u00e9 \u00e0 votre entreprise.<\/p>\n<p><a class=\"button\" href=\"https:\/\/www.schneider-chauffeur.de\/fr\/demande-de-service-de-bus\/\">Se faire conseiller d\u00e8s maintenant<\/a><br \/>\n<!--more--><\/p>\n<h2>Confort et fiabilit\u00e9\u00a0: notre service navette personnalis\u00e9 pour entreprises<\/h2>\n<p><img loading=\"lazy\" decoding=\"async\" class=\"alignleft size-full wp-image-12877\" src=\"https:\/\/www.schneider-chauffeur.de\/app\/uploads\/2022\/09\/werksverkehr.jpg\" alt=\"\" width=\"300\" height=\"229\" \/><\/p>\n<p>Apr\u00e8s avoir fait l\u2019exp\u00e9rience du t\u00e9l\u00e9travail en raison de la pand\u00e9mie du coronavirus, nombre de salari\u00e9s ont constat\u00e9 que le sempiternel trajet domicile-travail \u00e9tait d\u00e9finitivement un facteur de stress. En effet, les transports en commun sont g\u00e9n\u00e9ralement synonymes de bousculades et de non-respect des horaires, surtout aux heures de pointe, tandis que le trajet au volant de sa voiture exige une grande concentration. \u00c0 tout ceci vient s\u2019ajouter l\u2019augmentation des co\u00fbts, ce qui soul\u00e8ve la question de savoir si, et pour combien de temps encore, le d\u00e9placement pendulaire quotidien va rester praticable.<\/p>\n<p><img loading=\"lazy\" decoding=\"async\" class=\"alignright size-full wp-image-12889\" src=\"https:\/\/www.schneider-chauffeur.de\/app\/uploads\/2022\/09\/arbeit-pendeln-bus.jpg\" alt=\"\" width=\"300\" height=\"229\" \/>Bien s\u00fbr, les situations o\u00f9 la pr\u00e9sence de vos employ\u00e9s sur place est judicieuse, voire indispensable, sont nombreuses. Or, vous aiderez vos \u00e9quipes et renforcerez la satisfaction de vos employ\u00e9.e.s vis-\u00e0-vis de votre entreprise en leur fournissant des solutions personnalis\u00e9es pour le trajet domicile-travail, assur\u00e9es par un service navette d\u2019entreprise. Un bon investissement pour un succ\u00e8s \u00e0 long terme.<\/p>\n<p>Qui plus est, vous n\u2019avez rien \u00e0 faire. Apr\u00e8s accord, nous \u00e9laborons ensemble le projet parfait pour vous et veillons \u00e0 ce que vos employ\u00e9s arrivent tous les jours d\u00e9tendus et ponctuels au travail.<\/p>\n<h2>Sc\u00e9narios possibles \u2013 vos options en transport d\u2019entreprise<\/h2>\n<p>En tant que service permanent ou pour un projet destin\u00e9 \u00e0 certaines \u00e9quipes\u00a0: la mise en \u0153uvre de nos navettes pour collaborateurs en tant que transport d\u2019entreprise est bien s\u00fbr enti\u00e8rement adapt\u00e9e \u00e0 vos besoins concrets. Dans ce cadre, les sc\u00e9narios envisageables sont entre autres les suivants\u00a0:<\/p>\n<div style=\"padding: 30px; margin: 20px 0; background: #EFEFEF; clear: both;\">\n<ul>\n<li>une ligne de bus propre \u00e0 l\u2019entreprise pour le d\u00e9placement quotidien domicile-travail \u2013 en fonction des lieux de r\u00e9sidence de vos employ\u00e9s<\/li>\n<li>des navettes quotidiennes entreprise-gare ou entreprise-a\u00e9roport \u2013 pour trajets pendulaires et d\u00e9placements professionnels<\/li>\n<li>une logistique autocar entre plusieurs sites de l\u2019entreprise<\/li>\n<li>un confortable service navette pour les f\u00eates d\u2019entreprise ou d\u2019autres occasions<\/li>\n<li>des trajets de transfert aux salons<\/li>\n<\/ul>\n<\/div>\n<p><img loading=\"lazy\" decoding=\"async\" class=\"alignleft size-medium wp-image-12926\" src=\"https:\/\/www.schneider-chauffeur.de\/app\/uploads\/2022\/09\/arbeit-anreise-mit-bus-300x229.jpg\" alt=\"\" width=\"300\" height=\"229\" srcset=\"https:\/\/cdn.schneider-chauffeur.de\/app\/uploads\/2022\/09\/arbeit-anreise-mit-bus-300x229.jpg 300w, https:\/\/cdn.schneider-chauffeur.de\/app\/uploads\/2022\/09\/arbeit-anreise-mit-bus-600x459.jpg 600w, https:\/\/cdn.schneider-chauffeur.de\/app\/uploads\/2022\/09\/arbeit-anreise-mit-bus.jpg 768w\" sizes=\"auto, (max-width: 300px) 100vw, 300px\" \/>Dans ce cadre, nous pouvons bien s\u00fbr vous assister pour des \u00e9v\u00e8nements se tenant en dehors des journ\u00e9es de travail normales en vous proposant notre<a href=\"https:\/\/www.schneider-chauffeur.de\/fr\/service\/bus-service\/\"> logistique autocar<\/a> et notre <a href=\"https:\/\/www.schneider-chauffeur.de\/fr\/service\/service-de-limousine\/\">service de location de limousines<\/a>, par exemple en ramenant chez eux tous les participants \u00e0 une f\u00eate de l\u2019entreprise une fois celle-ci termin\u00e9e, personne n\u2019ayant d\u00e8s lors \u00e0 organiser son retour.<\/p>\n<p>Avez-vous d\u2019autres id\u00e9es que vous souhaiteriez r\u00e9aliser en mati\u00e8re de transport d\u2019entreprise\u00a0? N\u2019h\u00e9sitez pas \u00e0 nous contacter et nous mettrons au point un projet de transport adapt\u00e9 \u00e0 vos attentes.<\/p>\n<h2>Pourquoi opter pour une navette pour collaborateurs comme transport d\u2019entreprise\u00a0? \u2013 Les avantages<\/h2>\n<p>Les diverses possibilit\u00e9s de transport d\u2019entreprise apportent de nombreux avantages \u00e0 votre soci\u00e9t\u00e9\u00a0:<\/p>\n<div style=\"padding: 30px; margin: 20px 0; background: #EFEFEF; clear: both;\">\n<ul>\n<li>une plus grande satisfaction de vos collaborateurs, promouvant le sentiment d\u2019appartenance \u00e0 l\u2019entreprise<\/li>\n<li>une prise de service ponctuelle gr\u00e2ce \u00e0 cette alternative fiable aux transports en commun<\/li>\n<li>un effet positif sur le bilan carbone, la migration pendulaire y jouant un r\u00f4le d\u00e9terminant<\/li>\n<li>des compressions de co\u00fbts par rapport aux moyens de transport priv\u00e9 avec voiture de service<\/li>\n<li>un retour au domicile en toute s\u00e9curit\u00e9 aux heures tardives<\/li>\n<\/ul>\n<\/div>\n<p>En outre, vous b\u00e9n\u00e9ficiez d\u2019un certain nombre d\u2019options au-del\u00e0 du transport d\u2019entreprise. Pour en savoir davantage sur notre service autocar\u00a0:<\/p>\n<p><a class=\"button\" style=\"max-width: 400px;\" href=\"https:\/\/www.schneider-chauffeur.de\/fr\/service\/bus-service\/\">D\u00e9couvrir le service de location d\u2019autocars<\/a><\/p>\n<h2>Logistique autocar et service navette d\u2019entreprise avec le Schneider Chauffeurservice<\/h2>\n<p>Prestataire de longue date en service de location de limousines avec chauffeur, nous accordons la plus haute importance \u00e0 une planification pr\u00e9cise, une fiabilit\u00e9 absolue et une qualit\u00e9 de service de premier rang. Ce niveau de service se retrouve \u00e9galement dans nos prestations en mati\u00e8re de transport d\u2019entreprise\u00a0: en vous conseillant au plus juste d\u00e8s notre premier entretien et en adaptant les liaisons navette exactement \u00e0 vos besoins concrets et \u00e0 vos attentes personnelles. C\u2019est ainsi que nous amenons, en tout confort, vos employ\u00e9s et vos h\u00f4tes \u00e0 leur destination. Dans ce cadre, vous pouvez naturellement compter sur notre enti\u00e8re loyaut\u00e9 et notre plus grande discr\u00e9tion.<\/p>\n<p>Vous aurez toujours un interlocuteur central \u00e0 votre \u00e9coute, durant toute la dur\u00e9e de notre coop\u00e9ration, m\u00eame si un accompagnement dans le temps implique que les conducteurs travaillant pour votre entreprise changent de temps \u00e0 autre. Ainsi b\u00e9n\u00e9ficiez-vous toujours du meilleur conseil possible et nous pouvons adapter notre service navette dans les plus brefs d\u00e9lais en cas d\u2019\u00e9ventuels changements.<\/p>\n<h2>Se faire conseiller d\u00e8s maintenant et organiser le transport d\u2019entreprise<\/h2>\n<p>Profitez des avantages convaincants du transport d\u2019entreprise et montrez \u00e0 vos employ\u00e9s que vous \u00eates non seulement responsable et conscient des enjeux climatiques mais que vous anticipez aussi l\u2019avenir. Que vous ayez d\u00e9j\u00e0 \u00e9labor\u00e9 des plans ou souhaitiez concr\u00e9tiser de premi\u00e8res id\u00e9es, nous vous conseillerons sur tous les d\u00e9tails au cours d\u2019un premier entretien, puis pr\u00e9parerons le projet entier. Vos \u00e9quipes se sauront donc bien vite entre de bonnes mains sur leur trajet domicile-travail et vous pourrez compter sur un service navette de premier rang pour vos collaborateurs.<\/p>\n<p><a class=\"button\" style=\"max-width: 400px;\" href=\"https:\/\/www.schneider-chauffeur.de\/fr\/demande-de-service-de-bus\/\">Convenir d\u2019un premier entretien<\/a><\/p>\n","protected":false},"excerpt":{"rendered":"<p>Montrez \u00e0 vos employ\u00e9s qu\u2019ils comptent vraiment pour vous. De plus, vous renforcerez ainsi votre attractivit\u00e9 d\u2019employeur. Nos diverses formules navettes pour le transport d\u2019entreprise vous offrent une alternative confortable \u00e0 la voiture particuli\u00e8re ou aux transports publics. Votre \u00e9quipe arrive ainsi \u00e0 l\u2019heure au travail, apr\u00e8s un trajet confortable qui a, en outre, l\u2019effet &hellip;<\/p>\n","protected":false},"author":3,"featured_media":0,"parent":12121,"menu_order":14,"comment_status":"closed","ping_status":"closed","template":"","meta":{"footnotes":""},"class_list":["post-15237","page","type-page","status-publish","hentry"],"yoast_head":"<!-- This site is optimized with the Yoast SEO Premium plugin v26.3 (Yoast SEO v26.3) - https:\/\/yoast.com\/wordpress\/plugins\/seo\/ -->\n<title>Navette pour collaborateurs et logistique autocar pour le transport d\u2019entreprise<\/title>\n<meta name=\"description\" content=\"Ponctuel, confortable et respectueux de l\u2019environnement\u00a0: le service navette d\u2019entreprise pr\u00e9sente maints atouts. En apprendre davantage\" \/>\n<meta name=\"robots\" content=\"index, follow, max-snippet:-1, max-image-preview:large, max-video-preview:-1\" \/>\n<link rel=\"canonical\" href=\"https:\/\/www.schneider-chauffeur.de\/fr\/bus-service\/navette-pour-collaborateurs-et-logistique-autocar-pour-le-transport-dentreprise\/\" \/>\n<meta property=\"og:locale\" content=\"fr_FR\" \/>\n<meta property=\"og:type\" content=\"article\" \/>\n<meta property=\"og:title\" content=\"Navette pour collaborateurs et logistique autocar pour le transport d\u2019entreprise\" \/>\n<meta property=\"og:description\" content=\"Ponctuel, confortable et respectueux de l\u2019environnement\u00a0: le service navette d\u2019entreprise pr\u00e9sente maints atouts. En apprendre davantage\" \/>\n<meta property=\"og:url\" content=\"https:\/\/www.schneider-chauffeur.de\/fr\/bus-service\/navette-pour-collaborateurs-et-logistique-autocar-pour-le-transport-dentreprise\/\" \/>\n<meta property=\"og:site_name\" content=\"Schneider Chauffeurservice \u2013 Gesch\u00e4ftsreisen mit h\u00f6chstem Komfort\" \/>\n<meta property=\"article:publisher\" content=\"https:\/\/www.facebook.com\/SchneiderChauffeurservice\" \/>\n<meta property=\"article:modified_time\" content=\"2023-09-15T12:55:50+00:00\" \/>\n<meta property=\"og:image\" content=\"https:\/\/www.schneider-chauffeur.de\/app\/uploads\/2022\/09\/bus-werksverkehr-mitarbeiter-300x229.jpg\" \/>\n<meta name=\"twitter:card\" content=\"summary_large_image\" \/>\n<meta name=\"twitter:label1\" content=\"Est. reading time\" \/>\n\t<meta name=\"twitter:data1\" content=\"7 minutes\" \/>\n<script type=\"application\/ld+json\" class=\"yoast-schema-graph\">{\"@context\":\"https:\/\/schema.org\",\"@graph\":[{\"@type\":\"WebPage\",\"@id\":\"https:\/\/www.schneider-chauffeur.de\/fr\/bus-service\/navette-pour-collaborateurs-et-logistique-autocar-pour-le-transport-dentreprise\/\",\"url\":\"https:\/\/www.schneider-chauffeur.de\/fr\/bus-service\/navette-pour-collaborateurs-et-logistique-autocar-pour-le-transport-dentreprise\/\",\"name\":\"Navette pour collaborateurs et logistique autocar pour le transport d\u2019entreprise\",\"isPartOf\":{\"@id\":\"https:\/\/www.schneider-chauffeur.de\/fr\/#website\"},\"primaryImageOfPage\":{\"@id\":\"https:\/\/www.schneider-chauffeur.de\/fr\/bus-service\/navette-pour-collaborateurs-et-logistique-autocar-pour-le-transport-dentreprise\/#primaryimage\"},\"image\":{\"@id\":\"https:\/\/www.schneider-chauffeur.de\/fr\/bus-service\/navette-pour-collaborateurs-et-logistique-autocar-pour-le-transport-dentreprise\/#primaryimage\"},\"thumbnailUrl\":\"https:\/\/www.schneider-chauffeur.de\/app\/uploads\/2022\/09\/bus-werksverkehr-mitarbeiter-300x229.jpg\",\"datePublished\":\"2022-11-07T11:38:28+00:00\",\"dateModified\":\"2023-09-15T12:55:50+00:00\",\"description\":\"Ponctuel, confortable et respectueux de l\u2019environnement\u00a0: le service navette d\u2019entreprise pr\u00e9sente maints atouts. En apprendre davantage\",\"breadcrumb\":{\"@id\":\"https:\/\/www.schneider-chauffeur.de\/fr\/bus-service\/navette-pour-collaborateurs-et-logistique-autocar-pour-le-transport-dentreprise\/#breadcrumb\"},\"inLanguage\":\"fr-FR\",\"potentialAction\":[{\"@type\":\"ReadAction\",\"target\":[\"https:\/\/www.schneider-chauffeur.de\/fr\/bus-service\/navette-pour-collaborateurs-et-logistique-autocar-pour-le-transport-dentreprise\/\"]}]},{\"@type\":\"ImageObject\",\"inLanguage\":\"fr-FR\",\"@id\":\"https:\/\/www.schneider-chauffeur.de\/fr\/bus-service\/navette-pour-collaborateurs-et-logistique-autocar-pour-le-transport-dentreprise\/#primaryimage\",\"url\":\"https:\/\/www.schneider-chauffeur.de\/app\/uploads\/2022\/09\/bus-werksverkehr-mitarbeiter-300x229.jpg\",\"contentUrl\":\"https:\/\/www.schneider-chauffeur.de\/app\/uploads\/2022\/09\/bus-werksverkehr-mitarbeiter-300x229.jpg\"},{\"@type\":\"BreadcrumbList\",\"@id\":\"https:\/\/www.schneider-chauffeur.de\/fr\/bus-service\/navette-pour-collaborateurs-et-logistique-autocar-pour-le-transport-dentreprise\/#breadcrumb\",\"itemListElement\":[{\"@type\":\"ListItem\",\"position\":1,\"name\":\"Page d\u2019accueil\",\"item\":\"https:\/\/www.schneider-chauffeur.de\/fr\/\"},{\"@type\":\"ListItem\",\"position\":2,\"name\":\"Service de location d\u2019autobus\u2013 affr\u00e9ter un autobus pour un \u00e9v\u00e8nement, un salon ou toute autre manifestation\",\"item\":\"https:\/\/www.schneider-chauffeur.de\/fr\/bus-service\/\"},{\"@type\":\"ListItem\",\"position\":3,\"name\":\"Navette pour collaborateurs et logistique autocar pour le transport d\u2019entreprise\"}]},{\"@type\":\"WebSite\",\"@id\":\"https:\/\/www.schneider-chauffeur.de\/fr\/#website\",\"url\":\"https:\/\/www.schneider-chauffeur.de\/fr\/\",\"name\":\"Schneider Chauffeurservice \u2013 Gesch\u00e4ftsreisen mit h\u00f6chstem Komfort\",\"description\":\"\",\"publisher\":{\"@id\":\"https:\/\/www.schneider-chauffeur.de\/fr\/#organization\"},\"potentialAction\":[{\"@type\":\"SearchAction\",\"target\":{\"@type\":\"EntryPoint\",\"urlTemplate\":\"https:\/\/www.schneider-chauffeur.de\/fr\/?s={search_term_string}\"},\"query-input\":{\"@type\":\"PropertyValueSpecification\",\"valueRequired\":true,\"valueName\":\"search_term_string\"}}],\"inLanguage\":\"fr-FR\"},{\"@type\":[\"Organization\",\"Place\"],\"@id\":\"https:\/\/www.schneider-chauffeur.de\/fr\/#organization\",\"name\":\"Schneider Chauffeurservice\",\"url\":\"https:\/\/www.schneider-chauffeur.de\/fr\/\",\"logo\":{\"@id\":\"https:\/\/www.schneider-chauffeur.de\/fr\/bus-service\/navette-pour-collaborateurs-et-logistique-autocar-pour-le-transport-dentreprise\/#local-main-organization-logo\"},\"image\":{\"@id\":\"https:\/\/www.schneider-chauffeur.de\/fr\/bus-service\/navette-pour-collaborateurs-et-logistique-autocar-pour-le-transport-dentreprise\/#local-main-organization-logo\"},\"sameAs\":[\"https:\/\/www.facebook.com\/SchneiderChauffeurservice\",\"https:\/\/www.linkedin.com\/company\/schneider-chauffeurservice\/\",\"https:\/\/www.instagram.com\/schneider_chauffeurservice\/\"],\"legalName\":\"Schneider Chauffeurservice\",\"numberOfEmployees\":{\"@type\":\"QuantitativeValue\",\"minValue\":\"11\",\"maxValue\":\"50\"},\"address\":{\"@id\":\"https:\/\/www.schneider-chauffeur.de\/fr\/bus-service\/navette-pour-collaborateurs-et-logistique-autocar-pour-le-transport-dentreprise\/#local-main-place-address\"},\"telephone\":[\"+49 20185892980\"],\"contactPoint\":{\"@type\":\"ContactPoint\",\"telephone\":\"+49 20185892980\",\"email\":\"info@schneider-chauffeur.de\"},\"openingHoursSpecification\":[{\"@type\":\"OpeningHoursSpecification\",\"dayOfWeek\":[\"Monday\",\"Tuesday\",\"Wednesday\",\"Thursday\",\"Friday\",\"Saturday\",\"Sunday\"],\"opens\":\"09:00\",\"closes\":\"17:00\"}],\"email\":\"info@schneider-chauffeur.de\",\"faxNumber\":\"Schneider Chauffeurservice\",\"areaServed\":\"Germany\"},{\"@type\":\"PostalAddress\",\"@id\":\"https:\/\/www.schneider-chauffeur.de\/fr\/bus-service\/navette-pour-collaborateurs-et-logistique-autocar-pour-le-transport-dentreprise\/#local-main-place-address\",\"streetAddress\":\"Hohenzollernstr. 24\",\"addressLocality\":\"Essen\",\"postalCode\":\"45128\",\"addressCountry\":\"DE\"},{\"@type\":\"ImageObject\",\"inLanguage\":\"fr-FR\",\"@id\":\"https:\/\/www.schneider-chauffeur.de\/fr\/bus-service\/navette-pour-collaborateurs-et-logistique-autocar-pour-le-transport-dentreprise\/#local-main-organization-logo\",\"url\":\"https:\/\/cdn.schneider-chauffeur.de\/app\/uploads\/2019\/08\/logo-schneider-chauffeur-service.svg\",\"contentUrl\":\"https:\/\/cdn.schneider-chauffeur.de\/app\/uploads\/2019\/08\/logo-schneider-chauffeur-service.svg\",\"caption\":\"Schneider Chauffeurservice\"}]}<\/script>\n<meta name=\"geo.placename\" content=\"Essen\" \/>\n<meta name=\"geo.region\" content=\"Germany\" \/>\n<!-- \/ Yoast SEO Premium plugin. -->","yoast_head_json":{"title":"Navette pour collaborateurs et logistique autocar pour le transport d\u2019entreprise","description":"Ponctuel, confortable et respectueux de l\u2019environnement\u00a0: le service navette d\u2019entreprise pr\u00e9sente maints atouts. En apprendre davantage","robots":{"index":"index","follow":"follow","max-snippet":"max-snippet:-1","max-image-preview":"max-image-preview:large","max-video-preview":"max-video-preview:-1"},"canonical":"https:\/\/www.schneider-chauffeur.de\/fr\/bus-service\/navette-pour-collaborateurs-et-logistique-autocar-pour-le-transport-dentreprise\/","og_locale":"fr_FR","og_type":"article","og_title":"Navette pour collaborateurs et logistique autocar pour le transport d\u2019entreprise","og_description":"Ponctuel, confortable et respectueux de l\u2019environnement\u00a0: le service navette d\u2019entreprise pr\u00e9sente maints atouts. En apprendre davantage","og_url":"https:\/\/www.schneider-chauffeur.de\/fr\/bus-service\/navette-pour-collaborateurs-et-logistique-autocar-pour-le-transport-dentreprise\/","og_site_name":"Schneider Chauffeurservice \u2013 Gesch\u00e4ftsreisen mit h\u00f6chstem Komfort","article_publisher":"https:\/\/www.facebook.com\/SchneiderChauffeurservice","article_modified_time":"2023-09-15T12:55:50+00:00","og_image":[{"url":"https:\/\/www.schneider-chauffeur.de\/app\/uploads\/2022\/09\/bus-werksverkehr-mitarbeiter-300x229.jpg","type":"","width":"","height":""}],"twitter_card":"summary_large_image","twitter_misc":{"Est. reading time":"7 minutes"},"schema":{"@context":"https:\/\/schema.org","@graph":[{"@type":"WebPage","@id":"https:\/\/www.schneider-chauffeur.de\/fr\/bus-service\/navette-pour-collaborateurs-et-logistique-autocar-pour-le-transport-dentreprise\/","url":"https:\/\/www.schneider-chauffeur.de\/fr\/bus-service\/navette-pour-collaborateurs-et-logistique-autocar-pour-le-transport-dentreprise\/","name":"Navette pour collaborateurs et logistique autocar pour le transport d\u2019entreprise","isPartOf":{"@id":"https:\/\/www.schneider-chauffeur.de\/fr\/#website"},"primaryImageOfPage":{"@id":"https:\/\/www.schneider-chauffeur.de\/fr\/bus-service\/navette-pour-collaborateurs-et-logistique-autocar-pour-le-transport-dentreprise\/#primaryimage"},"image":{"@id":"https:\/\/www.schneider-chauffeur.de\/fr\/bus-service\/navette-pour-collaborateurs-et-logistique-autocar-pour-le-transport-dentreprise\/#primaryimage"},"thumbnailUrl":"https:\/\/www.schneider-chauffeur.de\/app\/uploads\/2022\/09\/bus-werksverkehr-mitarbeiter-300x229.jpg","datePublished":"2022-11-07T11:38:28+00:00","dateModified":"2023-09-15T12:55:50+00:00","description":"Ponctuel, confortable et respectueux de l\u2019environnement\u00a0: le service navette d\u2019entreprise pr\u00e9sente maints atouts. En apprendre davantage","breadcrumb":{"@id":"https:\/\/www.schneider-chauffeur.de\/fr\/bus-service\/navette-pour-collaborateurs-et-logistique-autocar-pour-le-transport-dentreprise\/#breadcrumb"},"inLanguage":"fr-FR","potentialAction":[{"@type":"ReadAction","target":["https:\/\/www.schneider-chauffeur.de\/fr\/bus-service\/navette-pour-collaborateurs-et-logistique-autocar-pour-le-transport-dentreprise\/"]}]},{"@type":"ImageObject","inLanguage":"fr-FR","@id":"https:\/\/www.schneider-chauffeur.de\/fr\/bus-service\/navette-pour-collaborateurs-et-logistique-autocar-pour-le-transport-dentreprise\/#primaryimage","url":"https:\/\/www.schneider-chauffeur.de\/app\/uploads\/2022\/09\/bus-werksverkehr-mitarbeiter-300x229.jpg","contentUrl":"https:\/\/www.schneider-chauffeur.de\/app\/uploads\/2022\/09\/bus-werksverkehr-mitarbeiter-300x229.jpg"},{"@type":"BreadcrumbList","@id":"https:\/\/www.schneider-chauffeur.de\/fr\/bus-service\/navette-pour-collaborateurs-et-logistique-autocar-pour-le-transport-dentreprise\/#breadcrumb","itemListElement":[{"@type":"ListItem","position":1,"name":"Page d\u2019accueil","item":"https:\/\/www.schneider-chauffeur.de\/fr\/"},{"@type":"ListItem","position":2,"name":"Service de location d\u2019autobus\u2013 affr\u00e9ter un autobus pour un \u00e9v\u00e8nement, un salon ou toute autre manifestation","item":"https:\/\/www.schneider-chauffeur.de\/fr\/bus-service\/"},{"@type":"ListItem","position":3,"name":"Navette pour collaborateurs et logistique autocar pour le transport d\u2019entreprise"}]},{"@type":"WebSite","@id":"https:\/\/www.schneider-chauffeur.de\/fr\/#website","url":"https:\/\/www.schneider-chauffeur.de\/fr\/","name":"Schneider Chauffeurservice \u2013 Gesch\u00e4ftsreisen mit h\u00f6chstem Komfort","description":"","publisher":{"@id":"https:\/\/www.schneider-chauffeur.de\/fr\/#organization"},"potentialAction":[{"@type":"SearchAction","target":{"@type":"EntryPoint","urlTemplate":"https:\/\/www.schneider-chauffeur.de\/fr\/?s={search_term_string}"},"query-input":{"@type":"PropertyValueSpecification","valueRequired":true,"valueName":"search_term_string"}}],"inLanguage":"fr-FR"},{"@type":["Organization","Place"],"@id":"https:\/\/www.schneider-chauffeur.de\/fr\/#organization","name":"Schneider Chauffeurservice","url":"https:\/\/www.schneider-chauffeur.de\/fr\/","logo":{"@id":"https:\/\/www.schneider-chauffeur.de\/fr\/bus-service\/navette-pour-collaborateurs-et-logistique-autocar-pour-le-transport-dentreprise\/#local-main-organization-logo"},"image":{"@id":"https:\/\/www.schneider-chauffeur.de\/fr\/bus-service\/navette-pour-collaborateurs-et-logistique-autocar-pour-le-transport-dentreprise\/#local-main-organization-logo"},"sameAs":["https:\/\/www.facebook.com\/SchneiderChauffeurservice","https:\/\/www.linkedin.com\/company\/schneider-chauffeurservice\/","https:\/\/www.instagram.com\/schneider_chauffeurservice\/"],"legalName":"Schneider Chauffeurservice","numberOfEmployees":{"@type":"QuantitativeValue","minValue":"11","maxValue":"50"},"address":{"@id":"https:\/\/www.schneider-chauffeur.de\/fr\/bus-service\/navette-pour-collaborateurs-et-logistique-autocar-pour-le-transport-dentreprise\/#local-main-place-address"},"telephone":["+49 20185892980"],"contactPoint":{"@type":"ContactPoint","telephone":"+49 20185892980","email":"info@schneider-chauffeur.de"},"openingHoursSpecification":[{"@type":"OpeningHoursSpecification","dayOfWeek":["Monday","Tuesday","Wednesday","Thursday","Friday","Saturday","Sunday"],"opens":"09:00","closes":"17:00"}],"email":"info@schneider-chauffeur.de","faxNumber":"Schneider Chauffeurservice","areaServed":"Germany"},{"@type":"PostalAddress","@id":"https:\/\/www.schneider-chauffeur.de\/fr\/bus-service\/navette-pour-collaborateurs-et-logistique-autocar-pour-le-transport-dentreprise\/#local-main-place-address","streetAddress":"Hohenzollernstr. 24","addressLocality":"Essen","postalCode":"45128","addressCountry":"DE"},{"@type":"ImageObject","inLanguage":"fr-FR","@id":"https:\/\/www.schneider-chauffeur.de\/fr\/bus-service\/navette-pour-collaborateurs-et-logistique-autocar-pour-le-transport-dentreprise\/#local-main-organization-logo","url":"https:\/\/cdn.schneider-chauffeur.de\/app\/uploads\/2019\/08\/logo-schneider-chauffeur-service.svg","contentUrl":"https:\/\/cdn.schneider-chauffeur.de\/app\/uploads\/2019\/08\/logo-schneider-chauffeur-service.svg","caption":"Schneider Chauffeurservice"}]},"geo.placename":"Essen","geo.region":"Germany"},"_links":{"self":[{"href":"https:\/\/www.schneider-chauffeur.de\/fr\/wp-json\/wp\/v2\/pages\/15237","targetHints":{"allow":["GET"]}}],"collection":[{"href":"https:\/\/www.schneider-chauffeur.de\/fr\/wp-json\/wp\/v2\/pages"}],"about":[{"href":"https:\/\/www.schneider-chauffeur.de\/fr\/wp-json\/wp\/v2\/types\/page"}],"author":[{"embeddable":true,"href":"https:\/\/www.schneider-chauffeur.de\/fr\/wp-json\/wp\/v2\/users\/3"}],"replies":[{"embeddable":true,"href":"https:\/\/www.schneider-chauffeur.de\/fr\/wp-json\/wp\/v2\/comments?post=15237"}],"version-history":[{"count":2,"href":"https:\/\/www.schneider-chauffeur.de\/fr\/wp-json\/wp\/v2\/pages\/15237\/revisions"}],"predecessor-version":[{"id":15519,"href":"https:\/\/www.schneider-chauffeur.de\/fr\/wp-json\/wp\/v2\/pages\/15237\/revisions\/15519"}],"up":[{"embeddable":true,"href":"https:\/\/www.schneider-chauffeur.de\/fr\/wp-json\/wp\/v2\/pages\/12121"}],"wp:attachment":[{"href":"https:\/\/www.schneider-chauffeur.de\/fr\/wp-json\/wp\/v2\/media?parent=15237"}],"curies":[{"name":"wp","href":"https:\/\/api.w.org\/{rel}","templated":true}]}}