{"id":14881,"date":"2022-11-02T20:17:59","date_gmt":"2022-11-02T19:17:59","guid":{"rendered":"https:\/\/www.schneider-chauffeur.de\/?page_id=14881"},"modified":"2023-09-15T18:36:18","modified_gmt":"2023-09-15T16:36:18","slug":"affretement-de-bus","status":"publish","type":"page","link":"https:\/\/www.schneider-chauffeur.de\/fr\/bus-service\/affretement-de-bus\/","title":{"rendered":"Affr\u00e8tement de bus"},"content":{"rendered":"<p><img loading=\"lazy\" decoding=\"async\" class=\"alignleft wp-image-12164 size-medium\" src=\"https:\/\/www.schneider-chauffeur.de\/app\/uploads\/2022\/08\/interior-sprinter-bus-300x229.jpg\" alt=\"Int\u00e9rieur d'un minibus Sprinter de 16 places. Cuir clair, table club et \u00e9clairage d'ambiance\" width=\"300\" height=\"229\" srcset=\"https:\/\/cdn.schneider-chauffeur.de\/app\/uploads\/2022\/08\/interior-sprinter-bus-300x229.jpg 300w, https:\/\/cdn.schneider-chauffeur.de\/app\/uploads\/2022\/08\/interior-sprinter-bus-600x459.jpg 600w, https:\/\/cdn.schneider-chauffeur.de\/app\/uploads\/2022\/08\/interior-sprinter-bus.jpg 768w\" sizes=\"auto, (max-width: 300px) 100vw, 300px\" \/>En tant que service de chauffeur et de limousine exp\u00e9riment\u00e9, nous ne savons que trop bien ce qui est important lors des voyages d&#8217;affaires &#8211; de la planification ponctuelle \u00e0 la r\u00e9action habile aux \u00e9v\u00e9nements impr\u00e9visibles, en passant par un sens aigu du bien-\u00eatre de nos passagers. Vous pouvez profiter de cette expertise de mani\u00e8re optimale lors de la location d&#8217;un bus pour un voyage en groupe : En effet, gr\u00e2ce \u00e0 notre vaste exp\u00e9rience, nous vous aidons volontiers d\u00e8s la phase de pr\u00e9paration, ce qui vous permet de gagner un temps pr\u00e9cieux et de mieux vous concentrer sur les autres aspects de votre projet. Pour le voyage lui-m\u00eame, nous assurons une planification fiable des trajets et une prise en charge compl\u00e8te de premi\u00e8re qualit\u00e9, conform\u00e9ment \u00e0 vos souhaits pour les passagers. Vous attachez de l&#8217;importance \u00e0 la s\u00e9curit\u00e9 de la planification, au confort et \u00e0 des conseils de qualit\u00e9 lors de la location d&#8217;un bus ? En tant que partenaire de mobilit\u00e9 fiable et pr\u00e9voyant, nous nous ferons un plaisir de vous accompagner dans votre projet. N&#8217;h\u00e9sitez pas \u00e0 nous contacter si vous souhaitez affr\u00e9ter un bus.<br \/>\n<!--more--><\/p>\n<h2>Louer des bus de premi\u00e8re classe pour toutes les occasions &#8211; vos possibilit\u00e9s<\/h2>\n<p><img loading=\"lazy\" decoding=\"async\" class=\"alignright wp-image-12180 size-medium\" src=\"https:\/\/www.schneider-chauffeur.de\/app\/uploads\/2022\/08\/busreise-gruppe-300x229.jpg\" alt=\"Vue int\u00e9rieure d'un autocar de tourisme avec des si\u00e8ges en cuir noir et blanc. Vue \u00e0 travers le bus\" width=\"300\" height=\"229\" srcset=\"https:\/\/cdn.schneider-chauffeur.de\/app\/uploads\/2022\/08\/busreise-gruppe-300x229.jpg 300w, https:\/\/cdn.schneider-chauffeur.de\/app\/uploads\/2022\/08\/busreise-gruppe-600x459.jpg 600w, https:\/\/cdn.schneider-chauffeur.de\/app\/uploads\/2022\/08\/busreise-gruppe.jpg 768w\" sizes=\"auto, (max-width: 300px) 100vw, 300px\" \/>Vous pr\u00e9voyez un congr\u00e8s et souhaitez aider vos invit\u00e9s \u00e0 s&#8217;y rendre gr\u00e2ce \u00e0 un service de navette de qualit\u00e9 ? Ou vous souhaitez organiser une sortie d&#8217;entreprise exceptionnelle, par exemple \u00e0 Paris ou \u00e0 Barcelone, et vous recherchez un moyen de transport aussi confortable que flexible ? Gr\u00e2ce \u00e0 notre offre exclusive d&#8217;affr\u00e8tement de bus, nous pouvons vous proposer une offre adapt\u00e9e \u00e0 presque toutes les occasions. Qu&#8217;il s&#8217;agisse de petits groupes de 17 personnes maximum dans un Sprinter VIP ou de groupes comptant jusqu&#8217;\u00e0 44 ou m\u00eame 85 personnes dans un autocar commun : parlez-nous de vos souhaits individuels et nous nous chargerons des pr\u00e9paratifs correspondants.<\/p>\n<p><a class=\"button\" href=\"https:\/\/www.schneider-chauffeur.de\/fr\/demande-de-service-de-bus\/\">Demandez conseil maintenant<\/a><\/p>\n<p>Si vous souhaitez convaincre avec un service particulier ou si vous cherchez une solution pratique pour les voyages en groupe, vous pouvez louer votre bus entre autres pour les sc\u00e9narios d&#8217;utilisation suivants :<\/p>\n<div style=\"padding: 30px; margin: 20px 0; background: #EFEFEF;\">\n<ul>\n<li>Service de navette pour les congr\u00e8s, les salons &amp;amp ; les \u00e9v\u00e9nements professionnels<\/li>\n<li>Transfert de l&#8217;a\u00e9roport<\/li>\n<li>Excursions d&#8217;entreprise &amp;amp ; voyages d&#8217;affaires lointains avec de grandes \u00e9quipes<\/li>\n<li>Voyages de motivation &amp;amp ; retraites<\/li>\n<li>Transfert pour les mariages &amp;amp ; autres \u00e9v\u00e9nements priv\u00e9s particuliers<\/li>\n<li>Planification et mise en \u0153uvre de transports d&#8217;entreprise &#8211; par exemple, un service de navette quotidien vers la gare ou l&#8217;a\u00e9roport pour vos collaborateurs\/trices.<\/li>\n<\/ul>\n<\/div>\n<h2>Voyager avec toutes les commodit\u00e9s &#8211; affr\u00e9ter un bus avec catering &amp; plus<\/h2>\n<p><img loading=\"lazy\" decoding=\"async\" class=\"alignleft wp-image-12191 size-medium\" src=\"https:\/\/www.schneider-chauffeur.de\/app\/uploads\/2022\/08\/busreise-catering-300x229.jpg\" alt=\"Des fingerfoods sur un plateau. Traiteur pour le service de bus.\" width=\"300\" height=\"229\" srcset=\"https:\/\/cdn.schneider-chauffeur.de\/app\/uploads\/2022\/08\/busreise-catering-300x229.jpg 300w, https:\/\/cdn.schneider-chauffeur.de\/app\/uploads\/2022\/08\/busreise-catering-600x459.jpg 600w, https:\/\/cdn.schneider-chauffeur.de\/app\/uploads\/2022\/08\/busreise-catering.jpg 768w\" sizes=\"auto, (max-width: 300px) 100vw, 300px\" \/>En tant que chauffeurs de la vieille \u00e9cole, la s\u00e9curit\u00e9 et le bien-\u00eatre de nos passagers sont toujours au centre de nos pr\u00e9occupations &#8211; cela vaut bien s\u00fbr aussi pour le service de bus, o\u00f9 notre assurance qualit\u00e9 minutieuse et nos valeurs d&#8217;entreprise se font directement sentir. Nos chauffeurs sont tr\u00e8s attentifs aux exigences individuelles de vos passagers et, lors de la pr\u00e9paration minutieuse, nous sommes reconnaissants si nous pouvons pr\u00e9voir directement des souhaits concrets. Que vous souhaitiez par exemple des boissons sp\u00e9cifiques pour votre \u00e9quipe, des snacks sp\u00e9ciaux ou m\u00eame un service de restauration complet, nous nous ferons un plaisir de r\u00e9aliser tout ce qui peut contribuer \u00e0 rendre votre voyage agr\u00e9able. N&#8217;h\u00e9sitez pas \u00e0 nous faire part de vos id\u00e9es afin que nous puissions les planifier et \u00e9ventuellement en ajouter d&#8217;autres.<\/p>\n<p><a class=\"button\" href=\"https:\/\/www.schneider-chauffeur.de\/fr\/demande-de-service-de-bus\/\">Contacter maintenant<\/a><\/p>\n<div style=\"padding: 30px; margin: 20px 0; background: #EFEFEF;\">\n<h2>Important \u00e0 savoir : r\u00e8gles l\u00e9gales pour les voyages en bus<\/h2>\n<p>C&#8217;est justement lorsque le temps joue un r\u00f4le essentiel que des accords d\u00e9taill\u00e9s sont essentiels &#8211; d&#8217;autant plus que nous devons, comme tous les autres prestataires, respecter les prescriptions l\u00e9gales en mati\u00e8re de temps de conduite. Par exemple, une pause d&#8217;au moins 45 minutes doit \u00eatre pr\u00e9vue apr\u00e8s 4,5 heures de conduite, alors que la dur\u00e9e maximale de conduite par jour est de 9 heures. \u00c0 cela s&#8217;ajoutent quelques autres r\u00e8gles que nous serons heureux d&#8217;examiner avec vous d\u00e8s qu&#8217;elles seront pertinentes dans le cadre des pr\u00e9paratifs du voyage. Selon la situation, nous avons bien s\u00fbr aussi la possibilit\u00e9 de planifier d\u00e8s le d\u00e9but avec plusieurs conducteurs qui se relaient au volant.<\/p>\n<\/div>\n<h2>Vos avantages en voyageant en bus avec Schneider Chauffeur Service<\/h2>\n<p>La planification de votre voyage en bus ainsi que d&#8217;autres possibilit\u00e9s avec Schneider Chauffeur Service pr\u00e9sente des avantages essentiels pour votre entreprise :<\/p>\n<div style=\"padding: 30px; margin: 20px 0; background: #EFEFEF;\">\n<ul>\n<li><strong>contact direct &amp;amp ; personnel<\/strong><br \/>\nAvec un interlocuteur central, vous \u00eates toujours conseill\u00e9 de mani\u00e8re optimale &#8211; surtout si vous utilisez notre soutien \u00e0 long terme dans le service de navette et que des chauffeurs alternants travaillent pour vous ou si le voyage en bus fait partie d&#8217;un package global plus important.<\/li>\n<li><strong>La fiabilit\u00e9<\/strong><br \/>\nNos chauffeurs et nos v\u00e9hicules sont d&#8217;une fiabilit\u00e9 absolue. Gr\u00e2ce \u00e0 une \u00e9quipe solide travaillant en \u00e9quipe et \u00e0 un r\u00e9seau \u00e9tendu de partenaires et de succursales, nous pouvons toujours mettre \u00e0 disposition les capacit\u00e9s de d\u00e9placement ad\u00e9quates en Europe et au-del\u00e0.<\/li>\n<li><strong>un backoffice comp\u00e9tent pour l&#8217;organisation &amp; la recherche<\/strong><br \/>\nNos chauffeurs sont soutenus \u00e0 tout moment par un back-office comp\u00e9tent. Les questions d&#8217;organisation sont ainsi rapidement r\u00e9solues et nous nous assurons que les r\u00e9glementations sp\u00e9cifiques \u00e0 chaque pays et d&#8217;autres d\u00e9tails sont toujours pr\u00e9vus \u00e0 l&#8217;avance.<\/li>\n<li><strong>Formation \u00e0 la s\u00e9curit\u00e9 routi\u00e8re<\/strong><br \/>\nSelon la situation du trafic, les exigences en mati\u00e8re de conduite peuvent \u00eatre \u00e9lev\u00e9es, c&#8217;est pourquoi nous formons constamment nos conducteurs aupr\u00e8s d&#8217;organismes de formation professionnels. Ils sont ainsi parfaitement form\u00e9s et pr\u00e9par\u00e9s aux situations de conduite les plus diverses.<\/li>\n<li><strong>une longue exp\u00e9rience dans l&#8217;encadrement d&#8217;\u00e9quipes de haut niveau &amp;amp ; de VIPs<\/strong><br \/>\nNous travaillons depuis de nombreuses ann\u00e9es pour des personnalit\u00e9s importantes et sommes donc parfaitement au courant des exigences \u00e9lev\u00e9es qu&#8217;il faut satisfaire dans ce contexte.<\/li>\n<li><strong>Loyaut\u00e9 &amp;amp ; discr\u00e9tion<\/strong><br \/>\nUne \u00e9vidence pour tous nos chauffeurs. Aucune information interne ou personnelle ne sort du v\u00e9hicule.<\/li>\n<\/ul>\n<\/div>\n<h2>Louer maintenant un bus de Schneider Chauffeurservice &#8211; dans toute l&#8217;Allemagne &amp;amp ; au-del\u00e0<\/h2>\n<p>Avec notre offre de location de bus, nous sommes \u00e0 vos c\u00f4t\u00e9s \u00e0 tout moment, que ce soit en Allemagne ou au-del\u00e0. Contactez-nous pour que nous puissions discuter des autres d\u00e9tails et commencer \u00e0 planifier concr\u00e8tement votre voyage. En louant votre bus chez nous, vous savez que la pr\u00e9paration est entre de bonnes mains et vous pouvez vous concentrer sur les autres aspects de votre projet.<\/p>\n<p><a class=\"button\" style=\"max-width: 400px;\" href=\"https:\/\/www.schneider-chauffeur.de\/fr\/demande-de-service-de-bus\/\">Louer un bus maintenant<\/a><\/p>\n","protected":false},"excerpt":{"rendered":"<p>En tant que service de chauffeur et de limousine exp\u00e9riment\u00e9, nous ne savons que trop bien ce qui est important lors des voyages d&#8217;affaires &#8211; de la planification ponctuelle \u00e0 la r\u00e9action habile aux \u00e9v\u00e9nements impr\u00e9visibles, en passant par un sens aigu du bien-\u00eatre de nos passagers. Vous pouvez profiter de cette expertise de mani\u00e8re &hellip;<\/p>\n","protected":false},"author":3,"featured_media":0,"parent":12121,"menu_order":0,"comment_status":"closed","ping_status":"closed","template":"page-busservice.php","meta":{"footnotes":""},"class_list":["post-14881","page","type-page","status-publish","hentry"],"yoast_head":"<!-- This site is optimized with the Yoast SEO Premium plugin v26.3 (Yoast SEO v26.3) - https:\/\/yoast.com\/wordpress\/plugins\/seo\/ -->\n<title>Louer un bus - louer un bus avec chauffeur pour votre voyage en groupe<\/title>\n<meta name=\"description\" content=\"Affr\u00e9ter un bus pour un voyage individuel ou pour son propre \u00e9v\u00e9nement. C&#039;est le soutien id\u00e9al. Louer un bus avec chauffeur maintenant!\" \/>\n<meta name=\"robots\" content=\"index, follow, max-snippet:-1, max-image-preview:large, max-video-preview:-1\" \/>\n<link rel=\"canonical\" href=\"https:\/\/www.schneider-chauffeur.de\/fr\/bus-service\/affretement-de-bus\/\" \/>\n<meta property=\"og:locale\" content=\"fr_FR\" \/>\n<meta property=\"og:type\" content=\"article\" \/>\n<meta property=\"og:title\" content=\"Affr\u00e8tement de bus\" \/>\n<meta property=\"og:description\" content=\"Affr\u00e9ter un bus pour un voyage individuel ou pour son propre \u00e9v\u00e9nement. C&#039;est le soutien id\u00e9al. Louer un bus avec chauffeur maintenant!\" \/>\n<meta property=\"og:url\" content=\"https:\/\/www.schneider-chauffeur.de\/fr\/bus-service\/affretement-de-bus\/\" \/>\n<meta property=\"og:site_name\" content=\"Schneider Chauffeurservice \u2013 Gesch\u00e4ftsreisen mit h\u00f6chstem Komfort\" \/>\n<meta property=\"article:publisher\" content=\"https:\/\/www.facebook.com\/SchneiderChauffeurservice\" \/>\n<meta property=\"article:modified_time\" content=\"2023-09-15T16:36:18+00:00\" \/>\n<meta property=\"og:image\" content=\"https:\/\/www.schneider-chauffeur.de\/app\/uploads\/2022\/11\/Charterbus_Schneider_Chauffeurservice.jpg\" \/>\n\t<meta property=\"og:image:width\" content=\"1800\" \/>\n\t<meta property=\"og:image:height\" content=\"542\" \/>\n\t<meta property=\"og:image:type\" content=\"image\/jpeg\" \/>\n<meta name=\"twitter:card\" content=\"summary_large_image\" \/>\n<meta name=\"twitter:label1\" content=\"Est. reading time\" \/>\n\t<meta name=\"twitter:data1\" content=\"7 minutes\" \/>\n<script type=\"application\/ld+json\" class=\"yoast-schema-graph\">{\"@context\":\"https:\/\/schema.org\",\"@graph\":[{\"@type\":\"WebPage\",\"@id\":\"https:\/\/www.schneider-chauffeur.de\/fr\/bus-service\/affretement-de-bus\/\",\"url\":\"https:\/\/www.schneider-chauffeur.de\/fr\/bus-service\/affretement-de-bus\/\",\"name\":\"Louer un bus - louer un bus avec chauffeur pour votre voyage en groupe\",\"isPartOf\":{\"@id\":\"https:\/\/www.schneider-chauffeur.de\/fr\/#website\"},\"primaryImageOfPage\":{\"@id\":\"https:\/\/www.schneider-chauffeur.de\/fr\/bus-service\/affretement-de-bus\/#primaryimage\"},\"image\":{\"@id\":\"https:\/\/www.schneider-chauffeur.de\/fr\/bus-service\/affretement-de-bus\/#primaryimage\"},\"thumbnailUrl\":\"https:\/\/www.schneider-chauffeur.de\/app\/uploads\/2022\/08\/interior-sprinter-bus-300x229.jpg\",\"datePublished\":\"2022-11-02T19:17:59+00:00\",\"dateModified\":\"2023-09-15T16:36:18+00:00\",\"description\":\"Affr\u00e9ter un bus pour un voyage individuel ou pour son propre \u00e9v\u00e9nement. C'est le soutien id\u00e9al. Louer un bus avec chauffeur maintenant!\",\"breadcrumb\":{\"@id\":\"https:\/\/www.schneider-chauffeur.de\/fr\/bus-service\/affretement-de-bus\/#breadcrumb\"},\"inLanguage\":\"fr-FR\",\"potentialAction\":[{\"@type\":\"ReadAction\",\"target\":[\"https:\/\/www.schneider-chauffeur.de\/fr\/bus-service\/affretement-de-bus\/\"]}]},{\"@type\":\"ImageObject\",\"inLanguage\":\"fr-FR\",\"@id\":\"https:\/\/www.schneider-chauffeur.de\/fr\/bus-service\/affretement-de-bus\/#primaryimage\",\"url\":\"https:\/\/www.schneider-chauffeur.de\/app\/uploads\/2022\/08\/interior-sprinter-bus-300x229.jpg\",\"contentUrl\":\"https:\/\/www.schneider-chauffeur.de\/app\/uploads\/2022\/08\/interior-sprinter-bus-300x229.jpg\"},{\"@type\":\"BreadcrumbList\",\"@id\":\"https:\/\/www.schneider-chauffeur.de\/fr\/bus-service\/affretement-de-bus\/#breadcrumb\",\"itemListElement\":[{\"@type\":\"ListItem\",\"position\":1,\"name\":\"Page d\u2019accueil\",\"item\":\"https:\/\/www.schneider-chauffeur.de\/fr\/\"},{\"@type\":\"ListItem\",\"position\":2,\"name\":\"Service de location d\u2019autobus\u2013 affr\u00e9ter un autobus pour un \u00e9v\u00e8nement, un salon ou toute autre manifestation\",\"item\":\"https:\/\/www.schneider-chauffeur.de\/fr\/bus-service\/\"},{\"@type\":\"ListItem\",\"position\":3,\"name\":\"Affr\u00e8tement de bus\"}]},{\"@type\":\"WebSite\",\"@id\":\"https:\/\/www.schneider-chauffeur.de\/fr\/#website\",\"url\":\"https:\/\/www.schneider-chauffeur.de\/fr\/\",\"name\":\"Schneider Chauffeurservice \u2013 Gesch\u00e4ftsreisen mit h\u00f6chstem Komfort\",\"description\":\"\",\"publisher\":{\"@id\":\"https:\/\/www.schneider-chauffeur.de\/fr\/#organization\"},\"potentialAction\":[{\"@type\":\"SearchAction\",\"target\":{\"@type\":\"EntryPoint\",\"urlTemplate\":\"https:\/\/www.schneider-chauffeur.de\/fr\/?s={search_term_string}\"},\"query-input\":{\"@type\":\"PropertyValueSpecification\",\"valueRequired\":true,\"valueName\":\"search_term_string\"}}],\"inLanguage\":\"fr-FR\"},{\"@type\":[\"Organization\",\"Place\"],\"@id\":\"https:\/\/www.schneider-chauffeur.de\/fr\/#organization\",\"name\":\"Schneider Chauffeurservice\",\"url\":\"https:\/\/www.schneider-chauffeur.de\/fr\/\",\"logo\":{\"@id\":\"https:\/\/www.schneider-chauffeur.de\/fr\/bus-service\/affretement-de-bus\/#local-main-organization-logo\"},\"image\":{\"@id\":\"https:\/\/www.schneider-chauffeur.de\/fr\/bus-service\/affretement-de-bus\/#local-main-organization-logo\"},\"sameAs\":[\"https:\/\/www.facebook.com\/SchneiderChauffeurservice\",\"https:\/\/www.linkedin.com\/company\/schneider-chauffeurservice\/\",\"https:\/\/www.instagram.com\/schneider_chauffeurservice\/\"],\"legalName\":\"Schneider Chauffeurservice\",\"numberOfEmployees\":{\"@type\":\"QuantitativeValue\",\"minValue\":\"11\",\"maxValue\":\"50\"},\"address\":{\"@id\":\"https:\/\/www.schneider-chauffeur.de\/fr\/bus-service\/affretement-de-bus\/#local-main-place-address\"},\"telephone\":[\"+49 20185892980\"],\"contactPoint\":{\"@type\":\"ContactPoint\",\"telephone\":\"+49 20185892980\",\"email\":\"info@schneider-chauffeur.de\"},\"openingHoursSpecification\":[{\"@type\":\"OpeningHoursSpecification\",\"dayOfWeek\":[\"Monday\",\"Tuesday\",\"Wednesday\",\"Thursday\",\"Friday\",\"Saturday\",\"Sunday\"],\"opens\":\"09:00\",\"closes\":\"17:00\"}],\"email\":\"info@schneider-chauffeur.de\",\"faxNumber\":\"Schneider Chauffeurservice\",\"areaServed\":\"Germany\"},{\"@type\":\"PostalAddress\",\"@id\":\"https:\/\/www.schneider-chauffeur.de\/fr\/bus-service\/affretement-de-bus\/#local-main-place-address\",\"streetAddress\":\"Hohenzollernstr. 24\",\"addressLocality\":\"Essen\",\"postalCode\":\"45128\",\"addressCountry\":\"DE\"},{\"@type\":\"ImageObject\",\"inLanguage\":\"fr-FR\",\"@id\":\"https:\/\/www.schneider-chauffeur.de\/fr\/bus-service\/affretement-de-bus\/#local-main-organization-logo\",\"url\":\"https:\/\/cdn.schneider-chauffeur.de\/app\/uploads\/2019\/08\/logo-schneider-chauffeur-service.svg\",\"contentUrl\":\"https:\/\/cdn.schneider-chauffeur.de\/app\/uploads\/2019\/08\/logo-schneider-chauffeur-service.svg\",\"caption\":\"Schneider Chauffeurservice\"}]}<\/script>\n<meta name=\"geo.placename\" content=\"Essen\" \/>\n<meta name=\"geo.region\" content=\"Germany\" \/>\n<!-- \/ Yoast SEO Premium plugin. -->","yoast_head_json":{"title":"Louer un bus - louer un bus avec chauffeur pour votre voyage en groupe","description":"Affr\u00e9ter un bus pour un voyage individuel ou pour son propre \u00e9v\u00e9nement. C'est le soutien id\u00e9al. Louer un bus avec chauffeur maintenant!","robots":{"index":"index","follow":"follow","max-snippet":"max-snippet:-1","max-image-preview":"max-image-preview:large","max-video-preview":"max-video-preview:-1"},"canonical":"https:\/\/www.schneider-chauffeur.de\/fr\/bus-service\/affretement-de-bus\/","og_locale":"fr_FR","og_type":"article","og_title":"Affr\u00e8tement de bus","og_description":"Affr\u00e9ter un bus pour un voyage individuel ou pour son propre \u00e9v\u00e9nement. C'est le soutien id\u00e9al. Louer un bus avec chauffeur maintenant!","og_url":"https:\/\/www.schneider-chauffeur.de\/fr\/bus-service\/affretement-de-bus\/","og_site_name":"Schneider Chauffeurservice \u2013 Gesch\u00e4ftsreisen mit h\u00f6chstem Komfort","article_publisher":"https:\/\/www.facebook.com\/SchneiderChauffeurservice","article_modified_time":"2023-09-15T16:36:18+00:00","og_image":[{"width":1800,"height":542,"url":"https:\/\/www.schneider-chauffeur.de\/app\/uploads\/2022\/11\/Charterbus_Schneider_Chauffeurservice.jpg","type":"image\/jpeg"}],"twitter_card":"summary_large_image","twitter_misc":{"Est. reading time":"7 minutes"},"schema":{"@context":"https:\/\/schema.org","@graph":[{"@type":"WebPage","@id":"https:\/\/www.schneider-chauffeur.de\/fr\/bus-service\/affretement-de-bus\/","url":"https:\/\/www.schneider-chauffeur.de\/fr\/bus-service\/affretement-de-bus\/","name":"Louer un bus - louer un bus avec chauffeur pour votre voyage en groupe","isPartOf":{"@id":"https:\/\/www.schneider-chauffeur.de\/fr\/#website"},"primaryImageOfPage":{"@id":"https:\/\/www.schneider-chauffeur.de\/fr\/bus-service\/affretement-de-bus\/#primaryimage"},"image":{"@id":"https:\/\/www.schneider-chauffeur.de\/fr\/bus-service\/affretement-de-bus\/#primaryimage"},"thumbnailUrl":"https:\/\/www.schneider-chauffeur.de\/app\/uploads\/2022\/08\/interior-sprinter-bus-300x229.jpg","datePublished":"2022-11-02T19:17:59+00:00","dateModified":"2023-09-15T16:36:18+00:00","description":"Affr\u00e9ter un bus pour un voyage individuel ou pour son propre \u00e9v\u00e9nement. C'est le soutien id\u00e9al. Louer un bus avec chauffeur maintenant!","breadcrumb":{"@id":"https:\/\/www.schneider-chauffeur.de\/fr\/bus-service\/affretement-de-bus\/#breadcrumb"},"inLanguage":"fr-FR","potentialAction":[{"@type":"ReadAction","target":["https:\/\/www.schneider-chauffeur.de\/fr\/bus-service\/affretement-de-bus\/"]}]},{"@type":"ImageObject","inLanguage":"fr-FR","@id":"https:\/\/www.schneider-chauffeur.de\/fr\/bus-service\/affretement-de-bus\/#primaryimage","url":"https:\/\/www.schneider-chauffeur.de\/app\/uploads\/2022\/08\/interior-sprinter-bus-300x229.jpg","contentUrl":"https:\/\/www.schneider-chauffeur.de\/app\/uploads\/2022\/08\/interior-sprinter-bus-300x229.jpg"},{"@type":"BreadcrumbList","@id":"https:\/\/www.schneider-chauffeur.de\/fr\/bus-service\/affretement-de-bus\/#breadcrumb","itemListElement":[{"@type":"ListItem","position":1,"name":"Page d\u2019accueil","item":"https:\/\/www.schneider-chauffeur.de\/fr\/"},{"@type":"ListItem","position":2,"name":"Service de location d\u2019autobus\u2013 affr\u00e9ter un autobus pour un \u00e9v\u00e8nement, un salon ou toute autre manifestation","item":"https:\/\/www.schneider-chauffeur.de\/fr\/bus-service\/"},{"@type":"ListItem","position":3,"name":"Affr\u00e8tement de bus"}]},{"@type":"WebSite","@id":"https:\/\/www.schneider-chauffeur.de\/fr\/#website","url":"https:\/\/www.schneider-chauffeur.de\/fr\/","name":"Schneider Chauffeurservice \u2013 Gesch\u00e4ftsreisen mit h\u00f6chstem Komfort","description":"","publisher":{"@id":"https:\/\/www.schneider-chauffeur.de\/fr\/#organization"},"potentialAction":[{"@type":"SearchAction","target":{"@type":"EntryPoint","urlTemplate":"https:\/\/www.schneider-chauffeur.de\/fr\/?s={search_term_string}"},"query-input":{"@type":"PropertyValueSpecification","valueRequired":true,"valueName":"search_term_string"}}],"inLanguage":"fr-FR"},{"@type":["Organization","Place"],"@id":"https:\/\/www.schneider-chauffeur.de\/fr\/#organization","name":"Schneider Chauffeurservice","url":"https:\/\/www.schneider-chauffeur.de\/fr\/","logo":{"@id":"https:\/\/www.schneider-chauffeur.de\/fr\/bus-service\/affretement-de-bus\/#local-main-organization-logo"},"image":{"@id":"https:\/\/www.schneider-chauffeur.de\/fr\/bus-service\/affretement-de-bus\/#local-main-organization-logo"},"sameAs":["https:\/\/www.facebook.com\/SchneiderChauffeurservice","https:\/\/www.linkedin.com\/company\/schneider-chauffeurservice\/","https:\/\/www.instagram.com\/schneider_chauffeurservice\/"],"legalName":"Schneider Chauffeurservice","numberOfEmployees":{"@type":"QuantitativeValue","minValue":"11","maxValue":"50"},"address":{"@id":"https:\/\/www.schneider-chauffeur.de\/fr\/bus-service\/affretement-de-bus\/#local-main-place-address"},"telephone":["+49 20185892980"],"contactPoint":{"@type":"ContactPoint","telephone":"+49 20185892980","email":"info@schneider-chauffeur.de"},"openingHoursSpecification":[{"@type":"OpeningHoursSpecification","dayOfWeek":["Monday","Tuesday","Wednesday","Thursday","Friday","Saturday","Sunday"],"opens":"09:00","closes":"17:00"}],"email":"info@schneider-chauffeur.de","faxNumber":"Schneider Chauffeurservice","areaServed":"Germany"},{"@type":"PostalAddress","@id":"https:\/\/www.schneider-chauffeur.de\/fr\/bus-service\/affretement-de-bus\/#local-main-place-address","streetAddress":"Hohenzollernstr. 24","addressLocality":"Essen","postalCode":"45128","addressCountry":"DE"},{"@type":"ImageObject","inLanguage":"fr-FR","@id":"https:\/\/www.schneider-chauffeur.de\/fr\/bus-service\/affretement-de-bus\/#local-main-organization-logo","url":"https:\/\/cdn.schneider-chauffeur.de\/app\/uploads\/2019\/08\/logo-schneider-chauffeur-service.svg","contentUrl":"https:\/\/cdn.schneider-chauffeur.de\/app\/uploads\/2019\/08\/logo-schneider-chauffeur-service.svg","caption":"Schneider Chauffeurservice"}]},"geo.placename":"Essen","geo.region":"Germany"},"_links":{"self":[{"href":"https:\/\/www.schneider-chauffeur.de\/fr\/wp-json\/wp\/v2\/pages\/14881","targetHints":{"allow":["GET"]}}],"collection":[{"href":"https:\/\/www.schneider-chauffeur.de\/fr\/wp-json\/wp\/v2\/pages"}],"about":[{"href":"https:\/\/www.schneider-chauffeur.de\/fr\/wp-json\/wp\/v2\/types\/page"}],"author":[{"embeddable":true,"href":"https:\/\/www.schneider-chauffeur.de\/fr\/wp-json\/wp\/v2\/users\/3"}],"replies":[{"embeddable":true,"href":"https:\/\/www.schneider-chauffeur.de\/fr\/wp-json\/wp\/v2\/comments?post=14881"}],"version-history":[{"count":12,"href":"https:\/\/www.schneider-chauffeur.de\/fr\/wp-json\/wp\/v2\/pages\/14881\/revisions"}],"predecessor-version":[{"id":14975,"href":"https:\/\/www.schneider-chauffeur.de\/fr\/wp-json\/wp\/v2\/pages\/14881\/revisions\/14975"}],"up":[{"embeddable":true,"href":"https:\/\/www.schneider-chauffeur.de\/fr\/wp-json\/wp\/v2\/pages\/12121"}],"wp:attachment":[{"href":"https:\/\/www.schneider-chauffeur.de\/fr\/wp-json\/wp\/v2\/media?parent=14881"}],"curies":[{"name":"wp","href":"https:\/\/api.w.org\/{rel}","templated":true}]}}