{"id":13418,"date":"2022-09-26T10:16:11","date_gmt":"2022-09-26T08:16:11","guid":{"rendered":"https:\/\/www.schneider-chauffeur.de\/?page_id=13418"},"modified":"2025-08-26T15:57:24","modified_gmt":"2025-08-26T13:57:24","slug":"service-de-limousine-a-dortmund","status":"publish","type":"page","link":"https:\/\/www.schneider-chauffeur.de\/fr\/emplacements\/allemagne\/service-de-limousine-a-dortmund\/","title":{"rendered":"Service de limousine \u00e0 Dortmund"},"content":{"rendered":"<p>Bienvenue chez votre service de chauffeur et de limousine haut de gamme \u00e0 <strong>Dortmund<\/strong> et dans toute la r\u00e9gion de la Ruhr. Qu&#8217;il s&#8217;agisse d&#8217;un voyage d&#8217;affaires, d&#8217;un transfert a\u00e9roport ou d&#8217;une occasion sp\u00e9ciale, nous vous conduisons volontiers \u00e0 n&#8217;importe quel endroit de votre s\u00e9jour et vous proposons des solutions de mobilit\u00e9 sur mesure avec un maximum de confort et de discr\u00e9tion.<br \/>\n<!--more--><\/p>\n","protected":false},"excerpt":{"rendered":"<p>Bienvenue chez votre service de chauffeur et de limousine haut de gamme \u00e0 Dortmund et dans toute la r\u00e9gion de la Ruhr. Qu&#8217;il s&#8217;agisse d&#8217;un voyage d&#8217;affaires, d&#8217;un transfert a\u00e9roport ou d&#8217;une occasion sp\u00e9ciale, nous vous conduisons volontiers \u00e0 n&#8217;importe quel endroit de votre s\u00e9jour et vous proposons des solutions de mobilit\u00e9 sur mesure avec &hellip;<\/p>\n","protected":false},"author":2,"featured_media":0,"parent":31825,"menu_order":39,"comment_status":"closed","ping_status":"closed","template":"page-staedte-v2.php","meta":{"footnotes":""},"class_list":["post-13418","page","type-page","status-publish","hentry"],"yoast_head":"<!-- This site is optimized with the Yoast SEO Premium plugin v26.3 (Yoast SEO v26.3) - https:\/\/yoast.com\/wordpress\/plugins\/seo\/ -->\n<title>Service de chauffeur et de limousine \u00e0 Dortmund et dans la r\u00e9gion de la Ruhr<\/title>\n<meta name=\"description\" content=\"Gr\u00e2ce \u00e0 notre service de chauffeur confortable, vous voyagez rapidement et en toute s\u00e9curit\u00e9. Pour vos voyages d&#039;affaires et bien plus encore. Veuillez demander une offre d\u00e8s maintenant.\" \/>\n<meta name=\"robots\" content=\"index, follow, max-snippet:-1, max-image-preview:large, max-video-preview:-1\" \/>\n<link rel=\"canonical\" href=\"https:\/\/www.schneider-chauffeur.de\/fr\/emplacements\/allemagne\/service-de-limousine-a-dortmund\/\" \/>\n<meta property=\"og:locale\" content=\"fr_FR\" \/>\n<meta property=\"og:type\" content=\"article\" \/>\n<meta property=\"og:title\" content=\"Service de limousine \u00e0 Dortmund\" \/>\n<meta property=\"og:description\" content=\"Gr\u00e2ce \u00e0 notre service de chauffeur confortable, vous voyagez rapidement et en toute s\u00e9curit\u00e9. Pour vos voyages d&#039;affaires et bien plus encore. Veuillez demander une offre d\u00e8s maintenant.\" \/>\n<meta property=\"og:url\" content=\"https:\/\/www.schneider-chauffeur.de\/fr\/emplacements\/allemagne\/service-de-limousine-a-dortmund\/\" \/>\n<meta property=\"og:site_name\" content=\"Schneider Chauffeurservice \u2013 Gesch\u00e4ftsreisen mit h\u00f6chstem Komfort\" \/>\n<meta property=\"article:publisher\" content=\"https:\/\/www.facebook.com\/SchneiderChauffeurservice\" \/>\n<meta property=\"article:modified_time\" content=\"2025-08-26T13:57:24+00:00\" \/>\n<meta name=\"twitter:card\" content=\"summary_large_image\" \/>\n<meta name=\"twitter:label1\" content=\"Est. reading time\" \/>\n\t<meta name=\"twitter:data1\" content=\"1 minute\" \/>\n<script type=\"application\/ld+json\" class=\"yoast-schema-graph\">{\"@context\":\"https:\/\/schema.org\",\"@graph\":[{\"@type\":\"WebPage\",\"@id\":\"https:\/\/www.schneider-chauffeur.de\/fr\/emplacements\/allemagne\/service-de-limousine-a-dortmund\/\",\"url\":\"https:\/\/www.schneider-chauffeur.de\/fr\/emplacements\/allemagne\/service-de-limousine-a-dortmund\/\",\"name\":\"Service de chauffeur et de limousine \u00e0 Dortmund et dans la r\u00e9gion de la Ruhr\",\"isPartOf\":{\"@id\":\"https:\/\/www.schneider-chauffeur.de\/fr\/#website\"},\"datePublished\":\"2022-09-26T08:16:11+00:00\",\"dateModified\":\"2025-08-26T13:57:24+00:00\",\"description\":\"Gr\u00e2ce \u00e0 notre service de chauffeur confortable, vous voyagez rapidement et en toute s\u00e9curit\u00e9. Pour vos voyages d'affaires et bien plus encore. Veuillez demander une offre d\u00e8s maintenant.\",\"breadcrumb\":{\"@id\":\"https:\/\/www.schneider-chauffeur.de\/fr\/emplacements\/allemagne\/service-de-limousine-a-dortmund\/#breadcrumb\"},\"inLanguage\":\"fr-FR\",\"potentialAction\":[{\"@type\":\"ReadAction\",\"target\":[\"https:\/\/www.schneider-chauffeur.de\/fr\/emplacements\/allemagne\/service-de-limousine-a-dortmund\/\"]}]},{\"@type\":\"BreadcrumbList\",\"@id\":\"https:\/\/www.schneider-chauffeur.de\/fr\/emplacements\/allemagne\/service-de-limousine-a-dortmund\/#breadcrumb\",\"itemListElement\":[{\"@type\":\"ListItem\",\"position\":1,\"name\":\"Page d\u2019accueil\",\"item\":\"https:\/\/www.schneider-chauffeur.de\/fr\/\"},{\"@type\":\"ListItem\",\"position\":2,\"name\":\"Emplacements\",\"item\":\"https:\/\/www.schneider-chauffeur.de\/fr\/emplacements\/\"},{\"@type\":\"ListItem\",\"position\":3,\"name\":\"Service de limousine en Allemagne\",\"item\":\"https:\/\/www.schneider-chauffeur.de\/fr\/emplacements\/allemagne\/\"},{\"@type\":\"ListItem\",\"position\":4,\"name\":\"Service de limousine \u00e0 Dortmund\"}]},{\"@type\":\"WebSite\",\"@id\":\"https:\/\/www.schneider-chauffeur.de\/fr\/#website\",\"url\":\"https:\/\/www.schneider-chauffeur.de\/fr\/\",\"name\":\"Schneider Chauffeurservice \u2013 Gesch\u00e4ftsreisen mit h\u00f6chstem Komfort\",\"description\":\"\",\"publisher\":{\"@id\":\"https:\/\/www.schneider-chauffeur.de\/fr\/#organization\"},\"potentialAction\":[{\"@type\":\"SearchAction\",\"target\":{\"@type\":\"EntryPoint\",\"urlTemplate\":\"https:\/\/www.schneider-chauffeur.de\/fr\/?s={search_term_string}\"},\"query-input\":{\"@type\":\"PropertyValueSpecification\",\"valueRequired\":true,\"valueName\":\"search_term_string\"}}],\"inLanguage\":\"fr-FR\"},{\"@type\":[\"Organization\",\"Place\"],\"@id\":\"https:\/\/www.schneider-chauffeur.de\/fr\/#organization\",\"name\":\"Schneider Chauffeurservice\",\"url\":\"https:\/\/www.schneider-chauffeur.de\/fr\/\",\"logo\":{\"@id\":\"https:\/\/www.schneider-chauffeur.de\/fr\/emplacements\/allemagne\/service-de-limousine-a-dortmund\/#local-main-organization-logo\"},\"image\":{\"@id\":\"https:\/\/www.schneider-chauffeur.de\/fr\/emplacements\/allemagne\/service-de-limousine-a-dortmund\/#local-main-organization-logo\"},\"sameAs\":[\"https:\/\/www.facebook.com\/SchneiderChauffeurservice\",\"https:\/\/www.linkedin.com\/company\/schneider-chauffeurservice\/\",\"https:\/\/www.instagram.com\/schneider_chauffeurservice\/\"],\"legalName\":\"Schneider Chauffeurservice\",\"numberOfEmployees\":{\"@type\":\"QuantitativeValue\",\"minValue\":\"11\",\"maxValue\":\"50\"},\"address\":{\"@id\":\"https:\/\/www.schneider-chauffeur.de\/fr\/emplacements\/allemagne\/service-de-limousine-a-dortmund\/#local-main-place-address\"},\"telephone\":[\"+49 20185892980\"],\"contactPoint\":{\"@type\":\"ContactPoint\",\"telephone\":\"+49 20185892980\",\"email\":\"info@schneider-chauffeur.de\"},\"openingHoursSpecification\":[{\"@type\":\"OpeningHoursSpecification\",\"dayOfWeek\":[\"Monday\",\"Tuesday\",\"Wednesday\",\"Thursday\",\"Friday\",\"Saturday\",\"Sunday\"],\"opens\":\"09:00\",\"closes\":\"17:00\"}],\"email\":\"info@schneider-chauffeur.de\",\"faxNumber\":\"Schneider Chauffeurservice\",\"areaServed\":\"Germany\"},{\"@type\":\"PostalAddress\",\"@id\":\"https:\/\/www.schneider-chauffeur.de\/fr\/emplacements\/allemagne\/service-de-limousine-a-dortmund\/#local-main-place-address\",\"streetAddress\":\"Hohenzollernstr. 24\",\"addressLocality\":\"Essen\",\"postalCode\":\"45128\",\"addressCountry\":\"DE\"},{\"@type\":\"ImageObject\",\"inLanguage\":\"fr-FR\",\"@id\":\"https:\/\/www.schneider-chauffeur.de\/fr\/emplacements\/allemagne\/service-de-limousine-a-dortmund\/#local-main-organization-logo\",\"url\":\"https:\/\/cdn.schneider-chauffeur.de\/app\/uploads\/2019\/08\/logo-schneider-chauffeur-service.svg\",\"contentUrl\":\"https:\/\/cdn.schneider-chauffeur.de\/app\/uploads\/2019\/08\/logo-schneider-chauffeur-service.svg\",\"caption\":\"Schneider Chauffeurservice\"}]}<\/script>\n<meta name=\"geo.placename\" content=\"Essen\" \/>\n<meta name=\"geo.region\" content=\"Germany\" \/>\n<!-- \/ Yoast SEO Premium plugin. -->","yoast_head_json":{"title":"Service de chauffeur et de limousine \u00e0 Dortmund et dans la r\u00e9gion de la Ruhr","description":"Gr\u00e2ce \u00e0 notre service de chauffeur confortable, vous voyagez rapidement et en toute s\u00e9curit\u00e9. Pour vos voyages d'affaires et bien plus encore. Veuillez demander une offre d\u00e8s maintenant.","robots":{"index":"index","follow":"follow","max-snippet":"max-snippet:-1","max-image-preview":"max-image-preview:large","max-video-preview":"max-video-preview:-1"},"canonical":"https:\/\/www.schneider-chauffeur.de\/fr\/emplacements\/allemagne\/service-de-limousine-a-dortmund\/","og_locale":"fr_FR","og_type":"article","og_title":"Service de limousine \u00e0 Dortmund","og_description":"Gr\u00e2ce \u00e0 notre service de chauffeur confortable, vous voyagez rapidement et en toute s\u00e9curit\u00e9. Pour vos voyages d'affaires et bien plus encore. Veuillez demander une offre d\u00e8s maintenant.","og_url":"https:\/\/www.schneider-chauffeur.de\/fr\/emplacements\/allemagne\/service-de-limousine-a-dortmund\/","og_site_name":"Schneider Chauffeurservice \u2013 Gesch\u00e4ftsreisen mit h\u00f6chstem Komfort","article_publisher":"https:\/\/www.facebook.com\/SchneiderChauffeurservice","article_modified_time":"2025-08-26T13:57:24+00:00","twitter_card":"summary_large_image","twitter_misc":{"Est. reading time":"1 minute"},"schema":{"@context":"https:\/\/schema.org","@graph":[{"@type":"WebPage","@id":"https:\/\/www.schneider-chauffeur.de\/fr\/emplacements\/allemagne\/service-de-limousine-a-dortmund\/","url":"https:\/\/www.schneider-chauffeur.de\/fr\/emplacements\/allemagne\/service-de-limousine-a-dortmund\/","name":"Service de chauffeur et de limousine \u00e0 Dortmund et dans la r\u00e9gion de la Ruhr","isPartOf":{"@id":"https:\/\/www.schneider-chauffeur.de\/fr\/#website"},"datePublished":"2022-09-26T08:16:11+00:00","dateModified":"2025-08-26T13:57:24+00:00","description":"Gr\u00e2ce \u00e0 notre service de chauffeur confortable, vous voyagez rapidement et en toute s\u00e9curit\u00e9. Pour vos voyages d'affaires et bien plus encore. Veuillez demander une offre d\u00e8s maintenant.","breadcrumb":{"@id":"https:\/\/www.schneider-chauffeur.de\/fr\/emplacements\/allemagne\/service-de-limousine-a-dortmund\/#breadcrumb"},"inLanguage":"fr-FR","potentialAction":[{"@type":"ReadAction","target":["https:\/\/www.schneider-chauffeur.de\/fr\/emplacements\/allemagne\/service-de-limousine-a-dortmund\/"]}]},{"@type":"BreadcrumbList","@id":"https:\/\/www.schneider-chauffeur.de\/fr\/emplacements\/allemagne\/service-de-limousine-a-dortmund\/#breadcrumb","itemListElement":[{"@type":"ListItem","position":1,"name":"Page d\u2019accueil","item":"https:\/\/www.schneider-chauffeur.de\/fr\/"},{"@type":"ListItem","position":2,"name":"Emplacements","item":"https:\/\/www.schneider-chauffeur.de\/fr\/emplacements\/"},{"@type":"ListItem","position":3,"name":"Service de limousine en Allemagne","item":"https:\/\/www.schneider-chauffeur.de\/fr\/emplacements\/allemagne\/"},{"@type":"ListItem","position":4,"name":"Service de limousine \u00e0 Dortmund"}]},{"@type":"WebSite","@id":"https:\/\/www.schneider-chauffeur.de\/fr\/#website","url":"https:\/\/www.schneider-chauffeur.de\/fr\/","name":"Schneider Chauffeurservice \u2013 Gesch\u00e4ftsreisen mit h\u00f6chstem Komfort","description":"","publisher":{"@id":"https:\/\/www.schneider-chauffeur.de\/fr\/#organization"},"potentialAction":[{"@type":"SearchAction","target":{"@type":"EntryPoint","urlTemplate":"https:\/\/www.schneider-chauffeur.de\/fr\/?s={search_term_string}"},"query-input":{"@type":"PropertyValueSpecification","valueRequired":true,"valueName":"search_term_string"}}],"inLanguage":"fr-FR"},{"@type":["Organization","Place"],"@id":"https:\/\/www.schneider-chauffeur.de\/fr\/#organization","name":"Schneider Chauffeurservice","url":"https:\/\/www.schneider-chauffeur.de\/fr\/","logo":{"@id":"https:\/\/www.schneider-chauffeur.de\/fr\/emplacements\/allemagne\/service-de-limousine-a-dortmund\/#local-main-organization-logo"},"image":{"@id":"https:\/\/www.schneider-chauffeur.de\/fr\/emplacements\/allemagne\/service-de-limousine-a-dortmund\/#local-main-organization-logo"},"sameAs":["https:\/\/www.facebook.com\/SchneiderChauffeurservice","https:\/\/www.linkedin.com\/company\/schneider-chauffeurservice\/","https:\/\/www.instagram.com\/schneider_chauffeurservice\/"],"legalName":"Schneider Chauffeurservice","numberOfEmployees":{"@type":"QuantitativeValue","minValue":"11","maxValue":"50"},"address":{"@id":"https:\/\/www.schneider-chauffeur.de\/fr\/emplacements\/allemagne\/service-de-limousine-a-dortmund\/#local-main-place-address"},"telephone":["+49 20185892980"],"contactPoint":{"@type":"ContactPoint","telephone":"+49 20185892980","email":"info@schneider-chauffeur.de"},"openingHoursSpecification":[{"@type":"OpeningHoursSpecification","dayOfWeek":["Monday","Tuesday","Wednesday","Thursday","Friday","Saturday","Sunday"],"opens":"09:00","closes":"17:00"}],"email":"info@schneider-chauffeur.de","faxNumber":"Schneider Chauffeurservice","areaServed":"Germany"},{"@type":"PostalAddress","@id":"https:\/\/www.schneider-chauffeur.de\/fr\/emplacements\/allemagne\/service-de-limousine-a-dortmund\/#local-main-place-address","streetAddress":"Hohenzollernstr. 24","addressLocality":"Essen","postalCode":"45128","addressCountry":"DE"},{"@type":"ImageObject","inLanguage":"fr-FR","@id":"https:\/\/www.schneider-chauffeur.de\/fr\/emplacements\/allemagne\/service-de-limousine-a-dortmund\/#local-main-organization-logo","url":"https:\/\/cdn.schneider-chauffeur.de\/app\/uploads\/2019\/08\/logo-schneider-chauffeur-service.svg","contentUrl":"https:\/\/cdn.schneider-chauffeur.de\/app\/uploads\/2019\/08\/logo-schneider-chauffeur-service.svg","caption":"Schneider Chauffeurservice"}]},"geo.placename":"Essen","geo.region":"Germany"},"_links":{"self":[{"href":"https:\/\/www.schneider-chauffeur.de\/fr\/wp-json\/wp\/v2\/pages\/13418","targetHints":{"allow":["GET"]}}],"collection":[{"href":"https:\/\/www.schneider-chauffeur.de\/fr\/wp-json\/wp\/v2\/pages"}],"about":[{"href":"https:\/\/www.schneider-chauffeur.de\/fr\/wp-json\/wp\/v2\/types\/page"}],"author":[{"embeddable":true,"href":"https:\/\/www.schneider-chauffeur.de\/fr\/wp-json\/wp\/v2\/users\/2"}],"replies":[{"embeddable":true,"href":"https:\/\/www.schneider-chauffeur.de\/fr\/wp-json\/wp\/v2\/comments?post=13418"}],"version-history":[{"count":12,"href":"https:\/\/www.schneider-chauffeur.de\/fr\/wp-json\/wp\/v2\/pages\/13418\/revisions"}],"predecessor-version":[{"id":13521,"href":"https:\/\/www.schneider-chauffeur.de\/fr\/wp-json\/wp\/v2\/pages\/13418\/revisions\/13521"}],"up":[{"embeddable":true,"href":"https:\/\/www.schneider-chauffeur.de\/fr\/wp-json\/wp\/v2\/pages\/31825"}],"wp:attachment":[{"href":"https:\/\/www.schneider-chauffeur.de\/fr\/wp-json\/wp\/v2\/media?parent=13418"}],"curies":[{"name":"wp","href":"https:\/\/api.w.org\/{rel}","templated":true}]}}