{"id":12121,"date":"2022-08-29T11:09:44","date_gmt":"2022-08-29T09:09:44","guid":{"rendered":"https:\/\/www.schneider-chauffeur.de\/?page_id=12121"},"modified":"2023-09-15T14:55:30","modified_gmt":"2023-09-15T12:55:30","slug":"bus-service","status":"publish","type":"page","link":"https:\/\/www.schneider-chauffeur.de\/fr\/bus-service\/","title":{"rendered":"Service de location d\u2019autobus\u2013 affr\u00e9ter un autobus pour un \u00e9v\u00e8nement, un salon ou toute autre manifestation"},"content":{"rendered":"<p><img loading=\"lazy\" decoding=\"async\" class=\"alignright size-medium wp-image-12153\" src=\"https:\/\/www.schneider-chauffeur.de\/app\/uploads\/2022\/08\/bus-chartern-betriebsreise-300x229.jpg\" alt=\"\" width=\"300\" height=\"229\" srcset=\"https:\/\/cdn.schneider-chauffeur.de\/app\/uploads\/2022\/08\/bus-chartern-betriebsreise-300x229.jpg 300w, https:\/\/cdn.schneider-chauffeur.de\/app\/uploads\/2022\/08\/bus-chartern-betriebsreise-600x459.jpg 600w, https:\/\/cdn.schneider-chauffeur.de\/app\/uploads\/2022\/08\/bus-chartern-betriebsreise.jpg 768w\" sizes=\"auto, (max-width: 300px) 100vw, 300px\" \/>Vous recherchez un service de transport confortable et d\u00e9finitivement haut de gamme pour un grand groupe de personnes\u00a0? Vous trouverez en notre service de location d\u2019autobus le soutien parfait pour votre projet d\u2019\u00e9v\u00e8nement ou de voyage. Qu\u2019il vous faille une navette pour un congr\u00e8s, un salon ou tout autre \u00e9v\u00e8nement, pour une excursion d\u2019entreprise inoubliable ou un voyage de r\u00e9compense\u00a0: nous assurons le transfert des personnes et veillons \u00e0 un trajet agr\u00e9able, enti\u00e8rement con\u00e7u pour satisfaire les attentes de vos h\u00f4tes et de votre \u00e9quipe. En effet, vous pouvez bien s\u00fbr compter sur un service de premi\u00e8re cat\u00e9gorie lorsque vous affr\u00e9tez un autobus chez nous, identique au niveau de notre <a href=\"https:\/\/www.schneider-chauffeur.de\/fr\/service\/service-de-limousine\/\">service limousine<\/a> de luxe.<\/p>\n<p>N\u2019h\u00e9sitez pas \u00e0 nous contacter pour nous faire part de vos souhaits concrets de sorte que nous puissions proc\u00e9der aux d\u00e9marches n\u00e9cessaires \u00e0 leur r\u00e9alisation.<\/p>\n<p><a class=\"button\" href=\"https:\/\/www.schneider-chauffeur.de\/fr\/demande-de-service-de-bus\/\">Se faire conseiller d\u00e8s maintenant<\/a><br \/>\n<!--more--><br \/>\nSi vous voulez impressionner vos partenaires par un service sp\u00e9cial ou \u00eates \u00e0 la recherche d\u2019une solution praticable pour un voyage de groupe, vous pouvez affr\u00e9ter votre autobus entre autres aux fins suivantes\u00a0:<\/p>\n<div style=\"padding: 30px; margin: 20px 0; background: #EFEFEF;\">\n<ul>\n<li>Service navette pour congr\u00e8s, salons et \u00e9v\u00e8nements d\u2019entreprise<\/li>\n<li>Transfert a\u00e9roport<\/li>\n<li>Excursions d\u2019entreprise et longs voyages d\u2019affaires avec une \u00e9quipe importante<\/li>\n<li>Voyages de r\u00e9compense et retraites de ressourcement<\/li>\n<li>Transfert des invit\u00e9s \u00e0 une r\u00e9ception de mariage et autres \u00e9v\u00e8nements particuliers d\u2019ordre priv\u00e9<\/li>\n<li>Planification et r\u00e9alisation du trafic d\u2019usine, par exemple d\u2019un service de navette quotidien assurant la liaison \u00e0 la gare ou \u00e0 l\u2019a\u00e9roport pour vos collaborateurs et collaboratrices<\/li>\n<\/ul>\n<\/div>\n<p>Souhaitez-vous offrir un voyage particuli\u00e8rement luxueux \u00e0 vos h\u00f4tes ou le temps joue-t-il pour vous un r\u00f4le central\u00a0? Si tel est le cas, sachez que nous pouvons \u00e0 tout moment combiner notre service de location d\u2019autobus \u00e0 un vol priv\u00e9 et coordonner avec pr\u00e9cision les \u00e9tapes du voyage pour exclure toute perte de temps. Gr\u00e2ce notre courtier interne d\u2019aviation priv\u00e9e <a href=\"https:\/\/www.schneider-aviation.com\" target=\"_blank\" rel=\"noopener\">Schneider Aviation<\/a>, nous sommes en \u00e9troite coop\u00e9ration avec un vaste r\u00e9seau de prestataires de jets priv\u00e9s et vous organisons le voyage int\u00e9gral. Vous b\u00e9n\u00e9ficiez, quant \u00e0 vous, d\u2019un seul interlocuteur direct, c\u2019est-\u00e0-dire nous-m\u00eames.<\/p>\n<p><a class=\"button\" href=\"https:\/\/www.schneider-chauffeur.de\/fr\/demande-de-service-de-bus\/\">Contacter maintenant<\/a><\/p>\n<div style=\"padding: 30px; margin: 20px 0; background: #EFEFEF;\">\n<h2>Important \u00e0 savoir\u00a0: la r\u00e9glementation l\u00e9gale pour les voyages en autobus<\/h2>\n<p>Il est crucial de convenir d\u2019accords pr\u00e9cis, et ce surtout lorsque le temps joue un r\u00f4le essentiel. D\u2019autant plus que nous, comme tous les autres prestataires de notre secteur, devons respecter les prescriptions l\u00e9gales en mati\u00e8re de dur\u00e9e de conduite. Une pause d\u2019au moins 45\u00a0minutes doit par exemple \u00eatre pr\u00e9vue au plus tard au bout de 4 heures et demie de conduite ininterrompue et la dur\u00e9e maximale de conduite par jour est de 9\u00a0heures. \u00c0 ceci s\u2019ajoutent d\u2019autres r\u00e8gles que nous serons heureux d\u2019aborder avec vous du moment qu\u2019elles concerneront les pr\u00e9paratifs de votre voyage. Suivant la situation, nous avons bien s\u00fbr la possibilit\u00e9 de pr\u00e9voir d\u00e8s le d\u00e9but plusieurs conducteurs qui se relaieront au volant.<\/p>\n<\/div>\n<h2>Voyages en autobus avec le Schneider Chauffeurservice\u00a0: vos avantages<\/h2>\n<p>L\u2019organisation de votre voyage en autobus et d\u2019autres options avec le Schneider Chauffeurservice offre des avantages essentiels \u00e0 votre soci\u00e9t\u00e9\u00a0:<\/p>\n<div style=\"padding: 30px; margin: 20px 0; background: #EFEFEF;\">\n<ul>\n<li><strong>Un contact direct et personnel<\/strong><br \/>\nVous b\u00e9n\u00e9ficiez toujours d\u2019un conseil optimal en ayant un interlocuteur central, et ce surtout si vous avez recours \u00e0 notre service de navette dans la dur\u00e9e et que plusieurs conducteurs travaillent pour vous ou que le voyage en autobus fait partie d\u2019un projet plus vaste.<\/li>\n<li><strong>Fiabilit\u00e9<\/strong><br \/>\nNos conducteurs et nos v\u00e9hicules vous assistent en toute fiabilit\u00e9. Gr\u00e2ce \u00e0 une forte \u00e9quipe en travail post\u00e9 et un vaste r\u00e9seau de partenaires et de succursales, nous sommes \u00e0 m\u00eame de toujours proposer les capacit\u00e9s de voyage adapt\u00e9es en Europe et au-del\u00e0.<\/li>\n<li><strong>Un back-office comp\u00e9tent pour l\u2019organisation et les recherches<\/strong><br \/>\nNos conducteurs sont assist\u00e9s en permanence par un back-office comp\u00e9tent. Ainsi, les questions d\u2019organisation sont rapidement clarifi\u00e9es et nous veillons \u00e0 toujours anticiper en fonction des diff\u00e9rentes prescriptions nationales et d\u2019autres modalit\u00e9s.<\/li>\n<li><strong>Formation s\u00e9curit\u00e9 de conduite<\/strong><br \/>\nDe hautes aptitudes de conduite pouvant \u00eatre requises suivant les situations \u00e0 ma\u00eetriser sur la route, nous assurons la formation permanente de nos conducteurs par le biais d\u2019organismes de formation. Ils b\u00e9n\u00e9ficient ainsi du meilleur entra\u00eenement et sont pr\u00e9par\u00e9s aux situations les plus diverses.<\/li>\n<li><strong>De longues ann\u00e9es d\u2019exp\u00e9rience dans la prise en charge d\u2019\u00e9quipes de haut niveau hi\u00e9rarchique et de VIPs<\/strong><br \/>\nNous travaillons pour des personnalit\u00e9s importantes depuis de longues ann\u00e9es et sommes donc parfaitement au fait des hautes exigences qui s\u2019imposent dans ce cadre.<\/li>\n<li><strong>Loyaut\u00e9 et discr\u00e9tion<\/strong><br \/>\nDes valeurs \u00e9videntes pour tous nos conducteurs. Aucune information interne ou personnelle ne sort du v\u00e9hicule.<\/li>\n<\/ul>\n<\/div>\n<h2>R\u00e9servez maintenant notre service de location d\u2019autobus \u2013 en Allemagne et au-del\u00e0<\/h2>\n<p>Nous sommes toujours pr\u00eats \u00e0 vous \u00e9pauler avec notre service de location d\u2019autobus, que ce soit sur le territoire allemand ou hors de nos fronti\u00e8res. N\u2019h\u00e9sitez pas \u00e0 nous contacter pour que nous clarifions les d\u00e9tails et puissions aborder l\u2019organisation concr\u00e8te du voyage. En affr\u00e9tant votre autobus chez nous, vous savez que vos pr\u00e9paratifs de voyage sont entre de bonnes mains, vous laissant toute libert\u00e9 de vous concentrer sur les autres aspects de votre projet.<\/p>\n<p><a class=\"button\" style=\"max-width: 400px;\" href=\"https:\/\/www.schneider-chauffeur.de\/fr\/demande-de-service-de-bus\/\">R\u00e9server maintenant le service autobus <\/a><\/p>\n","protected":false},"excerpt":{"rendered":"<p>Vous recherchez un service de transport confortable et d\u00e9finitivement haut de gamme pour un grand groupe de personnes\u00a0? Vous trouverez en notre service de location d\u2019autobus le soutien parfait pour votre projet d\u2019\u00e9v\u00e8nement ou de voyage. Qu\u2019il vous faille une navette pour un congr\u00e8s, un salon ou tout autre \u00e9v\u00e8nement, pour une excursion d\u2019entreprise inoubliable &hellip;<\/p>\n","protected":false},"author":2,"featured_media":0,"parent":0,"menu_order":65,"comment_status":"closed","ping_status":"closed","template":"","meta":{"footnotes":""},"class_list":["post-12121","page","type-page","status-publish","hentry"],"yoast_head":"<!-- This site is optimized with the Yoast SEO Premium plugin v26.3 (Yoast SEO v26.3) - https:\/\/yoast.com\/wordpress\/plugins\/seo\/ -->\n<title>Service d\u2019autobus \u2013 pour un \u00e9v\u00e8nement, un salon ou toute autre manifestation<\/title>\n<meta name=\"description\" content=\"Comme navette pour salons et congr\u00e8s ou pour un voyage de tout type\u00a0: notre service autobus haut de gamme est le soutien qu\u2019il vous faut. En savoir plus\" \/>\n<meta name=\"robots\" content=\"index, follow, max-snippet:-1, max-image-preview:large, max-video-preview:-1\" \/>\n<link rel=\"canonical\" href=\"https:\/\/www.schneider-chauffeur.de\/fr\/bus-service\/\" \/>\n<meta property=\"og:locale\" content=\"fr_FR\" \/>\n<meta property=\"og:type\" content=\"article\" \/>\n<meta property=\"og:title\" content=\"Service de location d\u2019autobus\u2013 affr\u00e9ter un autobus pour un \u00e9v\u00e8nement, un salon ou toute autre manifestation\" \/>\n<meta property=\"og:description\" content=\"Comme navette pour salons et congr\u00e8s ou pour un voyage de tout type\u00a0: notre service autobus haut de gamme est le soutien qu\u2019il vous faut. En savoir plus\" \/>\n<meta property=\"og:url\" content=\"https:\/\/www.schneider-chauffeur.de\/fr\/bus-service\/\" \/>\n<meta property=\"og:site_name\" content=\"Schneider Chauffeurservice \u2013 Gesch\u00e4ftsreisen mit h\u00f6chstem Komfort\" \/>\n<meta property=\"article:publisher\" content=\"https:\/\/www.facebook.com\/SchneiderChauffeurservice\" \/>\n<meta property=\"article:modified_time\" content=\"2023-09-15T12:55:30+00:00\" \/>\n<meta property=\"og:image\" content=\"https:\/\/www.schneider-chauffeur.de\/app\/uploads\/2022\/08\/bus-chartern-betriebsreise-300x229.jpg\" \/>\n<meta name=\"twitter:card\" content=\"summary_large_image\" \/>\n<meta name=\"twitter:label1\" content=\"Est. reading time\" \/>\n\t<meta name=\"twitter:data1\" content=\"5 minutes\" \/>\n<script type=\"application\/ld+json\" class=\"yoast-schema-graph\">{\"@context\":\"https:\/\/schema.org\",\"@graph\":[{\"@type\":\"WebPage\",\"@id\":\"https:\/\/www.schneider-chauffeur.de\/fr\/bus-service\/\",\"url\":\"https:\/\/www.schneider-chauffeur.de\/fr\/bus-service\/\",\"name\":\"Service d\u2019autobus \u2013 pour un \u00e9v\u00e8nement, un salon ou toute autre manifestation\",\"isPartOf\":{\"@id\":\"https:\/\/www.schneider-chauffeur.de\/fr\/#website\"},\"primaryImageOfPage\":{\"@id\":\"https:\/\/www.schneider-chauffeur.de\/fr\/bus-service\/#primaryimage\"},\"image\":{\"@id\":\"https:\/\/www.schneider-chauffeur.de\/fr\/bus-service\/#primaryimage\"},\"thumbnailUrl\":\"https:\/\/www.schneider-chauffeur.de\/app\/uploads\/2022\/08\/bus-chartern-betriebsreise-300x229.jpg\",\"datePublished\":\"2022-08-29T09:09:44+00:00\",\"dateModified\":\"2023-09-15T12:55:30+00:00\",\"description\":\"Comme navette pour salons et congr\u00e8s ou pour un voyage de tout type\u00a0: notre service autobus haut de gamme est le soutien qu\u2019il vous faut. En savoir plus\",\"breadcrumb\":{\"@id\":\"https:\/\/www.schneider-chauffeur.de\/fr\/bus-service\/#breadcrumb\"},\"inLanguage\":\"fr-FR\",\"potentialAction\":[{\"@type\":\"ReadAction\",\"target\":[\"https:\/\/www.schneider-chauffeur.de\/fr\/bus-service\/\"]}]},{\"@type\":\"ImageObject\",\"inLanguage\":\"fr-FR\",\"@id\":\"https:\/\/www.schneider-chauffeur.de\/fr\/bus-service\/#primaryimage\",\"url\":\"https:\/\/www.schneider-chauffeur.de\/app\/uploads\/2022\/08\/bus-chartern-betriebsreise-300x229.jpg\",\"contentUrl\":\"https:\/\/www.schneider-chauffeur.de\/app\/uploads\/2022\/08\/bus-chartern-betriebsreise-300x229.jpg\"},{\"@type\":\"BreadcrumbList\",\"@id\":\"https:\/\/www.schneider-chauffeur.de\/fr\/bus-service\/#breadcrumb\",\"itemListElement\":[{\"@type\":\"ListItem\",\"position\":1,\"name\":\"Page d\u2019accueil\",\"item\":\"https:\/\/www.schneider-chauffeur.de\/fr\/\"},{\"@type\":\"ListItem\",\"position\":2,\"name\":\"Service de location d\u2019autobus\u2013 affr\u00e9ter un autobus pour un \u00e9v\u00e8nement, un salon ou toute autre manifestation\"}]},{\"@type\":\"WebSite\",\"@id\":\"https:\/\/www.schneider-chauffeur.de\/fr\/#website\",\"url\":\"https:\/\/www.schneider-chauffeur.de\/fr\/\",\"name\":\"Schneider Chauffeurservice \u2013 Gesch\u00e4ftsreisen mit h\u00f6chstem Komfort\",\"description\":\"\",\"publisher\":{\"@id\":\"https:\/\/www.schneider-chauffeur.de\/fr\/#organization\"},\"potentialAction\":[{\"@type\":\"SearchAction\",\"target\":{\"@type\":\"EntryPoint\",\"urlTemplate\":\"https:\/\/www.schneider-chauffeur.de\/fr\/?s={search_term_string}\"},\"query-input\":{\"@type\":\"PropertyValueSpecification\",\"valueRequired\":true,\"valueName\":\"search_term_string\"}}],\"inLanguage\":\"fr-FR\"},{\"@type\":[\"Organization\",\"Place\"],\"@id\":\"https:\/\/www.schneider-chauffeur.de\/fr\/#organization\",\"name\":\"Schneider Chauffeurservice\",\"url\":\"https:\/\/www.schneider-chauffeur.de\/fr\/\",\"logo\":{\"@id\":\"https:\/\/www.schneider-chauffeur.de\/fr\/bus-service\/#local-main-organization-logo\"},\"image\":{\"@id\":\"https:\/\/www.schneider-chauffeur.de\/fr\/bus-service\/#local-main-organization-logo\"},\"sameAs\":[\"https:\/\/www.facebook.com\/SchneiderChauffeurservice\",\"https:\/\/www.linkedin.com\/company\/schneider-chauffeurservice\/\",\"https:\/\/www.instagram.com\/schneider_chauffeurservice\/\"],\"legalName\":\"Schneider Chauffeurservice\",\"numberOfEmployees\":{\"@type\":\"QuantitativeValue\",\"minValue\":\"11\",\"maxValue\":\"50\"},\"address\":{\"@id\":\"https:\/\/www.schneider-chauffeur.de\/fr\/bus-service\/#local-main-place-address\"},\"telephone\":[\"+49 20185892980\"],\"contactPoint\":{\"@type\":\"ContactPoint\",\"telephone\":\"+49 20185892980\",\"email\":\"info@schneider-chauffeur.de\"},\"openingHoursSpecification\":[{\"@type\":\"OpeningHoursSpecification\",\"dayOfWeek\":[\"Monday\",\"Tuesday\",\"Wednesday\",\"Thursday\",\"Friday\",\"Saturday\",\"Sunday\"],\"opens\":\"09:00\",\"closes\":\"17:00\"}],\"email\":\"info@schneider-chauffeur.de\",\"faxNumber\":\"Schneider Chauffeurservice\",\"areaServed\":\"Germany\"},{\"@type\":\"PostalAddress\",\"@id\":\"https:\/\/www.schneider-chauffeur.de\/fr\/bus-service\/#local-main-place-address\",\"streetAddress\":\"Hohenzollernstr. 24\",\"addressLocality\":\"Essen\",\"postalCode\":\"45128\",\"addressCountry\":\"DE\"},{\"@type\":\"ImageObject\",\"inLanguage\":\"fr-FR\",\"@id\":\"https:\/\/www.schneider-chauffeur.de\/fr\/bus-service\/#local-main-organization-logo\",\"url\":\"https:\/\/cdn.schneider-chauffeur.de\/app\/uploads\/2019\/08\/logo-schneider-chauffeur-service.svg\",\"contentUrl\":\"https:\/\/cdn.schneider-chauffeur.de\/app\/uploads\/2019\/08\/logo-schneider-chauffeur-service.svg\",\"caption\":\"Schneider Chauffeurservice\"}]}<\/script>\n<meta name=\"geo.placename\" content=\"Essen\" \/>\n<meta name=\"geo.region\" content=\"Germany\" \/>\n<!-- \/ Yoast SEO Premium plugin. -->","yoast_head_json":{"title":"Service d\u2019autobus \u2013 pour un \u00e9v\u00e8nement, un salon ou toute autre manifestation","description":"Comme navette pour salons et congr\u00e8s ou pour un voyage de tout type\u00a0: notre service autobus haut de gamme est le soutien qu\u2019il vous faut. En savoir plus","robots":{"index":"index","follow":"follow","max-snippet":"max-snippet:-1","max-image-preview":"max-image-preview:large","max-video-preview":"max-video-preview:-1"},"canonical":"https:\/\/www.schneider-chauffeur.de\/fr\/bus-service\/","og_locale":"fr_FR","og_type":"article","og_title":"Service de location d\u2019autobus\u2013 affr\u00e9ter un autobus pour un \u00e9v\u00e8nement, un salon ou toute autre manifestation","og_description":"Comme navette pour salons et congr\u00e8s ou pour un voyage de tout type\u00a0: notre service autobus haut de gamme est le soutien qu\u2019il vous faut. En savoir plus","og_url":"https:\/\/www.schneider-chauffeur.de\/fr\/bus-service\/","og_site_name":"Schneider Chauffeurservice \u2013 Gesch\u00e4ftsreisen mit h\u00f6chstem Komfort","article_publisher":"https:\/\/www.facebook.com\/SchneiderChauffeurservice","article_modified_time":"2023-09-15T12:55:30+00:00","og_image":[{"url":"https:\/\/www.schneider-chauffeur.de\/app\/uploads\/2022\/08\/bus-chartern-betriebsreise-300x229.jpg","type":"","width":"","height":""}],"twitter_card":"summary_large_image","twitter_misc":{"Est. reading time":"5 minutes"},"schema":{"@context":"https:\/\/schema.org","@graph":[{"@type":"WebPage","@id":"https:\/\/www.schneider-chauffeur.de\/fr\/bus-service\/","url":"https:\/\/www.schneider-chauffeur.de\/fr\/bus-service\/","name":"Service d\u2019autobus \u2013 pour un \u00e9v\u00e8nement, un salon ou toute autre manifestation","isPartOf":{"@id":"https:\/\/www.schneider-chauffeur.de\/fr\/#website"},"primaryImageOfPage":{"@id":"https:\/\/www.schneider-chauffeur.de\/fr\/bus-service\/#primaryimage"},"image":{"@id":"https:\/\/www.schneider-chauffeur.de\/fr\/bus-service\/#primaryimage"},"thumbnailUrl":"https:\/\/www.schneider-chauffeur.de\/app\/uploads\/2022\/08\/bus-chartern-betriebsreise-300x229.jpg","datePublished":"2022-08-29T09:09:44+00:00","dateModified":"2023-09-15T12:55:30+00:00","description":"Comme navette pour salons et congr\u00e8s ou pour un voyage de tout type\u00a0: notre service autobus haut de gamme est le soutien qu\u2019il vous faut. En savoir plus","breadcrumb":{"@id":"https:\/\/www.schneider-chauffeur.de\/fr\/bus-service\/#breadcrumb"},"inLanguage":"fr-FR","potentialAction":[{"@type":"ReadAction","target":["https:\/\/www.schneider-chauffeur.de\/fr\/bus-service\/"]}]},{"@type":"ImageObject","inLanguage":"fr-FR","@id":"https:\/\/www.schneider-chauffeur.de\/fr\/bus-service\/#primaryimage","url":"https:\/\/www.schneider-chauffeur.de\/app\/uploads\/2022\/08\/bus-chartern-betriebsreise-300x229.jpg","contentUrl":"https:\/\/www.schneider-chauffeur.de\/app\/uploads\/2022\/08\/bus-chartern-betriebsreise-300x229.jpg"},{"@type":"BreadcrumbList","@id":"https:\/\/www.schneider-chauffeur.de\/fr\/bus-service\/#breadcrumb","itemListElement":[{"@type":"ListItem","position":1,"name":"Page d\u2019accueil","item":"https:\/\/www.schneider-chauffeur.de\/fr\/"},{"@type":"ListItem","position":2,"name":"Service de location d\u2019autobus\u2013 affr\u00e9ter un autobus pour un \u00e9v\u00e8nement, un salon ou toute autre manifestation"}]},{"@type":"WebSite","@id":"https:\/\/www.schneider-chauffeur.de\/fr\/#website","url":"https:\/\/www.schneider-chauffeur.de\/fr\/","name":"Schneider Chauffeurservice \u2013 Gesch\u00e4ftsreisen mit h\u00f6chstem Komfort","description":"","publisher":{"@id":"https:\/\/www.schneider-chauffeur.de\/fr\/#organization"},"potentialAction":[{"@type":"SearchAction","target":{"@type":"EntryPoint","urlTemplate":"https:\/\/www.schneider-chauffeur.de\/fr\/?s={search_term_string}"},"query-input":{"@type":"PropertyValueSpecification","valueRequired":true,"valueName":"search_term_string"}}],"inLanguage":"fr-FR"},{"@type":["Organization","Place"],"@id":"https:\/\/www.schneider-chauffeur.de\/fr\/#organization","name":"Schneider Chauffeurservice","url":"https:\/\/www.schneider-chauffeur.de\/fr\/","logo":{"@id":"https:\/\/www.schneider-chauffeur.de\/fr\/bus-service\/#local-main-organization-logo"},"image":{"@id":"https:\/\/www.schneider-chauffeur.de\/fr\/bus-service\/#local-main-organization-logo"},"sameAs":["https:\/\/www.facebook.com\/SchneiderChauffeurservice","https:\/\/www.linkedin.com\/company\/schneider-chauffeurservice\/","https:\/\/www.instagram.com\/schneider_chauffeurservice\/"],"legalName":"Schneider Chauffeurservice","numberOfEmployees":{"@type":"QuantitativeValue","minValue":"11","maxValue":"50"},"address":{"@id":"https:\/\/www.schneider-chauffeur.de\/fr\/bus-service\/#local-main-place-address"},"telephone":["+49 20185892980"],"contactPoint":{"@type":"ContactPoint","telephone":"+49 20185892980","email":"info@schneider-chauffeur.de"},"openingHoursSpecification":[{"@type":"OpeningHoursSpecification","dayOfWeek":["Monday","Tuesday","Wednesday","Thursday","Friday","Saturday","Sunday"],"opens":"09:00","closes":"17:00"}],"email":"info@schneider-chauffeur.de","faxNumber":"Schneider Chauffeurservice","areaServed":"Germany"},{"@type":"PostalAddress","@id":"https:\/\/www.schneider-chauffeur.de\/fr\/bus-service\/#local-main-place-address","streetAddress":"Hohenzollernstr. 24","addressLocality":"Essen","postalCode":"45128","addressCountry":"DE"},{"@type":"ImageObject","inLanguage":"fr-FR","@id":"https:\/\/www.schneider-chauffeur.de\/fr\/bus-service\/#local-main-organization-logo","url":"https:\/\/cdn.schneider-chauffeur.de\/app\/uploads\/2019\/08\/logo-schneider-chauffeur-service.svg","contentUrl":"https:\/\/cdn.schneider-chauffeur.de\/app\/uploads\/2019\/08\/logo-schneider-chauffeur-service.svg","caption":"Schneider Chauffeurservice"}]},"geo.placename":"Essen","geo.region":"Germany"},"_links":{"self":[{"href":"https:\/\/www.schneider-chauffeur.de\/fr\/wp-json\/wp\/v2\/pages\/12121","targetHints":{"allow":["GET"]}}],"collection":[{"href":"https:\/\/www.schneider-chauffeur.de\/fr\/wp-json\/wp\/v2\/pages"}],"about":[{"href":"https:\/\/www.schneider-chauffeur.de\/fr\/wp-json\/wp\/v2\/types\/page"}],"author":[{"embeddable":true,"href":"https:\/\/www.schneider-chauffeur.de\/fr\/wp-json\/wp\/v2\/users\/2"}],"replies":[{"embeddable":true,"href":"https:\/\/www.schneider-chauffeur.de\/fr\/wp-json\/wp\/v2\/comments?post=12121"}],"version-history":[{"count":7,"href":"https:\/\/www.schneider-chauffeur.de\/fr\/wp-json\/wp\/v2\/pages\/12121\/revisions"}],"predecessor-version":[{"id":12401,"href":"https:\/\/www.schneider-chauffeur.de\/fr\/wp-json\/wp\/v2\/pages\/12121\/revisions\/12401"}],"wp:attachment":[{"href":"https:\/\/www.schneider-chauffeur.de\/fr\/wp-json\/wp\/v2\/media?parent=12121"}],"curies":[{"name":"wp","href":"https:\/\/api.w.org\/{rel}","templated":true}]}}