{"id":172,"date":"2019-08-19T17:34:31","date_gmt":"2019-08-19T15:34:31","guid":{"rendered":"https:\/\/www.schneider-chauffeur.de\/?page_id=172"},"modified":"2024-05-21T12:23:07","modified_gmt":"2024-05-21T10:23:07","slug":"service","status":"publish","type":"page","link":"https:\/\/www.schneider-chauffeur.de\/en\/service\/","title":{"rendered":"Service"},"content":{"rendered":"<p>If you expect more than a simple chauffeur service for your business or private journeys, you are in the best hands with Schneider Chauffeurservice. Our employees are all experienced chauffeurs who will make your journey as pleasant as possible and, if you wish, provide targeted support with small errands in your everyday life. Because a good chauffeur is always attentive and fulfils his task not only behind the wheel, but also as a loyal companion and assistant. If you have not used our services before, you will experience the difference.<\/p>\n<p>Whether you prefer to travel in a luxury-class car, a large-capacity limousine or a company-owned vehicle is, of course, up to you. Use our comfortable limousine or chauffeur service to make your travels as pleasant as possible.<\/p>\n<h2>We are personally there for you<\/h2>\n<p>When you first make contact, it is important to us that you are well advised.<br \/>\nTherefore, we are happy to take the time to carry out a detailed and qualitative needs analysis.<\/p>\n<p>Especially when booking for the first time, there is sometimes still a slight feeling of uncertainty, which our dispatchers and advisors will be happy to take away with a detailed introductory conversation. They will answer your questions and provide you with useful tips.<\/p>\n<p>We look forward to meeting you and advising you:<br \/>\n<a class=\"button\" style=\"max-width: 250px;\" href=\"tel:+4920185892980\">+49 201 858 929 80<\/a><br \/>\n<a class=\"button\" style=\"max-width: 250px;\" href=\"mailto:info@schneider-chauffeur.de\">Write to us<\/a><a class=\"button\" style=\"max-width: 250px;\" href=\"https:\/\/www.schneider-chauffeur.de\/en\/contact-us\/\" target=\"_blank\" rel=\"noopener\">Send request<\/a><\/p>\n<h2>Services<\/h2>\n<ul>\n<li>Our chauffeurs speak <strong>English and German<\/strong>, as well as other languages.<\/li>\n<li>Journeys to private or business occasions<\/li>\n<li>Business trips of all kinds &#8211; within Germany, across Europe &#038; beyond<\/li>\n<li>Regular <strong><a href=\"https:\/\/www.schneider-chauffeur.de\/en\/service\/airport-transfer\/\">airport transfers<\/a><\/strong> for you, your employees &amp; business partners<\/li>\n<li>Permanent driving assignments that are not covered by your company&#8217;s <strong><a href=\"https:\/\/www.schneider-chauffeur.de\/en\/our-fleet\/\">vehicle fleet<\/a><\/strong>.<\/li>\n<li><strong><a href=\"https:\/\/www.schneider-chauffeur.de\/en\/service\/jet-aviation\/\">Jet Aviation<\/a> <\/strong>&#8211; Arranging private flights: We advise you on the choice of aircraft and provide you with an offer.<\/li>\n<li>You have other wishes? Please let us know how we can best support you with our service.<\/li>\n<\/ul>\n","protected":false},"excerpt":{"rendered":"<p>If you expect more than a simple chauffeur service for your business or private journeys, you are in the best hands with Schneider Chauffeurservice. Our employees are all experienced chauffeurs who will make your journey as pleasant as possible and, if you wish, provide targeted support with small errands in your everyday life. Because a &hellip;<\/p>\n","protected":false},"author":2,"featured_media":0,"parent":0,"menu_order":64,"comment_status":"closed","ping_status":"closed","template":"","meta":{"footnotes":""},"class_list":["post-172","page","type-page","status-publish","hentry"],"yoast_head":"<!-- This site is optimized with the Yoast SEO Premium plugin v26.3 (Yoast SEO v26.3) - https:\/\/yoast.com\/wordpress\/plugins\/seo\/ -->\n<title>Chauffeur- &amp; Fahrdienste im gehobenen Stil \u2013 gesch\u00e4ftlich &amp; privat<\/title>\n<meta name=\"description\" content=\"Erwarten Sie f\u00fcr gesch\u00e4ftliche und private Fahrten mehr als einen einfachen Fahrtdienst? Dann sind Sie bei unserem Chauffeurdienst genau richtig. Jetzt informieren!\" \/>\n<meta name=\"robots\" content=\"index, follow, max-snippet:-1, max-image-preview:large, max-video-preview:-1\" \/>\n<link rel=\"canonical\" href=\"https:\/\/www.schneider-chauffeur.de\/en\/service\/\" \/>\n<meta property=\"og:locale\" content=\"en_US\" \/>\n<meta property=\"og:type\" content=\"article\" \/>\n<meta property=\"og:title\" content=\"Service\" \/>\n<meta property=\"og:description\" content=\"Erwarten Sie f\u00fcr gesch\u00e4ftliche und private Fahrten mehr als einen einfachen Fahrtdienst? Dann sind Sie bei unserem Chauffeurdienst genau richtig. Jetzt informieren!\" \/>\n<meta property=\"og:url\" content=\"https:\/\/www.schneider-chauffeur.de\/en\/service\/\" \/>\n<meta property=\"og:site_name\" content=\"Schneider Chauffeurservice \u2013 Gesch\u00e4ftsreisen mit h\u00f6chstem Komfort\" \/>\n<meta property=\"article:publisher\" content=\"https:\/\/www.facebook.com\/SchneiderChauffeurservice\" \/>\n<meta property=\"article:modified_time\" content=\"2024-05-21T10:23:07+00:00\" \/>\n<meta name=\"twitter:card\" content=\"summary_large_image\" \/>\n<meta name=\"twitter:label1\" content=\"Est. reading time\" \/>\n\t<meta name=\"twitter:data1\" content=\"2 minutes\" \/>\n<script type=\"application\/ld+json\" class=\"yoast-schema-graph\">{\"@context\":\"https:\/\/schema.org\",\"@graph\":[{\"@type\":\"WebPage\",\"@id\":\"https:\/\/www.schneider-chauffeur.de\/en\/service\/\",\"url\":\"https:\/\/www.schneider-chauffeur.de\/en\/service\/\",\"name\":\"Chauffeur- & Fahrdienste im gehobenen Stil \u2013 gesch\u00e4ftlich & privat\",\"isPartOf\":{\"@id\":\"https:\/\/www.schneider-chauffeur.de\/en\/#website\"},\"datePublished\":\"2019-08-19T15:34:31+00:00\",\"dateModified\":\"2024-05-21T10:23:07+00:00\",\"description\":\"Erwarten Sie f\u00fcr gesch\u00e4ftliche und private Fahrten mehr als einen einfachen Fahrtdienst? Dann sind Sie bei unserem Chauffeurdienst genau richtig. Jetzt informieren!\",\"breadcrumb\":{\"@id\":\"https:\/\/www.schneider-chauffeur.de\/en\/service\/#breadcrumb\"},\"inLanguage\":\"en-US\",\"potentialAction\":[{\"@type\":\"ReadAction\",\"target\":[\"https:\/\/www.schneider-chauffeur.de\/en\/service\/\"]}]},{\"@type\":\"BreadcrumbList\",\"@id\":\"https:\/\/www.schneider-chauffeur.de\/en\/service\/#breadcrumb\",\"itemListElement\":[{\"@type\":\"ListItem\",\"position\":1,\"name\":\"Home\",\"item\":\"https:\/\/www.schneider-chauffeur.de\/en\/\"},{\"@type\":\"ListItem\",\"position\":2,\"name\":\"Service\"}]},{\"@type\":\"WebSite\",\"@id\":\"https:\/\/www.schneider-chauffeur.de\/en\/#website\",\"url\":\"https:\/\/www.schneider-chauffeur.de\/en\/\",\"name\":\"Schneider Chauffeurservice \u2013 Gesch\u00e4ftsreisen mit h\u00f6chstem Komfort\",\"description\":\"\",\"publisher\":{\"@id\":\"https:\/\/www.schneider-chauffeur.de\/en\/#organization\"},\"potentialAction\":[{\"@type\":\"SearchAction\",\"target\":{\"@type\":\"EntryPoint\",\"urlTemplate\":\"https:\/\/www.schneider-chauffeur.de\/en\/?s={search_term_string}\"},\"query-input\":{\"@type\":\"PropertyValueSpecification\",\"valueRequired\":true,\"valueName\":\"search_term_string\"}}],\"inLanguage\":\"en-US\"},{\"@type\":[\"Organization\",\"Place\"],\"@id\":\"https:\/\/www.schneider-chauffeur.de\/en\/#organization\",\"name\":\"Schneider Chauffeurservice\",\"url\":\"https:\/\/www.schneider-chauffeur.de\/en\/\",\"logo\":{\"@id\":\"https:\/\/www.schneider-chauffeur.de\/en\/service\/#local-main-organization-logo\"},\"image\":{\"@id\":\"https:\/\/www.schneider-chauffeur.de\/en\/service\/#local-main-organization-logo\"},\"sameAs\":[\"https:\/\/www.facebook.com\/SchneiderChauffeurservice\",\"https:\/\/www.linkedin.com\/company\/schneider-chauffeurservice\/\",\"https:\/\/www.instagram.com\/schneider_chauffeurservice\/\"],\"legalName\":\"Schneider Chauffeurservice\",\"numberOfEmployees\":{\"@type\":\"QuantitativeValue\",\"minValue\":\"11\",\"maxValue\":\"50\"},\"address\":{\"@id\":\"https:\/\/www.schneider-chauffeur.de\/en\/service\/#local-main-place-address\"},\"telephone\":[\"+49 20185892980\"],\"contactPoint\":{\"@type\":\"ContactPoint\",\"telephone\":\"+49 20185892980\",\"email\":\"info@schneider-chauffeur.de\"},\"openingHoursSpecification\":[{\"@type\":\"OpeningHoursSpecification\",\"dayOfWeek\":[\"Monday\",\"Tuesday\",\"Wednesday\",\"Thursday\",\"Friday\",\"Saturday\",\"Sunday\"],\"opens\":\"09:00\",\"closes\":\"17:00\"}],\"email\":\"info@schneider-chauffeur.de\",\"faxNumber\":\"Schneider Chauffeurservice\",\"areaServed\":\"Germany\"},{\"@type\":\"PostalAddress\",\"@id\":\"https:\/\/www.schneider-chauffeur.de\/en\/service\/#local-main-place-address\",\"streetAddress\":\"Hohenzollernstr. 24\",\"addressLocality\":\"Essen\",\"postalCode\":\"45128\",\"addressCountry\":\"DE\"},{\"@type\":\"ImageObject\",\"inLanguage\":\"en-US\",\"@id\":\"https:\/\/www.schneider-chauffeur.de\/en\/service\/#local-main-organization-logo\",\"url\":\"https:\/\/cdn.schneider-chauffeur.de\/app\/uploads\/2019\/08\/logo-schneider-chauffeur-service.svg\",\"contentUrl\":\"https:\/\/cdn.schneider-chauffeur.de\/app\/uploads\/2019\/08\/logo-schneider-chauffeur-service.svg\",\"caption\":\"Schneider Chauffeurservice\"}]}<\/script>\n<meta name=\"geo.placename\" content=\"Essen\" \/>\n<meta name=\"geo.region\" content=\"Germany\" \/>\n<!-- \/ Yoast SEO Premium plugin. -->","yoast_head_json":{"title":"Chauffeur- & Fahrdienste im gehobenen Stil \u2013 gesch\u00e4ftlich & privat","description":"Erwarten Sie f\u00fcr gesch\u00e4ftliche und private Fahrten mehr als einen einfachen Fahrtdienst? Dann sind Sie bei unserem Chauffeurdienst genau richtig. Jetzt informieren!","robots":{"index":"index","follow":"follow","max-snippet":"max-snippet:-1","max-image-preview":"max-image-preview:large","max-video-preview":"max-video-preview:-1"},"canonical":"https:\/\/www.schneider-chauffeur.de\/en\/service\/","og_locale":"en_US","og_type":"article","og_title":"Service","og_description":"Erwarten Sie f\u00fcr gesch\u00e4ftliche und private Fahrten mehr als einen einfachen Fahrtdienst? Dann sind Sie bei unserem Chauffeurdienst genau richtig. Jetzt informieren!","og_url":"https:\/\/www.schneider-chauffeur.de\/en\/service\/","og_site_name":"Schneider Chauffeurservice \u2013 Gesch\u00e4ftsreisen mit h\u00f6chstem Komfort","article_publisher":"https:\/\/www.facebook.com\/SchneiderChauffeurservice","article_modified_time":"2024-05-21T10:23:07+00:00","twitter_card":"summary_large_image","twitter_misc":{"Est. reading time":"2 minutes"},"schema":{"@context":"https:\/\/schema.org","@graph":[{"@type":"WebPage","@id":"https:\/\/www.schneider-chauffeur.de\/en\/service\/","url":"https:\/\/www.schneider-chauffeur.de\/en\/service\/","name":"Chauffeur- & Fahrdienste im gehobenen Stil \u2013 gesch\u00e4ftlich & privat","isPartOf":{"@id":"https:\/\/www.schneider-chauffeur.de\/en\/#website"},"datePublished":"2019-08-19T15:34:31+00:00","dateModified":"2024-05-21T10:23:07+00:00","description":"Erwarten Sie f\u00fcr gesch\u00e4ftliche und private Fahrten mehr als einen einfachen Fahrtdienst? Dann sind Sie bei unserem Chauffeurdienst genau richtig. Jetzt informieren!","breadcrumb":{"@id":"https:\/\/www.schneider-chauffeur.de\/en\/service\/#breadcrumb"},"inLanguage":"en-US","potentialAction":[{"@type":"ReadAction","target":["https:\/\/www.schneider-chauffeur.de\/en\/service\/"]}]},{"@type":"BreadcrumbList","@id":"https:\/\/www.schneider-chauffeur.de\/en\/service\/#breadcrumb","itemListElement":[{"@type":"ListItem","position":1,"name":"Home","item":"https:\/\/www.schneider-chauffeur.de\/en\/"},{"@type":"ListItem","position":2,"name":"Service"}]},{"@type":"WebSite","@id":"https:\/\/www.schneider-chauffeur.de\/en\/#website","url":"https:\/\/www.schneider-chauffeur.de\/en\/","name":"Schneider Chauffeurservice \u2013 Gesch\u00e4ftsreisen mit h\u00f6chstem Komfort","description":"","publisher":{"@id":"https:\/\/www.schneider-chauffeur.de\/en\/#organization"},"potentialAction":[{"@type":"SearchAction","target":{"@type":"EntryPoint","urlTemplate":"https:\/\/www.schneider-chauffeur.de\/en\/?s={search_term_string}"},"query-input":{"@type":"PropertyValueSpecification","valueRequired":true,"valueName":"search_term_string"}}],"inLanguage":"en-US"},{"@type":["Organization","Place"],"@id":"https:\/\/www.schneider-chauffeur.de\/en\/#organization","name":"Schneider Chauffeurservice","url":"https:\/\/www.schneider-chauffeur.de\/en\/","logo":{"@id":"https:\/\/www.schneider-chauffeur.de\/en\/service\/#local-main-organization-logo"},"image":{"@id":"https:\/\/www.schneider-chauffeur.de\/en\/service\/#local-main-organization-logo"},"sameAs":["https:\/\/www.facebook.com\/SchneiderChauffeurservice","https:\/\/www.linkedin.com\/company\/schneider-chauffeurservice\/","https:\/\/www.instagram.com\/schneider_chauffeurservice\/"],"legalName":"Schneider Chauffeurservice","numberOfEmployees":{"@type":"QuantitativeValue","minValue":"11","maxValue":"50"},"address":{"@id":"https:\/\/www.schneider-chauffeur.de\/en\/service\/#local-main-place-address"},"telephone":["+49 20185892980"],"contactPoint":{"@type":"ContactPoint","telephone":"+49 20185892980","email":"info@schneider-chauffeur.de"},"openingHoursSpecification":[{"@type":"OpeningHoursSpecification","dayOfWeek":["Monday","Tuesday","Wednesday","Thursday","Friday","Saturday","Sunday"],"opens":"09:00","closes":"17:00"}],"email":"info@schneider-chauffeur.de","faxNumber":"Schneider Chauffeurservice","areaServed":"Germany"},{"@type":"PostalAddress","@id":"https:\/\/www.schneider-chauffeur.de\/en\/service\/#local-main-place-address","streetAddress":"Hohenzollernstr. 24","addressLocality":"Essen","postalCode":"45128","addressCountry":"DE"},{"@type":"ImageObject","inLanguage":"en-US","@id":"https:\/\/www.schneider-chauffeur.de\/en\/service\/#local-main-organization-logo","url":"https:\/\/cdn.schneider-chauffeur.de\/app\/uploads\/2019\/08\/logo-schneider-chauffeur-service.svg","contentUrl":"https:\/\/cdn.schneider-chauffeur.de\/app\/uploads\/2019\/08\/logo-schneider-chauffeur-service.svg","caption":"Schneider Chauffeurservice"}]},"geo.placename":"Essen","geo.region":"Germany"},"_links":{"self":[{"href":"https:\/\/www.schneider-chauffeur.de\/en\/wp-json\/wp\/v2\/pages\/172","targetHints":{"allow":["GET"]}}],"collection":[{"href":"https:\/\/www.schneider-chauffeur.de\/en\/wp-json\/wp\/v2\/pages"}],"about":[{"href":"https:\/\/www.schneider-chauffeur.de\/en\/wp-json\/wp\/v2\/types\/page"}],"author":[{"embeddable":true,"href":"https:\/\/www.schneider-chauffeur.de\/en\/wp-json\/wp\/v2\/users\/2"}],"replies":[{"embeddable":true,"href":"https:\/\/www.schneider-chauffeur.de\/en\/wp-json\/wp\/v2\/comments?post=172"}],"version-history":[{"count":6,"href":"https:\/\/www.schneider-chauffeur.de\/en\/wp-json\/wp\/v2\/pages\/172\/revisions"}],"predecessor-version":[{"id":8556,"href":"https:\/\/www.schneider-chauffeur.de\/en\/wp-json\/wp\/v2\/pages\/172\/revisions\/8556"}],"wp:attachment":[{"href":"https:\/\/www.schneider-chauffeur.de\/en\/wp-json\/wp\/v2\/media?parent=172"}],"curies":[{"name":"wp","href":"https:\/\/api.w.org\/{rel}","templated":true}]}}